{"id":10,"date":"2018-02-06T11:01:05","date_gmt":"2018-02-06T04:01:05","guid":{"rendered":"https:\/\/bizhostvn.com\/w\/bbq\/?page_id=10"},"modified":"2018-02-06T16:42:27","modified_gmt":"2018-02-06T09:42:27","slug":"gioi-thieu","status":"publish","type":"page","link":"https:\/\/webmaibinh.com\/w\/bbq\/gioi-thieu\/","title":{"rendered":"Gi\u1edbi thi\u1ec7u"},"content":{"rendered":"\t<div class=\"img has-hover x md-x lg-x y md-y lg-y\" id=\"image_1307449450\">\n\t\t\t\t\t\t\t\t<div class=\"img-inner image-cover dark\" style=\"padding-top:15%;\">\n\t\t\t<img width=\"1920\" height=\"500\" src=\"https:\/\/webmaibinh.com\/w\/bbq\/wp-content\/uploads\/2018\/02\/banner-234.jpg\" class=\"attachment-original size-original\" alt=\"\" loading=\"lazy\" srcset=\"https:\/\/webmaibinh.com\/w\/bbq\/wp-content\/uploads\/2018\/02\/banner-234.jpg 1920w, https:\/\/webmaibinh.com\/w\/bbq\/wp-content\/uploads\/2018\/02\/banner-234-300x78.jpg 300w, https:\/\/webmaibinh.com\/w\/bbq\/wp-content\/uploads\/2018\/02\/banner-234-768x200.jpg 768w, https:\/\/webmaibinh.com\/w\/bbq\/wp-content\/uploads\/2018\/02\/banner-234-1024x267.jpg 1024w\" sizes=\"(max-width: 1920px) 100vw, 1920px\" \/>\t\t\t\t\t\t\n\t\t\t\t\t<\/div>\n\t\t\t\t\t\t\t\t\n<style>\n#image_1307449450 {\n  width: 100%;\n}\n<\/style>\n\t<\/div>\n\t\n\t<section class=\"section\" id=\"section_851603064\">\n\t\t<div class=\"bg section-bg fill bg-fill  bg-loaded\" >\n\n\t\t\t\n\t\t\t\n\t\t\t\n\n\t\t<\/div>\n\n\t\t<div class=\"section-content relative\">\n\t\t\t\n<div class=\"row\"  id=\"row-1389173834\">\n\n\t<div id=\"col-1571141277\" class=\"col medium-6 small-12 large-6\"  >\n\t\t<div class=\"col-inner\"  >\n\t\t\t\n\t\t\t\n<h3 style=\"text-align: center;\"><span style=\"font-size: 100%; color: #000000;\">SUN HOMES ALACARTE (G\u1eccI M\u00d3N)<\/span><\/h3>\n\t<div class=\"img has-hover x md-x lg-x y md-y lg-y\" id=\"image_478914715\">\n\t\t\t\t\t\t\t\t<div class=\"img-inner image-cover dark\" style=\"padding-top:70%;\">\n\t\t\t<img width=\"900\" height=\"600\" src=\"https:\/\/webmaibinh.com\/w\/bbq\/wp-content\/uploads\/2018\/02\/concept-1.jpg\" class=\"attachment-original size-original\" alt=\"\" loading=\"lazy\" srcset=\"https:\/\/webmaibinh.com\/w\/bbq\/wp-content\/uploads\/2018\/02\/concept-1.jpg 900w, https:\/\/webmaibinh.com\/w\/bbq\/wp-content\/uploads\/2018\/02\/concept-1-300x200.jpg 300w, https:\/\/webmaibinh.com\/w\/bbq\/wp-content\/uploads\/2018\/02\/concept-1-768x512.jpg 768w\" sizes=\"(max-width: 900px) 100vw, 900px\" \/>\t\t\t\t\t\t\n\t\t\t\t\t<\/div>\n\t\t\t\t\t\t\t\t\n<style>\n#image_478914715 {\n  width: 100%;\n}\n<\/style>\n\t<\/div>\n\t\n<p><span style=\"font-size: 95%;\"><b>Sun Homes BBQ<\/b>\u00a0l\u00e0 m\u00f4 h\u00ecnh ph\u1ee5c v\u1ee5 c\u00e1c m\u00f3n \u0103n g\u1ecdi ri\u00eang l\u1ebb theo nhu c\u1ea7u. M\u1ed7i m\u00f3n t\u01b0\u01a1ng \u1ee9ng v\u1edbi gi\u00e1 ti\u1ec1n kh\u00e1c nhau. King BBQ m\u00f4 h\u00ecnh g\u1ecdi m\u00f3n, v\u1edbi th\u1ef1c \u0111\u01a1n \u0111a d\u1ea1ng h\u01a1n 200 m\u00f3n \u0103n c\u00f9ng c\u00e1c set b\u1ed9 v\u00e0 combo d\u00e0nh cho 2-4 ng\u01b0\u1eddi v\u1edbi m\u1ee9c gi\u00e1 h\u1ee3p l\u00fd. M\u00f3n s\u01b0\u1eddn King l\u00e0 m\u00f3n \u0103n \u0111\u1eb7c tr\u01b0ng v\u00e0 r\u1ea5t n\u1ed5i ti\u1ebfng m\u00e0 b\u1ea5t c\u1ee9 th\u1ef1c kh\u00e1ch n\u00e0o \u0111\u1ebfn King BBQ c\u0169ng kh\u00f4ng th\u1ec3 b\u1ecf qua.<\/span><\/p>\n<p><span style=\"font-size: 95%;\"><b>Sun Homes BBQ<\/b> l\u00e0 \u0111i\u1ec3m \u0111\u1ebfn cho c\u00e1c kh\u00e1ch h\u00e0ng c\u00f3 nhu c\u1ea7u ti\u1ebfp kh\u00e1ch, t\u1ee5 t\u1eadp b\u1ea1n b\u00e8, gia \u0111\u00ecnh, li\u00ean hoan sinh nh\u1eadt.<\/span><\/p>\n<a href=\"https:\/\/bizhostvn.com\/w\/bbq\/thuc-don\/\" target=\"_self\" class=\"button secondary lowercase\"  style=\"border-radius:5px;\">\n  <i class=\"icon-search\" ><\/i>  <span>Th\u1ef1c \u0111\u01a1n<\/span>\n  <\/a>\n\n\t\t<\/div>\n\t\t\t<\/div>\n\n\t\n\n\t<div id=\"col-2123343253\" class=\"col medium-6 small-12 large-6\"  >\n\t\t<div class=\"col-inner\"  >\n\t\t\t\n\t\t\t\n<h3 style=\"text-align: center;\"><span style=\"color: #000000;\">SUN HOMES ALACARTE (G\u1eccI M\u00d3N)<\/span><\/h3>\n\t<div class=\"img has-hover x md-x lg-x y md-y lg-y\" id=\"image_2037381053\">\n\t\t\t\t\t\t\t\t<div class=\"img-inner image-cover dark\" style=\"padding-top:70%;\">\n\t\t\t<img width=\"900\" height=\"601\" src=\"https:\/\/webmaibinh.com\/w\/bbq\/wp-content\/uploads\/2018\/02\/king.jpg\" class=\"attachment-original size-original\" alt=\"\" loading=\"lazy\" srcset=\"https:\/\/webmaibinh.com\/w\/bbq\/wp-content\/uploads\/2018\/02\/king.jpg 900w, https:\/\/webmaibinh.com\/w\/bbq\/wp-content\/uploads\/2018\/02\/king-300x200.jpg 300w, https:\/\/webmaibinh.com\/w\/bbq\/wp-content\/uploads\/2018\/02\/king-768x513.jpg 768w\" sizes=\"(max-width: 900px) 100vw, 900px\" \/>\t\t\t\t\t\t\n\t\t\t\t\t<\/div>\n\t\t\t\t\t\t\t\t\n<style>\n#image_2037381053 {\n  width: 100%;\n}\n<\/style>\n\t<\/div>\n\t\n<p><span style=\"font-size: 95%;\"><strong>Sun Homes BBQ<\/strong> l\u00e0 m\u00f4 h\u00ecnh Buffet t\u1ef1 ch\u1ecdn \u0103n kh\u00f4ng gi\u1edbi h\u1ea1n trong m\u1ed9t m\u1ee9c gi\u00e1 c\u1ed1 \u0111\u1ecbnh, c\u00f3 Line Buffet \u0111\u1ec3 qu\u00fd kh\u00e1ch l\u1ef1a ch\u1ecdn m\u00f3n \u0103n. Qu\u00fd kh\u00e1ch c\u00f3 th\u1ec3 b\u1eaft \u0111\u1ea7u b\u1eb1ng c\u00e1c m\u00f3n soup, kimchi salad, m\u00f3n n\u00f3ng, m\u00f3n c\u1ed5 truy\u1ec1n, c\u00e1c m\u00f3n th\u1ecbt t\u1ea9m s\u1ed1t H\u00e0n Qu\u1ed1c n\u01b0\u1edbng tr\u00ean than h\u1ed3ng, v\u00e0 k\u1ebft th\u00fac v\u1edbi m\u00f3n tr\u00e1ng mi\u1ec7ng. Th\u1ef1c \u0111\u01a1n Buffet h\u01a1n 200 m\u00f3n \u0103n \u0111a d\u1ea1ng \u0111\u1eb7c tr\u01b0ng h\u01b0\u01a1ng v\u1ecb H\u00e0n Qu\u1ed1c.<\/span><\/p>\n<p><span style=\"font-size: 95%;\"><strong>Sun Homes BBQ<\/strong> \u0111\u1eb7c bi\u1ec7t th\u00edch h\u1ee3p v\u1edbi kh\u00e1ch h\u00e0ng c\u00f3 nhu c\u1ea7u t\u1ed5 ch\u1ee9c li\u00ean hoan sinh nh\u1eadt, kh\u00e1ch \u0111o\u00e0n v\u00e0 gia \u0111\u00ecnh.<\/span><\/p>\n<a href=\"https:\/\/bizhostvn.com\/w\/bbq\/thuc-don\/\" target=\"_self\" class=\"button secondary lowercase\"  style=\"border-radius:5px;\">\n  <i class=\"icon-heart-o\" ><\/i>  <span>Th\u1ef1c \u0111\u01a1n<\/span>\n  <\/a>\n\n\t\t<\/div>\n\t\t\t<\/div>\n\n\t\n<\/div>\n\t\t<\/div>\n\n\t\t\n<style>\n#section_851603064 {\n  padding-top: 30px;\n  padding-bottom: 30px;\n}\n<\/style>\n\t<\/section>\n\t\n","protected":false},"excerpt":{"rendered":"","protected":false},"author":1,"featured_media":0,"parent":0,"menu_order":0,"comment_status":"closed","ping_status":"closed","template":"page-blank.php","meta":[],"_links":{"self":[{"href":"https:\/\/webmaibinh.com\/w\/bbq\/wp-json\/wp\/v2\/pages\/10"}],"collection":[{"href":"https:\/\/webmaibinh.com\/w\/bbq\/wp-json\/wp\/v2\/pages"}],"about":[{"href":"https:\/\/webmaibinh.com\/w\/bbq\/wp-json\/wp\/v2\/types\/page"}],"author":[{"embeddable":true,"href":"https:\/\/webmaibinh.com\/w\/bbq\/wp-json\/wp\/v2\/users\/1"}],"replies":[{"embeddable":true,"href":"https:\/\/webmaibinh.com\/w\/bbq\/wp-json\/wp\/v2\/comments?post=10"}],"version-history":[{"count":11,"href":"https:\/\/webmaibinh.com\/w\/bbq\/wp-json\/wp\/v2\/pages\/10\/revisions"}],"predecessor-version":[{"id":328,"href":"https:\/\/webmaibinh.com\/w\/bbq\/wp-json\/wp\/v2\/pages\/10\/revisions\/328"}],"wp:attachment":[{"href":"https:\/\/webmaibinh.com\/w\/bbq\/wp-json\/wp\/v2\/media?parent=10"}],"curies":[{"name":"wp","href":"https:\/\/api.w.org\/{rel}","templated":true}]}}