{"id":30,"date":"2019-04-01T14:36:39","date_gmt":"2019-04-01T07:36:39","guid":{"rendered":"https:\/\/tppone.com\/demo\/baohiem\/?page_id=30"},"modified":"2019-04-03T14:43:19","modified_gmt":"2019-04-03T07:43:19","slug":"tich-luy-cho-tuong-lai-hoc-van-cua-con","status":"publish","type":"page","link":"https:\/\/webmaibinh.com\/w\/baohiem\/san-pham\/ca-nhan\/tich-luy-cho-tuong-lai-hoc-van-cua-con\/","title":{"rendered":"T\u00edch l\u0169y cho t\u01b0\u01a1ng lai h\u1ecdc v\u1ea5n c\u1ee7a con"},"content":{"rendered":"<div class=\"row banner-row\"  id=\"row-1273675398\">\n\n\t<div id=\"col-1608078632\" class=\"col small-12 large-12\"  >\n\t\t<div class=\"col-inner\"  >\n\t\t\t\n\t\t\t\n\n  <div class=\"banner has-hover\" id=\"banner-800630256\">\n          <div class=\"banner-inner fill\">\n        <div class=\"banner-bg fill\" >\n            <div class=\"bg fill bg-fill \"><\/div>\n                        <div class=\"overlay\"><\/div>            \n                    <\/div>\n        <div class=\"banner-layers container\">\n            <div class=\"fill banner-link\"><\/div>            \n   <div id=\"text-box-1083267814\" class=\"text-box banner-layer x15 md-x15 lg-x15 y50 md-y50 lg-y50 res-text\">\n                                <div class=\"text dark\">\n              \n              <div class=\"text-inner text-center\">\n                  \n<h3 class=\"uppercase\"><strong>C\u00c1 NH\u00c2N<\/strong><\/h3>\n              <\/div>\n           <\/div>\n                            \n<style>\n#text-box-1083267814 {\n  width: 36%;\n}\n#text-box-1083267814 .text {\n  font-size: 100%;\n}\n<\/style>\n    <\/div>\n \n        <\/div>\n      <\/div>\n\n              <div class=\"height-fix is-invisible\"><img width=\"1200\" height=\"219\" src=\"https:\/\/webmaibinh.com\/w\/baohiem\/wp-content\/uploads\/2019\/04\/san-phan.jpg\" class=\"attachment-original size-original\" alt=\"\" loading=\"lazy\" srcset=\"https:\/\/webmaibinh.com\/w\/baohiem\/wp-content\/uploads\/2019\/04\/san-phan.jpg 1200w, https:\/\/webmaibinh.com\/w\/baohiem\/wp-content\/uploads\/2019\/04\/san-phan-300x55.jpg 300w, https:\/\/webmaibinh.com\/w\/baohiem\/wp-content\/uploads\/2019\/04\/san-phan-768x140.jpg 768w, https:\/\/webmaibinh.com\/w\/baohiem\/wp-content\/uploads\/2019\/04\/san-phan-1024x187.jpg 1024w\" sizes=\"(max-width: 1200px) 100vw, 1200px\" \/><\/div>\n            \n<style>\n#banner-800630256 .bg.bg-loaded {\n  background-image: url(https:\/\/webmaibinh.com\/w\/baohiem\/wp-content\/uploads\/2019\/04\/san-phan.jpg);\n}\n#banner-800630256 .overlay {\n  background-color: rgba(0, 0, 0, 0.17);\n}\n<\/style>\n  <\/div>\n\n\n\t\t<\/div>\n\t\t\t<\/div>\n\n\t\n<\/div>\n<div class=\"row row-small row-tieu-de ca-nhan\"  id=\"row-1955178912\">\n\n\t<div id=\"col-568448934\" class=\"col medium-2 small-6 large-2\"  >\n\t\t<div class=\"col-inner\"  >\n\t\t\t\n\t\t\t\n\t\t<\/div>\n\t\t\t<\/div>\n\n\t\n\n\t<div id=\"col-856623628\" class=\"col cot1 medium-2 small-6 large-2\"  >\n\t\t<div class=\"col-inner\"  >\n\t\t\t\n\t\t\t\n\n\t\t<div class=\"icon-box featured-box ca-nhan icon-box-left text-left\"  >\n\t\t\t\t\t<div class=\"icon-box-img\" style=\"width: 30px\">\n\t\t\t\t<div class=\"icon\">\n\t\t\t\t\t<div class=\"icon-inner\" >\n\t\t\t\t\t\t<img width=\"70\" height=\"70\" src=\"https:\/\/webmaibinh.com\/w\/baohiem\/wp-content\/uploads\/2019\/04\/icon12.png\" class=\"attachment-medium size-medium\" alt=\"\" loading=\"lazy\" \/>\t\t\t\t\t<\/div>\n\t\t\t\t<\/div>\n\t\t\t<\/div>\n\t\t\t\t<div class=\"icon-box-text last-reset\">\n\t\t\t\t\t\t\t\t\t\n<p style=\"text-align: left;\">C\u00e1 nh\u00e2n<\/p>\n\t\t<\/div>\n\t<\/div>\n\t\n\t\n\t\t<\/div>\n\t\t\t<\/div>\n\n\t\n\n\t<div id=\"col-1447747350\" class=\"col medium-2 small-6 large-2\"  >\n\t\t<div class=\"col-inner\"  >\n\t\t\t\n\t\t\t\n\n\t<a class=\"plain\" href=\"\/san-pham\/doanh-nghiep\/\"  >\t<div class=\"icon-box featured-box ca-nhan icon-box-left text-left\"  >\n\t\t\t\t\t<div class=\"icon-box-img\" style=\"width: 30px\">\n\t\t\t\t<div class=\"icon\">\n\t\t\t\t\t<div class=\"icon-inner\" >\n\t\t\t\t\t\t<img width=\"87\" height=\"70\" src=\"https:\/\/webmaibinh.com\/w\/baohiem\/wp-content\/uploads\/2019\/04\/icon13.png\" class=\"attachment-medium size-medium\" alt=\"\" loading=\"lazy\" \/>\t\t\t\t\t<\/div>\n\t\t\t\t<\/div>\n\t\t\t<\/div>\n\t\t\t\t<div class=\"icon-box-text last-reset\">\n\t\t\t\t\t\t\t\t\t\n<p style=\"text-align: left;\">Doanh nghi\u1ec7p<\/p>\n\t\t<\/div>\n\t<\/div>\n\t<\/a>\n\t\n\t\t<\/div>\n\t\t\t<\/div>\n\n\t\n\n\t<div id=\"col-1747430292\" class=\"col medium-2 small-6 large-2\"  >\n\t\t<div class=\"col-inner\"  >\n\t\t\t\n\t\t\t\n\n\t<a class=\"plain\" href=\"\/lai-suat-cong-bo\/\"  >\t<div class=\"icon-box featured-box ca-nhan icon-box-left text-left\"  >\n\t\t\t\t\t<div class=\"icon-box-img\" style=\"width: 30px\">\n\t\t\t\t<div class=\"icon\">\n\t\t\t\t\t<div class=\"icon-inner\" >\n\t\t\t\t\t\t<img width=\"53\" height=\"70\" src=\"https:\/\/webmaibinh.com\/w\/baohiem\/wp-content\/uploads\/2019\/04\/icon14.png\" class=\"attachment-medium size-medium\" alt=\"\" loading=\"lazy\" \/>\t\t\t\t\t<\/div>\n\t\t\t\t<\/div>\n\t\t\t<\/div>\n\t\t\t\t<div class=\"icon-box-text last-reset\">\n\t\t\t\t\t\t\t\t\t\n<p style=\"text-align: left;\">L\u00e3i su\u1ea5t c\u00f4ng b\u1ed1<\/p>\n\t\t<\/div>\n\t<\/div>\n\t<\/a>\n\t\n\t\t<\/div>\n\t\t\t<\/div>\n\n\t\n\n\t<div id=\"col-1974796863\" class=\"col medium-2 small-6 large-2\"  >\n\t\t<div class=\"col-inner\"  >\n\t\t\t\n\t\t\t\n\t\t<\/div>\n\t\t\t<\/div>\n\n\t\n<\/div>\n<div class=\"row row-small row-tieu-de-2\"  id=\"row-796777104\">\n\n\t<div id=\"col-1390469664\" class=\"col medium-3 small-6 large-3\"  >\n\t\t<div class=\"col-inner\"  >\n\t\t\t\n\t\t\t\n<p><span style=\"color: #4376b7;\"><a style=\"color: #4376b7;\" href=\"\/san-pham\/ca-nhan\/bao-ve-truoc-nhung-rui-ro-cuoc-song\/\">B\u1ea3o v\u1ec7 tr\u01b0\u1edbc nh\u1eefng r\u1ee7i ro c\u1ee7a cu\u1ed9c s\u1ed1ng<\/a><\/span><\/p>\n\t\t<\/div>\n\t\t\t<\/div>\n\n\t\n\n\t<div id=\"col-471515876\" class=\"col medium-3 small-6 large-3\"  >\n\t\t<div class=\"col-inner\"  >\n\t\t\t\n\t\t\t\n<p><a href=\"\/san-pham\/ca-nhan\/tao-dung-tai-san-va-dau-tu-hieu-qua\/\">T\u1ea1o d\u1ef1ng t\u00e0i s\u1ea3n v\u00e0 \u0111\u1ea7u t\u01b0 hi\u1ec7u qu\u1ea3<\/a><\/p>\n\t\t<\/div>\n\t\t\t<\/div>\n\n\t\n\n\t<div id=\"col-523617580\" class=\"col medium-3 small-6 large-3\"  >\n\t\t<div class=\"col-inner\"  >\n\t\t\t\n\t\t\t\n<p><span style=\"color: #83b614;\"><a style=\"color: #83b614;\" href=\"\/san-pham\/ca-nhan\/tao-dung-tai-san-va-dau-tu-hieu-qua\/\">T\u00edch l\u0169y t\u01b0\u01a1ng lai v\u00e0 h\u1ecdc v\u1ea5n cho con<\/a><\/span><\/p>\n\t\t<\/div>\n\t\t\t<\/div>\n\n\t\n\n\t<div id=\"col-1975960679\" class=\"col medium-3 small-6 large-3\"  >\n\t\t<div class=\"col-inner\"  >\n\t\t\t\n\t\t\t\n<p><a href=\"\/san-pham\/ca-nhan\/cham-soc-suc-khoe\/\">Ch\u0103m s\u00f3c s\u1ee9c kh\u1ecfe<\/a><\/p>\n\t\t<\/div>\n\t\t\t<\/div>\n\n\t\n<\/div>\n\t<div id=\"gap-1219696422\" class=\"gap-element clearfix\" style=\"display:block; height:auto;\">\n\t\t\n<style>\n#gap-1219696422 {\n  padding-top: 30px;\n}\n<\/style>\n\t<\/div>\n\t\n<div class=\"row\"  id=\"row-285879590\">\n\n\t<div id=\"col-1796165719\" class=\"col small-12 large-12\"  >\n\t\t<div class=\"col-inner\"  >\n\t\t\t\n\t\t\t\n<div class=\"tieu-de-box\">\n<h2>T\u00cdCH L\u0168Y CHO T\u01af\u01a0NG LAI H\u1eccC V\u1ea4N C\u1ee6A CON<\/h2>\n<p>&#8220;M\u1ed9t s\u1ed1 ng\u01b0\u1eddi ch\u01b0a tin l\u00e0 c\u00f3 thi\u00ean th\u1ea7n. L\u00e0 b\u1edfi v\u00ec h\u1ecd ch\u01b0a g\u1eb7p con t\u00f4i th\u00f4i&#8221;<br \/>\n\u0110\u1ed1i v\u1edbi ng\u01b0\u1eddi l\u00e0m cha l\u00e0m m\u1eb9, \u0111\u1ee9a con l\u00e0 m\u00f3n qu\u00e0 tuy\u1ec7t v\u1eddi nh\u1ea5t m\u00e0 t\u1ea1o h\u00f3a \u0111\u00e3 d\u00e0nh cho h\u1ecd. Kho\u1ea3nh kh\u1eafc \u0111\u00f3n nh\u1eadn sinh linh nh\u1ecf b\u00e9 \u0111\u1ebfn v\u1edbi th\u1ebf gi\u1edbi l\u00e0 kho\u1ea3nh kh\u1eafc kh\u00f4ng bao gi\u1edd c\u00f3 th\u1ec3 qu\u00ean v\u1edbi m\u1ed7i ng\u01b0\u1eddi. V\u00e0 k\u1ec3 t\u1eeb gi\u00e2y ph\u00fat \u0111\u00f3, cha m\u1eb9 b\u1eaft \u0111\u1ea7u b\u01b0\u1edbc v\u00e0o m\u1ed9t h\u00e0nh tr\u00ecnh \u0111\u1ea7y m\u1edbi m\u1ebb v\u00e0 th\u00fa v\u1ecb &#8211; m\u1ed9t h\u00e0nh tr\u00ecnh \u0111ong \u0111\u1ea7y nh\u1eefng y\u00eau th\u01b0\u01a1ng.<br \/>\nTh\u1ea5u hi\u1ec3u v\u00e0 tr\u00e2n tr\u1ecdng nh\u1eefng gi\u00e1 tr\u1ecb nh\u00e2n v\u0103n \u0111\u00f3, Aviva s\u1eb5n l\u00f2ng chia s\u1ebb c\u00f9ng b\u1ea1n m\u1ed9t k\u1ebf ho\u1ea1ch b\u1ea3o v\u1ec7 v\u00e0 t\u00e0i ch\u00ednh v\u1eefng v\u00e0ng nh\u1ea5t cho \u0111\u1ee9a con th\u00e2n y\u00eau c\u1ee7a m\u00ecnh tr\u00ean t\u1eebng ch\u1eb7ng \u0111\u01b0\u1eddng c\u1ee7a h\u00e0nh tr\u00ecnh ki\u1ebfn t\u1ea1o nh\u00e2n c\u00e1ch v\u00e0 m\u1ed9t t\u01b0\u01a1ng lai t\u01b0\u01a1i s\u00e1ng b\u1eb1ng hai s\u1ea3n ph\u1ea9m Ph\u00e1t L\u1ed9c \u0110\u0103ng Khoa v\u00e0 Ph\u00e1t L\u1ed9c Kh\u00f4i Nguy\u00ean.<\/p>\n<\/div>\n\t\t<\/div>\n\t\t\t<\/div>\n\n\t\n<\/div>\n<div class=\"row\"  id=\"row-420810358\">\n\n\t<div id=\"col-491109135\" class=\"col medium-6 small-12 large-6\"  >\n\t\t<div class=\"col-inner\"  >\n\t\t\t\n\t\t\t\n\t<div class=\"img has-hover x md-x lg-x y md-y lg-y\" id=\"image_1096366613\">\n\t\t<a class=\"\" href=\"#\"  >\t\t\t\t\t\t<div class=\"img-inner dark\" >\n\t\t\t<img width=\"600\" height=\"336\" src=\"https:\/\/webmaibinh.com\/w\/baohiem\/wp-content\/uploads\/2019\/04\/phat-loc-dang-khoa.jpg\" class=\"attachment-original size-original\" alt=\"\" loading=\"lazy\" srcset=\"https:\/\/webmaibinh.com\/w\/baohiem\/wp-content\/uploads\/2019\/04\/phat-loc-dang-khoa.jpg 600w, https:\/\/webmaibinh.com\/w\/baohiem\/wp-content\/uploads\/2019\/04\/phat-loc-dang-khoa-300x168.jpg 300w\" sizes=\"(max-width: 600px) 100vw, 600px\" \/>\t\t\t\t\t\t\n\t\t\t\t\t<\/div>\n\t\t\t\t\t\t<\/a>\t\t\n<style>\n#image_1096366613 {\n  width: 100%;\n}\n<\/style>\n\t<\/div>\n\t\n<h3 class=\"cate-name\"><a href=\"\/phat-loc-dang-khoa-2\/\" >PH\u00c1T L\u1ed8C \u0110\u0102NG KHOA<\/a><\/h3>\n<div class=\"desc\">\n<p>K\u1ebf ho\u1ea1ch b\u1ea3o v\u1ec7 v\u00e0 t\u00e0i ch\u00ednh v\u1eefng v\u00e0ng nh\u1ea5t cho \u0111\u1ee9a con th\u00e2n y\u00eau c\u1ee7a m\u00ecnh tr\u00ean t\u1eebng ch\u1eb7ng \u0111\u01b0\u1eddng c\u1ee7a h\u00e0nh tr\u00ecnh ki\u1ebfn t\u1ea1o nh\u00e2n c\u00e1ch v\u00e0 m\u1ed9t t\u01b0\u01a1ng lai t\u01b0\u01a1i s\u00e1ng<\/p>\n<\/div>\n\t\t<\/div>\n\t\t\t<\/div>\n\n\t\n\n\t<div id=\"col-1975095416\" class=\"col medium-6 small-12 large-6\"  >\n\t\t<div class=\"col-inner\"  >\n\t\t\t\n\t\t\t\n\t<div class=\"img has-hover x md-x lg-x y md-y lg-y\" id=\"image_1146814625\">\n\t\t<a class=\"\" href=\"#\"  >\t\t\t\t\t\t<div class=\"img-inner dark\" >\n\t\t\t<img width=\"600\" height=\"336\" src=\"https:\/\/webmaibinh.com\/w\/baohiem\/wp-content\/uploads\/2019\/04\/phat-loc-khoi-nguyen.jpg\" class=\"attachment-original size-original\" alt=\"\" loading=\"lazy\" srcset=\"https:\/\/webmaibinh.com\/w\/baohiem\/wp-content\/uploads\/2019\/04\/phat-loc-khoi-nguyen.jpg 600w, https:\/\/webmaibinh.com\/w\/baohiem\/wp-content\/uploads\/2019\/04\/phat-loc-khoi-nguyen-300x168.jpg 300w\" sizes=\"(max-width: 600px) 100vw, 600px\" \/>\t\t\t\t\t\t\n\t\t\t\t\t<\/div>\n\t\t\t\t\t\t<\/a>\t\t\n<style>\n#image_1146814625 {\n  width: 100%;\n}\n<\/style>\n\t<\/div>\n\t\n<h3 class=\"cate-name\"><a  href=\"\/phat-loc-khoi-nguyen-2\/\" >PH\u00c1T L\u1ed8C KH\u00d4I NGUY\u00caN<\/a><\/h3>\n<div class=\"desc\">\n<p><span style=\"font-size: 95%;\">B\u1ea3o v\u1ec7 cho ch\u00ednh b\u1ea3n th\u00e2n cha m\u1eb9 \u0111\u1ed3ng th\u1eddi l\u00e0 m\u1ed9t c\u00e1ch th\u00f4ng minh nh\u1ea5t \u0111\u1ec3 \u0111\u1ea3m b\u1ea3o t\u01b0\u01a1ng lai cho con tr\u1ebb. <\/span><\/p>\n<\/div>\n\t\t<\/div>\n\t\t\t<\/div>\n\n\t\n<\/div>\n","protected":false},"excerpt":{"rendered":"","protected":false},"author":1,"featured_media":0,"parent":24,"menu_order":0,"comment_status":"closed","ping_status":"closed","template":"page-blank.php","meta":[],"_links":{"self":[{"href":"https:\/\/webmaibinh.com\/w\/baohiem\/wp-json\/wp\/v2\/pages\/30"}],"collection":[{"href":"https:\/\/webmaibinh.com\/w\/baohiem\/wp-json\/wp\/v2\/pages"}],"about":[{"href":"https:\/\/webmaibinh.com\/w\/baohiem\/wp-json\/wp\/v2\/types\/page"}],"author":[{"embeddable":true,"href":"https:\/\/webmaibinh.com\/w\/baohiem\/wp-json\/wp\/v2\/users\/1"}],"replies":[{"embeddable":true,"href":"https:\/\/webmaibinh.com\/w\/baohiem\/wp-json\/wp\/v2\/comments?post=30"}],"version-history":[{"count":0,"href":"https:\/\/webmaibinh.com\/w\/baohiem\/wp-json\/wp\/v2\/pages\/30\/revisions"}],"up":[{"embeddable":true,"href":"https:\/\/webmaibinh.com\/w\/baohiem\/wp-json\/wp\/v2\/pages\/24"}],"wp:attachment":[{"href":"https:\/\/webmaibinh.com\/w\/baohiem\/wp-json\/wp\/v2\/media?parent=30"}],"curies":[{"name":"wp","href":"https:\/\/api.w.org\/{rel}","templated":true}]}}