{"id":1089,"date":"2019-12-19T03:39:35","date_gmt":"2019-12-19T03:39:35","guid":{"rendered":"http:\/\/bansach.muathemewordpress.net\/?post_type=product&#038;p=1089"},"modified":"2019-12-19T08:31:50","modified_gmt":"2019-12-19T08:31:50","slug":"combo-song-cuoc-doi-nhu-ban-muon","status":"publish","type":"product","link":"https:\/\/webmaibinh.com\/w\/bansach2011\/san-pham\/combo-song-cuoc-doi-nhu-ban-muon\/","title":{"rendered":"Combo S\u1ed1ng Cu\u1ed9c \u0110\u1eddi Nh\u01b0 B\u1ea1n Mu\u1ed1n"},"content":{"rendered":"<p>Combo S\u1ed1ng Cu\u1ed9c \u0110\u1eddi Nh\u01b0 B\u1ea1n Mu\u1ed1n g\u1ed3m 7 cu\u1ed1n:<\/p>\n<p><strong>1.\u00a0Khi\u00eau V\u0169 V\u1edbi \u00c1p L\u1ef1c<\/strong><\/p>\n<p>Ph\u1ea7n l\u1edbn con ng\u01b0\u1eddi \u0111\u1ec1u nh\u00ecn nh\u1eadn \u00e1p l\u1ef1c theo t\u1eebng t\u00ecnh hu\u1ed1ng c\u1ed1 \u0111\u1ecbnh: k\u1ef3 thi cu\u1ed1i c\u1ea5p, thi SAT, ph\u1ecfng v\u1ea5n xin vi\u1ec7c hay thuy\u1ebft tr\u00ecnh tr\u01b0\u1edbc Ban l\u00e3nh \u0111\u1ea1o. Nh\u01b0ng tr\u00ean th\u1ef1c t\u1ebf th\u00ec \u00e1p l\u1ef1c l\u00e0 m\u1ed9t l\u1ef1c h\u00e0ng ng\u00e0y c\u1ea3n tr\u1edf ho\u1ea1t \u0111\u1ed9ng c\u1ee7a ch\u00fang ta v\u00e0 t\u00edch t\u1ee5 d\u1ea7n cho \u0111\u1ebfn khi m\u1ecdi th\u1ee9 tr\u1edf n\u00ean mang t\u00ednh s\u1ed1ng c\u00f2n.<\/p>\n<p>Con ng\u01b0\u1eddi \u0111\u01b0\u1ee3c l\u1eadp tr\u00ecnh \u0111\u1ec3 t\u00ecm ki\u1ebfm \u201cnh\u1eefng ph\u1ea7n th\u01b0\u1edfng\u201d c\u0169ng nh\u01b0 \u0111\u01b0\u1ee3c l\u1eadp tr\u00ecnh \u0111\u1ec3 tr\u00e1nh \u201cr\u1ee7i ro v\u00e0 m\u1ea5t m\u00e1t\u201d.<\/p>\n<p>H\u1ee7y di\u1ec7t v\u00e0 b\u1ecb b\u1ecf r\u01a1i l\u00e0 nh\u1eefng tr\u1ea1ng th\u00e1i ch\u00fang ta \u0111\u01b0\u1ee3c l\u1eadp tr\u00ecnh \u0111\u1ec3 tr\u00e1nh; an to\u00e0n, ch\u1ea5p nh\u1eadn v\u00e0 ti\u1ebfn b\u1ed9 l\u00e0 nh\u1eefng tr\u1ea1ng th\u00e1i ch\u00fang ta t\u00ecm ki\u1ebfm. B\u1ea3n ch\u1ea5t t\u1ef1 nhi\u00ean c\u1ee7a con ng\u01b0\u1eddi l\u00e0 tr\u00e1nh c\u00e1c m\u1ed1i \u0111e d\u1ecda, v\u00ec v\u1eady ch\u00fang ta c\u1ea3m th\u1ea5y \u00e1p l\u1ef1c trong vi\u1ec7c \u0111\u1ea3m b\u1ea3o r\u1eb1ng m\u00ecnh s\u1ebd kh\u00f4ng tr\u1ea3i qua ph\u00eda tr\u00e1i; v\u00e0 c\u0169ng b\u1edfi v\u00ec b\u1ea3n ch\u1ea5t t\u1ef1 nhi\u00ean c\u1ee7a con ng\u01b0\u1eddi \u2013 t\u00ecm ki\u1ebfm s\u1ef1 an to\u00e0n, ch\u1ea5p nh\u1eadn v\u00e0 ti\u1ebfn b\u1ed9, ch\u00fang ta c\u1ea3m th\u1ea5y \u00e1p l\u1ef1c \u0111\u1ec3 t\u00ecm ki\u1ebfm ph\u00eda b\u00ean ph\u1ea3i.<\/p>\n<p>Ch\u00fang ta c\u00e0ng mong mu\u1ed1n t\u00ecm ki\u1ebfm b\u00ean ph\u1ea3i v\u00e0 tr\u00e1nh b\u00ean tr\u00e1i, th\u00ec c\u00e1c x\u00fac c\u1ea3m v\u00e0 suy ngh\u0129 \u00e1p l\u1ef1c nguy\u00ean th\u1ee7y c\u00e0ng tr\u1ed7i d\u1eady v\u00e0 ch\u00fang ta c\u00e0ng c\u00f3 c\u1ea3m gi\u00e1c \u201cb\u1ecb th\u00fac \u00e9p\u201d tr\u00ean c\u01a1 s\u1edf h\u1eb1ng ng\u00e0y.<\/p>\n<p>Khi k\u1ebft qu\u1ea3 c\u00e0ng quan tr\u1ecdng v\u1edbi b\u1ea1n th\u00ec n\u00f3 c\u00e0ng tr\u1edf n\u00ean kh\u00f4ng ch\u1eafc ch\u1eafn, v\u00e0 khi b\u1ea1n c\u00e0ng c\u1ea3m th\u1ea5y c\u00f3 tr\u00e1ch nhi\u1ec7m v\u1edbi k\u1ebft qu\u1ea3 v\u00e0 c\u00e0ng c\u1ea3m th\u1ea5y b\u1ecb \u0111\u00e1nh gi\u00e1, t\u00ecnh hu\u1ed1ng \u00e1p l\u1ef1c s\u1ebd c\u00e0ng l\u1edbn h\u01a1n v\u00e0 nhi\u1ec1u kh\u1ea3 n\u0103ng b\u1ea1n s\u1ebd l\u00e0m vi\u1ec7c k\u00e9m hi\u1ec7u qu\u1ea3.<\/p>\n<p>B\u1ea1n c\u00f3 ph\u1ea3i \u0111\u1ed1i m\u1eb7t v\u1edbi \u00e1p l\u1ef1c m\u1ed7i ng\u00e0y?<\/p>\n<p><strong>2.\u00a0\u00a0D\u1ea5n th\u00e2n v\u00e0o hoang d\u00e3\u00a0<\/strong><\/p>\n<p>\u201cEm \u0111\u00e3 s\u1ed1ng c\u1ea3 m\u1ed9t \u0111\u1eddi l\u1ea1c l\u00f5ng gi\u1eefa nh\u1eefng \u0111\u00e1m \u0111\u00f4ng. Th\u1eadt kh\u00f3 kh\u0103n. \u0110\u00f4i khi, ng\u00f4i nh\u00e0 c\u1ee7a ch\u00fang ta l\u00e0 n\u01a1i duy nh\u1ea5t em c\u1ea3m th\u1ea5y kh\u00f4ng ho\u00e0n to\u00e0n m\u1ed9t m\u00ecnh. Em lu\u00f4n c\u00f3 c\u1ea3m gi\u00e1c em \u0111ang \u0111i tr\u00ean m\u1ed9t con \u0111\u01b0\u1eddng m\u00e0 ch\u00ednh b\u1ea3n th\u00e2n em c\u0169ng kh\u00f4ng th\u1ec3 n\u00e0o hi\u1ec3u n\u1ed5i v\u00ec c\u1ea3 ch\u1eb7ng \u0111\u01b0\u1eddng \u1ea5y ch\u1ec9 c\u00f3 duy nh\u1ea5t m\u1ed9t k\u1ebb \u0111\u1ed9c h\u00e0nh l\u00e0 em. Kh\u00f4ng c\u00f3 ai \u0111i tr\u01b0\u1edbc em v\u00e0 b\u1ea3o em r\u1eb1ng: \u2018Kh\u00f4ng sao \u0111\u00e2u. C\u00f3 nh\u1eefng gi\u00e1o s\u01b0-nh\u00e0 nghi\u00ean c\u1ee9u-ng\u01b0\u1eddi k\u1ec3 chuy\u1ec7n-nh\u00e0 l\u00e3nh \u0111\u1ea1o-ng\u01b0\u1eddi kh\u1edfi nghi\u1ec7p-ng\u01b0\u1eddi ch\u1eedi th\u1ec1&#8230;, t\u1ea5t c\u1ea3 b\u1ecdn h\u1ecd \u0111\u1ec1u tin v\u00e0o gi\u00e1 tr\u1ecb c\u1ee7a l\u00f2ng tin. Vi\u1ec7c c\u1ee7a b\u1ea1n l\u00fac n\u00e0y l\u00e0 v\u1eefng tin b\u01b0\u1edbc ti\u1ebfp\u2019.\u201d<\/p>\n<p>Khi n\u00f3i ra nh\u1eefng l\u1eddi n\u00e0y, Bren\u00e9 \u0111ang t\u1ef1a tr\u00ean vai ch\u1ed3ng c\u00f4, Steve, v\u1edbi d\u00f2ng n\u01b0\u1edbc m\u1eaft d\u00e2ng tr\u00e0o c\u1ee7a k\u1ebb \u0111\u1ed9c h\u00e0nh c\u00f4 \u0111\u01a1n kh\u00f4ng c\u00f3 ng\u01b0\u1eddi d\u1eabn d\u1eaft.<\/p>\n<p>L\u00fac \u1ea5y, h\u1eb3n c\u00f4 kh\u00f4ng bi\u1ebft r\u1eb1ng, c\u00f3 m\u1ed9t ng\u00e0y c\u00f4 s\u1ebd tr\u1edf th\u00e0nh ng\u01b0\u1eddi d\u1eabn \u0111\u01b0\u1eddng cho h\u00e0ng tri\u1ec7u tri\u1ec7u k\u1ebb \u0111\u1ed9c h\u00e0nh c\u00f4 \u0111\u01a1n kh\u00e1c, tr\u00ean con \u0111\u01b0\u1eddng \u0111i t\u00ecm v\u1ec1 b\u1ea3n ng\u00e3 c\u1ee7a ch\u00ednh m\u00ecnh.<\/p>\n<p><strong>3.\u00a0Kh\u00f4ng Gi\u1edbi H\u1ea1n<\/strong><\/p>\n<p>Trong cu\u1ed1n s\u00e1ch n\u00e0y, John Maxwell \u0111\u01b0a ra 17 n\u0103ng l\u1ef1c c\u1ed1t l\u00f5i g\u1ed3m m\u1ed9t s\u1ed1 n\u0103ng l\u1ef1c s\u1eb5n c\u00f3 trong m\u1ed7i ch\u00fang ta nh\u01b0 n\u0103ng l\u01b0\u1ee3ng, s\u1ef1 s\u00e1ng t\u1ea1o v\u00e0 kh\u1ea3 n\u0103ng l\u00e3nh \u0111\u1ea1o. S\u1ed1 kh\u00e1c c\u00f3 th\u1ec3 ki\u1ec3m so\u00e1t nh\u01b0 th\u00e1i \u0111\u1ed9, nh\u00e2n c\u00e1ch v\u00e0 s\u1ef1 ch\u1ee7 \u0111\u00edch. Maxwell s\u1ebd h\u01b0\u1edbng d\u1eabn b\u1ea1n c\u00e1ch x\u00e1c \u0111\u1ecbnh, ph\u00e1t tri\u1ec3n v\u00e0 \u00e1p d\u1ee5ng c\u00e1c n\u0103ng l\u1ef1c quan tr\u1ecdng. M\u1ed9t khi b\u1ea1n ngh\u0129 r\u1eb1ng nh\u1eefng n\u0103ng l\u1ef1c n\u00e0y l\u00e0 v\u00f4 h\u1ea1n, b\u1ea1n s\u1ebd c\u00f3 m\u1ed9t cu\u1ed9c s\u1ed1ng th\u00e0nh c\u00f4ng v\u00e0 vi\u00ean m\u00e3n h\u01a1n.<\/p>\n<p><strong>4.\u00a0\u0110i\u1ec1u \u00dd Ngh\u0129a Nh\u1ea5t Trong T\u1eebng Kho\u1ea3nh Kh\u1eafc Cu\u1ed9c \u0110\u1eddi<\/strong><\/p>\n<p>B\u1ea1n mu\u1ed1n \u00edt. B\u1ea1n mu\u1ed1n \u00edt s\u1ef1 sao nh\u00e3ng. B\u1ea1n mu\u1ed1n \u00edt s\u1ef1 l\u1ef1a ch\u1ecdn. H\u00e0ng ng\u00e0y, b\u1ea1n ph\u1ea3i tr\u1ea3 l\u1eddi c\u1ea3 \u0111\u1ed1ng email, tin nh\u1eafn qua \u0111i\u1ec7n tho\u1ea1i, tin nh\u1eafn tr\u00ean internet khi\u1ebfn b\u1ea1n sao nh\u00e3ng v\u00e0 \u1ee9c ch\u1ebf t\u00e2m l\u00fd n\u1eb7ng n\u1ec1. B\u1ea1n lu\u00f4n ph\u1ea3i \u0111\u00e1p \u1ee9ng c\u00f9ng l\u00fac \u00edt nh\u1ea5t hai vai tr\u00f2. Khi \u0111i l\u00e0m, b\u1ea1n ph\u1ea3i l\u00e0 m\u1ed9t nh\u00e2n vi\u00ean t\u1ed1t, ho\u00e0n th\u00e0nh xu\u1ea5t s\u1eafc c\u00f4ng vi\u1ec7c, \u0111\u1ed3ng th\u1eddi khi tan s\u1edf v\u1ec1 nh\u00e0, b\u1ea1n ph\u1ea3i tr\u1edf th\u00e0nh ng\u01b0\u1eddi ch\u1ed3ng\/v\u1ee3, ng\u01b0\u1eddi cha\/m\u1eb9, ng\u01b0\u1eddi con t\u1ed1t, ho\u00e0n th\u00e0nh ngh\u0129a v\u1ee5 v\u1edbi gia \u0111\u00ecnh m\u00ecnh. C\u00e1i gi\u00e1 b\u1ea1n ph\u1ea3i tr\u1ea3 l\u00e0 g\u00ec? Ch\u1ea5t l\u01b0\u1ee3ng c\u00f4ng vi\u1ec7c \u0111i xu\u1ed1ng, tr\u1ec5 deadline, l\u01b0\u01a1ng th\u1ea5p, kh\u00f4ng th\u0103ng ti\u1ebfn v\u00e0 \u1ee9c ch\u1ebf n\u1eb7ng.<\/p>\n<p>B\u1ea1n mu\u1ed1n nhi\u1ec1u. B\u1ea1n mu\u1ed1n t\u0103ng n\u0103ng su\u1ea5t c\u00f4ng vi\u1ec7c c\u1ee7a m\u00ecnh. B\u1ea1n mu\u1ed1n t\u0103ng thu nh\u1eadp. B\u1ea1n mu\u1ed1n s\u1ed1ng tho\u1ea3i m\u00e1i h\u01a1n. B\u1ea1n mu\u1ed1n th\u1ecfa m\u00e3n h\u01a1n. B\u1ea1n mu\u1ed1n c\u00f3 nhi\u1ec1u th\u1eddi gian cho b\u1ea3n th\u00e2n, gia \u0111\u00ecnh v\u00e0 b\u1ea1n b\u00e8.<\/p>\n<p>Gi\u1edd \u0111\u00e2y, b\u1ea1n c\u00f3 th\u1ec3 c\u00f3 c\u1ea3 hai th\u1ee9, \u00edt v\u00e0 nhi\u1ec1u. Trong The one thing &#8211; \u0110i\u1ec1u \u00fd ngh\u0129a nh\u1ea5t trong t\u1eebng kho\u1ea3nh kh\u1eafc cu\u1ed9c \u0111\u1eddi, b\u1ea1n s\u1ebd h\u1ecdc \u0111\u01b0\u1ee3c c\u00e1ch nh\u00ecn xuy\u00ean qua \u0111\u01b0\u1ee3c s\u1ef1 h\u1ed7n \u0111\u1ed9n nhi\u1ec5u lo\u1ea1n \u0111\u1ec3 \u0111\u1ea1t \u0111\u01b0\u1ee3c k\u1ebft qu\u1ea3 t\u1ed1t h\u01a1n trong th\u1eddi gian ng\u1eafn h\u01a1n, t\u1ea1o ra \u0111\u00f2n b\u1ea9y \u0111\u01b0a b\u1ea1n \u0111\u1ebfn m\u1ee5c ti\u00eau, gi\u1ea3m s\u1ef1 \u1ee9c ch\u1ebf t\u00e2m l\u00fd, ch\u1ebf ng\u1ef1 \u0111\u01b0\u1ee3c c\u1ea3m gi\u00e1c \u0111\u00f3, \u0111em l\u1ea1i n\u0103ng l\u01b0\u1ee3ng cho b\u1ea3n th\u00e2n, ti\u1ebfp t\u1ee5c \u0111i \u0111\u00fang h\u01b0\u1edbng v\u00e0 l\u00e0m ch\u1ee7 nh\u1eefng \u0111i\u1ec1u th\u1ef1c s\u1ef1 quan tr\u1ecdng v\u1edbi b\u1ea1n. Cu\u1ed1n s\u00e1ch n\u00e0y \u0111em l\u1ea1i nh\u1eefng k\u1ebft qu\u1ea3 kinh ng\u1ea1c trong m\u1ecdi l\u0129nh v\u1ef1c c\u1ee7a \u0111\u1eddi s\u1ed1ng, c\u00f4ng vi\u1ec7c, c\u00e1 nh\u00e2n, gia \u0111\u00ecnh, v\u00e0 tinh th\u1ea7n c\u1ee7a m\u1ed7i ng\u01b0\u1eddi.<\/p>\n<p><strong>5.\u00a0Tho\u00e1t Kh\u1ecfi B\u1eaby C\u1ea3m X\u00fac<\/strong><\/p>\n<p>Cu\u1ed1n s\u00e1ch n\u00e0y t\u1ea5t t\u1ea7n t\u1eadt l\u00e0 v\u1ec1 b\u1ea1n. N\u00f3 vi\u1ebft v\u1ec1 c\u00e1c c\u1ea3m nh\u1eadn c\u1ee7a b\u1ea1n, th\u00e1i \u0111\u1ed9 c\u1ee7a b\u1ea1n v\u00e0 v\u1ec1 vi\u1ec7c b\u1ea1n gi\u1eef m\u1ed9t c\u00e1i nh\u00ecn t\u00edch c\u1ef1c trong cu\u1ed9c s\u1ed1ng.<\/p>\n<p>B\u1ea1n c\u00f3 mu\u1ed1n cu\u1ed9c s\u1ed1ng c\u1ee7a m\u00ecnh c\u00e2n b\u1eb1ng h\u01a1n v\u1edbi m\u1ed9t tinh th\u1ea7n t\u1ef1 tin h\u01a1n, h\u1ea1nh ph\u00fac h\u01a1n v\u00e0 th\u00fa v\u1ecb h\u01a1n? B\u1ea1n c\u00f3 mu\u1ed1n c\u00f3 nhi\u1ec1u ngh\u1ecb l\u1ef1c v\u00e0 s\u1ef1 nhi\u1ec7t t\u00ecnh h\u01a1n m\u00e0 v\u1eabn gi\u1eef \u0111\u01b0\u1ee3c s\u1ef1 b\u00ecnh an b\u00ean trong? N\u1ebfu b\u1ea1n mu\u1ed1n m\u1ea1nh m\u1ebd h\u01a1n v\u00e0 ch\u1ee7 \u0111\u1ed9ng h\u01a1n \u0111\u1ec3 c\u00f3 th\u1ec3 l\u00e0m \u0111\u01b0\u1ee3c t\u1ed1t h\u01a1n \u1edf b\u1ea5t k\u1ef3 kh\u00eda c\u1ea1nh n\u00e0o m\u00e0 b\u1ea1n ch\u1ecdn trong cu\u1ed9c s\u1ed1ng c\u1ee7a m\u00ecnh, kh\u00f4ng v\u01b0\u1edbng ph\u1ea3i c\u00e1c c\u1ea3m x\u00fac ti\u00eau c\u1ef1c\u2026 cu\u1ed1n s\u00e1ch n\u00e0y l\u00e0 d\u00e0nh cho b\u1ea1n. N\u1ebfu b\u1ea1n th\u1eadt s\u1ef1 mu\u1ed1n thay \u0111\u1ed5i, b\u1ea1n ho\u00e0n to\u00e0n c\u00f3 th\u1ec3!<\/p>\n<p>B\u1eb1ng c\u00e1ch ph\u00e1t tri\u1ec3n kh\u1ea3 n\u0103ng ki\u1ec3m so\u00e1t c\u1ea3m x\u00fac t\u1ed1t h\u01a1n v\u00e0 tho\u00e1t kh\u1ecfi nh\u1eefng c\u1ea3m x\u00fac kh\u00f4ng l\u00e0nh m\u1ea1nh tr\u00f3i bu\u1ed9c b\u1ea1n, b\u1ea1n c\u00f3 th\u1ec3 h\u1ecdc c\u00e1ch t\u1ea1o ra s\u1ef1 thay \u0111\u1ed5i m\u1ea1nh m\u1ebd \u0111\u1ebfn n\u1ed7i n\u00f3 c\u00f3 th\u1ec3 thay \u0111\u1ed5i cu\u1ed9c \u0111\u1eddi b\u1ea1n tr\u1edf n\u00ean t\u1ed1t \u0111\u1eb9p h\u01a1n theo ngh\u0129a \u0111en. B\u1eb1ng c\u00e1ch tr\u1edf n\u00ean l\u00e0nh m\u1ea1nh h\u01a1n v\u1ec1 c\u1ea3m x\u00fac b\u1ea1n s\u1ebd h\u1ea1nh ph\u00fac h\u01a1n, h\u00e0i l\u00f2ng h\u01a1n, v\u00e0 c\u00f3 th\u1ec3 vun \u0111\u1eafp nh\u1eefng m\u1ed1i quan h\u1ec7 l\u00e0nh m\u1ea1nh l\u00e2u d\u00e0i \u0111\u01b0\u1ee3c t\u1ed1t h\u01a1n.<\/p>\n<p>C\u1ea3m x\u00fac kh\u1ed1ng ch\u1ebf t\u1ea5t c\u1ea3! B\u1ea5t k\u1ec3 b\u1ea1n \u0111ang l\u00e0m g\u00ec, n\u1ebfu b\u1ea1n r\u01a1i v\u00e0o m\u1ed9t c\u01a1n ho\u1ea3ng lo\u1ea1n, t\u1ee9c gi\u1eadn kh\u00f4ng ki\u1ec1m ch\u1ebf \u0111\u01b0\u1ee3c hay ch\u00ecm v\u00e0o h\u1ed1 s\u00e2u tr\u1ea7m c\u1ea3m \u2013 th\u00ec c\u00e1c c\u1ea3m x\u00fac c\u1ee7a b\u1ea1n s\u1ebd th\u1eafng \u2013 c\u00e1c c\u1ea3m x\u00fac c\u1ee7a b\u1ea1n s\u1ebd th\u1ed1ng tr\u1ecb.<\/p>\n<p>N\u1ebfu b\u1ea1n t\u1ef1 h\u1ecfi \u0111i\u1ec1u g\u00ec l\u00e0 quan tr\u1ecdng h\u01a1n, \u0111i\u1ec1u b\u1ea1n bi\u1ebft hay \u0111i\u1ec1u b\u1ea1n c\u1ea3m th\u1ea5y \u2013 b\u1ea1n hi\u1ec3u r\u1eb1ng \u0111i\u1ec1u b\u1ea1n bi\u1ebft s\u1ebd kh\u00f4ng c\u00f2n quan tr\u1ecdng n\u1eefa n\u1ebfu b\u1ea1n c\u1ea3m th\u1ea5y t\u1ec7. C\u0169ng nh\u01b0 v\u1edbi s\u1ee9c kh\u1ecfe th\u1ec3 ch\u1ea5t, n\u1ebfu b\u1ea1n kh\u00f4ng c\u00f3 m\u1ed9t c\u1ea3m x\u00fac t\u00edch c\u1ef1c m\u1ea1nh m\u1ebd v\u00e0 \u1ed5n \u0111\u1ecbnh, th\u00ec ch\u1ea5t l\u01b0\u1ee3ng cu\u1ed9c s\u1ed1ng c\u1ee7a b\u1ea1n s\u1ebd gi\u1ea3m \u0111\u00e1ng k\u1ec3.<\/p>\n<p><strong>Ngo\u00e0i ra, b\u1ea1n \u0111\u1ecdc c\u00f2n \u0111\u01b0\u1ee3c:<\/strong><\/p>\n<ul>\n<li>T\u00ecm hi\u1ec3u xem m\u00ecnh thu\u1ed9c m\u1eabu ng\u01b0\u1eddi s\u1eed d\u1ee5ng th\u1eddi gian n\u00e0o qua ph\u1ea7n Tr\u1eafc nghi\u1ec7m vui<\/li>\n<li>B\u1ecf t\u1ee7i 100+ tr\u00edch d\u1eabn th\u00fa v\u1ecb v\u1ec1 qu\u1ea3n l\u00fd th\u1eddi gian<\/li>\n<\/ul>\n<p><em><strong>Alpha Books tr\u00e2n tr\u1ecdng gi\u1edbi thi\u1ec7u!<\/strong><\/em><\/p>\n<p>&nbsp;<\/p>\n<p>&nbsp;<\/p>\n","protected":false},"excerpt":{"rendered":"<p>Combo S\u1ed1ng Cu\u1ed9c \u0110\u1eddi Nh\u01b0 B\u1ea1n Mu\u1ed1n g\u1ed3m 7 cu\u1ed1n: 1. Khi\u00eau V\u0169 V\u1edbi \u00c1p L\u1ef1c Ph\u1ea7n l\u1edbn con ng\u01b0\u1eddi \u0111\u1ec1u nh\u00ecn nh\u1eadn \u00e1p l\u1ef1c theo t\u1eebng t\u00ecnh hu\u1ed1ng c\u1ed1 \u0111\u1ecbnh: k\u1ef3 thi cu\u1ed1i c\u1ea5p, thi SAT, ph\u1ecfng v\u1ea5n xin vi\u1ec7c hay thuy\u1ebft tr\u00ecnh tr\u01b0\u1edbc Ban l\u00e3nh \u0111\u1ea1o. Nh\u01b0ng tr\u00ean th\u1ef1c t\u1ebf th\u00ec \u00e1p l\u1ef1c l\u00e0 m\u1ed9t l\u1ef1c h\u00e0ng ng\u00e0y c\u1ea3n tr\u1edf ho\u1ea1t \u0111\u1ed9ng c\u1ee7a ch\u00fang ta v\u00e0 t\u00edch t\u1ee5 d\u1ea7n cho \u0111\u1ebfn&#8230;<\/p>\n<p>&nbsp;<\/p>\n","protected":false},"featured_media":1090,"comment_status":"open","ping_status":"closed","template":"","meta":[],"_links":{"self":[{"href":"https:\/\/webmaibinh.com\/w\/bansach2011\/wp-json\/wp\/v2\/product\/1089"}],"collection":[{"href":"https:\/\/webmaibinh.com\/w\/bansach2011\/wp-json\/wp\/v2\/product"}],"about":[{"href":"https:\/\/webmaibinh.com\/w\/bansach2011\/wp-json\/wp\/v2\/types\/product"}],"replies":[{"embeddable":true,"href":"https:\/\/webmaibinh.com\/w\/bansach2011\/wp-json\/wp\/v2\/comments?post=1089"}],"wp:featuredmedia":[{"embeddable":true,"href":"https:\/\/webmaibinh.com\/w\/bansach2011\/wp-json\/wp\/v2\/media\/1090"}],"wp:attachment":[{"href":"https:\/\/webmaibinh.com\/w\/bansach2011\/wp-json\/wp\/v2\/media?parent=1089"}],"curies":[{"name":"wp","href":"https:\/\/api.w.org\/{rel}","templated":true}]}}