{"id":1087,"date":"2019-12-19T03:38:38","date_gmt":"2019-12-19T03:38:38","guid":{"rendered":"http:\/\/bansach.muathemewordpress.net\/?post_type=product&#038;p=1087"},"modified":"2019-12-19T03:38:38","modified_gmt":"2019-12-19T03:38:38","slug":"combo-huong-nghiep","status":"publish","type":"product","link":"https:\/\/webmaibinh.com\/w\/bansach2011\/san-pham\/combo-huong-nghiep\/","title":{"rendered":"Combo H\u01b0\u1edbng Nghi\u1ec7p"},"content":{"rendered":"<p>B\u1ed9 s\u00e1ch H\u01b0\u1edbng Nghi\u1ec7p g\u1ed3m 2 cu\u1ed1n:<\/p>\n<p><strong>1.\u00a0C\u1ea9m Nang Ch\u1ecdn Ngh\u1ec1<\/strong><\/p>\n<ul>\n<li>B\u1ea1n l\u00e0 sinh vi\u00ean m\u1edbi ra tr\u01b0\u1eddng?<\/li>\n<li>B\u1ea1n \u0111\u00e3 g\u1eafn b\u00f3 v\u1edbi m\u1ed9t c\u00f4ng vi\u1ec7c h\u00e0ng ch\u1ee5c n\u0103m nh\u01b0ng gi\u1edd \u0111\u00e2y, b\u1ea1n nh\u1eadn ra \u0111\u00f3 kh\u00f4ng ph\u1ea3i l\u00e0 c\u00f4ng vi\u1ec7c b\u1ea1n th\u1ef1c s\u1ef1 \u0111am m\u00ea?<\/li>\n<li>B\u1ea1n \u0111\u00e3 qu\u00e1 ch\u00e1n ng\u00e1n v\u1edbi c\u1ea3nh \u0111i l\u00e0m thu\u00ea cho ng\u01b0\u1eddi kh\u00e1c?<\/li>\n<li>Trong m\u1ed9t x\u00e3 h\u1ed9i \u0111\u1ea7y bi\u1ebfn \u0111\u1ed9ng v\u1edbi qu\u00e1 nhi\u1ec1u c\u01a1 h\u1ed9i vi\u1ec7c l\u00e0m nh\u01b0ng c\u0169ng kh\u00f4ng thi\u1ebfu nh\u1eefng c\u00e1 nh\u00e2n t\u00e0i n\u0103ng nh\u01b0 ng\u00e0y nay, b\u1ea1n ph\u1ea3i l\u00e0m g\u00ec \u0111\u1ec3 tr\u1edf n\u00ean th\u1ef1c s\u1ef1 kh\u00e1c bi\u1ec7t v\u00e0 t\u00ecm \u0111\u01b0\u1ee3c cho m\u00ecnh m\u1ed9t c\u00f4ng vi\u1ec7c nh\u01b0 \u00fd?<\/li>\n<\/ul>\n<p>H\u00e3y \u0111i t\u00ecm c\u00e2u tr\u1ea3 l\u1eddi cho nh\u1eefng c\u00e2u h\u1ecfi tr\u00ean b\u1eb1ng c\u00e1ch \u00e1p d\u1ee5ng 7 b\u01b0\u1edbc \u0111\u01b0\u1ee3c Jeff Goins \u0111\u01b0a ra trong\u00a0<strong>C\u1ea9m Nang Ch\u1ecdn Ngh\u1ec1<\/strong>. Cu\u1ed1n s\u00e1ch \u0111\u01a1n gi\u1ea3n v\u00e0 d\u1ec5 hi\u1ec3u n\u00e0y \u0111\u01b0\u1ee3c thi\u1ebft k\u1ebf gi\u1ed1ng nh\u01b0 m\u1ed9t cu\u1ed9c h\u00e0nh tr\u00ecnh \u0111i t\u00ecm &#8220;ti\u1ebfng g\u1ecdi s\u1ef1 nghi\u1ec7p&#8221; \u0111\u00edch th\u1ef1c c\u1ee7a b\u1ea3n th\u00e2n. M\u1ed7i b\u01b0\u1edbc \u0111\u01b0\u1eddng gi\u1ed1ng nh\u01b0 m\u1ed9t tr\u1ea1m d\u1eebng ch\u00e2n, m\u00e0 t\u1ea1i \u0111\u00f3 b\u1ea1n s\u1ebd c\u00f3 \u0111\u01b0\u1ee3c nh\u1eefng h\u01b0\u1edbng d\u1eabn c\u1ee5 th\u1ec3 h\u01a1n nh\u1eb1m gi\u00fap b\u1ea1n s\u1edbm thu \u0111\u01b0\u1ee3c nh\u1eefng tr\u00e1i ng\u1ecdt \u1edf cu\u1ed1i h\u00e0nh tr\u00ecnh.<\/p>\n<p><strong>2.\u00a0Nh\u1eefng Ng\u00e3 R\u1ebd Ngh\u1ec1 Nghi\u1ec7p<\/strong><\/p>\n<p>Nh\u1eefng \u0111i\u1ec1u c\u00e1c b\u1ea1n tr\u1ebb c\u1ea7n bi\u1ebft v\u1ec1 \u0111\u1ecbnh v\u1ecb\u00a0s\u1ef1 nghi\u1ec7p v\u00e0 cu\u1ed9c s\u1ed1ng trong th\u1eddi \u0111\u1ea1i 4.0<\/p>\n<p>\u201cSelingo mang \u0111\u1ebfn m\u1ed9t b\u1ea3n \u0111\u1ed3 h\u00e0nh tr\u00ecnh quan tr\u1ecdng \u0111\u1ec3 \u0111\u1ecbnh v\u1ecb th\u1ebf gi\u1edbi c\u1ee7a gi\u00e1o d\u1ee5c b\u1eadc cao. \u0110\u00e2y l\u00e0 m\u1ed9t c\u1ea9m nang h\u01b0\u1edbng d\u1eabn c\u1ea7n thi\u1ebft \u0111\u1ec3 hi\u1ec3u \u0111\u01b0\u1ee3c \u0111i\u1ec1u m\u00ecnh n\u00ean k\u1ef3 v\u1ecdng t\u1eeb tr\u01b0\u1eddng \u0111\u1ea1i h\u1ecdc v\u00e0 l\u00e0m th\u1ebf n\u00e0o \u0111\u1ec3 chu\u1ea9n b\u1ecb cho m\u1ed9t c\u00f4ng vi\u1ec7c hi\u1ec7u qu\u1ea3 sau \u0111\u00f3. Ng\u00f4n ng\u1eef r\u00f5 r\u00e0ng, d\u1ec5 hi\u1ec3u c\u1ee7a cu\u1ed1n s\u00e1ch c\u00e0ng l\u00e0m t\u0103ng th\u00eam gi\u00e1 tr\u1ecb c\u1ee7a n\u00f3.\u201d_ Janet Napolitano, Ch\u1ee7 t\u1ecbch \u0110\u1ea1i h\u1ecdc California, C\u1ef1u B\u1ed9 tr\u01b0\u1edfng An ninh Qu\u1ed1c gia v\u00e0 C\u1ef1u Th\u1ed1ng \u0111\u1ed1c Bang Arizona.<\/p>\n<p>\u201cJeffrey Selingo \u0111\u00e3 tr\u00ecnh b\u00e0y nh\u1eefng thay \u0111\u1ed5i c\u01a1 b\u1ea3n l\u00e0m r\u1ed1i lo\u1ea1n qu\u00e1 tr\u00ecnh chuy\u1ec3n \u0111\u1ed5i sang tu\u1ed5i tr\u01b0\u1edfng th\u00e0nh c\u1ee7a nh\u1eefng ng\u01b0\u1eddi tr\u1ebb; l\u00e0m n\u1ed5i b\u1eadt nh\u1eefng s\u1ef1 chuy\u1ec3n bi\u1ebfn m\u1edbi h\u00ecnh th\u00e0nh v\u00e0 c\u1ea7n thi\u1ebft cho vi\u1ec7c truy\u1ec1n t\u1ea3i gi\u00e1o d\u1ee5c b\u1eadc cao; v\u00e0 c\u00f9ng l\u00fac \u0111\u00f3, \u0111\u01b0a ra cho sinh vi\u00ean v\u00e0 ph\u1ee5 huynh nh\u1eefng ch\u1ec9 d\u1eabn th\u1ef1c t\u1ebf trong vi\u1ec7c l\u1eadp bi\u1ec3u \u0111\u1ed3 cho kh\u00f3a h\u1ecdc t\u1ed1t nh\u1ea5t.\u201d_ Hilary Pennington, Ch\u1ee7 t\u1ecbch Qu\u1ef9 Ford v\u1ec1 Gi\u00e1o d\u1ee5c, S\u00e1ng t\u1ea1o v\u00e0 S\u1ef1 th\u1ec3 hi\u1ec7n t\u1ef1 do.<\/p>\n<p>\u201cTrong th\u1eddi k\u1ef3 m\u00e0 c\u00f4ng vi\u1ec7c v\u00e0 con \u0111\u01b0\u1eddng s\u1ef1 nghi\u1ec7p c\u00f3 xu h\u01b0\u1edbng thay \u0111\u1ed5i \u2013 v\u00e0 th\u1eadm ch\u00ed l\u00e0 ho\u00e0n to\u00e0n b\u1ed1c h\u01a1i \u2013 v\u1edbi m\u1ed9t t\u1ed1c \u0111\u1ed9 ch\u01b0a t\u1eebng c\u00f3, Cu\u1ed9c s\u1ed1ng sau \u0111\u1ea1i h\u1ecdc c\u1ee7a Jeffrey Selingo \u0111\u00e3 \u0111\u01b0a ra m\u1ed9t b\u1ea3n \u0111\u1ed3 h\u00e0nh tr\u00ecnh cho nh\u1eefng sinh vi\u00ean t\u1ed1t nghi\u1ec7p \u0111ang ph\u1ea3i \u0111\u1ed1i m\u1eb7t v\u1edbi vi\u1ec7c \u0111\u1ecbnh v\u1ecb m\u1ed9t \u0111\u1ecba h\u00ecnh nhi\u1ec1u th\u1eed th\u00e1ch v\u00e0 kh\u00f4ng th\u1ec3 d\u1ef1 b\u00e1o tr\u01b0\u1edbc.\u201d_ Martin Ford, t\u00e1c gi\u1ea3 c\u1ee7a S\u1ef1 n\u1ed5i d\u1eady c\u1ee7a r\u00f4-b\u1ed1t: C\u00f4ng ngh\u1ec7 v\u00e0 s\u1ef1 \u0111e d\u1ecda c\u1ee7a m\u1ed9t t\u01b0\u01a1ng lai kh\u00f4ng c\u00f3 ngh\u1ec1 nghi\u1ec7p.<\/p>\n<p><strong><em>Alpha Books tr\u00e2n tr\u1ecdng gi\u1edbi thi\u1ec7u!<\/em><\/strong><\/p>\n<p>&nbsp;<\/p>\n","protected":false},"excerpt":{"rendered":"<p>B\u1ed9 s\u00e1ch H\u01b0\u1edbng Nghi\u1ec7p g\u1ed3m 2 cu\u1ed1n: 1. C\u1ea9m Nang Ch\u1ecdn Ngh\u1ec1 B\u1ea1n l\u00e0 sinh vi\u00ean m\u1edbi ra tr\u01b0\u1eddng? B\u1ea1n \u0111\u00e3 g\u1eafn b\u00f3 v\u1edbi m\u1ed9t c\u00f4ng vi\u1ec7c h\u00e0ng ch\u1ee5c n\u0103m nh\u01b0ng gi\u1edd \u0111\u00e2y, b\u1ea1n nh\u1eadn ra \u0111\u00f3 kh\u00f4ng ph\u1ea3i l\u00e0 c\u00f4ng vi\u1ec7c b\u1ea1n th\u1ef1c s\u1ef1 \u0111am m\u00ea? B\u1ea1n \u0111\u00e3 qu\u00e1 ch\u00e1n ng\u00e1n v\u1edbi c\u1ea3nh \u0111i l\u00e0m thu\u00ea cho ng\u01b0\u1eddi kh\u00e1c? Trong m\u1ed9t x\u00e3 h\u1ed9i \u0111\u1ea7y bi\u1ebfn \u0111\u1ed9ng v\u1edbi qu\u00e1&#8230;<\/p>\n<p>&nbsp;<\/p>\n","protected":false},"featured_media":1088,"comment_status":"open","ping_status":"closed","template":"","meta":[],"_links":{"self":[{"href":"https:\/\/webmaibinh.com\/w\/bansach2011\/wp-json\/wp\/v2\/product\/1087"}],"collection":[{"href":"https:\/\/webmaibinh.com\/w\/bansach2011\/wp-json\/wp\/v2\/product"}],"about":[{"href":"https:\/\/webmaibinh.com\/w\/bansach2011\/wp-json\/wp\/v2\/types\/product"}],"replies":[{"embeddable":true,"href":"https:\/\/webmaibinh.com\/w\/bansach2011\/wp-json\/wp\/v2\/comments?post=1087"}],"wp:featuredmedia":[{"embeddable":true,"href":"https:\/\/webmaibinh.com\/w\/bansach2011\/wp-json\/wp\/v2\/media\/1088"}],"wp:attachment":[{"href":"https:\/\/webmaibinh.com\/w\/bansach2011\/wp-json\/wp\/v2\/media?parent=1087"}],"curies":[{"name":"wp","href":"https:\/\/api.w.org\/{rel}","templated":true}]}}