{"id":1083,"date":"2019-12-19T03:27:15","date_gmt":"2019-12-19T03:27:15","guid":{"rendered":"http:\/\/bansach.muathemewordpress.net\/?post_type=product&#038;p=1083"},"modified":"2019-12-19T03:27:15","modified_gmt":"2019-12-19T03:27:15","slug":"combo-nen-kinh-te-4-0","status":"publish","type":"product","link":"https:\/\/webmaibinh.com\/w\/bansach2011\/san-pham\/combo-nen-kinh-te-4-0\/","title":{"rendered":"Combo N\u1ec1n Kinh T\u1ebf 4.0"},"content":{"rendered":"<p>Mang \u0111\u1ebfn c\u00e1i nh\u00ecn \u0111a chi\u1ec1u cho doanh nghi\u1ec7p Vi\u1ec7t Nam trong n\u1ec1n kinh t\u1ebf hi\u1ec7n nay, \u0111\u1ec3 \u0111\u1ed1i m\u1eb7t v\u1edbi s\u1ef1 thay \u0111\u1ed5i ch\u00f3ng m\u1eb7t v\u00e0 nh\u1eefng th\u00e1ch th\u1ee9c do CMCN 4.0 mang l\u1ea1i. N\u1ed9i dung \u0111\u01b0\u1ee3c x\u00e2y d\u1ef1ng, k\u1ebft n\u1ed1i v\u00e0 l\u1ef1a ch\u1ecdn ph\u00f9 h\u1ee3p cho nh\u1eefng ng\u01b0\u1eddi Vi\u1ec7t tr\u1ebb c\u00f3 khao kh\u00e1t kinh doanh v\u00e0 \u0111\u00f3ng g\u00f3p cho s\u1ef1 ph\u00e1t tri\u1ec3n c\u1ee7a \u0111\u1ea5t n\u01b0\u1edbc.<\/p>\n<p>B\u1ed9 s\u00e1ch\u00a0<strong>N\u1ec1n Kinh T\u1ebf 4.0<\/strong>\u00a0g\u1ed3m 5 cu\u1ed1n:<\/p>\n<p><strong>1.\u00a0Cu\u1ed9c C\u00e1ch M\u1ea1ng N\u1ec1n T\u1ea3ng<br \/>\n2.\u00a0Platform \u1ee8ng D\u1ee5ng<br \/>\n3.\u00a0The Membership Economy: Kinh T\u1ebf Th\u00e0nh Vi\u00ean<br \/>\n4.\u00a0D\u1eef Li\u1ec7u L\u1edbn<br \/>\n5.\u00a0D\u1eef Li\u1ec7u Nh\u1ecf<\/strong><\/p>\n<p>&nbsp;<\/p>\n","protected":false},"excerpt":{"rendered":"<p>Mang \u0111\u1ebfn c\u00e1i nh\u00ecn \u0111a chi\u1ec1u cho doanh nghi\u1ec7p Vi\u1ec7t Nam trong n\u1ec1n kinh t\u1ebf hi\u1ec7n nay, \u0111\u1ec3 \u0111\u1ed1i m\u1eb7t v\u1edbi s\u1ef1 thay \u0111\u1ed5i ch\u00f3ng m\u1eb7t v\u00e0 nh\u1eefng th\u00e1ch th\u1ee9c do CMCN 4.0 mang l\u1ea1i. N\u1ed9i dung \u0111\u01b0\u1ee3c x\u00e2y d\u1ef1ng, k\u1ebft n\u1ed1i v\u00e0 l\u1ef1a ch\u1ecdn ph\u00f9 h\u1ee3p cho nh\u1eefng ng\u01b0\u1eddi Vi\u1ec7t tr\u1ebb c\u00f3 khao kh\u00e1t kinh doanh v\u00e0 \u0111\u00f3ng g\u00f3p cho s\u1ef1 ph\u00e1t tri\u1ec3n c\u1ee7a \u0111\u1ea5t n\u01b0\u1edbc. B\u1ed9 s\u00e1ch N\u1ec1n Kinh T\u1ebf 4.0 g\u1ed3m 5 cu\u1ed1n:&#8230;<\/p>\n<p>&nbsp;<\/p>\n","protected":false},"featured_media":1084,"comment_status":"open","ping_status":"closed","template":"","meta":[],"_links":{"self":[{"href":"https:\/\/webmaibinh.com\/w\/bansach2011\/wp-json\/wp\/v2\/product\/1083"}],"collection":[{"href":"https:\/\/webmaibinh.com\/w\/bansach2011\/wp-json\/wp\/v2\/product"}],"about":[{"href":"https:\/\/webmaibinh.com\/w\/bansach2011\/wp-json\/wp\/v2\/types\/product"}],"replies":[{"embeddable":true,"href":"https:\/\/webmaibinh.com\/w\/bansach2011\/wp-json\/wp\/v2\/comments?post=1083"}],"wp:featuredmedia":[{"embeddable":true,"href":"https:\/\/webmaibinh.com\/w\/bansach2011\/wp-json\/wp\/v2\/media\/1084"}],"wp:attachment":[{"href":"https:\/\/webmaibinh.com\/w\/bansach2011\/wp-json\/wp\/v2\/media?parent=1083"}],"curies":[{"name":"wp","href":"https:\/\/api.w.org\/{rel}","templated":true}]}}