{"id":1081,"date":"2019-12-19T03:26:15","date_gmt":"2019-12-19T03:26:15","guid":{"rendered":"http:\/\/bansach.muathemewordpress.net\/?post_type=product&#038;p=1081"},"modified":"2019-12-19T03:26:38","modified_gmt":"2019-12-19T03:26:38","slug":"combo-luat-tri-nao","status":"publish","type":"product","link":"https:\/\/webmaibinh.com\/w\/bansach2011\/san-pham\/combo-luat-tri-nao\/","title":{"rendered":"Combo Lu\u1eadt Tr\u00ed N\u00e3o"},"content":{"rendered":"<p>Combo Lu\u1eadt Tr\u00ed N\u00e3o g\u1ed3m 2 cu\u1ed1n:<\/p>\n<p><strong>1.\u00a0Lu\u1eadt Tr\u00ed n\u00e3o<\/strong><\/p>\n<p>T\u1ea5t c\u1ea3 ch\u00fang ta \u0111\u1ec1u mu\u1ed1n bi\u1ebft \u0111i\u1ec1u g\u00ec th\u1ef1c s\u1ef1 x\u1ea3y ra b\u00ean trong b\u1ed9 n\u00e3o c\u1ee7a m\u00ecnh.<\/p>\n<p>C\u00e1c nh\u00e0 khoa h\u1ecdc v\u1ec1 tr\u00ed n\u00e3o \u0111\u00e3 ph\u00e1t hi\u1ec7n ra r\u1ea5t nhi\u1ec1u \u0111i\u1ec1u, v\u00e0 h\u1ecd mong mu\u1ed1n m\u1ed7i nh\u00e0 l\u00e3nh \u0111\u1ea1o doanh nghi\u1ec7p v\u00e0 nh\u00e2n vi\u00ean c\u00f4ng ty, c\u00e1c b\u1eadc cha m\u1eb9 v\u00e0 gi\u00e1o vi\u00ean, h\u1ecdc sinh, sinh vi\u00ean&#8230; &#8211; r\u1ea5t c\u1ea7n ph\u1ea3i bi\u1ebft.<\/p>\n<p>Ch\u00fang ta h\u1ecdc nh\u01b0 th\u1ebf n\u00e0o?<\/p>\n<p>Gi\u1ea5c ng\u1ee7 v\u00e0 s\u1ef1 c\u0103ng th\u1eb3ng \u1ea3nh h\u01b0\u1edfng th\u1ebf n\u00e0o \u0111\u1ebfn s\u1ee9c m\u1ea1nh tr\u00ed n\u00e3o c\u1ee7a ch\u00fang ta?<\/p>\n<p>T\u1ea1i sao th\u1ef1c hi\u1ec7n nhi\u1ec1u nhi\u1ec7m v\u1ee5 c\u00f9ng m\u1ed9t l\u00fac m\u00e0 l\u1ea1i l\u00e0 \u0111i\u1ec1u kh\u00f4ng t\u01b0\u1edfng?<\/p>\n<p>T\u1ea1i sao ch\u00fang ta l\u1ea1i r\u1ea5t d\u1ec5 qu\u00ean?<\/p>\n<p>C\u00f3 th\u1eadt l\u00e0 nam gi\u1edbi v\u00e0 n\u1eef gi\u1edbi c\u00f3 b\u1ed9 n\u00e3o kh\u00e1c nhau kh\u00f4ng?<\/p>\n<p>Cu\u1ed1n Lu\u1eadt tr\u00ed n\u00e3o c\u1ee7a t\u00e1c gi\u1ea3 John Medina l\u00e0 m\u1ed9t b\u00e0i gi\u1ea3ng s\u1ed1ng \u0111\u1ed9ng v\u1ec1 quy lu\u1eadt c\u1ee7a tr\u00ed n\u00e3o.<\/p>\n<p>Trong cu\u1ed1n s\u00e1ch T\u01b0 duy n\u00e0y, t\u00e1c gi\u1ea3 s\u1ebd ch\u1ec9 ra cho b\u1ea1n r\u1eb1ng: Khoa h\u1ecdc tr\u00ed n\u00e3o c\u00f3 th\u1ec3 g\u00e2y \u1ea3nh h\u01b0\u1edfng \u0111\u1ebfn c\u00e1ch ch\u00fang ta d\u1ea1y d\u1ed7 tr\u1ebb em v\u00e0 c\u00e1ch ch\u00fang ta l\u00e0m vi\u1ec7c nh\u01b0 th\u1ebf n\u00e0o?<\/p>\n<p>Sau \u0111\u00f3, t\u00e1c gi\u1ea3 \u0111\u00e3 \u0111\u1ec1 xu\u1ea5t v\u1edbi ch\u00fang ta nh\u1eefng \u00fd t\u01b0\u1edfng g\u00ec \u0111\u1ec3 khai th\u00e1c v\u00e0 ph\u00e1t huy tri\u1ec7t \u0111\u1ec3 s\u1ee9c m\u1ea1nh tr\u00ed n\u00e3o trong cu\u1ed9c s\u1ed1ng h\u1eb1ng ng\u00e0y?<\/p>\n<p>L\u1ed1i h\u00e0nh v\u0103n d\u1ec5 hi\u1ec3u v\u00e0 c\u00f3 t\u00ednh \u0111\u1ed1i tho\u1ea1i cao c\u1ee7a t\u00e1c gi\u1ea3 trong t\u1eebng trang s\u00e1ch s\u1ebd gi\u00fap cho ng\u01b0\u1eddi \u0111\u1ecdc tr\u1edf th\u00e0nh nh\u1eefng ng\u01b0\u1eddi t\u1ef1 h\u1ecdc qua s\u00e1ch m\u1ed9t c\u00e1ch t\u1ef1 nhi\u00ean v\u00e0 t\u1ef1 nguy\u1ec7n. \u201c\u0110\u1ecdc l\u00e0 c\u00e1ch h\u1ecdc t\u1ed1t nh\u1ea5t\u201d, c\u00e2u n\u00f3i \u1ea5y v\u1eabn kh\u00f4ng h\u1ec1 gi\u1ea3m \u0111i gi\u00e1 tr\u1ecb trong th\u1eddi \u0111\u1ea1i c\u00f4ng ngh\u1ec7 ng\u00e0y nay.<\/p>\n<p><strong>2.\u00a0Lu\u1eadt Tr\u00ed N\u00e3o D\u00e0nh Cho Tr\u1ebb<\/strong><\/p>\n<p>Trong cu\u1ed1n s\u00e1ch bestseller c\u1ee7a New York Times, Lu\u1eadt tr\u00ed n\u00e3o, Ti\u1ebfn s\u0129 John Medina \u0111\u00e3 ch\u1ec9 ra cho ch\u00fang ta th\u1ea5y n\u00e3o b\u1ed9 ho\u1ea1t \u0111\u1ed9ng nh\u01b0 th\u1ebf n\u00e0o v\u00e0 v\u00ec sao ch\u00fang ta c\u1ea7n thi\u1ebft ph\u1ea3i thi\u1ebft k\u1ebf l\u1ea1i n\u01a1i l\u00e0m vi\u1ec7c, ch\u1ed7 h\u1ecdc t\u1eadp. V\u00e0 gi\u1edd \u0111\u00e2y, Lu\u1eadt tr\u00ed n\u00e3o d\u00e0nh cho tr\u1ebb, \u00f4ng ti\u1ebfp t\u1ee5c chia s\u1ebb nh\u1eefng ph\u00e1t hi\u1ec7n m\u1edbi nh\u1ea5t c\u1ee7a c\u00e1c nh\u00e0 khoa h\u1ecdc v\u1ec1 c\u00e1ch ph\u00e1t tri\u1ec3n tr\u00ed th\u00f4ng minh v\u00e0 c\u1ea3m x\u00fac cho tr\u1ebb \u1edf \u0111\u1ed9 tu\u1ed5i t\u1eeb 0 &#8211; 5. Cu\u1ed1n s\u00e1ch \u0111\u01b0\u1ee3c vi\u1ebft \u0111\u1ec3 &#8220;c\u00e1ch m\u1ea1ng&#8221; h\u00f3a c\u00e1c b\u1eadc cha m\u1eb9. M\u1ed9t v\u00ed d\u1ee5 \u0111i\u1ec3n h\u00ecnh v\u00e0 c\u00e2u tr\u1ea3 l\u1eddi \u0111\u1ea7y ng\u1ea1c nhi\u00ean \u0111\u01b0\u1ee3c \u0111\u01b0a ra l\u00e0: C\u00e1ch t\u1ed1t nh\u1ea5t \u0111\u1ec3 con b\u1ea1n v\u00e0o \u0111\u01b0\u1ee3c tr\u01b0\u1eddng \u0111\u1ea1i h\u1ecdc theo k\u1ef3 v\u1ecdng? R\u1ea5t \u0111\u01a1n gi\u1ea3n: H\u00e3y d\u1ea1y ch\u00fang ki\u1ec3m so\u00e1t c\u01a1n b\u1ed1c \u0111\u1ed3ng c\u1ee7a m\u00ecnh.<\/p>\n<p>Lu\u1eadt tr\u00ed n\u00e3o d\u00e0nh cho tr\u1ebb s\u1ebd v\u01b0\u1ee3t qua \u0111\u01b0\u1ee3c kho\u1ea3ng c\u00e1ch\/ s\u1ef1 kh\u00e1c bi\u1ec7t gi\u1eefa nh\u1eefng \u0111i\u1ec1u c\u00e1c nh\u00e0 khoa h\u1ecdc khuy\u00ean v\u00e0 nh\u1eefng \u0111i\u1ec1u cha m\u1eb9 l\u00e0m. Th\u00f4ng qua nh\u1eefng c\u00e2u chuy\u1ec7n h\u1ea5p d\u1eabn v\u00e0 vui nh\u1ed9n, Medina v\u1edbi t\u01b0 c\u00e1ch l\u00e0 cha \u0111\u1ebb c\u1ee7a b\u1ed9 m\u00f4n sinh h\u1ecdc ph\u00e2n t\u1eed th\u1ef1c nghi\u1ec7m, \u0111\u00e3 l\u00e0m s\u00e1ng t\u1ecf c\u00e1ch n\u00e3o b\u1ed9 c\u1ee7a tr\u1ebb nh\u1ecf ph\u00e1t tri\u1ec3n nh\u01b0 th\u1ebf n\u00e0o v\u00e0 l\u00e0m c\u00e1ch g\u00ec \u0111\u1ec3 c\u00f3 th\u1ec3 \u0111\u1ea1t t\u1edbi s\u1ef1 ph\u00e1t tri\u1ec3n to\u00e0n di\u1ec7n cho tr\u1ebb.<\/p>\n<p>\u0110\u00e2y c\u0169ng l\u00e0 nh\u1eefng \u0111i\u1ec1u th\u1ef1c s\u1ef1 c\u1ea7n thi\u1ebft d\u00e0nh cho nh\u1eefng \u00f4ng b\u1ed1, b\u00e0 m\u1eb9 t\u01b0\u01a1ng lai, nh\u1eefng ng\u01b0\u1eddi \u0111ang b\u0103n kho\u0103n tr\u01b0\u1edbc h\u1eb1ng h\u00e0 sa nh\u1eefng th\u00f4ng tin v\u1ec1 vi\u1ec7c ch\u0103m s\u00f3c v\u00e0 nu\u00f4i d\u1ea1y tr\u1ebb ng\u00e0y nay.<\/p>\n<p>&nbsp;<\/p>\n<p>&nbsp;<\/p>\n","protected":false},"excerpt":{"rendered":"<p>Combo Lu\u1eadt Tr\u00ed N\u00e3o g\u1ed3m 2 cu\u1ed1n: 1. Lu\u1eadt Tr\u00ed n\u00e3o T\u1ea5t c\u1ea3 ch\u00fang ta \u0111\u1ec1u mu\u1ed1n bi\u1ebft \u0111i\u1ec1u g\u00ec th\u1ef1c s\u1ef1 x\u1ea3y ra b\u00ean trong b\u1ed9 n\u00e3o c\u1ee7a m\u00ecnh. C\u00e1c nh\u00e0 khoa h\u1ecdc v\u1ec1 tr\u00ed n\u00e3o \u0111\u00e3 ph\u00e1t hi\u1ec7n ra r\u1ea5t nhi\u1ec1u \u0111i\u1ec1u, v\u00e0 h\u1ecd mong mu\u1ed1n m\u1ed7i nh\u00e0 l\u00e3nh \u0111\u1ea1o doanh nghi\u1ec7p v\u00e0 nh\u00e2n vi\u00ean c\u00f4ng ty, c\u00e1c b\u1eadc cha m\u1eb9 v\u00e0 gi\u00e1o vi\u00ean, h\u1ecdc sinh, sinh vi\u00ean&#8230; &#8211; r\u1ea5t&#8230;<\/p>\n<p>&nbsp;<\/p>\n","protected":false},"featured_media":1082,"comment_status":"open","ping_status":"closed","template":"","meta":[],"_links":{"self":[{"href":"https:\/\/webmaibinh.com\/w\/bansach2011\/wp-json\/wp\/v2\/product\/1081"}],"collection":[{"href":"https:\/\/webmaibinh.com\/w\/bansach2011\/wp-json\/wp\/v2\/product"}],"about":[{"href":"https:\/\/webmaibinh.com\/w\/bansach2011\/wp-json\/wp\/v2\/types\/product"}],"replies":[{"embeddable":true,"href":"https:\/\/webmaibinh.com\/w\/bansach2011\/wp-json\/wp\/v2\/comments?post=1081"}],"wp:featuredmedia":[{"embeddable":true,"href":"https:\/\/webmaibinh.com\/w\/bansach2011\/wp-json\/wp\/v2\/media\/1082"}],"wp:attachment":[{"href":"https:\/\/webmaibinh.com\/w\/bansach2011\/wp-json\/wp\/v2\/media?parent=1081"}],"curies":[{"name":"wp","href":"https:\/\/api.w.org\/{rel}","templated":true}]}}