{"id":1079,"date":"2019-12-19T03:25:22","date_gmt":"2019-12-19T03:25:22","guid":{"rendered":"http:\/\/bansach.muathemewordpress.net\/?post_type=product&#038;p=1079"},"modified":"2019-12-19T03:25:22","modified_gmt":"2019-12-19T03:25:22","slug":"combo-ra-quyet-dinh-thong-minh","status":"publish","type":"product","link":"https:\/\/webmaibinh.com\/w\/bansach2011\/san-pham\/combo-ra-quyet-dinh-thong-minh\/","title":{"rendered":"Combo Ra Quy\u1ebft \u0110\u1ecbnh Th\u00f4ng Minh"},"content":{"rendered":"<p>B\u1ed9 s\u00e1ch\u00a0<strong>Ra Quy\u1ebft \u0110\u1ecbnh Th\u00f4ng Minh<\/strong>\u00a0g\u1ed3m 2 cu\u1ed1n:<\/p>\n<p><strong>1.\u00a0Ch\u00fang Ta Quy\u1ebft \u0110\u1ecbnh Nh\u01b0 Th\u1ebf N\u00e0o?<\/strong><\/p>\n<p>Ch\u00fang ta lu\u00f4n ph\u1ea3i \u0111\u01b0a ra quy\u1ebft \u0111\u1ecbnh cho nh\u1eefng c\u00f4ng vi\u1ec7c h\u1eb1ng ng\u00e0y, t\u1eeb b\u00ecnh th\u01b0\u1eddng nh\u1ea5t cho \u0111\u1ebfn h\u1ec7 tr\u1ecdng nh\u1ea5t. V\u1eady, li\u1ec7u b\u1ea1n \u0111\u00e3 bi\u1ebft c\u00e1c quy\u1ebft \u0111\u1ecbnh c\u1ee7a m\u00ecnh \u0111\u01b0\u1ee3c n\u00e3o b\u1ed9 \u0111\u1ecbnh \u0111o\u1ea1t nh\u01b0 th\u1ebf n\u00e0o ch\u0103ng?<\/p>\n<p>Th\u00f4ng qua c\u00e1c v\u00ed d\u1ee5 th\u1ef1c t\u1ebf \u0111i\u1ec3n h\u00ecnh trong vi\u1ec7c ra nh\u1eefng quy\u1ebft \u0111\u1ecbnh t\u1eeb b\u00ecnh th\u01b0\u1eddng cho \u0111\u1ebfn quan tr\u1ecdng, cu\u1ed1n s\u00e1ch\u00a0<em><strong>Ch\u00fang ta quy\u1ebft \u0111\u1ecbnh nh\u01b0 th\u1ebf n\u00e0o?<\/strong><\/em>\u00a0s\u1ebd \u0111em \u0111\u1ebfn cho b\u1ea1n nh\u1eefng hi\u1ec3u bi\u1ebft s\u00e2u s\u1eafc v\u00e0 c\u1eb7n k\u1ebd v\u1ec1 c\u00e1c ho\u1ea1t \u0111\u1ed9ng t\u1ebf vi b\u00ean trong n\u00e3o b\u1ed9 khi ch\u00fang ta \u0111\u01b0a ra m\u1ed9t quy\u1ebft \u0111\u1ecbnh. B\u1ea1n s\u1ebd kh\u00e1m ph\u00e1 ra r\u1eb1ng ch\u00ednh c\u1ea3m x\u00fac \u2013 ch\u1ee9 kh\u00f4ng ph\u1ea3i\u00a0l\u00fd tr\u00ed\u00a0\u2013 m\u1edbi l\u00e0 nh\u00e2n t\u1ed1 gi\u00fap ch\u00fang ta quy\u1ebft \u0111\u1ecbnh m\u1ed9t c\u00e1ch s\u00e1ng su\u1ed1t.<\/p>\n<p><strong>2.\u00a0Ngh\u1ecbch L\u00fd C\u1ee7a S\u1ef1 L\u1ef1a Ch\u1ecdn<\/strong><\/p>\n<p>\u0110\u00e2y l\u00e0 cu\u1ed1n s\u00e1ch c\u00f3 gi\u00e1 tr\u1ecb v\u00ec hai l\u00fd do. Th\u1ee9 nh\u1ea5t, n\u00f3 \u0111\u00e3 bi\u1ec7n lu\u1eadn m\u1ed9t c\u00e1ch \u0111\u1ea7y s\u1ee9c thuy\u1ebft ph\u1ee5c r\u1eb1ng ch\u00fang ta s\u1ebd s\u1ed1ng t\u1ed1t h\u01a1n n\u1ebfu c\u00f3 \u00edt l\u1ef1a ch\u1ecdn h\u01a1n, v\u00e0 r\u1eb1ng nhi\u1ec1u ng\u01b0\u1eddi trong ch\u00fang ta \u0111ang ph\u1ea3i r\u1ea5t v\u1ea5t v\u1ea3 \u0111\u1ec3 \u0111i \u0111\u1ebfn nh\u1eefng quy\u1ebft \u0111\u1ecbnh l\u1ef1a ch\u1ecdn t\u1ed1t nh\u1ea5t. Th\u1ee9 hai, cu\u1ed1n s\u00e1ch c\u0169ng d\u00e0nh m\u1ed9t l\u1eddi gi\u1edbi thi\u1ec7u \u0111\u1ea7y h\u1ea5p d\u1eabn v\u1ec1 xu h\u01b0\u1edbng nghi\u00ean c\u1ee9u hi\u1ec7n t\u1ea1i trong ng\u00e0nh t\u00e2m l\u00fd h\u1ecdc v\u1ec1 l\u1ef1a ch\u1ecdn v\u00e0 cu\u1ed9c s\u1ed1ng con ng\u01b0\u1eddi.<\/p>\n<p><em>&#8220;Th\u1eadt kh\u00f3 vui s\u1ed1ng khi ta lu\u00f4n h\u1ed1i ti\u1ebfc v\u1ec1 m\u1ecdi quy\u1ebft \u0111\u1ecbnh c\u1ee7a m\u00ecnh b\u1edfi lu\u00f4n ngh\u0129 n\u00f3 ch\u01b0a ch\u1eafc \u0111\u00e3 ph\u1ea3i l\u00e0 quy\u1ebft \u0111\u1ecbnh t\u1ed1t nh\u1ea5t. D\u1ec5 th\u1ea5y r\u1eb1ng n\u1ebfu th\u01b0\u1eddng xuy\u00ean h\u1ed1i h\u1eadn, b\u1ea1n s\u1ebd k\u00e9m h\u00e0i l\u00f2ng v\u1edbi nh\u1eefng quy\u1ebft \u0111\u1ecbnh \u0111\u1ee7 t\u1ed1t. T\u1ec7 h\u01a1n n\u1eefa l\u00e0 b\u1ea1n th\u1ef1c s\u1ef1 c\u00f3 th\u1ec3 c\u1ea3m th\u1ea5y h\u1ed1i ti\u1ebfc tr\u01b0\u1edbc c\u1ea3 khi \u0111\u01b0a ra quy\u1ebft \u0111\u1ecbnh. B\u1ea1n hay m\u01b0\u1eddng t\u01b0\u1ee3ng vi\u1ec7c m\u00ecnh s\u1ebd c\u1ea3m th\u1ea5y th\u1ebf n\u00e0o n\u1ebfu ph\u00e1t hi\u1ec7n ra v\u1eabn c\u00f2n nh\u1eefng l\u1ef1a ch\u1ecdn t\u1ed1t h\u01a1n. V\u00e0 ch\u1ec9 c\u1ea7n c\u00f3 v\u1eady, b\u1ea1n s\u1ebd b\u1ecb sa l\u1ea7y v\u00e0o s\u1ef1 b\u1ea5t an v\u00e0 tr\u0103n tr\u1edf v\u1ec1 m\u1ecdi quy\u1ebft \u0111\u1ecbnh th\u1eadm ch\u00ed c\u00f2n \u0111ang manh nha. C\u00f3 v\u1ebb nh\u01b0 khi x\u00e3 h\u1ed9i M\u1ef9 c\u00e0ng ph\u00e1t tri\u1ec3n h\u01a1n v\u00e0 ng\u01b0\u1eddi M\u1ef9 \u0111\u01b0\u1ee3c t\u1ef1 do theo \u0111u\u1ed5i v\u00e0 l\u00e0m b\u1ea5t c\u1ee9 \u0111i\u1ec1u g\u00ec h\u1ecd mu\u1ed1n, th\u00ec h\u1ecd c\u00e0ng ng\u00e0y c\u00e0ng \u00edt h\u1ea1nh ph\u00fac h\u01a1n .&#8221;\u00a0<\/em>_Daniel Kahneman<\/p>\n<p><em><strong>Alpha Books tr\u00e2n tr\u1ecdng gi\u1edbi thi\u1ec7u!<\/strong><\/em><\/p>\n<p>&nbsp;<\/p>\n","protected":false},"excerpt":{"rendered":"<p>B\u1ed9 s\u00e1ch Ra Quy\u1ebft \u0110\u1ecbnh Th\u00f4ng Minh g\u1ed3m 2 cu\u1ed1n: 1. Ch\u00fang Ta Quy\u1ebft \u0110\u1ecbnh Nh\u01b0 Th\u1ebf N\u00e0o? Ch\u00fang ta lu\u00f4n ph\u1ea3i \u0111\u01b0a ra quy\u1ebft \u0111\u1ecbnh cho nh\u1eefng c\u00f4ng vi\u1ec7c h\u1eb1ng ng\u00e0y, t\u1eeb b\u00ecnh th\u01b0\u1eddng nh\u1ea5t cho \u0111\u1ebfn h\u1ec7 tr\u1ecdng nh\u1ea5t. V\u1eady, li\u1ec7u b\u1ea1n \u0111\u00e3 bi\u1ebft c\u00e1c quy\u1ebft \u0111\u1ecbnh c\u1ee7a m\u00ecnh \u0111\u01b0\u1ee3c n\u00e3o b\u1ed9 \u0111\u1ecbnh \u0111o\u1ea1t nh\u01b0 th\u1ebf n\u00e0o ch\u0103ng? Th\u00f4ng qua c\u00e1c v\u00ed d\u1ee5 th\u1ef1c t\u1ebf \u0111i\u1ec3n h\u00ecnh trong&#8230;<\/p>\n<p>&nbsp;<\/p>\n","protected":false},"featured_media":1080,"comment_status":"open","ping_status":"closed","template":"","meta":[],"_links":{"self":[{"href":"https:\/\/webmaibinh.com\/w\/bansach2011\/wp-json\/wp\/v2\/product\/1079"}],"collection":[{"href":"https:\/\/webmaibinh.com\/w\/bansach2011\/wp-json\/wp\/v2\/product"}],"about":[{"href":"https:\/\/webmaibinh.com\/w\/bansach2011\/wp-json\/wp\/v2\/types\/product"}],"replies":[{"embeddable":true,"href":"https:\/\/webmaibinh.com\/w\/bansach2011\/wp-json\/wp\/v2\/comments?post=1079"}],"wp:featuredmedia":[{"embeddable":true,"href":"https:\/\/webmaibinh.com\/w\/bansach2011\/wp-json\/wp\/v2\/media\/1080"}],"wp:attachment":[{"href":"https:\/\/webmaibinh.com\/w\/bansach2011\/wp-json\/wp\/v2\/media?parent=1079"}],"curies":[{"name":"wp","href":"https:\/\/api.w.org\/{rel}","templated":true}]}}