{"id":1030,"date":"2019-12-18T02:26:02","date_gmt":"2019-12-18T02:26:02","guid":{"rendered":"http:\/\/bansach.muathemewordpress.net\/?post_type=product&#038;p=1030"},"modified":"2019-12-18T02:26:02","modified_gmt":"2019-12-18T02:26:02","slug":"101-dieu-truong-hoc-chua-bao-gio-day-ban","status":"publish","type":"product","link":"https:\/\/webmaibinh.com\/w\/bansach2011\/san-pham\/101-dieu-truong-hoc-chua-bao-gio-day-ban\/","title":{"rendered":"101 \u0110i\u1ec1u Tr\u01b0\u1eddng H\u1ecdc Ch\u01b0a Bao Gi\u1edd D\u1ea1y B\u1ea1n"},"content":{"rendered":"<p>101 \u0111i\u1ec1u tr\u01b0\u1eddng h\u1ecdc ch\u01b0a bao gi\u1edd d\u1ea1y b\u1ea1n, 101 th\u1ef1c ra ch\u1ec9 l\u00e0 con s\u1ed1 \u01b0\u1edbc l\u01b0\u1ee3ng \u0111\u1ec3 b\u1ea1n hi\u1ec3u r\u1eb1ng b\u1ec3 h\u1ecdc l\u00e0 v\u00f4 bi\u00ean. Trung b\u00ecnh m\u1ed7i ng\u01b0\u1eddi c\u00f3 80 n\u0103m \u0111\u1ec3 h\u1ecdc nh\u01b0ng \u0111\u00f3 v\u1eabn l\u00e0 qu\u1ef9 th\u1eddi gian h\u1eefu h\u1ea1n \u0111\u1ec3 con ng\u01b0\u1eddi ta c\u00f3 th\u1ec3 tinh th\u00f4ng m\u1ecdi \u0111i\u1ec1u. V\u1eady, l\u00e0m th\u1ebf n\u00e0o \u0111\u1ec3 h\u1ecdc h\u1ecfi \u0111\u01b0\u1ee3c nh\u1eefng \u0111i\u1ec1u quan tr\u1ecdng, c\u1ea7n thi\u1ebft trong c\u00e1i v\u1ed1n h\u1eefu h\u1ea1n?<\/p>\n<p>Nh\u1eefng v\u1ea5n \u0111\u1ec1 m\u00e0 ai c\u0169ng ch\u1eafc ch\u1eafn ph\u1ea3i tr\u1ea3i qua v\u00e0 t\u00ecm c\u00e1ch gi\u1ea3i quy\u1ebft v\u1eady t\u1ea1i sao ta kh\u00f4ng l\u00e0m cho \u0111i\u1ec1u \u0111\u00f3 tr\u1edf n\u00ean d\u1ec5 d\u00e0ng h\u01a1n. \u201c\u0110\u1eb1ng sau nh\u1eefng ng\u01b0\u1eddi th\u00e0nh c\u00f4ng l\u00e0 m\u1ed9t t\u1ee7 s\u00e1ch kh\u00f4ng h\u1ec1 nh\u1ecf, v\u00e0 t\u00f4i mong mu\u1ed1n \u0111\u01b0\u1ee3c g\u00f3p m\u1ed9t ph\u1ea7n v\u00e0o t\u1ee7 s\u00e1ch c\u1ee7a b\u1ea1n. Hi v\u1ecdng b\u1ea1n s\u1ebd \u0111\u1ecdc n\u00f3 th\u1eadt ch\u1eadm r\u00e3i v\u00e0 c\u1ea9n th\u1eadn nh\u01b0 l\u00fac t\u00f4i vi\u1ebft n\u00ean n\u00f3.\u201d<\/p>\n<p>H\u00e0 Trang, m\u1ed9t t\u00e1c gi\u1ea3 tr\u1ebb, lu\u00f4n tr\u0103n tr\u1edf \u0111i\u1ec1u \u0111\u00f3 \u0111\u00e3 cu\u1ed1n 101 \u0111i\u1ec1u tr\u01b0\u1eddng h\u1ecdc ch\u01b0a bao gi\u1edd d\u1ea1y b\u1ea1n, \u0111\u1ec3 nh\u1eefng b\u1ea3n tr\u1ebb \u00edt nh\u1ea5t s\u1ebd c\u00f3 \u0111\u01b0\u1ee3c m\u1ed9t cu\u1ed1n c\u1ea9m nang h\u1eefu \u00edch khi c\u1ea7n t\u00ecm l\u1eddi gi\u1ea3i cho c\u00e1c v\u1ea5n \u0111\u1ec1 c\u1ee7a m\u00ecnh. T\u1eeb c\u00f4ng vi\u1ec7c, h\u1ecdc t\u1eadp, c\u00e1c m\u1ed1i quan h\u1ec7, s\u1ee9c kh\u1ecfe,\u2026<\/p>\n<p>12 n\u0103m h\u1ecdc ph\u1ed5 th\u00f4ng, 4 n\u0103m h\u1ecdc \u0111\u1ea1i h\u1ecdc v\u00e0 th\u1eadm ch\u00ed l\u00e0 2-6 n\u0103m h\u1ecdc c\u00e1c b\u1eadc sau \u0111\u1ea1i h\u1ecdc d\u01b0\u1eddng nh\u01b0 l\u00e0 ch\u01b0a \u0111\u1ee7 \u0111\u1ec3 ng\u01b0\u1eddi ta c\u00f3 th\u1ec3 ho\u00e0n thi\u1ec7n. B\u1edfi nh\u00e0 tr\u01b0\u1eddng s\u1ebd gi\u00fap b\u1ea1n c\u00f3 ki\u1ebfn th\u1ee9c nh\u01b0ng \u0111\u1ec3 \u00e1p d\u1ee5ng ph\u00f9 h\u1ee3p v\u00e0 mang l\u1ea1i h\u1ea1nh ph\u00fac cho b\u1ea3n th\u00e2n c\u1ee7a t\u1eebng ng\u01b0\u1eddi th\u00ec tr\u01b0\u1eddng h\u1ecdc kh\u00f4ng ph\u1ea3i l\u00e0 ng\u01b0\u1eddi th\u1ea7y duy nh\u1ea5t. B\u1edfi ch\u00ednh b\u1ea1n m\u1edbi l\u00e0 ng\u01b0\u1eddi \u0111\u01b0a b\u1ea3n th\u00e2n m\u00ecnh \u0111\u1ebfn th\u00e0nh c\u00f4ng. H\u00e0 Trang kh\u00f4ng vi\u1ebft nh\u1eefng c\u00e2u gi\u00e1o \u0111i\u1ec1u, l\u00fd thuy\u1ebft c\u00f4 \u1ea5y ch\u1ec9 m\u1eb7t \u0111\u1eb7t t\u00ean m\u1ed9t c\u00e1ch c\u1ee5 th\u1ec3 nh\u1eefng \u0111i\u1ec1u t\u1ea1o n\u00ean th\u00e0nh c\u00f4ng, h\u1ea1nh ph\u00fac c\u1ee7a t\u1eebng ng\u01b0\u1eddi: K\u1ef9 n\u0103ng m\u1ec1m (l\u1eddi ch\u00e0o, c\u00e1i b\u1eaft tay,\u2026) cho \u0111\u1ebfn n\u00ean h\u1ecdc g\u00ec, h\u1ecdc nh\u01b0 th\u1ebf n\u00e0o, \u1ee9ng x\u1eed ra sao trong t\u1eebng t\u00ecnh hu\u1ed1ng,\u2026<\/p>\n<p><em><strong>Alpha Books tr\u00e2n tr\u1ecdng gi\u1edbi thi\u1ec7u!<\/strong><\/em><\/p>\n<p>&nbsp;<\/p>\n<p>&nbsp;<\/p>\n","protected":false},"excerpt":{"rendered":"<p>101 \u0111i\u1ec1u tr\u01b0\u1eddng h\u1ecdc ch\u01b0a bao gi\u1edd d\u1ea1y b\u1ea1n, 101 th\u1ef1c ra ch\u1ec9 l\u00e0 con s\u1ed1 \u01b0\u1edbc l\u01b0\u1ee3ng \u0111\u1ec3 b\u1ea1n hi\u1ec3u r\u1eb1ng b\u1ec3 h\u1ecdc l\u00e0 v\u00f4 bi\u00ean. Trung b\u00ecnh m\u1ed7i ng\u01b0\u1eddi c\u00f3 80 n\u0103m \u0111\u1ec3 h\u1ecdc nh\u01b0ng \u0111\u00f3 v\u1eabn l\u00e0 qu\u1ef9 th\u1eddi gian h\u1eefu h\u1ea1n \u0111\u1ec3 con ng\u01b0\u1eddi ta c\u00f3 th\u1ec3 tinh th\u00f4ng m\u1ecdi \u0111i\u1ec1u. V\u1eady, l\u00e0m th\u1ebf n\u00e0o \u0111\u1ec3 h\u1ecdc h\u1ecfi \u0111\u01b0\u1ee3c nh\u1eefng \u0111i\u1ec1u quan tr\u1ecdng, c\u1ea7n thi\u1ebft trong c\u00e1i v\u1ed1n h\u1eefu&#8230;<\/p>\n<p>&nbsp;<\/p>\n","protected":false},"featured_media":1031,"comment_status":"open","ping_status":"closed","template":"","meta":[],"_links":{"self":[{"href":"https:\/\/webmaibinh.com\/w\/bansach2011\/wp-json\/wp\/v2\/product\/1030"}],"collection":[{"href":"https:\/\/webmaibinh.com\/w\/bansach2011\/wp-json\/wp\/v2\/product"}],"about":[{"href":"https:\/\/webmaibinh.com\/w\/bansach2011\/wp-json\/wp\/v2\/types\/product"}],"replies":[{"embeddable":true,"href":"https:\/\/webmaibinh.com\/w\/bansach2011\/wp-json\/wp\/v2\/comments?post=1030"}],"wp:featuredmedia":[{"embeddable":true,"href":"https:\/\/webmaibinh.com\/w\/bansach2011\/wp-json\/wp\/v2\/media\/1031"}],"wp:attachment":[{"href":"https:\/\/webmaibinh.com\/w\/bansach2011\/wp-json\/wp\/v2\/media?parent=1030"}],"curies":[{"name":"wp","href":"https:\/\/api.w.org\/{rel}","templated":true}]}}