{"id":1028,"date":"2019-12-18T02:24:54","date_gmt":"2019-12-18T02:24:54","guid":{"rendered":"http:\/\/bansach.muathemewordpress.net\/?post_type=product&#038;p=1028"},"modified":"2019-12-18T02:25:11","modified_gmt":"2019-12-18T02:25:11","slug":"thuat-noi-chuyen-hang-ngay","status":"publish","type":"product","link":"https:\/\/webmaibinh.com\/w\/bansach2011\/san-pham\/thuat-noi-chuyen-hang-ngay\/","title":{"rendered":"Thu\u1eadt N\u00f3i Chuy\u1ec7n H\u1eb1ng Ng\u00e0y"},"content":{"rendered":"<p>Cu\u1ed1n s\u00e1ch gi\u00fap ng\u01b0\u1eddi \u0111\u1ecdc hi\u1ec3u r\u1ed9ng h\u01a1n v\u1ec1 ngh\u1ec7 thu\u1eadt n\u00f3i chuy\u1ec7n, \u0111\u1eb7c bi\u1ec7t l\u00e0 nh\u1eefng \u0111\u1ee9c t\u00ednh c\u1ea7n c\u00f3, c\u1ea7n \u0111\u01b0\u1ee3c r\u00e8n luy\u1ec7n \u0111\u1ec3 th\u00e0nh ng\u01b0\u1eddi c\u00f3 nh\u00e2n c\u00e1ch, c\u00f3 s\u1ee9c thuy\u1ebft ph\u1ee5c trong vi\u1ec7c n\u00f3i chuy\u1ec7n, giao ti\u1ebfp h\u1eb1ng ng\u00e0y. Khi giao ti\u1ebfp \u0111\u1eebng c\u00f3 gi\u1ecdng \u201cth\u1ea7y \u0111\u1eddi\u201d, \u0111\u1eebng ki\u1ec3u c\u00e1ch, \u0111\u1eebng nh\u1ea1o b\u00e1ng, \u0111\u1eebng n\u00f3i ngh\u1ecbch, \u0111\u1eebng h\u1ea5p t\u1ea5p, \u0111\u1eebng ham c\u00e3i l\u1ed9n\u2026 m\u00e0 ph\u1ea3i n\u00f3i \u00edt, bi\u1ebft nghe, bi\u1ebft khen, bi\u1ebft h\u00f2a ho\u00e3n, lu\u00f4n th\u00e0nh th\u1ef1c\u2026<\/p>\n<p>Cu\u1ed1n s\u00e1ch n\u1eb1m trong T\u1ee7 s\u00e1ch H\u1ecdc l\u00e0m ng\u01b0\u1eddi c\u1ee7a h\u1ecdc gi\u1ea3 Ho\u00e0ng Xu\u00e2n Vi\u1ec7t. \u00d4ng t\u1eebng \u0111\u1ea3m nhi\u1ec7m v\u1ecb tr\u00ed hi\u1ec7u tr\u01b0\u1edfng c\u1ee7a Tr\u01b0\u1eddng Nh\u00e2n X\u00e3 H\u1ecdc L\u00e0m ng\u01b0\u1eddi (1966-1975), Tr\u01b0\u1eddng H\u00e1n N\u00f4m H\u1ecdc L\u00e0m Ng\u01b0\u1eddi Nguy\u1ec5n Tr\u00e3i (1993-2001), v\u00e0 l\u00e0 t\u00e1c gi\u1ea3 c\u1ee7a h\u01a1n 300 \u0111\u1ea7u s\u00e1ch trong nhi\u1ec1u l\u0129nh v\u1ef1c, n\u1ed5i b\u1eadt l\u00e0 s\u00e1ch h\u1ecdc l\u00e0m ng\u01b0\u1eddi.<\/p>\n<p><b>Tr\u00edch d\u1eabn:<\/b><\/p>\n<p>&#8211; Trong x\u00e3 h\u1ed9i, th\u1ee9 ng\u01b0\u1eddi hay n\u00f3i v\u1ec1 h\u1ea1nh ph\u00fac c\u1ee7a m\u00ecnh tr\u01b0\u1edbc m\u1eb7t k\u1ebb kh\u1ed1n kh\u1ed5 qu\u1ea3 nhi\u1ec1u nh\u01b0 l\u00e1 r\u1eebng. R\u1ea5t c\u00f3 th\u1ec3, h\u1ecd l\u00e0 nh\u1eefng b\u1eadc \u201cth\u00e1nh s\u1ed1ng\u201d, nh\u1eefng v\u1ecb l\u00e3o th\u00e0nh, nh\u1eefng bi\u1ec3n ki\u1ebfn th\u1ee9c, nh\u01b0ng h\u1ecd ph\u1ea3i c\u00e1i t\u1eadt l\u00e0 kh\u00f4ng bi\u1ebft d\u00f9ng l\u01b0\u01a1ng tri c\u1ee7a m\u00ecnh trong c\u00e2u chuy\u1ec7n. H\u1ecd hay bu\u1ed9t mi\u1ec7ng bu\u00f4ng nhi\u1ec1u ti\u1ebfng kh\u00f4ng h\u1ee3p v\u1edbi ng\u01b0\u1eddi nghe, khi\u1ebfn k\u1ebb kh\u00e1c ph\u1ea3i ng\u01b0\u1ee3ng ngh\u1ecbu, m\u1eafc c\u1ee1, kh\u1ed5 t\u00e2m. Ng\u01b0\u1eddi ch\u1ea1m t\u1ef1 \u00e1i k\u1ebb kh\u00e1c, kh\u00f4ng nh\u1eefng b\u1eb1ng l\u1eddi n\u00f3i c\u1ee7a m\u00ecnh, m\u00e0 c\u00f2n b\u1eb1ng nh\u1eefng n\u00e9t c\u01b0\u1eddi, nh\u1eefng \u0111i\u1ec7u b\u1ed9 \u0111i theo l\u1eddi n\u00f3i \u0111\u00f3.<\/p>\n<p><em><strong>Alpha Books tr\u00e2n tr\u1ecdng gi\u1edbi thi\u1ec7u!<\/strong><\/em><\/p>\n","protected":false},"excerpt":{"rendered":"<p>Cu\u1ed1n s\u00e1ch gi\u00fap ng\u01b0\u1eddi \u0111\u1ecdc hi\u1ec3u r\u1ed9ng h\u01a1n v\u1ec1 ngh\u1ec7 thu\u1eadt n\u00f3i chuy\u1ec7n, \u0111\u1eb7c bi\u1ec7t l\u00e0 nh\u1eefng \u0111\u1ee9c t\u00ednh c\u1ea7n c\u00f3, c\u1ea7n \u0111\u01b0\u1ee3c r\u00e8n luy\u1ec7n \u0111\u1ec3 th\u00e0nh ng\u01b0\u1eddi c\u00f3 nh\u00e2n c\u00e1ch, c\u00f3 s\u1ee9c thuy\u1ebft ph\u1ee5c trong vi\u1ec7c n\u00f3i chuy\u1ec7n, giao ti\u1ebfp h\u1eb1ng ng\u00e0y. Khi giao ti\u1ebfp \u0111\u1eebng c\u00f3 gi\u1ecdng \u201cth\u1ea7y \u0111\u1eddi\u201d, \u0111\u1eebng ki\u1ec3u c\u00e1ch, \u0111\u1eebng nh\u1ea1o b\u00e1ng, \u0111\u1eebng n\u00f3i ngh\u1ecbch, \u0111\u1eebng h\u1ea5p t\u1ea5p, \u0111\u1eebng ham c\u00e3i l\u1ed9n\u2026 m\u00e0 ph\u1ea3i n\u00f3i \u00edt, bi\u1ebft nghe,&#8230;<\/p>\n<p>&nbsp;<\/p>\n","protected":false},"featured_media":1029,"comment_status":"open","ping_status":"closed","template":"","meta":[],"_links":{"self":[{"href":"https:\/\/webmaibinh.com\/w\/bansach2011\/wp-json\/wp\/v2\/product\/1028"}],"collection":[{"href":"https:\/\/webmaibinh.com\/w\/bansach2011\/wp-json\/wp\/v2\/product"}],"about":[{"href":"https:\/\/webmaibinh.com\/w\/bansach2011\/wp-json\/wp\/v2\/types\/product"}],"replies":[{"embeddable":true,"href":"https:\/\/webmaibinh.com\/w\/bansach2011\/wp-json\/wp\/v2\/comments?post=1028"}],"wp:featuredmedia":[{"embeddable":true,"href":"https:\/\/webmaibinh.com\/w\/bansach2011\/wp-json\/wp\/v2\/media\/1029"}],"wp:attachment":[{"href":"https:\/\/webmaibinh.com\/w\/bansach2011\/wp-json\/wp\/v2\/media?parent=1028"}],"curies":[{"name":"wp","href":"https:\/\/api.w.org\/{rel}","templated":true}]}}