{"id":1025,"date":"2019-12-18T02:21:00","date_gmt":"2019-12-18T02:21:00","guid":{"rendered":"http:\/\/bansach.muathemewordpress.net\/?post_type=product&#038;p=1025"},"modified":"2019-12-18T02:21:00","modified_gmt":"2019-12-18T02:21:00","slug":"lanh-dao-gioi-phai-biet-tao-niem-vui-managing-happiness","status":"publish","type":"product","link":"https:\/\/webmaibinh.com\/w\/bansach2011\/san-pham\/lanh-dao-gioi-phai-biet-tao-niem-vui-managing-happiness\/","title":{"rendered":"L\u00e3nh \u0110\u1ea1o Gi\u1ecfi Ph\u1ea3i Bi\u1ebft T\u1ea1o Ni\u1ec1m Vui (Managing For Happiness)"},"content":{"rendered":"<p><strong>L\u00e3nh \u0110\u1ea1o Gi\u1ecfi Ph\u1ea3i Bi\u1ebft T\u1ea1o Ni\u1ec1m Vui<\/strong><\/p>\n<p>Qu\u1ea3n tr\u1ecb doanh nghi\u1ec7p ch\u01b0a bao gi\u1edd l\u00e0 c\u00f4ng vi\u1ec7c d\u1ec5 d\u00e0ng khi m\u1ed9t ng\u01b0\u1eddi ph\u1ea3i mang c\u1ea3 tr\u00e1ch nhi\u1ec7m v\u1eadn h\u00e0nh m\u1ed9t doanh nghi\u1ec7p \u0111i \u0111\u1ebfn th\u00e0nh c\u00f4ng, nh\u1eefng quy\u1ebft \u0111\u1ecbnh c\u1ee7a h\u1ecd \u0111\u1ec1u mang t\u00ednh \u1ea3nh h\u01b0\u1edfng to l\u1edbn \u0111\u1ebfn v\u1eadn m\u1ec7nh c\u1ee7a doanh nghi\u1ec7p \u0111\u00f3. L\u00e3nh \u0111\u1ea1o gi\u1ecfi ph\u1ea3i bi\u1ebft t\u1ea1o ni\u1ec1m vui t\u1eadp trung v\u00e0o qu\u1ea3n tr\u1ecb con ng\u01b0\u1eddi, m\u1ed9t t\u1eadp th\u1ec3 th\u1ed1ng nh\u1ea5t s\u1ebd l\u00e0 n\u1ec1n t\u1ea3ng v\u1eefng ch\u1eafc cho s\u1ef1 ph\u00e1t tri\u1ec3n. \u0110\u00e2y l\u00e0 cu\u1ed1n s\u00e1ch v\u1ec1 qu\u1ea3n tr\u1ecb ph\u00f9 h\u1ee3p v\u1edbi t\u1ea5t c\u1ea3 m\u1ecdi ng\u01b0\u1eddi: C\u00e1c nh\u00e0 ph\u00e1t tri\u1ec3n, ngh\u1ec7 s\u0129, nh\u00e0 v\u0103n, qu\u1ea3n l\u00fd nh\u00f3m, nh\u00e0 thi\u1ebft k\u1ebf, qu\u1ea3n l\u00fd d\u1ef1 \u00e1n, nh\u00e0 \u0111\u00e0o t\u1ea1o, doanh nh\u00e2n v\u00e0 nh\u1eefng ng\u01b0\u1eddi l\u00e0m vi\u1ec7c t\u1ef1 do,v.v&#8230; T\u1ea5t c\u1ea3 m\u1ecdi ng\u01b0\u1eddi, \u1edf c\u00e1c m\u1ee9c \u0111\u1ed9 kh\u00e1c nhau, \u0111\u1ec1u ph\u1ea3i ch\u1ecbu tr\u00e1ch nhi\u1ec7m v\u1ec1 ho\u1ea1t \u0111\u1ed9ng qu\u1ea3n tr\u1ecb. Cu\u1ed1n s\u00e1ch n\u00e0y s\u1ebd ch\u1ec9 cho b\u1ea1n c\u00e1ch qu\u1ea3n l\u00fd hi\u1ec7u qu\u1ea3 h\u01a1n, v\u1edbi \u00edt nh\u00e0 qu\u1ea3n l\u00fd h\u01a1n, th\u00f4ng qua nh\u1eefng ph\u00e2n t\u00edch v\u1ec1 c\u00e1c ph\u01b0\u01a1ng ph\u00e1p \u0111\u00e3 v\u00e0 \u0111ang \u0111\u01b0\u1ee3c c\u00e1c c\u00f4ng ty kh\u00e1c tr\u00ean th\u1ebf gi\u1edbi \u00e1p d\u1ee5ng.<\/p>\n<p>H\u00e3y \u0111\u1ecdc cu\u1ed1n s\u00e1ch n\u00e0y v\u00e0 \u0111\u00fac r\u00fat 20 n\u0103m tr\u0103n tr\u1edf c\u1ee7a t\u00e1c gi\u1ea3 th\u00e0nh v\u00e0i ng\u00e0y h\u1ecdc h\u1ecfi c\u1ee7a b\u1ea1n. Jurgen Appelo s\u1ebd ch\u1ec9 cho b\u1ea1n c\u00e1ch t\u1ea1o d\u1ef1ng m\u1ed9t doanh nghi\u1ec7p\/t\u1ed5 ch\u1ee9c h\u1ea1nh ph\u00fac h\u01a1n th\u00f4ng qua c\u00e1c ph\u01b0\u01a1ng ph\u00e1p th\u1ef1c h\u00e0nh v\u00f4 c\u00f9ng hi\u1ec7u qu\u1ea3 c\u00f9ng nhi\u1ec1u ho\u1ea1t \u0111\u1ed9ng qu\u1ea3n l\u00fd kh\u00e1c, m\u00e0 trong nhi\u1ec1u tr\u01b0\u1eddng h\u1ee3p, b\u1ea1n th\u1eadm ch\u00ed kh\u00f4ng c\u1ea7n \u0111\u1ebfn c\u00e1c nh\u00e0 qu\u1ea3n tr\u1ecb.<\/p>\n<p><strong>T\u00e1c gi\u1ea3:<\/strong><\/p>\n<p><em><strong>Jurgen Apello<\/strong><\/em>\u00a0l\u00e0 nh\u00e0 qu\u1ea3n tr\u1ecb ti\u00ean phong trong vi\u1ec7c gi\u00fap c\u00e1c t\u1ed5 ch\u1ee9c s\u00e1ng t\u1ea1o t\u1ed3n t\u1ea1i v\u00e0 ph\u00e1t tri\u1ec3n trong th\u1ebf k\u1ef7 XXI. C\u00f4ng ty Inc.com \u0111\u00e3 x\u1ebfp \u00f4ng v\u00e0o Top 50 chuy\u00ean gia v\u1ec1 l\u00e3nh \u0111\u1ea1o h\u00e0ng \u0111\u1ea7u, Top 100 nh\u00e0 di\u1ec5n thuy\u1ebft h\u00e0ng \u0111\u1ea7u v\u00e0 Top 50 nh\u00e0 \u0111\u1ed5i m\u1edbi h\u00e0ng \u0111\u1ea7u.<\/p>\n<p><strong>Tr\u00edch \u0111o\u1ea1n:<\/strong><\/p>\n<p><em>&#8220;Khi v\u0103n h\u00f3a trong m\u1ed9t t\u1ed5 ch\u1ee9c xu\u1ed1ng c\u1ea5p th\u00ec kh\u00f4ng n\u00ean ch\u1ec9 quy tr\u00e1ch nhi\u1ec7m cho c\u00e1c nh\u00e0 qu\u1ea3n tr\u1ecb. H\u1ea1nh ph\u00fac c\u1ee7a m\u1ed9t t\u1ed5 ch\u1ee9c l\u00e0 tr\u00e1ch nhi\u1ec7m c\u1ee7a m\u1ed7i c\u00e1 nh\u00e2n.&#8221;<\/em><\/p>\n<p><em>&#8220;Ni\u1ec1m h\u1ea1nh ph\u00fac c\u1ee7a nh\u00e0 qu\u1ea3n tr\u1ecb v\u00e0 ng\u01b0\u1eddi lao \u0111\u1ed9ng r\u1ea5t quan tr\u1ecdng v\u00ec ng\u01b0\u1eddi h\u1ea1nh ph\u00fac th\u01b0\u1eddng l\u00e0m vi\u1ec7c hi\u1ec7u qu\u1ea3 h\u01a1n.&#8221;<\/em><\/p>\n<p><em>&#8220;M\u1ecdi ng\u01b0\u1eddi n\u00ean hi\u1ec3u c\u00f4ng vi\u1ec7c c\u1ee7a nhau \u0111\u1ec3 bi\u1ebft r\u00f5 h\u01a1n nh\u1eefng g\u00ec \u0111ang di\u1ec5n ra b\u1eb1ng c\u00e1ch \u0111i l\u1ea1i g\u1eb7p g\u01a1\u0303, k\u00ea b\u00e0n gh\u1ebf g\u1ea7n nhau, g\u1ecdi \u0111i\u1ec7n cho nhau. Thu h\u1eb9p kho\u1ea3ng c\u00e1ch v\u1edbi ng\u01b0\u1eddi kh\u00e1c s\u1ebd gi\u00fap b\u1ea1n truy\u1ec1n \u0111\u1ea1t th\u00f4ng tin t\u1ed1t h\u01a1n, s\u00e1ng t\u1ea1o h\u01a1n.&#8221;<\/em><\/p>\n<p><em>&#8220;Vi\u1ec7c qu\u1ea3n l\u00fd m\u1ed9t t\u1ed5 ch\u1ee9c c\u0169ng t\u01b0\u01a1ng t\u1ef1 nh\u01b0 vi\u1ec7c c\u1ea7m c\u01b0\u01a1ng m\u1ed9t con ng\u1ef1a. M\u1ed9t s\u1ed1 t\u1ed5 ch\u1ee9c gi\u1ed1ng nh\u1eefng con ng\u1ef1a g\u1ea7y v\u00e0 ch\u1ea1y r\u1ea5t nhanh m\u00e0 ta th\u01b0\u1eddng g\u1eb7p tr\u00ean \u0111\u01b0\u1eddng \u0111ua. M\u1ed9t s\u1ed1 kh\u00e1c l\u1ea1i gi\u1ed1ng nh\u1eefng con ng\u1ef1a kh\u1ecfe m\u1ea1nh, chuy\u00ean k\u00e9o nh\u1eefng c\u1ed7 xe ch\u1ee9a \u0111\u1ea7y h\u00e0ng. D\u00f9 t\u1ed5 ch\u1ee9c c\u1ee7a b\u1ea1n thu\u1ed9c nh\u00f3m ng\u1ef1a n\u00e0o th\u00ec c\u0169ng c\u1ea7n \u0111\u01b0\u1ee3c ch\u0103m s\u00f3c, cho \u0103n, y\u00eau th\u01b0\u01a1ng, ch\u1ea3i l\u00f4ng v\u00e0 thi tho\u1ea3ng l\u00e0 v\u00e0i c\u00fa gi\u1eadt c\u01b0\u01a1ng m\u1ea1nh.&#8221;<\/em><\/p>\n<p>&nbsp;<\/p>\n","protected":false},"excerpt":{"rendered":"<p>L\u00e3nh \u0110\u1ea1o Gi\u1ecfi Ph\u1ea3i Bi\u1ebft T\u1ea1o Ni\u1ec1m Vui Qu\u1ea3n tr\u1ecb doanh nghi\u1ec7p ch\u01b0a bao gi\u1edd l\u00e0 c\u00f4ng vi\u1ec7c d\u1ec5 d\u00e0ng khi m\u1ed9t ng\u01b0\u1eddi ph\u1ea3i mang c\u1ea3 tr\u00e1ch nhi\u1ec7m v\u1eadn h\u00e0nh m\u1ed9t doanh nghi\u1ec7p \u0111i \u0111\u1ebfn th\u00e0nh c\u00f4ng, nh\u1eefng quy\u1ebft \u0111\u1ecbnh c\u1ee7a h\u1ecd \u0111\u1ec1u mang t\u00ednh \u1ea3nh h\u01b0\u1edfng to l\u1edbn \u0111\u1ebfn v\u1eadn m\u1ec7nh c\u1ee7a doanh nghi\u1ec7p \u0111\u00f3. L\u00e3nh \u0111\u1ea1o gi\u1ecfi ph\u1ea3i bi\u1ebft t\u1ea1o ni\u1ec1m vui t\u1eadp trung v\u00e0o qu\u1ea3n tr\u1ecb con ng\u01b0\u1eddi, m\u1ed9t t\u1eadp th\u1ec3 th\u1ed1ng nh\u1ea5t&#8230;<\/p>\n<p>&nbsp;<\/p>\n","protected":false},"featured_media":1026,"comment_status":"open","ping_status":"closed","template":"","meta":[],"_links":{"self":[{"href":"https:\/\/webmaibinh.com\/w\/bansach2011\/wp-json\/wp\/v2\/product\/1025"}],"collection":[{"href":"https:\/\/webmaibinh.com\/w\/bansach2011\/wp-json\/wp\/v2\/product"}],"about":[{"href":"https:\/\/webmaibinh.com\/w\/bansach2011\/wp-json\/wp\/v2\/types\/product"}],"replies":[{"embeddable":true,"href":"https:\/\/webmaibinh.com\/w\/bansach2011\/wp-json\/wp\/v2\/comments?post=1025"}],"wp:featuredmedia":[{"embeddable":true,"href":"https:\/\/webmaibinh.com\/w\/bansach2011\/wp-json\/wp\/v2\/media\/1026"}],"wp:attachment":[{"href":"https:\/\/webmaibinh.com\/w\/bansach2011\/wp-json\/wp\/v2\/media?parent=1025"}],"curies":[{"name":"wp","href":"https:\/\/api.w.org\/{rel}","templated":true}]}}