{"id":1021,"date":"2019-12-18T02:18:43","date_gmt":"2019-12-18T02:18:43","guid":{"rendered":"http:\/\/bansach.muathemewordpress.net\/?post_type=product&#038;p=1021"},"modified":"2019-12-18T02:18:43","modified_gmt":"2019-12-18T02:18:43","slug":"dung-khoi-su-khi-con-du","status":"publish","type":"product","link":"https:\/\/webmaibinh.com\/w\/bansach2011\/san-pham\/dung-khoi-su-khi-con-du\/","title":{"rendered":"\u0110\u1eebng Kh\u1edfi S\u1ef1 Khi C\u00f2n Do D\u1ef1"},"content":{"rendered":"<p>Nh\u1eefng l\u1eddi khen ng\u1ee3i d\u00e0nh cho\u00a0<strong>\u0110\u1eebng Kh\u1edfi S\u1ef1 Khi C\u00f2n Do D\u1ef1<\/strong><\/p>\n<p><em>\u201cL\u00e0m doanh nh\u00e2n l\u00e0 c\u00f4ng vi\u1ec7c \u0111\u00e1ng s\u1ee3. \u0110\u1eb7c bi\u1ec7t l\u00e0 trong nh\u1eefng ng\u00e0y \u0111\u1ea7u khi b\u1ea1n c\u1ea3m th\u1ea5y c\u00f4 \u0111\u01a1n, l\u1ea1c l\u1ed1i, r\u1ed3i t\u1ef1 h\u1ecfi: N\u1ebfu \u00fd t\u01b0\u1edfng c\u1ee7a m\u00ecnh th\u1ea5t b\u1ea1i th\u00ec sao? Trong \u0110\u1eebng kh\u1edfi s\u1ef1 khi c\u00f2n do d\u1ef1, Pat Flynn s\u1ebd h\u01b0\u1edbng d\u1eabn b\u1ea1n t\u1eebng b\u01b0\u1edbc \u0111\u1ec3 x\u00e1c \u0111\u1ecbnh xem li\u1ec7u \u00fd t\u01b0\u1edfng m\u1edbi c\u00f3 th\u00e0nh c\u00f4ng hay kh\u00f4ng tr\u01b0\u1edbc khi d\u1ed1c h\u1ebft t\u00e2m s\u1ee9c th\u1ef1c hi\u1ec7n. B\u1ea5t k\u1ef3 doanh nh\u00e2n n\u00e0o \u0111ang mu\u1ed1n x\u00e2y d\u1ef1ng doanh nghi\u1ec7p m\u1edbi, b\u01b0\u1edbc v\u00e0o th\u1ecb tr\u01b0\u1eddng m\u1edbi hay ra m\u1eaft s\u1ea3n ph\u1ea9m m\u1edbi \u0111\u1ec1u b\u1eaft bu\u1ed9c ph\u1ea3i \u0111\u1ecdc cu\u1ed1n s\u00e1ch n\u00e0y. T\u00f4i th\u1eadt l\u00f2ng khuy\u00ean b\u1ea1n n\u00ean \u0111\u1ecdc \u0111i \u0111\u1ecdc l\u1ea1i cu\u1ed1n s\u00e1ch n\u00e0y.\u201d<\/em><br \/>\n\u2014 RYAN LEVESQUE, T\u00e1c gi\u1ea3 cu\u1ed1n Ask (T\u1ea1m d\u1ecbch: H\u1ecfi)<\/p>\n<p><em>\u201c\u0110\u1eebng kh\u1edfi s\u1ef1 khi c\u00f2n do d\u1ef1 lo\u1ea1i b\u1ecf n\u1ed7i s\u1ee3 l\u1edbn nh\u1ea5t c\u1ee7a m\u1ecdi doanh nh\u00e2n m\u1edbi: Li\u1ec7u \u00fd t\u01b0\u1edfng kinh doanh c\u1ee7a m\u00ecnh c\u00f3 th\u00e0nh c\u00f4ng kh\u00f4ng? Gi\u1edd \u0111\u00e2y, b\u1ea1n \u0111\u00e3 c\u00f3 Pat Flynn, m\u1ed9t phi c\u00f4ng ph\u1ee5 l\u00e3o luy\u1ec7n, \u0111\u00e1ng tin c\u1eady, gi\u00fap b\u1ea1n tr\u1ea3 l\u1eddi c\u00e2u h\u1ecfi \u0111\u00f3. \u0110\u1eebng kh\u1edfi s\u1ef1 khi c\u00f2n do d\u1ef1 \u0111\u1ed9c \u0111\u00e1o, ch\u00e2n th\u1ef1c nh\u01b0ng \u0111\u1ea7y th\u00fa v\u1ecb, m\u1ecdi doanh nh\u00e2n t\u1eadp s\u1ef1 \u0111\u1ec1u n\u00ean \u0111\u1ecdc cu\u1ed1n s\u00e1ch n\u00e0y. \u0110\u00e2y c\u00f3 l\u1ebd l\u00e0 cu\u1ed1n s\u00e1ch quan tr\u1ecdng nh\u1ea5t trong t\u1ee7 s\u00e1ch kinh doanh c\u1ee7a b\u1ea1n.\u201d<\/em><br \/>\n\u2014 RAY EDWARDS, Nh\u00e0 s\u00e1ng l\u1eadp ki\u00eam CEO c\u1ee7a Ray Edwards International<\/p>\n<p><em>\u201cTh\u1ea5t nghi\u1ec7p c\u00f3 th\u1ec3 l\u00e0 m\u1ed9t trong nh\u1eefng \u0111i\u1ec1u t\u1ed1t nh\u1ea5t x\u1ea3y ra v\u1edbi b\u1ea1n. Trong m\u1ed9t th\u1eddi gian ng\u1eafn, Pat Flynn, t\u1eeb ng\u01b0\u1eddi l\u00e0m c\u00f4ng tr\u1edf th\u00e0nh \u00f4ng ch\u1ee7, \u0111\u00e3 t\u00ecm ra b\u00ed quy\u1ebft mang l\u1ea1i doanh thu li\u00ean t\u1ee5c v\u00e0 b\u1ec1n v\u1eefng. Cu\u1ed1n s\u00e1ch m\u1edbi c\u1ee7a Pat Flynn t\u1ea1o c\u1ea3m h\u1ee9ng m\u1ea1nh m\u1ebd \u2013 nh\u01b0ng quan tr\u1ecdng h\u01a1n h\u1ebft \u2013 thay v\u00ec ch\u1ec9 c\u1ed5 v\u0169, n\u00f3 s\u1ebd c\u1ea7m tay ch\u1ec9 t\u1eebng vi\u1ec7c b\u1ea1n c\u1ea7n l\u00e0m tr\u01b0\u1edbc khi tr\u00ecnh l\u00e0ng \u00fd t\u01b0\u1edfng kinh doanh c\u1ee7a m\u00ecnh.\u201d<\/em><br \/>\n\u2014 CHRIS GUILLEBEAU, T\u00e1c gi\u1ea3 s\u00e1ch b\u00e1n ch\u1ea1y c\u1ee7a New York Times b\u1ea7u ch\u1ecdn cho cu\u1ed1n Born for this (\u0110o \u0111am m\u00ea \u2013 T\u00ecm s\u1ef1 nghi\u1ec7p) v\u00e0 The $100 startup (Kh\u1edfi nghi\u1ec7p v\u1edbi 100$)<\/p>\n<p><em>\u201cCon ng\u01b0\u1eddi th\u01b0\u1eddng th\u00edch m\u01a1 m\u1ed9ng, t\u01b0\u1edfng t\u01b0\u1ee3ng v\u00e0 hy v\u1ecdng. Th\u1ebf nh\u01b0ng, n\u1ebfu kh\u00f4ng h\u00e0nh \u0111\u1ed9ng th\u00ec nh\u1eefng \u00fd t\u01b0\u1edfng d\u00f9 v\u0129 \u0111\u1ea1i \u0111\u1ebfn \u0111\u00e2u c\u0169ng s\u1ebd ch\u1eb3ng bao gi\u1edd th\u00e0nh hi\u1ec7n th\u1ef1c \u2013 ch\u00fang kh\u00f4ng th\u1ec3 thay \u0111\u1ed5i th\u1ebf gi\u1edbi n\u00e0y hay t\u00e0i kho\u1ea3n ng\u00e2n h\u00e0ng c\u1ee7a b\u1ea1n. Cu\u1ed1n s\u00e1ch n\u00e0y s\u1ebd gi\u00fap x\u00e1c \u0111\u1ecbnh M\u1ed8T \u00fd ki\u1ebfn, \u201cl\u1ee3i th\u1ebf \u0111\u1ed9c quy\u1ec1n\u201d v\u00e0 m\u1ed9t k\u1ebf ho\u1ea1ch h\u00e0nh \u0111\u1ed9ng \u0111\u1ec3 \u00fd t\u01b0\u1edfng c\u1ee7a b\u1ea1n c\u1ea5t c\u00e1nh tung bay. L\u00e0 ng\u01b0\u1eddi \u0111\u1ee9ng ngo\u00e0i quan s\u00e1t hay ng\u01b0\u1eddi c\u1ea7m l\u00e1i \u2013 b\u1ea1n ph\u1ea3i t\u1ef1 ch\u1ecdn.\u201d<\/em><br \/>\n\u2014 DAN MILLER, T\u00e1c gi\u1ea3 s\u00e1ch b\u00e1n ch\u1ea1y do New York Times b\u1ea7u ch\u1ecdn cho cu\u1ed1n 48 days to the work you love (T\u1ea1m d\u1ecbch: 48 ng\u00e0y cho c\u00f4ng vi\u1ec7c b\u1ea1n y\u00eau th\u00edch)<\/p>\n<p><em>\u201cPat \u0111\u00e3 ho\u00e0n th\u00e0nh xu\u1ea5t s\u1eafc vai tr\u00f2 truy\u1ec1n c\u1ea3m h\u1ee9ng, gi\u1ea3ng gi\u1ea3i, th\u00fac \u0111\u1ea9y v\u00e0 h\u01b0\u1edbng d\u1eabn nh\u1eefng doanh nh\u00e2n m\u1edbi v\u01b0\u1ee3t qua giai \u0111o\u1ea1n quan tr\u1ecdng nh\u1ea5t c\u1ee7a qu\u00e1 tr\u00ecnh x\u00e2y d\u1ef1ng doanh nghi\u1ec7p giai \u0111o\u1ea1n n\u1ec1n t\u1ea3ng. Tuy nhi\u00ean, kh\u00f4ng d\u1eebng \u1edf \u0111\u00f3, anh c\u00f2n d\u1eabn d\u1eaft ch\u00fang ta v\u00e0o h\u00e0nh tr\u00ecnh kh\u00e1m ph\u00e1, x\u00e2y d\u1ef1ng s\u1ef1 t\u1ef1 tin v\u00e0 ngu\u1ed3n h\u1eadu thu\u1eabn \u2013 v\u1edbi nh\u1eefng \u0111i\u1ec1u th\u1ef1c ti\u1ec5n nh\u1ea5t! N\u1ebfu mu\u1ed1n kh\u1edfi nghi\u1ec7p kinh doanh tr\u1ef1c tuy\u1ebfn m\u1ed9t c\u00e1ch th\u00f4ng minh, b\u1ea1n ph\u1ea3i \u0111\u1ecdc cu\u1ed1n s\u00e1ch n\u00e0y.\u201d<\/em><br \/>\n\u2014 CHRIS DUCKER, T\u00e1c gi\u1ea3 s\u00e1ch b\u00e1n ch\u1ea1y Virtual freedom (T\u1ea1m d\u1ecbch: T\u1ef1 do \u1ea3o)<\/p>\n<p><em><strong>Alpha Books tr\u00e2n tr\u1ecdng gi\u1edbi thi\u1ec7u!<\/strong><\/em><\/p>\n<p>&nbsp;<\/p>\n<p>&nbsp;<\/p>\n<p>&nbsp;<\/p>\n","protected":false},"excerpt":{"rendered":"<p>Nh\u1eefng l\u1eddi khen ng\u1ee3i d\u00e0nh cho \u0110\u1eebng Kh\u1edfi S\u1ef1 Khi C\u00f2n Do D\u1ef1 \u201cL\u00e0m doanh nh\u00e2n l\u00e0 c\u00f4ng vi\u1ec7c \u0111\u00e1ng s\u1ee3. \u0110\u1eb7c bi\u1ec7t l\u00e0 trong nh\u1eefng ng\u00e0y \u0111\u1ea7u khi b\u1ea1n c\u1ea3m th\u1ea5y c\u00f4 \u0111\u01a1n, l\u1ea1c l\u1ed1i, r\u1ed3i t\u1ef1 h\u1ecfi: N\u1ebfu \u00fd t\u01b0\u1edfng c\u1ee7a m\u00ecnh th\u1ea5t b\u1ea1i th\u00ec sao? Trong \u0110\u1eebng kh\u1edfi s\u1ef1 khi c\u00f2n do d\u1ef1, Pat Flynn s\u1ebd h\u01b0\u1edbng d\u1eabn b\u1ea1n t\u1eebng b\u01b0\u1edbc \u0111\u1ec3 x\u00e1c \u0111\u1ecbnh xem li\u1ec7u \u00fd t\u01b0\u1edfng m\u1edbi c\u00f3 th\u00e0nh c\u00f4ng&#8230;<\/p>\n<p>&nbsp;<\/p>\n","protected":false},"featured_media":1022,"comment_status":"open","ping_status":"closed","template":"","meta":[],"_links":{"self":[{"href":"https:\/\/webmaibinh.com\/w\/bansach2011\/wp-json\/wp\/v2\/product\/1021"}],"collection":[{"href":"https:\/\/webmaibinh.com\/w\/bansach2011\/wp-json\/wp\/v2\/product"}],"about":[{"href":"https:\/\/webmaibinh.com\/w\/bansach2011\/wp-json\/wp\/v2\/types\/product"}],"replies":[{"embeddable":true,"href":"https:\/\/webmaibinh.com\/w\/bansach2011\/wp-json\/wp\/v2\/comments?post=1021"}],"wp:featuredmedia":[{"embeddable":true,"href":"https:\/\/webmaibinh.com\/w\/bansach2011\/wp-json\/wp\/v2\/media\/1022"}],"wp:attachment":[{"href":"https:\/\/webmaibinh.com\/w\/bansach2011\/wp-json\/wp\/v2\/media?parent=1021"}],"curies":[{"name":"wp","href":"https:\/\/api.w.org\/{rel}","templated":true}]}}