{"id":1019,"date":"2019-12-18T02:17:27","date_gmt":"2019-12-18T02:17:27","guid":{"rendered":"http:\/\/bansach.muathemewordpress.net\/?post_type=product&#038;p=1019"},"modified":"2019-12-18T02:17:27","modified_gmt":"2019-12-18T02:17:27","slug":"le-la-quan-xa-que-nha","status":"publish","type":"product","link":"https:\/\/webmaibinh.com\/w\/bansach2011\/san-pham\/le-la-quan-xa-que-nha\/","title":{"rendered":"L\u00ea La Qu\u00e1n Xa Qu\u00ea Nh\u00e0"},"content":{"rendered":"<p><b><u>N\u1ed9i dung s\u00e1ch:<\/u><\/b><\/p>\n<p>T\u1eadp t\u1ea3n v\u0103n vi\u1ebft v\u1ec1 nh\u1eefng m\u00f3n \u0103n \u0111\u1eb7c tr\u01b0ng c\u1ee7a v\u00f9ng \u0111\u1ea5t Ninh H\u00f2a, Kh\u00e1nh H\u00f2a. Qua \u0111\u00f3, ng\u01b0\u1eddi \u0111\u1ecdc th\u1ea5y \u0111\u01b0\u1ee3c con ng\u01b0\u1eddi, \u0111\u1eddi s\u1ed1ng c\u1ee7a ng\u01b0\u1eddi d\u00e2n n\u01a1i \u0111\u00e2y.<\/p>\n<p>V\u00e0 \u0111\u1eb7c bi\u1ec7t, b\u1eb1ng nh\u1eefng k\u1ef7 ni\u1ec7m v\u1ec1 \u1ea9m th\u1ef1c, c\u00f9ng v\u1edbi gi\u1ecdng v\u0103n nh\u1eb9 nh\u00e0ng, t\u00e1c gi\u1ea3 th\u1ec3 hi\u1ec7n m\u1ed9t t\u1ea5m l\u00f2ng y\u00eau qu\u00ea h\u01b0\u01a1ng tha thi\u1ebft, n\u1ed7i nh\u1edb, n\u1ed7i kh\u00e1t khao t\u00ecm m\u00f9i v\u1ecb c\u1ee7a \u0111\u1ea5t m\u1eb9 c\u1ee7a ng\u01b0\u1eddi con xa x\u1ee9.<\/p>\n<p>Cu\u1ed1n s\u00e1ch c\u00f3 b\u1ed1 c\u1ee5c 2 ph\u1ea7n:<\/p>\n<p>+ La c\u00e0 qu\u00e1n x\u00e1 ng\u01b0\u1eddi ta.<\/p>\n<p>+ R\u1ed3i v\u1ec1 ng\u1ed3i xu\u1ed1ng m\u00e2m c\u01a1m nh\u00e0 m\u00ecnh.<\/p>\n<p><b><u>Tr\u00edch \u0111o\u1ea1n:<\/u><\/b><\/p>\n<p><i>&#8211; S\u00e1u n\u0103m, t\u00f4i vi\u1ebft v\u1ec1 M\u1ef9, S\u00e0i G\u00f2n, Anh, B\u1ec9, H\u00e0 Lan, T\u00e2y Ban Nha, Ai C\u1eadp, Nepal, Bangladesh, nh\u1eefng th\u00e0nh ph\u1ed1, \u0111\u1ea5t n\u01b0\u1edbc \u0111\u00e3 lang thang su\u1ed1t th\u1eddi trai tr\u1ebb. V\u1ec1 nhi\u1ec1u ng\u01b0\u1eddi \u0111\u00e3 g\u1eb7p, c\u00e1c m\u1ed1i t\u00ecnh kh\u00f4ng \u0111o\u1ea1n k\u1ebft gi\u1eefa hai b\u1edd s\u00f3ng v\u1ed7 ng\u00e0y \u0111\u00eam. V\u00e0 t\u00f4i ngh\u0129, c\u00f3 l\u1ebd \u0111\u00e3 \u0111\u1ebfn l\u00fac ph\u1ea3i tr\u1edf l\u1ea1i n\u01a1i ch\u00f4n nhau c\u1eaft r\u1ed1n cho \u0111\u1ed9c gi\u1ea3, b\u1ea1n b\u00e8 kh\u1ecfi nh\u1eafn tin, nh\u1ecf to mong \u0111\u1ee3i. \u0110\u1ec3 h\u1ecd ti\u1ebfp t\u1ee5c th\u01b0\u1edfng th\u1ee9c m\u00f3n \u0103n Ninh H\u00f2a qua v\u00e0i d\u00f2ng t\u00e2m s\u1ef1, \u0111\u1ec3 t\u1eadn S\u00e0i G\u00f2n, H\u00e0 N\u1ed9i hay t\u1eeb xa x\u00f4i M\u1ef9, Ph\u00e1p, c\u1ea7m cu\u1ed1n s\u00e1ch t\u00f4i vi\u1ebft t\u00ecm v\u1ec1 ch\u1ee3 Dinh \u0103n \u00edt m\u00f3n ngon, nh\u00ecn c\u00f4 b\u00e1n h\u00e0ng d\u1ec5 th\u01b0\u01a1ng ng\u1ee1 l\u00e0 quen l\u00e2u l\u1eafm.<\/i><\/p>\n<p>&nbsp;<\/p>\n<p>&nbsp;<\/p>\n","protected":false},"excerpt":{"rendered":"<p>N\u1ed9i dung s\u00e1ch: T\u1eadp t\u1ea3n v\u0103n vi\u1ebft v\u1ec1 nh\u1eefng m\u00f3n \u0103n \u0111\u1eb7c tr\u01b0ng c\u1ee7a v\u00f9ng \u0111\u1ea5t Ninh H\u00f2a, Kh\u00e1nh H\u00f2a. Qua \u0111\u00f3, ng\u01b0\u1eddi \u0111\u1ecdc th\u1ea5y \u0111\u01b0\u1ee3c con ng\u01b0\u1eddi, \u0111\u1eddi s\u1ed1ng c\u1ee7a ng\u01b0\u1eddi d\u00e2n n\u01a1i \u0111\u00e2y. V\u00e0 \u0111\u1eb7c bi\u1ec7t, b\u1eb1ng nh\u1eefng k\u1ef7 ni\u1ec7m v\u1ec1 \u1ea9m th\u1ef1c, c\u00f9ng v\u1edbi gi\u1ecdng v\u0103n nh\u1eb9 nh\u00e0ng, t\u00e1c gi\u1ea3&#8230;<\/p>\n<p>&nbsp;<\/p>\n","protected":false},"featured_media":1020,"comment_status":"open","ping_status":"closed","template":"","meta":[],"_links":{"self":[{"href":"https:\/\/webmaibinh.com\/w\/bansach2011\/wp-json\/wp\/v2\/product\/1019"}],"collection":[{"href":"https:\/\/webmaibinh.com\/w\/bansach2011\/wp-json\/wp\/v2\/product"}],"about":[{"href":"https:\/\/webmaibinh.com\/w\/bansach2011\/wp-json\/wp\/v2\/types\/product"}],"replies":[{"embeddable":true,"href":"https:\/\/webmaibinh.com\/w\/bansach2011\/wp-json\/wp\/v2\/comments?post=1019"}],"wp:featuredmedia":[{"embeddable":true,"href":"https:\/\/webmaibinh.com\/w\/bansach2011\/wp-json\/wp\/v2\/media\/1020"}],"wp:attachment":[{"href":"https:\/\/webmaibinh.com\/w\/bansach2011\/wp-json\/wp\/v2\/media?parent=1019"}],"curies":[{"name":"wp","href":"https:\/\/api.w.org\/{rel}","templated":true}]}}