{"id":1017,"date":"2019-12-18T02:16:33","date_gmt":"2019-12-18T02:16:33","guid":{"rendered":"http:\/\/bansach.muathemewordpress.net\/?post_type=product&#038;p=1017"},"modified":"2019-12-18T02:16:33","modified_gmt":"2019-12-18T02:16:33","slug":"dr-seuss-one-fish-two-fish-red-fish-blue-fish-mot-ca-hai-ca-ca-ca-xanh-xanh","status":"publish","type":"product","link":"https:\/\/webmaibinh.com\/w\/bansach2011\/san-pham\/dr-seuss-one-fish-two-fish-red-fish-blue-fish-mot-ca-hai-ca-ca-ca-xanh-xanh\/","title":{"rendered":"Dr. Seuss &#8211; One fish, two fish, red fish, blue fish &#8211; M\u00f4t c\u00e1, hai c\u00e1, c\u00e1 \u0111\u1ecf \u0111\u1ecf, c\u00e1 xanh xanh"},"content":{"rendered":"<p><strong>Dr. Seuss &#8211; One fish, two fish, red fish, blue fish &#8211; M\u00f4t c\u00e1, hai c\u00e1, c\u00e1 \u0111\u1ecf \u0111\u1ecf, c\u00e1 xanh xanh<\/strong><\/p>\n<p>&#8220;<em>M\u00f4t c\u00e1, hai c\u00e1, c\u00e1 \u0111\u1ecf \u0111\u1ecf, c\u00e1 xanh xanh<\/em>&#8221; \u0111\u01b0a ng\u01b0\u1eddi \u0111\u1ecdc v\u00e0o th\u1ebf gi\u1edbi c\u1ee7a nh\u1eefng sinh v\u1eadt k\u1ef3 qu\u1eb7c nh\u1ea5t, l\u00e0m quen v\u1edbi nh\u1eefng th\u00fa c\u01b0ng ch\u1ec9 c\u00f3 trong gi\u1ea5c m\u01a1 c\u1ee7a m\u1ecdi tu\u1ed5i th\u01a1. T\u1ea5t c\u1ea3 \u0111\u1ec1u \u0111\u01b0\u1ee3c d\u1eabn l\u1ed1i b\u1eb1ng \u00e2m \u0111i\u1ec7u nh\u1ecbp nh\u00e0ng, c\u00e1ch b\u1eaft v\u1ea7n th\u00f4ng minh, h\u00f3m h\u1ec9nh. V\u00e0 h\u01a1n h\u1ebft th\u1ea3y, cu\u1ed1n s\u00e1ch s\u1ebd g\u1ee3i c\u1ea3m h\u1ee9ng cho b\u1ea1n t\u00ecm ni\u1ec1m vui \u1edf mu\u00f4n n\u01a1i.<\/p>\n<p>M\u1eddi b\u1ea1n c\u00f9ng H\u00c9 N\u1ede M\u00d4I C\u01af\u1edcI!<\/p>\n<p>\u0110\u00e2u l\u00e0 nh\u1eefng cu\u1ed1n s\u00e1ch m\u00e0 \u0111\u1ec7 nh\u1ea5t phu nh\u00e2n M\u1ef9 Melania Trump hay Michelle Obama g\u1eedi t\u1eb7ng cho tr\u1ebb em n\u01b0\u1edbc M\u1ef9? Xin tr\u1ea3 l\u1eddi, \u0111\u00f3 l\u00e0 s\u00e1ch c\u1ee7a nh\u00e0 v\u0103n Dr Seuss<\/p>\n<p>\u0110\u1ec3 tr\u1ea3 l\u1eddi cho c\u00e2u h\u1ecfi l\u00e0m th\u1ebf n\u00e0o \u0111\u1ec3 kh\u01a1i g\u1ee3i \u0111\u01b0\u1ee3c ni\u1ec1m \u0111am m\u00ea \u0111\u1ecdc s\u00e1ch c\u1ee7a nh\u1eefng \u0111\u1ee9a tr\u1ebb ngay t\u1eeb khi c\u00f2n b\u00e9? Ch\u00fang t\u00f4i mang t\u1edbi cho tr\u1ebb em Vi\u1ec7t Nam nh\u1eefng cu\u1ed1n s\u00e1ch c\u1ee7a nh\u00e0 v\u0103n Dr Seuss. \u0110\u1ec3 n\u00f3i v\u1ec1 Dr Seuss th\u00ec c\u0169ng ch\u1ec9 c\u1ea7n t\u00f3m g\u1ecdn m\u1ed9t c\u00e2u: \u201c Nh\u00e0 v\u0103n l\u00e0m thay \u0111\u1ed5i gi\u00e1o d\u1ee5c n\u01b0\u1edbc M\u1ef9\u201d.<\/p>\n<p>Nh\u1eefng v\u1ea5n \u0111\u1ec1 ng\u00e2y th\u01a1, t\u00f2 m\u00f2, th\u00edch s\u1ef1 m\u1edbi l\u1ea1, s\u1eb5n s\u00e0ng ch\u1ecbu th\u1eed th\u00e1ch c\u1ee7a tr\u1ebb con \u0111\u01b0\u1ee3c Dr Seuss \u0111\u1ec1 c\u1eadp c\u0169ng v\u1edbi m\u1ed9t c\u00e1ch ng\u00e2y th\u01a1, vui nh\u1ed9n v\u00e0 \u0111\u00e1ng y\u00eau kh\u00f4ng k\u00e9m trong s\u00e1ch c\u1ee7a \u00f4ng.<\/p>\n<p>&nbsp;<\/p>\n<p>&nbsp;<\/p>\n","protected":false},"excerpt":{"rendered":"<p>Dr. Seuss &#8211; One fish, two fish, red fish, blue fish &#8211; M\u00f4t c\u00e1, hai c\u00e1, c\u00e1 \u0111\u1ecf \u0111\u1ecf, c\u00e1 xanh xanh &#8221; M\u00f4t c\u00e1, hai c\u00e1, c\u00e1 \u0111\u1ecf \u0111\u1ecf, c\u00e1 xanh xanh &#8221; \u0111\u01b0a ng\u01b0\u1eddi \u0111\u1ecdc v\u00e0o th\u1ebf gi\u1edbi c\u1ee7a nh\u1eefng sinh v\u1eadt k\u1ef3 qu\u1eb7c nh\u1ea5t, l\u00e0m quen v\u1edbi nh\u1eefng th\u00fa c\u01b0ng ch\u1ec9 c\u00f3 trong gi\u1ea5c m\u01a1 c\u1ee7a m\u1ecdi tu\u1ed5i th\u01a1. T\u1ea5t c\u1ea3 \u0111\u1ec1u \u0111\u01b0\u1ee3c d\u1eabn l\u1ed1i b\u1eb1ng \u00e2m \u0111i\u1ec7u nh\u1ecbp nh\u00e0ng, c\u00e1ch b\u1eaft v\u1ea7n&#8230;<\/p>\n<p>&nbsp;<\/p>\n","protected":false},"featured_media":1018,"comment_status":"open","ping_status":"closed","template":"","meta":[],"_links":{"self":[{"href":"https:\/\/webmaibinh.com\/w\/bansach2011\/wp-json\/wp\/v2\/product\/1017"}],"collection":[{"href":"https:\/\/webmaibinh.com\/w\/bansach2011\/wp-json\/wp\/v2\/product"}],"about":[{"href":"https:\/\/webmaibinh.com\/w\/bansach2011\/wp-json\/wp\/v2\/types\/product"}],"replies":[{"embeddable":true,"href":"https:\/\/webmaibinh.com\/w\/bansach2011\/wp-json\/wp\/v2\/comments?post=1017"}],"wp:featuredmedia":[{"embeddable":true,"href":"https:\/\/webmaibinh.com\/w\/bansach2011\/wp-json\/wp\/v2\/media\/1018"}],"wp:attachment":[{"href":"https:\/\/webmaibinh.com\/w\/bansach2011\/wp-json\/wp\/v2\/media?parent=1017"}],"curies":[{"name":"wp","href":"https:\/\/api.w.org\/{rel}","templated":true}]}}