{"id":1015,"date":"2019-12-18T02:15:49","date_gmt":"2019-12-18T02:15:49","guid":{"rendered":"http:\/\/bansach.muathemewordpress.net\/?post_type=product&#038;p=1015"},"modified":"2019-12-18T02:15:49","modified_gmt":"2019-12-18T02:15:49","slug":"dr-seuss-hop-pop-nhay-lo-co-tren-bung-cua-bo","status":"publish","type":"product","link":"https:\/\/webmaibinh.com\/w\/bansach2011\/san-pham\/dr-seuss-hop-pop-nhay-lo-co-tren-bung-cua-bo\/","title":{"rendered":"Dr. Seuss &#8211; HOP ON POP &#8211; Nh\u1ea3y l\u00f2 c\u00f2 tr\u00ean b\u1ee5ng to c\u1ee7a b\u1ed1"},"content":{"rendered":"<p><strong>Dr. Seuss &#8211; HOP ON POP &#8211; Nh\u1ea3y l\u00f2 c\u00f2 tr\u00ean b\u1ee5ng to c\u1ee7a b\u1ed1<\/strong><\/p>\n<p>Ch\u1ec9 v\u1edbi nguy\u00ean li\u1ec7u \u0111\u01a1n gi\u1ea3n \u0111\u1ebfn t\u1eadn c\u00f9ng, Dr. Seuss \u0111\u00e3 k\u1ec3 n\u00ean m\u1ed9t c\u00e2u chuy\u1ec7n ho\u00e0n ch\u1ec9nh v\u00e0 v\u00f4 c\u00f9ng d\u00ed d\u1ecfm. B\u1ea1n kh\u00f4ng ti \u01b0?\u00a0<em>Nh\u1ea3y l\u00f2 c\u00f2 tr\u00ean b\u1ee5ng to c\u1ee7a b\u1ed1\u00a0<\/em>ch\u1ec9 to\u00e0n t\u1eeb \u0111\u01a1n gi\u1ea3n. V\u00e0 h\u1eb3n b\u1ea1n s\u1ebd \u0111\u1ed3ng \u00fd v\u1edbi ch\u00fang t\u00f4i: d\u00f3 ch\u00ednh l\u00e0 v\u1ebb \u0111\u1eb9p gi\u1ea3n d\u1ecb tuy\u1ec7t v\u1eddi c\u1ee7a ng\u00f4n ng\u1eef!<\/p>\n<p>M\u1eddi b\u1ea1n c\u00f9ng BI B\u00d4!<\/p>\n<p>\u0110\u00e2u l\u00e0 nh\u1eefng cu\u1ed1n s\u00e1ch m\u00e0 \u0111\u1ec7 nh\u1ea5t phu nh\u00e2n M\u1ef9 Melania Trump hay Michelle Obama g\u1eedi t\u1eb7ng cho tr\u1ebb em n\u01b0\u1edbc M\u1ef9? Xin tr\u1ea3 l\u1eddi, \u0111\u00f3 l\u00e0 s\u00e1ch c\u1ee7a nh\u00e0 v\u0103n Dr Seuss<\/p>\n<p>\u0110\u1ec3 tr\u1ea3 l\u1eddi cho c\u00e2u h\u1ecfi l\u00e0m th\u1ebf n\u00e0o \u0111\u1ec3 kh\u01a1i g\u1ee3i \u0111\u01b0\u1ee3c ni\u1ec1m \u0111am m\u00ea \u0111\u1ecdc s\u00e1ch c\u1ee7a nh\u1eefng \u0111\u1ee9a tr\u1ebb ngay t\u1eeb khi c\u00f2n b\u00e9? Ch\u00fang t\u00f4i mang t\u1edbi cho tr\u1ebb em Vi\u1ec7t Nam nh\u1eefng cu\u1ed1n s\u00e1ch c\u1ee7a nh\u00e0 v\u0103n Dr Seuss. \u0110\u1ec3 n\u00f3i v\u1ec1 Dr Seuss th\u00ec c\u0169ng ch\u1ec9 c\u1ea7n t\u00f3m g\u1ecdn m\u1ed9t c\u00e2u: \u201c Nh\u00e0 v\u0103n l\u00e0m thay \u0111\u1ed5i gi\u00e1o d\u1ee5c n\u01b0\u1edbc M\u1ef9\u201d.<\/p>\n<p>Nh\u1eefng v\u1ea5n \u0111\u1ec1 ng\u00e2y th\u01a1, t\u00f2 m\u00f2, th\u00edch s\u1ef1 m\u1edbi l\u1ea1, s\u1eb5n s\u00e0ng ch\u1ecbu th\u1eed th\u00e1ch c\u1ee7a tr\u1ebb con \u0111\u01b0\u1ee3c Dr Seuss \u0111\u1ec1 c\u1eadp c\u0169ng v\u1edbi m\u1ed9t c\u00e1ch ng\u00e2y th\u01a1, vui nh\u1ed9n v\u00e0 \u0111\u00e1ng y\u00eau kh\u00f4ng k\u00e9m trong s\u00e1ch c\u1ee7a \u00f4ng.<\/p>\n<p>&nbsp;<\/p>\n","protected":false},"excerpt":{"rendered":"<p>Dr. Seuss &#8211; HOP ON POP &#8211; Nh\u1ea3y l\u00f2 c\u00f2 tr\u00ean b\u1ee5ng to c\u1ee7a b\u1ed1 Ch\u1ec9 v\u1edbi nguy\u00ean li\u1ec7u \u0111\u01a1n gi\u1ea3n \u0111\u1ebfn t\u1eadn c\u00f9ng, Dr. Seuss \u0111\u00e3 k\u1ec3 n\u00ean m\u1ed9t c\u00e2u chuy\u1ec7n ho\u00e0n ch\u1ec9nh v\u00e0 v\u00f4 c\u00f9ng d\u00ed d\u1ecfm. B\u1ea1n kh\u00f4ng ti \u01b0? Nh\u1ea3y l\u00f2 c\u00f2 tr\u00ean b\u1ee5ng to c\u1ee7a b\u1ed1 ch\u1ec9 to\u00e0n t\u1eeb \u0111\u01a1n gi\u1ea3n. V\u00e0 h\u1eb3n b\u1ea1n s\u1ebd \u0111\u1ed3ng \u00fd v\u1edbi ch\u00fang t\u00f4i: d\u00f3 ch\u00ednh l\u00e0 v\u1ebb \u0111\u1eb9p gi\u1ea3n d\u1ecb tuy\u1ec7t v\u1eddi&#8230;<\/p>\n<p>&nbsp;<\/p>\n","protected":false},"featured_media":1016,"comment_status":"open","ping_status":"closed","template":"","meta":[],"_links":{"self":[{"href":"https:\/\/webmaibinh.com\/w\/bansach2011\/wp-json\/wp\/v2\/product\/1015"}],"collection":[{"href":"https:\/\/webmaibinh.com\/w\/bansach2011\/wp-json\/wp\/v2\/product"}],"about":[{"href":"https:\/\/webmaibinh.com\/w\/bansach2011\/wp-json\/wp\/v2\/types\/product"}],"replies":[{"embeddable":true,"href":"https:\/\/webmaibinh.com\/w\/bansach2011\/wp-json\/wp\/v2\/comments?post=1015"}],"wp:featuredmedia":[{"embeddable":true,"href":"https:\/\/webmaibinh.com\/w\/bansach2011\/wp-json\/wp\/v2\/media\/1016"}],"wp:attachment":[{"href":"https:\/\/webmaibinh.com\/w\/bansach2011\/wp-json\/wp\/v2\/media?parent=1015"}],"curies":[{"name":"wp","href":"https:\/\/api.w.org\/{rel}","templated":true}]}}