{"id":1009,"date":"2019-12-18T02:08:49","date_gmt":"2019-12-18T02:08:49","guid":{"rendered":"http:\/\/bansach.muathemewordpress.net\/?post_type=product&#038;p=1009"},"modified":"2019-12-18T02:08:49","modified_gmt":"2019-12-18T02:08:49","slug":"dr-seusss-b-c-bang-chu-cai-tieng-anh-cua-dr-seuss","status":"publish","type":"product","link":"https:\/\/webmaibinh.com\/w\/bansach2011\/san-pham\/dr-seusss-b-c-bang-chu-cai-tieng-anh-cua-dr-seuss\/","title":{"rendered":"Dr. Seuss&#8217;s A B C &#8211; B\u1ea3ng ch\u1eef c\u00e1i ti\u1ebfng Anh c\u1ee7a Dr. Seuss"},"content":{"rendered":"<p><strong>Dr. Seuss&#8217;s A B C &#8211; B\u1ea3ng ch\u1eef c\u00e1i ti\u1ebfng Anh c\u1ee7a Dr. Seuss<\/strong><\/p>\n<p>B\u1ea1n bi\u1ebft kh\u00f4ng, ng\u00f4n ng\u1eef quanh ta c\u00f3 ph\u00e9p m\u00e0u th\u1eadt \u0111\u1ea5y! N\u1ebfu b\u1ea1n c\u00f2n ho\u00e0i nghi hay th\u1eafc m\u1eafc, cu\u1ed1n s\u00e1ch \u0111\u01a1n &#8211; gi\u1ea3n &#8211; \u0111\u1ebfn &#8211; t\u1eadn &#8211; c\u00f9ng n\u00e0y s\u1ebd d\u1eabn b\u1ea1n v\u00e0o\u00a0th\u1ebf gi\u1edbi \u1ea5y. Tr\u1ebb em s\u1ebd say s\u01b0a v\u1edbi nh\u1eefng con ch\u1eef nhi\u1ec1u m\u00e0u v\u00e0 vui nh\u1ed9n. Ng\u01b0\u1eddi l\u1edbn s\u1ebd b\u1eadt c\u01b0\u1eddi ng\u00f4 ngh\u00ea nh\u01b0 v\u1ec1 l\u1ea1i tu\u1ed5i v\u00e0o l\u1edbp L\u00e1.<\/p>\n<p>M\u1eddi b\u1ea1n c\u00f9ng H\u1eccC H\u1eceI!<\/p>\n<p>\u0110\u00e2u l\u00e0 nh\u1eefng cu\u1ed1n s\u00e1ch m\u00e0 \u0111\u1ec7 nh\u1ea5t phu nh\u00e2n M\u1ef9 Melania Trump hay Michelle Obama g\u1eedi t\u1eb7ng cho tr\u1ebb em n\u01b0\u1edbc M\u1ef9? Xin tr\u1ea3 l\u1eddi, \u0111\u00f3 l\u00e0 s\u00e1ch c\u1ee7a nh\u00e0 v\u0103n Dr Seuss<\/p>\n<p>\u0110\u1ec3 tr\u1ea3 l\u1eddi cho c\u00e2u h\u1ecfi l\u00e0m th\u1ebf n\u00e0o \u0111\u1ec3 kh\u01a1i g\u1ee3i \u0111\u01b0\u1ee3c ni\u1ec1m \u0111am m\u00ea \u0111\u1ecdc s\u00e1ch c\u1ee7a nh\u1eefng \u0111\u1ee9a tr\u1ebb ngay t\u1eeb khi c\u00f2n b\u00e9? Ch\u00fang t\u00f4i mang t\u1edbi cho tr\u1ebb em Vi\u1ec7t Nam nh\u1eefng cu\u1ed1n s\u00e1ch c\u1ee7a nh\u00e0 v\u0103n Dr Seuss. \u0110\u1ec3 n\u00f3i v\u1ec1 Dr Seuss th\u00ec c\u0169ng ch\u1ec9 c\u1ea7n t\u00f3m g\u1ecdn m\u1ed9t c\u00e2u: \u201c Nh\u00e0 v\u0103n l\u00e0m thay \u0111\u1ed5i gi\u00e1o d\u1ee5c n\u01b0\u1edbc M\u1ef9\u201d.<\/p>\n<p>Nh\u1eefng v\u1ea5n \u0111\u1ec1 ng\u00e2y th\u01a1, t\u00f2 m\u00f2, th\u00edch s\u1ef1 m\u1edbi l\u1ea1, s\u1eb5n s\u00e0ng ch\u1ecbu th\u1eed th\u00e1ch c\u1ee7a tr\u1ebb con \u0111\u01b0\u1ee3c Dr Seuss \u0111\u1ec1 c\u1eadp c\u0169ng v\u1edbi m\u1ed9t c\u00e1ch ng\u00e2y th\u01a1, vui nh\u1ed9n v\u00e0 \u0111\u00e1ng y\u00eau kh\u00f4ng k\u00e9m trong s\u00e1ch c\u1ee7a \u00f4ng.<\/p>\n<p>&nbsp;<\/p>\n<p>&nbsp;<\/p>\n","protected":false},"excerpt":{"rendered":"<p>Dr. Seuss&#8217;s A B C &#8211; B\u1ea3ng ch\u1eef c\u00e1i ti\u1ebfng Anh c\u1ee7a Dr. Seuss B\u1ea1n bi\u1ebft kh\u00f4ng, ng\u00f4n ng\u1eef quanh ta c\u00f3 ph\u00e9p m\u00e0u th\u1eadt \u0111\u1ea5y! N\u1ebfu b\u1ea1n c\u00f2n ho\u00e0i nghi hay th\u1eafc m\u1eafc, cu\u1ed1n s\u00e1ch \u0111\u01a1n &#8211; gi\u1ea3n &#8211; \u0111\u1ebfn &#8211; t\u1eadn &#8211; c\u00f9ng n\u00e0y s\u1ebd d\u1eabn b\u1ea1n v\u00e0o th\u1ebf gi\u1edbi \u1ea5y. Tr\u1ebb em s\u1ebd say s\u01b0a v\u1edbi nh\u1eefng con ch\u1eef nhi\u1ec1u m\u00e0u v\u00e0 vui nh\u1ed9n. Ng\u01b0\u1eddi l\u1edbn s\u1ebd b\u1eadt c\u01b0\u1eddi ng\u00f4 ngh\u00ea nh\u01b0 v\u1ec1&#8230;<\/p>\n<p>&nbsp;<\/p>\n","protected":false},"featured_media":1010,"comment_status":"open","ping_status":"closed","template":"","meta":[],"_links":{"self":[{"href":"https:\/\/webmaibinh.com\/w\/bansach2011\/wp-json\/wp\/v2\/product\/1009"}],"collection":[{"href":"https:\/\/webmaibinh.com\/w\/bansach2011\/wp-json\/wp\/v2\/product"}],"about":[{"href":"https:\/\/webmaibinh.com\/w\/bansach2011\/wp-json\/wp\/v2\/types\/product"}],"replies":[{"embeddable":true,"href":"https:\/\/webmaibinh.com\/w\/bansach2011\/wp-json\/wp\/v2\/comments?post=1009"}],"wp:featuredmedia":[{"embeddable":true,"href":"https:\/\/webmaibinh.com\/w\/bansach2011\/wp-json\/wp\/v2\/media\/1010"}],"wp:attachment":[{"href":"https:\/\/webmaibinh.com\/w\/bansach2011\/wp-json\/wp\/v2\/media?parent=1009"}],"curies":[{"name":"wp","href":"https:\/\/api.w.org\/{rel}","templated":true}]}}