{"id":925,"date":"2017-06-05T02:57:37","date_gmt":"2017-06-05T02:57:37","guid":{"rendered":"http:\/\/bansach.muathemewordpress.net\/?page_id=925"},"modified":"2019-12-19T02:29:49","modified_gmt":"2019-12-19T02:29:49","slug":"chinh-sach-van-chuyen","status":"publish","type":"page","link":"https:\/\/webmaibinh.com\/w\/bansach2011\/chinh-sach-van-chuyen\/","title":{"rendered":"Ch\u00ednh s\u00e1ch v\u1eadn chuy\u1ec3n"},"content":{"rendered":"<h2>Ch\u00ednh s\u00e1ch v\u1eadn chuy\u1ec3n<\/h2>\n<div class=\"sidebar-line\"><span style=\"color: #555555; font-size: 14.4px;\">\u0110\u1ed1i v\u1edbi kh\u00e1ch h\u00e0ng nh\u1eadn s\u00e1ch \u1edf n\u1ed9i th\u00e0nh H\u00e0 N\u1ed9i ph\u00ed v\u1eadn chuy\u1ec3n l\u00e0 20.000\u0111. \u0110\u1ed1i v\u1edbi kh\u00e1ch h\u00e0ng nh\u1eadn s\u00e1ch \u1edf nh\u1eefng khu v\u1ef1c kh\u00e1c ph\u00ed v\u1eadn chuy\u1ec3n l\u00e0 40.000\u0111. Trong tr\u01b0\u1eddng h\u1ee3p \u0111\u1eb7c bi\u1ec7t c\u00f3 thay \u0111\u1ed5i v\u1ec1 chi ph\u00ed v\u1eadn chuy\u1ec3n, nh\u00e2n vi\u00ean x\u1eed l\u00fd \u0111\u01a1n h\u00e0ng s\u1ebd g\u1ecdi \u0111i\u1ec7n trao \u0111\u1ed5i v\u00e0 th\u1ed1ng nh\u1ea5t v\u1edbi kh\u00e1ch h\u00e0ng tr\u01b0\u1edbc khi giao.<\/span><\/div>\n<p>&nbsp;<\/p>\n","protected":false},"excerpt":{"rendered":"<p>Ch\u00ednh s\u00e1ch v\u1eadn chuy\u1ec3n \u0110\u1ed1i v\u1edbi kh\u00e1ch h\u00e0ng nh\u1eadn s\u00e1ch \u1edf n\u1ed9i th\u00e0nh H\u00e0 N\u1ed9i ph\u00ed v\u1eadn chuy\u1ec3n l\u00e0 20.000\u0111. \u0110\u1ed1i v\u1edbi kh\u00e1ch h\u00e0ng nh\u1eadn s\u00e1ch \u1edf nh\u1eefng khu v\u1ef1c kh\u00e1c ph\u00ed v\u1eadn chuy\u1ec3n l\u00e0 40.000\u0111. Trong tr\u01b0\u1eddng h\u1ee3p \u0111\u1eb7c bi\u1ec7t c\u00f3 thay \u0111\u1ed5i v\u1ec1 chi ph\u00ed v\u1eadn chuy\u1ec3n, nh\u00e2n vi\u00ean x\u1eed l\u00fd \u0111\u01a1n h\u00e0ng [&#8230;]\n","protected":false},"author":1,"featured_media":0,"parent":0,"menu_order":0,"comment_status":"closed","ping_status":"closed","template":"","meta":[],"_links":{"self":[{"href":"https:\/\/webmaibinh.com\/w\/bansach2011\/wp-json\/wp\/v2\/pages\/925"}],"collection":[{"href":"https:\/\/webmaibinh.com\/w\/bansach2011\/wp-json\/wp\/v2\/pages"}],"about":[{"href":"https:\/\/webmaibinh.com\/w\/bansach2011\/wp-json\/wp\/v2\/types\/page"}],"author":[{"embeddable":true,"href":"https:\/\/webmaibinh.com\/w\/bansach2011\/wp-json\/wp\/v2\/users\/1"}],"replies":[{"embeddable":true,"href":"https:\/\/webmaibinh.com\/w\/bansach2011\/wp-json\/wp\/v2\/comments?post=925"}],"version-history":[{"count":3,"href":"https:\/\/webmaibinh.com\/w\/bansach2011\/wp-json\/wp\/v2\/pages\/925\/revisions"}],"predecessor-version":[{"id":1044,"href":"https:\/\/webmaibinh.com\/w\/bansach2011\/wp-json\/wp\/v2\/pages\/925\/revisions\/1044"}],"wp:attachment":[{"href":"https:\/\/webmaibinh.com\/w\/bansach2011\/wp-json\/wp\/v2\/media?parent=925"}],"curies":[{"name":"wp","href":"https:\/\/api.w.org\/{rel}","templated":true}]}}