{"id":1041,"date":"2019-12-19T02:29:23","date_gmt":"2019-12-19T02:29:23","guid":{"rendered":"http:\/\/bansach.muathemewordpress.net\/?page_id=1041"},"modified":"2019-12-19T02:29:28","modified_gmt":"2019-12-19T02:29:28","slug":"chinh-sach-thanh-toan","status":"publish","type":"page","link":"https:\/\/webmaibinh.com\/w\/bansach2011\/chinh-sach-thanh-toan\/","title":{"rendered":"Ch\u00ednh s\u00e1ch thanh to\u00e1n"},"content":{"rendered":"<h2>Ch\u00ednh s\u00e1ch thanh to\u00e1n<\/h2>\n<div class=\"sidebar-line\"><strong style=\"color: #555555; font-size: 14.4px;\">Giao h\u00e0ng v\u00e0 thanh to\u00e1n b\u1eb1ng ti\u1ec1n m\u1eb7t khi nh\u1eadn h\u00e0ng:<\/strong><\/div>\n<div class=\"rte\">\n<p>Sau khi kh\u00e1ch h\u00e0ng \u0111\u1eb7t h\u00e0ng th\u00e0nh c\u00f4ng tr\u00ean website s\u1ebd c\u00f3 email c\u1ee7a Alpha Books g\u1eedi v\u1ec1 email qu\u00fd kh\u00e1ch \u0111\u1ec3 th\u00f4ng b\u00e1o\u00a0l\u1ea1i th\u00f4ng tin \u0111\u01a1n h\u00e0ng qu\u00fd kh\u00e1ch v\u1eeba \u0111\u1eb7t. Ng\u00e0y h\u00f4m nay nh\u00e2n vi\u00ean x\u1eed l\u00fd \u0111\u01a1n h\u00e0ng s\u1ebd g\u1ecdi \u0111i\u1ec7n \u0111\u1ec3 x\u00e1c nh\u1eadn l\u1ea1i m\u1ed9t l\u1ea7n n\u1eefa \u0111\u01a1n h\u00e0ng tr\u01b0\u1edbc khi chuy\u1ec3n s\u00e1ch cho \u0111\u01a1n v\u1ecb v\u1eadn chuy\u1ec3n.<\/p>\n<p>C\u00e1c y\u00eau c\u1ea7u giao h\u00e0ng c\u1ea7n c\u00f3 th\u00f4ng tin ch\u00ednh x\u00e1c v\u1ec1 ng\u01b0\u1eddi nh\u1eadn, \u0111\u1ecba ch\u1ec9, s\u1ed1 \u0111i\u1ec7n tho\u1ea1i. M\u1ed9t s\u1ed1 tr\u01b0\u1eddng h\u1ee3p nh\u1ea1y c\u1ea3m nh\u01b0: gi\u00e1 tr\u1ecb \u0111\u01a1n h\u00e0ng l\u1edbn, th\u1eddi gian giao h\u00e0ng bu\u1ed5i t\u1ed1i, \u0111\u1ecba ch\u1ec9 giao h\u00e0ng trong ng\u00f5, khu v\u1ef1c xa trung t\u00e2m.. Nh\u00e2n vi\u00ean x\u1eed l\u00fd \u0111\u01a1n h\u00e0ng\u00a0s\u1ebd ki\u1ec3m tra v\u00e0 trao \u0111\u1ed5i\u00a0th\u00eam v\u1edbi kh\u00e1ch h\u00e0ng, th\u1ed1ng nh\u1ea5t c\u00e1ch th\u1ee9c giao h\u00e0ng c\u1ee5 th\u1ec3 tr\u01b0\u1edbc khi giao.<\/p>\n<\/div>\n","protected":false},"excerpt":{"rendered":"<p>Ch\u00ednh s\u00e1ch thanh to\u00e1n Giao h\u00e0ng v\u00e0 thanh to\u00e1n b\u1eb1ng ti\u1ec1n m\u1eb7t khi nh\u1eadn h\u00e0ng: Sau khi kh\u00e1ch h\u00e0ng \u0111\u1eb7t h\u00e0ng th\u00e0nh c\u00f4ng tr\u00ean website s\u1ebd c\u00f3 email c\u1ee7a Alpha Books g\u1eedi v\u1ec1 email qu\u00fd kh\u00e1ch \u0111\u1ec3 th\u00f4ng b\u00e1o\u00a0l\u1ea1i th\u00f4ng tin \u0111\u01a1n h\u00e0ng qu\u00fd kh\u00e1ch v\u1eeba \u0111\u1eb7t. Ng\u00e0y h\u00f4m nay nh\u00e2n vi\u00ean x\u1eed l\u00fd \u0111\u01a1n [&#8230;]\n","protected":false},"author":1,"featured_media":0,"parent":0,"menu_order":0,"comment_status":"closed","ping_status":"closed","template":"","meta":[],"_links":{"self":[{"href":"https:\/\/webmaibinh.com\/w\/bansach2011\/wp-json\/wp\/v2\/pages\/1041"}],"collection":[{"href":"https:\/\/webmaibinh.com\/w\/bansach2011\/wp-json\/wp\/v2\/pages"}],"about":[{"href":"https:\/\/webmaibinh.com\/w\/bansach2011\/wp-json\/wp\/v2\/types\/page"}],"author":[{"embeddable":true,"href":"https:\/\/webmaibinh.com\/w\/bansach2011\/wp-json\/wp\/v2\/users\/1"}],"replies":[{"embeddable":true,"href":"https:\/\/webmaibinh.com\/w\/bansach2011\/wp-json\/wp\/v2\/comments?post=1041"}],"version-history":[{"count":2,"href":"https:\/\/webmaibinh.com\/w\/bansach2011\/wp-json\/wp\/v2\/pages\/1041\/revisions"}],"predecessor-version":[{"id":1043,"href":"https:\/\/webmaibinh.com\/w\/bansach2011\/wp-json\/wp\/v2\/pages\/1041\/revisions\/1043"}],"wp:attachment":[{"href":"https:\/\/webmaibinh.com\/w\/bansach2011\/wp-json\/wp\/v2\/media?parent=1041"}],"curies":[{"name":"wp","href":"https:\/\/api.w.org\/{rel}","templated":true}]}}