{"id":339,"date":"2020-04-05T11:26:58","date_gmt":"2020-04-05T11:26:58","guid":{"rendered":"http:\/\/shopee.muathemewordpress.net\/?post_type=product&#038;p=339"},"modified":"2020-04-06T05:05:53","modified_gmt":"2020-04-06T05:05:53","slug":"giay-the-thao-nu-jintu-2-phoi-mau-trang-hong-kem-cam-vai-mem-thoang-chan-11","status":"publish","type":"product","link":"https:\/\/webmaibinh.com\/w\/bachhoa32011\/san-pham\/giay-the-thao-nu-jintu-2-phoi-mau-trang-hong-kem-cam-vai-mem-thoang-chan-11\/","title":{"rendered":"Gi\u00e0y th\u1ec3 thao n\u1eef Jintu 2 ph\u1ed1i m\u00e0u tr\u1eafng h\u1ed3ng\/kem cam v\u1ea3i m\u1ec1m tho\u00e1ng ch\u00e2n"},"content":{"rendered":"<p>\u25cf TH\u00d4NG TIN S\u1ea2N PH\u1ea8M<br \/>\nM\u1eabu m\u00e3 m\u1edbi hot hit mang t\u00ean JINTU ph\u00f9 h\u1ee3p \u0111i t\u1eadp gym, ch\u1ea1y b\u1ed9, \u0111i h\u1ecdc, \u0111i ch\u01a1i<br \/>\nGi\u00e0y th\u1ec3 thao tr\u1eafng ph\u1ed1i m\u00e0u \u0111\u01a1n gi\u1ea3n d\u1ec5 mix \u0111\u1ed3 tr\u1eafng h\u1ed3ng v\u00e0 kem cam.<br \/>\nTr\u1eafng h\u1ed3ng: tr\u1ebb trung, d\u1ec5 th\u01b0\u01a1ng<br \/>\nKem cam: n\u1ed5i b\u1eadt, c\u00e1 t\u00ednh<br \/>\nL\u1ea5y h\u00e0ng Sll call: 0886.36.8688 (kho UMI SHOES)<br \/>\n&#8211; \u00f4m ch\u00e2n, xinh x\u1ecbn<br \/>\n&#8211; Mix Phong c\u00e1ch H\u00e0n Qu\u1ed1c<br \/>\n\u25c7 K\u1ebft c\u1ea5u s\u1ea3n ph\u1ea9m<br \/>\n* C\u1ea5u t\u1ea1o 3 l\u1edbp:<br \/>\n&#8211; Ph\u1ea7n Upper:<br \/>\n\u25aa\ufe0ech\u1ea5t li\u1ec7u da PU m\u1ec1m m\u1ecbn cao c\u1ea5p, t\u0103ng kh\u1ea3 n\u0103ng h\u1ed7 tr\u1ee3 v\u00e0 b\u1ea3o v\u1ec7 ch\u00e2n k\u1ebft h\u1ee3p v\u1edbi mesh v\u1eeba t\u1ea1o hi\u1ec7u \u1ee9ng tuy\u1ec7t v\u1eddi, v\u1eeba th\u00f4ng tho\u00e1ng v\u00f4 c\u00f9ng, l\u1edbp v\u1ea3i kh\u00f4ng qu\u00e1 m\u1ecfng, c\u0169ng kh\u00f4ng qu\u00e1 d\u00e0y, gi\u00fap t\u1ea1o form d\u00e1ng c\u1ef1c chu\u1ea9n \u0111\u1eb9p m\u00e0 kh\u00f4ng h\u1ec1 g\u00e2y ra c\u1ea3m gi\u00e1c kh\u00f3 ch\u1ecbu, b\u00ed ch\u00e2n khi mang.<br \/>\n&#8211; ch\u1ea5t li\u1ec7u v\u1ea3i m\u1ec1m tho\u00e1ng, do \u0111\u00f3 c\u00e1c n\u00e0ng c\u00f3 ch\u1ea1y nh\u1ea3y c\u1ea3 ng\u00e0y \u0111\u1ec1u tho\u1ea3i m\u00e1i<br \/>\n\u25aa\ufe0eB\u1ed9 d\u00e2y k\u00e9p, trendy, cool kh\u1ecfi b\u00e0n<br \/>\n&#8211; Ph\u1ea7n Midsole (\u0111\u1ebf gi\u1eefa) EVA r\u1ea5t \u00eam, l\u00f3t tho\u00e1t kh\u00ed d\u1ea1ng t\u1ed5 ong c\u00f3 t\u00e1c d\u1ee5ng gi\u00fap h\u1ea1n ch\u1ebf c\u00e1c t\u00e1c nh\u00e2n g\u00e2y m\u00f9i, 1 h\u00ecnh th\u1ee9c ch\u1ed1ng h\u00f4i ch\u00e2n m\u00e0 kh\u00f4ng c\u1ea7n \u0111\u1ebfn x\u1ecbt kh\u1eed m\u00f9i lu\u00f4n c\u00e1c n\u00e0ng nh\u00e9<br \/>\n&#8211; Ph\u1ea7n Outsole (\u0111\u1ebf ngo\u00e0i) l\u00e0 \u0111i\u1ec3m quy\u1ebft \u0111\u1ecbnh c\u1ee7a em gi\u00e0y n\u00e0y. \u0110\u1ebf cao su non t\u1ef1 nhi\u00ean c\u00f3 t\u00ednh ch\u1ea5t m\u1ec1m v\u00e0 b\u00e1m d\u00ednh, ch\u1ed1ng tr\u01a1n tr\u01b0\u1ee3t, ma s\u00e1t t\u1ed1i \u0111a, t\u1ea1o \u0111\u1ed9 \u00eam \u00e1i tho\u1ea3i m\u00e1i n\u00ean s\u1ea3n ph\u1ea9m h\u1ebft s\u1ee9c tuy\u1ec7t v\u1eddi cho nh\u1eefng c\u00f4 n\u00e0ng c\u00f3 t\u00ednh ch\u1ea5t c\u00f4ng vi\u1ec7c ph\u1ea3i \u0111i l\u1ea1i c\u1ea3 ng\u00e0y.<br \/>\n\u0110\u1ebf cao 3cm, \u0111\u1ed9n \u0111\u01b0\u1ee3c &#8220;kh\u01a1 kh\u1edb&#8221; chi\u1ec1u cao cho c\u00e1c n\u00e0ng &#8220;n\u1ea5m l\u00f9n&#8221; nh\u00e0 ta \u0111\u00f3 \u1ea1.<br \/>\n* Ch\u1ea5t keo:<br \/>\nKeo \u00e9p nhi\u1ec7t c\u1ef1c ch\u1eafn. Do \u0111\u00f3, c\u00f3 ti\u1ebfp x\u00fac n\u01b0\u1edbc m\u01b0a \u1ebbm \u1ea5y c\u0169ng ch\u1eb3ng phi\u1ec1n h\u00e0.<br \/>\n\u25c7 Size: 35 &#8211; 39<br \/>\n\u25cf G\u1ee2I \u00dd PH\u1ed0I \u0110\u1ed2 (MIX MATCH TUY\u1ec6T H\u1ea2O)<br \/>\n\u1ebam sneaker n\u00e0y si\u00eau d\u1ec5 ph\u1ed1i \u0111\u1ed3 lu\u00f4n<br \/>\nUmi shoes s\u1ebd h\u01b0\u1edbng d\u1eabn c\u00e1c n\u00e0ng mix match chu\u1ea9n ch\u1ec9nh trong ph\u1ea7n ibox nh\u00e9. &#8220;B\u00ed m\u1eadt&#8221; m\u00e0, c\u00e1c c\u00f4 n\u00e0ng h\u00e3y ib or \u0111\u1eb7t h\u00e0ng ngay \u0111\u1ec3 nh\u1eadn ngay C\u00e1ch th\u1ee9c l\u00ean \u0111\u1ed3 chu\u1ea9n trend t\u1eeb UMI SHOES nh\u00e9<br \/>\n\u25cf S\u1eec D\u1ee4NG V\u00c0 B\u1ea2O QU\u1ea2N<br \/>\n\u25aa\ufe0e S\u1ea3n ph\u1ea9m ph\u00f9 h\u1ee3p \u0111i ch\u01a1i, \u0111i ti\u1ec7c \u0111i h\u1ecdc, du l\u1ecbch t\u1eadp Gym, d\u1ea1o ph\u1ed1, ch\u1ea1y b\u1ed9,&#8230;<br \/>\nShop : #UMISHOES<br \/>\nGi\u00e0y th\u1ec3 thao unisex nam n\u1eef \u0111\u1ebf \u00eam m\u1ec1m<br \/>\nNg\u00e0nh h\u00e0ng: #giaydepnu #giaythethaonu #giayulzzang #giaynuthethao #gi\u00e0yth\u1ec3thaon\u1eef #gi\u00e0yn\u1eefgi\u00e1r\u1ebb #giaythethao #gi\u00e0yth\u1ec3thaom\u1eabum\u1edbi #gi\u00e0yn\u1eefxinh #giaynu<br \/>\n#gi\u00e0ysinhvi\u00ean #gi\u00e0y\u0111ih\u1ecdc #sneakerulzzang<br \/>\n#giaythethao #gi\u00e0yn\u1eefxinh #gi\u00e0yh\u00e0nqu\u1ed1c<br \/>\nGi\u00e0y t\u1eb7ng sinh nh\u1eadt, gi\u00e0y t\u1eb7ng b\u1ea1n g\u00e1i, qu\u00e0 t\u1eb7ng sinh nh\u1eadt, phong c\u00e1ch H\u00e0n Qu\u1ed1c, n\u1eef t\u00ednh, gi\u00e0y m\u00f9a \u0111\u00f4ng, gi\u00e0y m\u00f9a h\u00e8, gi\u00e0y n\u1eef m\u00e0u tr\u1eafng, gi\u00e0y th\u1ec3 thao n\u1eef m\u00e0u v\u00e0ng, gi\u00e0y th\u1ec3 thao n\u1eef \u0111en tr\u1eafng, gi\u00e0y ki\u1ec3u d\u00e1ng m\u1eabu m\u1edbi, gi\u00e0y \u0111\u1ed9c l\u1ea1, gi\u00e0y hot hit, giay nu mau moi, phong cach Han Quoc, giay nu gia re, giay the thao hoc sinh, giay the thao di tap gym, giay chay bo, gi\u00e0y ch\u1ea1y b\u1ed9, gi\u00e0y \u0111i ch\u01a1i, gi\u00e0y \u0111i du d\u1ecbch, mi\u1ec5n ph\u00ed ship, c\u00f3 h\u1ed9p, gi\u00e0y \u0111\u1ed9n \u0111\u1ebf, gi\u00e0y v\u1ea3i, gi\u00e0y th\u1ec3 thao n\u1eef \u0111\u1ed9n \u0111\u1ebf, gi\u00e0y v\u1ea3i m\u1ec1m, gi\u00e0y \u0111\u1ebf \u00eam, gi\u00e0y Ulzzang, sneaker ulzzang, gi\u00e0y th\u1ec3 thao n\u1eef b\u00e1n ch\u1ea1y, s\u1ee5c th\u1ec3 thao, t\u00ecm ki\u1ebfm h\u00e0ng \u0111\u1ea7u, gi\u00e0y t\u1eb7ng b\u1ea1n g\u00e1i, gi\u00e0y ulzzang, gi\u00e0y th\u1ec3 thao tr\u1eafng, gi\u00e0y th\u1ec3 thao n\u1eef m\u1eabu m\u1edbi, gi\u00e0y th\u1ec3 thao c\u00e1 t\u00ednh, gi\u00e0y th\u1ec3 thao nam n\u1eef, gi\u00e0y \u0111\u00f4i nam n\u1eef, qu\u00e0 t\u1eb7ng sinh nh\u1eadt, gi\u00e0y tho\u00e1ng ch\u00e2n, gi\u00e0y th\u1ec3 thao \u0111\u1ebf \u00eam, gi\u00e0y th\u1ec3 thao h\u1ed3ng, gi\u00e0y v\u1ea3i m\u1ec1m, gi\u00e0y t\u0103ng chi\u1ec1u cao,gi\u00e0y nam gi\u00e1 r\u1ebb, gi\u00e0y n\u1eef gi\u00e1 r\u1ebb,&#8230;gi\u00e0y \u0111i m\u01b0a,<br \/>\nD\u00e0nh cho : #thoitrangnu<\/p>\n","protected":false},"excerpt":{"rendered":"<p>\u25cf TH\u00d4NG TIN S\u1ea2N PH\u1ea8M M\u1eabu m\u00e3 m\u1edbi hot hit mang t\u00ean JINTU ph\u00f9 h\u1ee3p \u0111i t\u1eadp gym, ch\u1ea1y b\u1ed9, \u0111i h\u1ecdc, \u0111i ch\u01a1i Gi\u00e0y th\u1ec3 thao tr\u1eafng ph\u1ed1i m\u00e0u \u0111\u01a1n gi\u1ea3n d\u1ec5 mix \u0111\u1ed3 tr\u1eafng h\u1ed3ng v\u00e0 kem cam. Tr\u1eafng h\u1ed3ng: tr\u1ebb trung, d\u1ec5 th\u01b0\u01a1ng Kem cam: n\u1ed5i b\u1eadt, c\u00e1 t\u00ednh L\u1ea5y h\u00e0ng Sll &#8230;<\/p>\n","protected":false},"featured_media":316,"comment_status":"open","ping_status":"closed","template":"","meta":[],"_links":{"self":[{"href":"https:\/\/webmaibinh.com\/w\/bachhoa32011\/wp-json\/wp\/v2\/product\/339"}],"collection":[{"href":"https:\/\/webmaibinh.com\/w\/bachhoa32011\/wp-json\/wp\/v2\/product"}],"about":[{"href":"https:\/\/webmaibinh.com\/w\/bachhoa32011\/wp-json\/wp\/v2\/types\/product"}],"replies":[{"embeddable":true,"href":"https:\/\/webmaibinh.com\/w\/bachhoa32011\/wp-json\/wp\/v2\/comments?post=339"}],"wp:featuredmedia":[{"embeddable":true,"href":"https:\/\/webmaibinh.com\/w\/bachhoa32011\/wp-json\/wp\/v2\/media\/316"}],"wp:attachment":[{"href":"https:\/\/webmaibinh.com\/w\/bachhoa32011\/wp-json\/wp\/v2\/media?parent=339"}],"curies":[{"name":"wp","href":"https:\/\/api.w.org\/{rel}","templated":true}]}}