{"id":295,"date":"2020-04-04T15:31:51","date_gmt":"2020-04-04T15:31:51","guid":{"rendered":"http:\/\/shopee.muathemewordpress.net\/?post_type=product&#038;p=295"},"modified":"2020-05-23T09:55:43","modified_gmt":"2020-05-23T02:55:43","slug":"chai-xit-phun-suong-nhua-thuy-tinh-dung-dung-my-pham-va-nuoc-12","status":"publish","type":"product","link":"https:\/\/webmaibinh.com\/w\/bachhoa32011\/san-pham\/chai-xit-phun-suong-nhua-thuy-tinh-dung-dung-my-pham-va-nuoc-12\/","title":{"rendered":"Chai x\u1ecbt phun s\u01b0\u01a1ng nh\u1ef1a &#038; th\u1ee7y tinh d\u00f9ng \u0111\u1ef1ng m\u1ef9 ph\u1ea9m v\u00e0 n\u01b0\u1edbc"},"content":{"rendered":"<p>Balo Nateka 102 r\u1eb1n ri xanh x\u00e1m \u0111\u01b0\u1ee3c s\u1ea3n xu\u1ea5t t\u1eeb ch\u1ea5t li\u1ec7u b\u1ec1n \u0111\u1eb9p, thi\u1ebft k\u1ebf tr\u1ebb trung c\u00f9ng \u0111\u01b0\u1eddng ch\u1ec9 may tinh t\u1ebf s\u1ebd l\u00e0 g\u1ee3i \u00fd ho\u00e0n h\u1ea3o mang \u0111\u1ebfn cho ph\u00e1i \u0111\u1eb9p n\u00e9t tr\u1ebb trung v\u00e0 c\u00e1 t\u00ednh.<\/p>\n<p>Ch\u1ea5t li\u1ec7u Oxford v\u00e0 Polyester b\u1ec1n \u0111\u1eb9p, an to\u00e0n v\u00e0 th\u00e2n thi\u1ec7n v\u1edbi m\u00f4i tr\u01b0\u1eddng<br \/>\nMi\u1ec7ng kh\u00f3a k\u00e9o, d\u00e2y quai \u0111eo ch\u1eafc ch\u1eafn<br \/>\n1 ng\u0103n l\u1edbn \u0111\u1ef1ng laptop l\u00ean \u0111\u1ebfn 14inch, 3 ng\u0103n nh\u1ecf<br \/>\nXu\u1ea5t x\u1ee9: Trung Qu\u1ed1c<\/p>\n","protected":false},"excerpt":{"rendered":"<p>Balo Nateka 102 r\u1eb1n ri xanh x\u00e1m \u0111\u01b0\u1ee3c s\u1ea3n xu\u1ea5t t\u1eeb ch\u1ea5t li\u1ec7u b\u1ec1n \u0111\u1eb9p, thi\u1ebft k\u1ebf tr\u1ebb trung c\u00f9ng \u0111\u01b0\u1eddng ch\u1ec9 may tinh t\u1ebf s\u1ebd l\u00e0 g\u1ee3i \u00fd ho\u00e0n h\u1ea3o mang \u0111\u1ebfn cho ph\u00e1i \u0111\u1eb9p n\u00e9t tr\u1ebb trung v\u00e0 c\u00e1 t\u00ednh. Ch\u1ea5t li\u1ec7u Oxford v\u00e0 Polyester b\u1ec1n \u0111\u1eb9p, an to\u00e0n v\u00e0 th\u00e2n thi\u1ec7n v\u1edbi &#8230;<\/p>\n","protected":false},"featured_media":223,"comment_status":"open","ping_status":"closed","template":"","meta":[],"_links":{"self":[{"href":"https:\/\/webmaibinh.com\/w\/bachhoa32011\/wp-json\/wp\/v2\/product\/295"}],"collection":[{"href":"https:\/\/webmaibinh.com\/w\/bachhoa32011\/wp-json\/wp\/v2\/product"}],"about":[{"href":"https:\/\/webmaibinh.com\/w\/bachhoa32011\/wp-json\/wp\/v2\/types\/product"}],"replies":[{"embeddable":true,"href":"https:\/\/webmaibinh.com\/w\/bachhoa32011\/wp-json\/wp\/v2\/comments?post=295"}],"wp:featuredmedia":[{"embeddable":true,"href":"https:\/\/webmaibinh.com\/w\/bachhoa32011\/wp-json\/wp\/v2\/media\/223"}],"wp:attachment":[{"href":"https:\/\/webmaibinh.com\/w\/bachhoa32011\/wp-json\/wp\/v2\/media?parent=295"}],"curies":[{"name":"wp","href":"https:\/\/api.w.org\/{rel}","templated":true}]}}