{"id":309,"date":"2019-10-07T22:29:29","date_gmt":"2019-10-07T15:29:29","guid":{"rendered":"http:\/\/shop2.muathemewordpress.net\/?post_type=product&#038;p=309"},"modified":"2020-05-23T09:47:59","modified_gmt":"2020-05-23T02:47:59","slug":"may-rua-mat-chinh-hang-nhat-ban-qua-trung-jmy-379","status":"publish","type":"product","link":"https:\/\/webmaibinh.com\/w\/bachhoa22011\/san-pham\/may-rua-mat-chinh-hang-nhat-ban-qua-trung-jmy-379\/","title":{"rendered":"M\u00e1y r\u1eeda m\u1eb7t ch\u00ednh h\u00e3ng Nh\u1eadt B\u1ea3n qu\u1ea3 tr\u1ee9ng JMY 379"},"content":{"rendered":"<p><img loading=\"lazy\" class=\"aligncenter wp-image-316 size-large\" src=\"http:\/\/shop2.muathemewordpress.net\/wp-content\/uploads\/2019\/10\/1-154-680x1024.jpg\" alt=\"\" width=\"680\" height=\"1024\" srcset=\"https:\/\/webmaibinh.com\/w\/bachhoa22011\/wp-content\/uploads\/2019\/10\/1-154-680x1024.jpg 680w, https:\/\/webmaibinh.com\/w\/bachhoa22011\/wp-content\/uploads\/2019\/10\/1-154-510x768.jpg 510w, https:\/\/webmaibinh.com\/w\/bachhoa22011\/wp-content\/uploads\/2019\/10\/1-154-199x300.jpg 199w, https:\/\/webmaibinh.com\/w\/bachhoa22011\/wp-content\/uploads\/2019\/10\/1-154-768x1156.jpg 768w, https:\/\/webmaibinh.com\/w\/bachhoa22011\/wp-content\/uploads\/2019\/10\/1-154.jpg 790w\" sizes=\"(max-width: 680px) 100vw, 680px\" \/><\/p>\n","protected":false},"excerpt":{"rendered":"<p>M\u00e1y r\u1eeda m\u1eb7t qu\u1ea3 tr\u1ee9ng JMY Nh\u1eadt B\u1ea3n \u0111\u01b0\u1ee3c \u1ee9ng d\u1ee5ng c\u00f4ng ngh\u1ec7 l\u00e0m s\u1ea1ch ti\u00ean ti\u1ebfn Sonic Wave Cleansing gi\u00fap l\u00e0m s\u1ea1ch s\u00e2u v\u00e0 lo\u1ea1i b\u1ecf t\u1edbi 99,5% b\u1ee5i b\u1ea9n v\u00e0 d\u1ea7u th\u1eeba c\u0169ng nh\u01b0 l\u1edbp trang \u0111i\u1ec3m c\u00f2n s\u00f3t l\u1ea1i. Gi\u1ea3m t\u00ecnh tr\u1ea1ng m\u1ee5n gi\u00fap da s\u00e1ng b\u00f3ng, m\u1ecbn m\u00e0ng<\/p>\n","protected":false},"featured_media":310,"comment_status":"open","ping_status":"closed","template":"","meta":[],"_links":{"self":[{"href":"https:\/\/webmaibinh.com\/w\/bachhoa22011\/wp-json\/wp\/v2\/product\/309"}],"collection":[{"href":"https:\/\/webmaibinh.com\/w\/bachhoa22011\/wp-json\/wp\/v2\/product"}],"about":[{"href":"https:\/\/webmaibinh.com\/w\/bachhoa22011\/wp-json\/wp\/v2\/types\/product"}],"replies":[{"embeddable":true,"href":"https:\/\/webmaibinh.com\/w\/bachhoa22011\/wp-json\/wp\/v2\/comments?post=309"}],"wp:featuredmedia":[{"embeddable":true,"href":"https:\/\/webmaibinh.com\/w\/bachhoa22011\/wp-json\/wp\/v2\/media\/310"}],"wp:attachment":[{"href":"https:\/\/webmaibinh.com\/w\/bachhoa22011\/wp-json\/wp\/v2\/media?parent=309"}],"curies":[{"name":"wp","href":"https:\/\/api.w.org\/{rel}","templated":true}]}}