{"id":83,"date":"2019-10-07T09:55:12","date_gmt":"2019-10-07T02:55:12","guid":{"rendered":"http:\/\/shop2.muathemewordpress.net\/?page_id=83"},"modified":"2019-10-08T18:19:42","modified_gmt":"2019-10-08T11:19:42","slug":"huong-dan-mua-hang","status":"publish","type":"page","link":"https:\/\/webmaibinh.com\/w\/bachhoa22011\/huong-dan-mua-hang\/","title":{"rendered":"H\u01b0\u1edbng d\u1eabn mua h\u00e0ng"},"content":{"rendered":"<h3><strong>I. \u0110\u1eb7t h\u00e0ng th\u00f4ng th\u01b0\u1eddng<\/strong><\/h3>\n<ul>\n<li>B\u01b0\u1edbc 1: Th\u00eam s\u1ea3n ph\u1ea9m v\u00e0o gi\u1ecf h\u00e0ng b\u1eb1ng c\u00e1ch b\u1ea5m v\u00e0o n\u00fat Mua h\u00e0ng tr\u00ean trang chi ti\u1ebft s\u1ea3n ph\u1ea9m<\/li>\n<li>B\u01b0\u1edbc 2: Ki\u1ec3m tra th\u00f4ng tin v\u1ec1 s\u1ed1 l\u01b0\u1ee3ng, gi\u00e1 b\u00e1n, v\u00e0 nh\u1eadp th\u00f4ng tin m\u00e3 gi\u1ea3m gi\u00e1 n\u1ebfu c\u00f3. Sau \u0111\u00f3 b\u1ea5m v\u00e0o n\u00fat thanh to\u00e1n \u0111\u1ec3 chuy\u1ec3n qua b\u01b0\u1edbc nh\u1eadp th\u00f4ng tin<\/li>\n<li>B\u01b0\u1edbc 3: Nh\u1eadp \u0111\u1ea7y \u0111\u1ee7 th\u00f4ng tin bao g\u1ed3m: H\u1ecd t\u00ean ng\u01b0\u1eddi nh\u1eadn, s\u1ed1 \u0111i\u1ec7n tho\u1ea1i, \u0111\u1ecba ch\u1ec9 nh\u1eadn h\u00e0ng theo m\u1eabu h\u01b0\u1edbng d\u1eabn. Nh\u1eefng m\u1ee5c b\u1eaft bu\u1ed9c l\u00e0 ph\u1ea3i nh\u1eadp. Sau \u0111\u00f3 ch\u1ecdn h\u00ecnh th\u1ee9c thanh to\u00e1n<\/li>\n<li>B\u01b0\u1edbc 4: B\u1ea5m v\u00e0o n\u00fat \u0110\u1eb6T H\u00c0NG. \u0110\u1ee3i kho\u1ea3ng v\u00e0i gi\u00e2y h\u1ec7 th\u1ed1ng s\u1ebd chuy\u1ec3n sang trang tr\u1ea1ng th\u00e1i ho\u00e0n th\u00e0nh l\u00e0 b\u1ea1n \u0111\u00e3 \u0111\u1eb7t h\u00e0ng th\u00e0nh c\u00f4ng.<\/li>\n<\/ul>\n<h3><strong>II. G\u1ecdi \u0111i\u1ec7n tho\u1ea1i \u0111\u1eb7t h\u00e0ng<\/strong><\/h3>\n<p>N\u1ebfu kh\u00f4ng mu\u1ed1n th\u1ef1c hi\u1ec7n c\u00e1c thao t\u00e1c \u0111\u1eb7t h\u00e0ng, c\u00e1c b\u1ea1n c\u00f3 th\u1ec3 g\u1ecdi \u0111i\u1ec7n tr\u1ef1c ti\u1ebfp t\u1edbi s\u1ed1: 0973424844 v\u00e0 cung c\u1ea5p th\u00f4ng tin \u0111\u1ea7y \u0111\u1ee7 \u0111\u1ec3 Hangtotnhapkhau.com c\u00f3 th\u1ec3 \u0111\u1eb7t h\u00e0ng gi\u00fap b\u1ea1n.<\/p>\n<blockquote><p>Trong c\u1ea3 hai tr\u01b0\u1eddng h\u1ee3p, h\u1ec7 th\u1ed1ng c\u1ee7a Hangtotnhapkhau.com c\u00f3 th\u1ec3 g\u1eedi m\u1ed9t tin nh\u1eafn x\u00e1c nh\u1eadn \u0111\u01a1n h\u00e0ng v\u00e0o s\u1ed1 \u0111i\u1ec7n tho\u1ea1i c\u1ee7a b\u1ea1n. \u0110\u00e2y l\u00e0 tin nh\u1eafn t\u1ef1 \u0111\u1ed9ng, vui l\u00f2ng kh\u00f4ng tr\u1ea3 l\u1eddi ho\u1eb7c li\u00ean h\u1ec7 l\u1ea1i!<\/p><\/blockquote>\n<p><strong>H\u00e0ng T\u1ed1t Nh\u1eadp Kh\u1ea9u\u00a0tr\u00e2n tr\u1ecdng th\u00f4ng b\u00e1o t\u1edbi Qu\u00fd kh\u00e1ch h\u00e0ng!<\/strong><\/p>\n","protected":false},"excerpt":{"rendered":"<p>I. \u0110\u1eb7t h\u00e0ng th\u00f4ng th\u01b0\u1eddng B\u01b0\u1edbc 1: Th\u00eam s\u1ea3n ph\u1ea9m v\u00e0o gi\u1ecf h\u00e0ng b\u1eb1ng c\u00e1ch b\u1ea5m v\u00e0o n\u00fat Mua h\u00e0ng tr\u00ean trang chi ti\u1ebft s\u1ea3n ph\u1ea9m B\u01b0\u1edbc 2: Ki\u1ec3m tra th\u00f4ng tin v\u1ec1 s\u1ed1 l\u01b0\u1ee3ng, gi\u00e1 b\u00e1n, v\u00e0 nh\u1eadp th\u00f4ng tin m\u00e3 gi\u1ea3m gi\u00e1 n\u1ebfu c\u00f3. Sau \u0111\u00f3 b\u1ea5m v\u00e0o n\u00fat thanh to\u00e1n \u0111\u1ec3 chuy\u1ec3n &#8230;<\/p>\n","protected":false},"author":1,"featured_media":0,"parent":0,"menu_order":0,"comment_status":"closed","ping_status":"closed","template":"","meta":[],"_links":{"self":[{"href":"https:\/\/webmaibinh.com\/w\/bachhoa22011\/wp-json\/wp\/v2\/pages\/83"}],"collection":[{"href":"https:\/\/webmaibinh.com\/w\/bachhoa22011\/wp-json\/wp\/v2\/pages"}],"about":[{"href":"https:\/\/webmaibinh.com\/w\/bachhoa22011\/wp-json\/wp\/v2\/types\/page"}],"author":[{"embeddable":true,"href":"https:\/\/webmaibinh.com\/w\/bachhoa22011\/wp-json\/wp\/v2\/users\/1"}],"replies":[{"embeddable":true,"href":"https:\/\/webmaibinh.com\/w\/bachhoa22011\/wp-json\/wp\/v2\/comments?post=83"}],"version-history":[{"count":0,"href":"https:\/\/webmaibinh.com\/w\/bachhoa22011\/wp-json\/wp\/v2\/pages\/83\/revisions"}],"wp:attachment":[{"href":"https:\/\/webmaibinh.com\/w\/bachhoa22011\/wp-json\/wp\/v2\/media?parent=83"}],"curies":[{"name":"wp","href":"https:\/\/api.w.org\/{rel}","templated":true}]}}