{"id":81,"date":"2019-10-07T09:55:07","date_gmt":"2019-10-07T02:55:07","guid":{"rendered":"http:\/\/shop2.muathemewordpress.net\/?page_id=81"},"modified":"2019-10-08T18:18:41","modified_gmt":"2019-10-08T11:18:41","slug":"cau-hoi-thuong-gap","status":"publish","type":"page","link":"https:\/\/webmaibinh.com\/w\/bachhoa22011\/cau-hoi-thuong-gap\/","title":{"rendered":"C\u00e2u h\u1ecfi th\u01b0\u1eddng g\u1eb7p"},"content":{"rendered":"<h3><strong>T\u00f4i c\u00f3 c\u1ea7n t\u1ea1o t\u00e0i kho\u1ea3n tr\u01b0\u1edbc khi mua h\u00e0ng?<\/strong><\/h3>\n<p>Website Hangtotnhapkhau.com h\u1ed7 tr\u1ee3 kh\u00e1ch h\u00e0ng mua h\u00e0ng m\u00e0 kh\u00f4ng c\u1ea7n t\u1ea1o t\u00e0i kho\u1ea3n. Tuy nhi\u00ean, n\u1ebfu b\u1ea1n t\u1ea1o t\u00e0i kho\u1ea3n s\u1ebd c\u00f3 r\u1ea5t nhi\u1ec1u l\u1ee3i \u00edch \u0111i k\u00e8m. Ch\u1eb3ng h\u1ea1n nh\u01b0: \u0110\u00e1nh gi\u00e1 s\u1ea3n ph\u1ea9m v\u00e0 nh\u1eadn m\u00e3 gi\u1ea3m gi\u00e1 10% cho l\u1ea7n mua ti\u1ebfp theo, qu\u1ea3n l\u00fd to\u00e0n b\u1ed9 c\u00e1c \u0111\u01a1n h\u00e0ng c\u1ee7a m\u00ecnh, download h\u00f3a \u0111\u01a1n b\u00e1n h\u00e0ng, nh\u1eadn c\u00e1c \u01b0u \u0111\u00e3i \u0111\u1eb7c quy\u1ec1n d\u00e0nh ri\u00eang cho th\u00e0nh vi\u00ean\u2026<\/p>\n<p>Tr\u00ean c\u01a1 s\u1edf \u0111\u00f3, ch\u00fang t\u00f4i khuy\u1ebfn kh\u00edch kh\u00e1ch h\u00e0ng t\u1ea1o t\u00e0i kho\u1ea3n tr\u01b0\u1edbc khi mua h\u00e0ng.<\/p>\n<h3><strong>L\u00e0m th\u1ec3 n\u00e0o \u0111\u1ec3 t\u1ed1i c\u00f3 th\u1ec3 s\u1eed d\u1ee5ng \u0111\u01b0\u1ee3c m\u00e3 gi\u1ea3m gi\u00e1<\/strong><\/h3>\n<p>B\u1ea1n nh\u1eadp m\u00e3 \u01b0u \u0111\u00e3i trong qu\u00e1 tr\u00ecnh ho\u00e0n thi\u1ec7n th\u00f4ng tin thanh to\u00e1n.<\/p>\n<blockquote><p>L\u01b0u \u00fd r\u1eb1ng: c\u00e1c m\u00e3 gi\u1ea3m gi\u00e1 s\u1ebd c\u00f3 th\u1eddi gian s\u1eed d\u1ee5ng, b\u1ecb gi\u1edbi h\u1ea1n s\u1ed1 l\u1ea7n v\u00e0 t\u1ef7 l\u1ec7 gi\u1ea3m gi\u00e1 ph\u1ee5 thu\u1ed9c v\u00e0o ch\u00ednh s\u00e1ch t\u1ea1i t\u1eebng th\u1eddi \u0111i\u1ec3m.<\/p><\/blockquote>\n<h3><strong>T\u00f4i c\u00f3 \u0111\u01b0\u1ee3c mua h\u00e0ng tr\u1ea3 g\u00f3p kh\u00f4ng?<\/strong><\/h3>\n<p>Hi\u1ec7n t\u1ea1i, H\u00e0ng T\u1ed1t Nh\u1eadp Kh\u1ea9u\u00a0ch\u01b0a h\u1ed7 tr\u1ee3 mua h\u00e0ng tr\u1ea3 g\u00f3p.<\/p>\n","protected":false},"excerpt":{"rendered":"<p>T\u00f4i c\u00f3 c\u1ea7n t\u1ea1o t\u00e0i kho\u1ea3n tr\u01b0\u1edbc khi mua h\u00e0ng? Website Hangtotnhapkhau.com h\u1ed7 tr\u1ee3 kh\u00e1ch h\u00e0ng mua h\u00e0ng m\u00e0 kh\u00f4ng c\u1ea7n t\u1ea1o t\u00e0i kho\u1ea3n. Tuy nhi\u00ean, n\u1ebfu b\u1ea1n t\u1ea1o t\u00e0i kho\u1ea3n s\u1ebd c\u00f3 r\u1ea5t nhi\u1ec1u l\u1ee3i \u00edch \u0111i k\u00e8m. Ch\u1eb3ng h\u1ea1n nh\u01b0: \u0110\u00e1nh gi\u00e1 s\u1ea3n ph\u1ea9m v\u00e0 nh\u1eadn m\u00e3 gi\u1ea3m gi\u00e1 10% cho l\u1ea7n mua &#8230;<\/p>\n","protected":false},"author":1,"featured_media":0,"parent":0,"menu_order":0,"comment_status":"closed","ping_status":"closed","template":"","meta":[],"_links":{"self":[{"href":"https:\/\/webmaibinh.com\/w\/bachhoa22011\/wp-json\/wp\/v2\/pages\/81"}],"collection":[{"href":"https:\/\/webmaibinh.com\/w\/bachhoa22011\/wp-json\/wp\/v2\/pages"}],"about":[{"href":"https:\/\/webmaibinh.com\/w\/bachhoa22011\/wp-json\/wp\/v2\/types\/page"}],"author":[{"embeddable":true,"href":"https:\/\/webmaibinh.com\/w\/bachhoa22011\/wp-json\/wp\/v2\/users\/1"}],"replies":[{"embeddable":true,"href":"https:\/\/webmaibinh.com\/w\/bachhoa22011\/wp-json\/wp\/v2\/comments?post=81"}],"version-history":[{"count":0,"href":"https:\/\/webmaibinh.com\/w\/bachhoa22011\/wp-json\/wp\/v2\/pages\/81\/revisions"}],"wp:attachment":[{"href":"https:\/\/webmaibinh.com\/w\/bachhoa22011\/wp-json\/wp\/v2\/media?parent=81"}],"curies":[{"name":"wp","href":"https:\/\/api.w.org\/{rel}","templated":true}]}}