{"id":79,"date":"2019-10-07T09:55:00","date_gmt":"2019-10-07T02:55:00","guid":{"rendered":"http:\/\/shop2.muathemewordpress.net\/?page_id=79"},"modified":"2019-10-08T18:21:09","modified_gmt":"2019-10-08T11:21:09","slug":"tai-hoa-don-vat","status":"publish","type":"page","link":"https:\/\/webmaibinh.com\/w\/bachhoa22011\/tai-hoa-don-vat\/","title":{"rendered":"T\u1ea3i h\u00f3a \u0111\u01a1n VAT"},"content":{"rendered":"<p>Theo quy \u0111\u1ecbnh c\u1ee7a ph\u00e1p lu\u1eadt v\u1ec1 kinh doanh h\u00e0ng h\u00f3a t\u1ea1i Vi\u1ec7t Nam, Hangtotnhapkhau.com th\u1ef1c hi\u1ec7n \u00e1p d\u1ee5ng xu\u1ea5t h\u00f3a \u0111\u01a1n \u0111i\u1ec7n t\u1eed. Quy tr\u00ecnh th\u1ef1c hi\u1ec7n nh\u01b0 sau:<\/p>\n<ul>\n<li><strong>B\u01b0\u1edbc 1<\/strong>: Kh\u00e1ch h\u00e0ng t\u1ea1o t\u00e0i kho\u1ea3n tr\u00ean website Hangtotnhapkhau.com.com<\/li>\n<li><strong>B\u01b0\u1edbc 2<\/strong>: Kh\u00e1ch h\u00e0ng \u0111\u0103ng nh\u1eadp v\u1edbi t\u00e0i kho\u1ea3n t\u1ea1o th\u00e0nh c\u00f4ng v\u00e0 ti\u1ebfn h\u00e0nh mua h\u00e0ng<\/li>\n<li><strong>B\u01b0\u1edbc 3<\/strong>: Kh\u00e1ch h\u00e0ng quay tr\u1edf l\u1ea1i trang qu\u1ea3n l\u00fd t\u00e0i kho\u1ea3n, b\u1ea5m v\u00e0o m\u1ee5c \u0111\u01a1n h\u00e0ng sau \u0111\u00f3 b\u1ea5m t\u1ea3i xu\u1ed1ng h\u00f3a \u0111\u01a1n.<\/li>\n<\/ul>\n<p>\u0110\u1ed1i v\u1edbi kh\u00e1ch h\u00e0ng kh\u00f4ng l\u00e0m \u0111\u00fang c\u00e1c b\u01b0\u1edbc tr\u00ean, H\u00e0ng T\u1ed1t Nh\u1eadp Kh\u1ea9u s\u1ebd kh\u00f4ng th\u1ec3 xu\u1ea5t h\u00f3a \u0111\u01a1n<\/p>\n<a href=\"\/register\/\" target=\"_self\" class=\"button secondary is-large lowercase nut-xem-them\"  style=\"border-radius:99px;\">\n    <span>\u0110\u0103ng k\u00fd t\u00e0i kho\u1ea3n ngay<\/span>\n  <i class=\"icon-angle-right\" ><\/i><\/a>\n\n","protected":false},"excerpt":{"rendered":"<p>Theo quy \u0111\u1ecbnh c\u1ee7a ph\u00e1p lu\u1eadt v\u1ec1 kinh doanh h\u00e0ng h\u00f3a t\u1ea1i Vi\u1ec7t Nam, Hangtotnhapkhau.com th\u1ef1c hi\u1ec7n \u00e1p d\u1ee5ng xu\u1ea5t h\u00f3a \u0111\u01a1n \u0111i\u1ec7n t\u1eed. Quy tr\u00ecnh th\u1ef1c hi\u1ec7n nh\u01b0 sau: B\u01b0\u1edbc 1: Kh\u00e1ch h\u00e0ng t\u1ea1o t\u00e0i kho\u1ea3n tr\u00ean website Hangtotnhapkhau.com.com B\u01b0\u1edbc 2: Kh\u00e1ch h\u00e0ng \u0111\u0103ng nh\u1eadp v\u1edbi t\u00e0i kho\u1ea3n t\u1ea1o th\u00e0nh c\u00f4ng v\u00e0 ti\u1ebfn h\u00e0nh &#8230;<\/p>\n","protected":false},"author":1,"featured_media":0,"parent":0,"menu_order":0,"comment_status":"closed","ping_status":"closed","template":"","meta":[],"_links":{"self":[{"href":"https:\/\/webmaibinh.com\/w\/bachhoa22011\/wp-json\/wp\/v2\/pages\/79"}],"collection":[{"href":"https:\/\/webmaibinh.com\/w\/bachhoa22011\/wp-json\/wp\/v2\/pages"}],"about":[{"href":"https:\/\/webmaibinh.com\/w\/bachhoa22011\/wp-json\/wp\/v2\/types\/page"}],"author":[{"embeddable":true,"href":"https:\/\/webmaibinh.com\/w\/bachhoa22011\/wp-json\/wp\/v2\/users\/1"}],"replies":[{"embeddable":true,"href":"https:\/\/webmaibinh.com\/w\/bachhoa22011\/wp-json\/wp\/v2\/comments?post=79"}],"version-history":[{"count":0,"href":"https:\/\/webmaibinh.com\/w\/bachhoa22011\/wp-json\/wp\/v2\/pages\/79\/revisions"}],"wp:attachment":[{"href":"https:\/\/webmaibinh.com\/w\/bachhoa22011\/wp-json\/wp\/v2\/media?parent=79"}],"curies":[{"name":"wp","href":"https:\/\/api.w.org\/{rel}","templated":true}]}}