{"id":73,"date":"2019-10-07T09:54:36","date_gmt":"2019-10-07T02:54:36","guid":{"rendered":"http:\/\/shop2.muathemewordpress.net\/?page_id=73"},"modified":"2019-10-08T18:18:23","modified_gmt":"2019-10-08T11:18:23","slug":"chinh-sach-doi-tra","status":"publish","type":"page","link":"https:\/\/webmaibinh.com\/w\/bachhoa22011\/chinh-sach-doi-tra\/","title":{"rendered":"Ch\u00ednh s\u00e1ch \u0111\u1ed5i tr\u1ea3"},"content":{"rendered":"<p>Ch\u00ednh s\u00e1ch \u0111\u1ed5i tr\u1ea3 h\u00e0ng nh\u1eb1m \u0111\u1ea3m b\u1ea3o quy\u1ec1n l\u1ee3i t\u1ed1i \u0111a cho kh\u00e1ch h\u00e0ng khi mua s\u1ea3n ph\u1ea9m t\u1ea1i Hangtotnhapkhau.com<\/p>\n<h3><strong>I. S\u1ea3n ph\u1ea9m ch\u01b0a qua s\u1eed d\u1ee5ng<\/strong><\/h3>\n<ul>\n<li>Kh\u00e1ch h\u00e0ng \u0111\u01b0\u1ee3c \u0111\u1ed5i s\u1ea3n ph\u1ea9m sang m\u1eabu kh\u00e1c n\u1ebfu s\u1ea3n ph\u1ea9m ch\u01b0a qua s\u1eed d\u1ee5ng v\u00e0 ph\u1ea3i \u0111\u01b0\u1ee3c ki\u1ec3m tra v\u00e0 x\u00e1c nh\u1eadn b\u1edfi nh\u00e2n vi\u00ean b\u1ea3o h\u00e0nh c\u1ee7a Hangtotnhapkhau.com.<\/li>\n<li>S\u1ea3n ph\u1ea9m m\u1edbi ph\u1ea3i c\u00f3 gi\u00e1 tr\u1ecb b\u1eb1ng ho\u1eb7c cao h\u01a1n gi\u00e1 tr\u1ecb s\u1ea3n ph\u1ea9m \u0111\u1ed5i.<\/li>\n<\/ul>\n<h3><strong>II. \u0110i\u1ec1u ki\u1ec7n ch\u1ea5p nh\u1eadn \u0111\u1ed5i tr\u1ea3\u00a0<\/strong><\/h3>\n<p>Kh\u00e1ch h\u00e0ng \u0111\u01b0\u1ee3c \u0111\u1ed5i s\u1ea3n ph\u1ea9m m\u1edbi c\u00f9ng lo\u1ea1i khi s\u1ea3n ph\u1ea9m g\u1eb7p s\u1ef1 c\u1ed1 kh\u00f4ng th\u1ec3 kh\u1eafc ph\u1ee5c \u0111\u01b0\u1ee3c (do l\u1ed7i k\u1ef9 thu\u1eadt c\u1ee7a nh\u00e0 s\u1ea3n xu\u1ea5t). S\u1ea3n ph\u1ea9m l\u1ed7i ch\u1ec9 \u0111\u01b0\u1ee3c \u0111\u1ed5i sau khi \u0111\u00e3 c\u00f3 x\u00e1c nh\u1eadn c\u1ee7a k\u1ef9 thu\u1eadt v\u00e0 tu\u00e2n th\u1ee7 theo c\u00e1c \u0111i\u1ec1u ki\u1ec7n sau \u0111\u00e2y:<\/p>\n<ul>\n<li>H\u00e0ng h\u00f3a \u0111\u01b0\u1ee3c x\u00e1c \u0111\u1ecbnh ngu\u1ed3n g\u1ed1c mua t\u1ea1i Hangtotnhapkhau.com (c\u0103n c\u1ee9 v\u00e0o h\u00f3a \u0111\u01a1n mua h\u00e0ng v\u00e0 tem nh\u1eadn di\u1ec7n d\u00e1n tr\u00ean s\u1ea3n ph\u1ea9m)<\/li>\n<li>H\u00e0ng h\u00f3a \u0111\u01b0\u1ee3c x\u00e1c nh\u1eadn b\u1ecb l\u1ed5i k\u1ef9 thu\u1eadt c\u1ee7a K\u1ef9 thu\u1eadt vi\u00ean c\u1ee7a Trung T\u00e2m B\u1ea3o H\u00e0nh c\u1ee7a H\u00e3ng<\/li>\n<li>H\u00e0ng h\u00f3a v\u1eabn c\u00f2n nguy\u00ean tem ni\u00eam phong (kh\u00f4ng b\u1ecb r\u00e1ch v\u1edf ho\u1eb7c d\u00e1n l\u1ea1i) c\u1ee7a nh\u00e0 s\u1ea3n xu\u1ea5t ho\u1eb7c tem c\u1ee7a Hangtotnhapkhau.com H\u00e0ng h\u00f3a nh\u1eadn l\u1ea1i kh\u00f4ng b\u1ecb l\u1ed5i h\u00ecnh th\u1ee9c (tr\u1ea7y x\u01b0\u1edbc, m\u00f3p m\u00e9o, \u1ed1 v\u00e0ng, v\u1ee1\u2026)<\/li>\n<li>H\u00e0ng h\u00f3a nh\u1eadn l\u1ea1i ph\u1ea3i c\u00f2n \u0111\u1ea7y \u0111\u1ee7 linh ph\u1ee5 ki\u1ec7n, t\u1eb7ng ph\u1ea9m k\u00e8m theo H\u00e0ng h\u00f3a nh\u1eadn l\u1ea1i ph\u1ea3i \u0111\u1ea3m b\u1ea3o \u0111\u1ea7y \u0111\u1ee7 bao b\u00ec, x\u1ed1p,.. (ngo\u1ea1i tr\u1eeb film d\u00e1n, m\u00e0ng nh\u1ef1a\u2026)<\/li>\n<li>H\u00e0ng h\u00f3a khi nh\u1eadn l\u1ea1i ph\u1ea3i c\u00f3 \u0111\u1ea7y \u0111\u1ee7 c\u00e1c ch\u1ee9ng t\u1eeb k\u00e8m theo (h\u00f3a \u0111\u01a1n VAT, Phi\u1ebfu b\u1ea3o h\u00e0nh, S\u00e1ch h\u01b0\u1edbng d\u1eabn, Brochure\/ Catalogue\u2026)<\/li>\n<\/ul>\n<p>Hangtotnhapkhau.com s\u1ebd th\u1ef1c hi\u1ec7n \u0111\u1ed5i h\u00e0ng cho kh\u00e1ch, nh\u01b0ng kh\u00f4ng ho\u00e0n l\u1ea1i ph\u00ed v\u1eadn chuy\u1ec3n\/ giao h\u00e0ng (n\u1ebfu c\u00f3), tr\u1eeb nh\u1eefng tr\u01b0\u1eddng h\u1ee3p sau:<\/p>\n<ul>\n<li>Kh\u00f4ng \u0111\u00fang ch\u1ee7ng lo\u1ea1i, m\u1eabu m\u00e3 nh\u01b0 qu\u00fd kh\u00e1ch \u0111\u00e3 \u0111\u1eb7t h\u00e0ng.<\/li>\n<li>Kh\u00f4ng \u0111\u1ee7 s\u1ed1 l\u01b0\u1ee3ng, kh\u00f4ng \u0111\u1ee7 b\u1ed9\/ th\u00f4ng tin nh\u01b0 trong \u0111\u01a1n h\u00e0ng ban \u0111\u1ea7u.<\/li>\n<li>Kh\u00f4ng \u0111\u1ea1t ch\u1ea5t l\u01b0\u1ee3ng nh\u01b0: qu\u00e1 h\u1ea1n s\u1eed d\u1ee5ng, h\u1ebft b\u1ea3o h\u00e0nh, kh\u00f4ng v\u1eadn h\u00e0nh \u0111\u01b0\u1ee3c, h\u1ecfng h\u00f3c kh\u00e1ch quan trong ph\u1ea1m vi b\u1ea3o h\u00e0nh c\u1ee7a nh\u00e0 cung c\u1ea5p, nh\u00e0 s\u1ea3n xu\u1ea5t,\u2026<\/li>\n<\/ul>\n<h3><strong>III. Qui tr\u00ecnh x\u1eed l\u00fd th\u1ee7 t\u1ee5c \u0111\u1ed5i tr\u1ea3 h\u00e0ng<\/strong><\/h3>\n<p>Kh\u00e1ch h\u00e0ng c\u00f3 th\u1ec3 li\u00ean h\u1ec7 tr\u1ef1c ti\u1ebfp v\u1edbi Trung T\u00e2m B\u1ea3o H\u00e0nh c\u1ee7a Hangtotnhapkhau.com \u0111\u1ec3 thay m\u1eb7t chuy\u1ec3n h\u00e0ng h\u00f3a \u0111\u1ebfn H\u00e3ng \u0111\u1ec3 ki\u1ec3m tra.<\/p>\n<p>Sau khi c\u00f3 gi\u1ea5y x\u00e1c nh\u1eadn t\u00ecnh tr\u1ea1ng v\u1edbi n\u1ed9i dung h\u00e0ng h\u00f3a h\u01b0 h\u1ecfng do l\u1ed7i k\u1ef9 thu\u1eadt kh\u00f4ng th\u1ec3 s\u1eeda ch\u1eefa, ch\u1ea5p nh\u1eadn \u0111\u1ed5i m\u1edbi. Vi\u1ec7c \u0111\u1ed5i h\u00e0ng s\u1ebd \u0111\u01b0\u1ee3c th\u1ef1c hi\u1ec7n theo \u0111\u00fang quy \u0111\u1ecbnh.<\/p>\n<h3><strong>IV. \u0110i\u1ec1u ki\u1ec7n ch\u1ea5p nh\u1eadn \u0111\u1ed5i tr\u1ea3\u00a0<\/strong><\/h3>\n<p>Kh\u00e1ch h\u00e0ng \u0111\u01b0\u1ee3c \u0111\u1ed5i s\u1ea3n ph\u1ea9m m\u1edbi c\u00f9ng lo\u1ea1i khi s\u1ea3n ph\u1ea9m g\u1eb7p s\u1ef1 c\u1ed1 kh\u00f4ng th\u1ec3 kh\u1eafc ph\u1ee5c \u0111\u01b0\u1ee3c (do l\u1ed7i k\u1ef9 thu\u1eadt c\u1ee7a nh\u00e0 s\u1ea3n xu\u1ea5t).<\/p>\n<p>S\u1ea3n ph\u1ea9m l\u1ed7i ch\u1ec9 \u0111\u01b0\u1ee3c \u0111\u1ed5i sau khi \u0111\u00e3 c\u00f3 x\u00e1c nh\u1eadn c\u1ee7a k\u1ef9 thu\u1eadt v\u00e0 tu\u00e2n th\u1ee7 theo c\u00e1c \u0111i\u1ec1u ki\u1ec7n sau \u0111\u00e2y:<\/p>\n<ul>\n<li>H\u00e0ng h\u00f3a \u0111\u01b0\u1ee3c x\u00e1c \u0111\u1ecbnh ngu\u1ed3n g\u1ed1c mua t\u1ea1i H\u1ec7 th\u1ed1ng c\u1eeda h\u00e0ng thu\u1ed9c Hangtotnhapkhau.com<\/li>\n<li>H\u00e0ng h\u00f3a \u0111\u01b0\u1ee3c x\u00e1c nh\u1eadn b\u1ecb l\u1ed5i k\u1ef9 thu\u1eadt c\u1ee7a K\u1ef9 thu\u1eadt vi\u00ean c\u1ee7a Trung T\u00e2m B\u1ea3o H\u00e0nh c\u1ee7a Hangtotnhapkhau.com<\/li>\n<li>H\u00e0ng h\u00f3a v\u1eabn c\u00f2n nguy\u00ean tem ni\u00eam phong (kh\u00f4ng b\u1ecb r\u00e1ch v\u1edf ho\u1eb7c d\u00e1n l\u1ea1i) c\u1ee7a nh\u00e0 s\u1ea3n xu\u1ea5t ho\u1eb7c tem c\u1ee7a Hangtotnhapkhau.com<\/li>\n<li>H\u00e0ng h\u00f3a nh\u1eadn l\u1ea1i kh\u00f4ng b\u1ecb l\u1ed5i h\u00ecnh th\u1ee9c ( tr\u1ea7y s\u01b0\u1edbt, m\u1ed1p m\u00e9o, \u1ed1 v\u00e0ng, b\u1ec3 v\u1ee1\u2026)<\/li>\n<li>H\u00e0ng h\u00f3a nh\u1eadn l\u1ea1i ph\u1ea3i c\u00f2n \u0111\u1ea7y \u0111\u1ee7 linh ph\u1ee5 ki\u1ec7n, t\u1eb7ng ph\u1ea9m k\u00e8m theo<\/li>\n<li>H\u00e0ng h\u00f3a nh\u1eadn l\u1ea1i ph\u1ea3i \u0111\u1ea3m b\u1ea3o \u0111\u1ea7y \u0111\u1ee7 bao b\u00ec, m\u1ed1p,.. ( ngo\u1ea1i tr\u1eeb film d\u00e1n, m\u00e0ng nh\u1ef1a\u2026)<\/li>\n<li>H\u00e0ng h\u00f3a khi nh\u1eadn l\u1ea1i ph\u1ea3i c\u00f3 \u0111\u1ea7y \u0111\u1ee7 c\u00e1c ch\u1ee9ng t\u1eeb k\u00e8m theo ( h\u00f3a \u0111\u01a1n VAT, Phi\u1ebfu b\u1ea3o h\u00e0nh, S\u00e1ch h\u01b0\u1edbng d\u1eabn, Brochure\/catalogue\u2026 )<\/li>\n<\/ul>\n<p>Tr\u01b0\u1eddng h\u1ee3p kh\u00f4ng ch\u1ea5p nh\u1eadn \u0111\u1ed5i tr\u1ea3:<\/p>\n<ul>\n<li>Qu\u00fd kh\u00e1ch mu\u1ed1n thay \u0111\u1ed5i ch\u1ee7ng lo\u1ea1i, m\u1eabu m\u00e3 nh\u01b0ng kh\u00f4ng th\u00f4ng b\u00e1o tr\u01b0\u1edbc.<\/li>\n<li>Qu\u00fd kh\u00e1ch v\u1eadn h\u00e0nh kh\u00f4ng \u0111\u00fang ch\u1ec9 d\u1eabn, g\u00e2y h\u1ecfng h\u00f3c s\u1ea3n ph\u1ea9m, h\u00e0ng h\u00f3a.<\/li>\n<li>Qu\u00fd kh\u00e1ch kh\u00f4ng th\u1ef1c hi\u1ec7n c\u00e1c quy \u0111\u1ecbnh theo y\u00eau c\u1ea7u \u0111\u1ec3 \u0111\u01b0\u1ee3c h\u01b0\u1edfng ch\u1ebf \u0111\u1ed9 b\u1ea3o h\u00e0nh (v\u00ed d\u1ee5 kh\u00f4ng g\u1eedi phi\u1ebfu b\u1ea3o h\u00e0nh v\u1ec1 \u0111\u00fang n\u01a1i quy \u0111\u1ecbnh trong th\u1eddi gian quy \u0111\u1ecbnh)<\/li>\n<li>Qu\u00fd kh\u00e1ch t\u1ef1 l\u00e0m \u1ea3nh h\u01b0\u1edfng t\u00ecnh tr\u1ea1ng b\u00ean ngo\u00e0i nh\u01b0 r\u00e1ch bao b\u00ec, bong tr\u00f3c, b\u1ec3 v\u1ee1, \u0111\u1ee9t g\u1eaby\u2026<\/li>\n<li>H\u00e0ng h\u00f3a \u0111\u00e3 \u0111\u01b0\u1ee3c k\u00fd x\u00e1c nh\u1eadn \u201c\u0110\u1ea1t ti\u00eau chu\u1ea9n ch\u1ea5t l\u01b0\u1ee3ng\u201d nh\u01b0ng sau \u0111\u00f3 Qu\u00ed kh\u00e1ch y\u00eau c\u1ea7u \u0111\u1ed5i tr\u1ea3 h\u00e0ng h\u00f3a v\u00ec l\u00fd do sai ph\u1ea1m v\u1ec1 h\u00ecnh th\u1ee9c (tr\u1ea7y x\u01b0\u1edbc, m\u00f3p m\u00e9o, \u1ed1 v\u00e0ng, b\u1ec3 v\u1ee1,\u2026)<\/li>\n<\/ul>\n<h3><strong>V. Qui tr\u00ecnh x\u1eed l\u00fd th\u1ee7 t\u1ee5c \u0111\u1ed5i tr\u1ea3 h\u00e0ng<\/strong><\/h3>\n<p>Kh\u00e1ch h\u00e0ng c\u00f3 th\u1ec3 li\u00ean h\u1ec7 tr\u1ef1c ti\u1ebfp v\u1edbi Trung T\u00e2m B\u1ea3o H\u00e0nh c\u1ee7a Hangtotnhapkhau.com chuy\u1ec3n h\u00e0ng h\u00f3a \u0111\u1ebfn ki\u1ec3m tra. Sau khi c\u00f3 Gi\u1ea5y X\u00e1c Nh\u1eadn T\u00ecnh Tr\u1ea1ng v\u1edbi n\u1ed9i dung h\u00e0ng h\u00f3a h\u01b0 h\u1ecfng do l\u1ed7i k\u1ef9 thu\u1eadt kh\u00f4ng th\u1ec3 s\u1eeda ch\u1eefa, ch\u1ea5p nh\u1eadn \u0111\u1ed5i m\u1edbi. Vi\u1ec7c \u0111\u1ed5i h\u00e0ng s\u1ebd \u0111\u01b0\u1ee3c th\u1ef1c hi\u1ec7n theo \u0111\u00fang quy \u0111\u1ecbnh c\u1ee7a Hangtotnhapkhau.com<\/p>\n<p><strong>H\u00e0ng T\u1ed1t Nh\u1eadp Kh\u1ea9u\u00a0tr\u00e2n tr\u1ecdng th\u00f4ng b\u00e1o t\u1edbi Qu\u00fd kh\u00e1ch h\u00e0ng!<\/strong><\/p>\n","protected":false},"excerpt":{"rendered":"<p>Ch\u00ednh s\u00e1ch \u0111\u1ed5i tr\u1ea3 h\u00e0ng nh\u1eb1m \u0111\u1ea3m b\u1ea3o quy\u1ec1n l\u1ee3i t\u1ed1i \u0111a cho kh\u00e1ch h\u00e0ng khi mua s\u1ea3n ph\u1ea9m t\u1ea1i Hangtotnhapkhau.com I. S\u1ea3n ph\u1ea9m ch\u01b0a qua s\u1eed d\u1ee5ng Kh\u00e1ch h\u00e0ng \u0111\u01b0\u1ee3c \u0111\u1ed5i s\u1ea3n ph\u1ea9m sang m\u1eabu kh\u00e1c n\u1ebfu s\u1ea3n ph\u1ea9m ch\u01b0a qua s\u1eed d\u1ee5ng v\u00e0 ph\u1ea3i \u0111\u01b0\u1ee3c ki\u1ec3m tra v\u00e0 x\u00e1c nh\u1eadn b\u1edfi nh\u00e2n vi\u00ean &#8230;<\/p>\n","protected":false},"author":1,"featured_media":0,"parent":0,"menu_order":0,"comment_status":"closed","ping_status":"closed","template":"","meta":[],"_links":{"self":[{"href":"https:\/\/webmaibinh.com\/w\/bachhoa22011\/wp-json\/wp\/v2\/pages\/73"}],"collection":[{"href":"https:\/\/webmaibinh.com\/w\/bachhoa22011\/wp-json\/wp\/v2\/pages"}],"about":[{"href":"https:\/\/webmaibinh.com\/w\/bachhoa22011\/wp-json\/wp\/v2\/types\/page"}],"author":[{"embeddable":true,"href":"https:\/\/webmaibinh.com\/w\/bachhoa22011\/wp-json\/wp\/v2\/users\/1"}],"replies":[{"embeddable":true,"href":"https:\/\/webmaibinh.com\/w\/bachhoa22011\/wp-json\/wp\/v2\/comments?post=73"}],"version-history":[{"count":0,"href":"https:\/\/webmaibinh.com\/w\/bachhoa22011\/wp-json\/wp\/v2\/pages\/73\/revisions"}],"wp:attachment":[{"href":"https:\/\/webmaibinh.com\/w\/bachhoa22011\/wp-json\/wp\/v2\/media?parent=73"}],"curies":[{"name":"wp","href":"https:\/\/api.w.org\/{rel}","templated":true}]}}