{"id":71,"date":"2019-10-07T09:54:31","date_gmt":"2019-10-07T02:54:31","guid":{"rendered":"http:\/\/shop2.muathemewordpress.net\/?page_id=71"},"modified":"2019-10-08T18:18:08","modified_gmt":"2019-10-08T11:18:08","slug":"chinh-sach-van-chuyen","status":"publish","type":"page","link":"https:\/\/webmaibinh.com\/w\/bachhoa22011\/chinh-sach-van-chuyen\/","title":{"rendered":"Ch\u00ednh s\u00e1ch v\u1eadn chuy\u1ec3n"},"content":{"rendered":"<h3><strong>I. Ph\u00ed v\u1eadn chuy\u1ec3n<\/strong><\/h3>\n<ul>\n<li>Mi\u1ec5n ph\u00ed v\u1eadn chuy\u1ec3n cho \u0111\u01a1n h\u00e0ng c\u00f3 gi\u00e1 tr\u1ecb t\u1eeb: 500.000 VN\u0110 tr\u1edf l\u00ean<\/li>\n<li>C\u00e1c \u0111\u01a1n h\u00e0ng c\u00f3 gi\u00e1 tr\u1ecb th\u1ea5p h\u01a1n \u0111\u01b0\u1ee3c t\u00ednh theo ph\u00ed c\u1ee7a: Giao H\u00e0ng Ti\u1ebft Ki\u1ec7m, Viettel Post (Khi b\u1ea1n ch\u1ecdn \u0111\u1ed1i t\u00e1c v\u1eadn chuy\u1ec3n n\u00e0o th\u00ec ph\u00ed s\u1ebd t\u1ef1 \u0111\u1ed9ng \u0111\u01b0\u1ee3c t\u00ednh)<\/li>\n<li>\u0110\u1ed1i v\u1edbi c\u00e1c \u0111\u01a1n h\u00e0ng c\u00f3 y\u00eau c\u1ea7u chuy\u1ec3n ph\u00e1t \u0111\u1eb7c bi\u1ec7t: G\u1eedi xe \u00f4 t\u00f4, g\u1eedi h\u1ecfa t\u1ed1c th\u00ec ph\u00ed v\u1eadn \u0111\u01b0\u1ee3c th\u1ecfa thu\u1eadn tr\u01b0\u1edbc t\u1eeb kh\u00e1ch h\u00e0ng v\u1edbi \u0111\u1ed1i t\u00e1c v\u1eadn chuy\u1ec3n. Hangtotnhapkhau.com chi tr\u1ea3 ph\u00ed v\u1eadn chuy\u1ec3n nh\u01b0ng kh\u00f4ng qu\u00e1 50.000 \u0111\/1 \u0111\u01a1n h\u00e0ng<\/li>\n<li>Tr\u01b0\u1eddng h\u1ee3p kh\u00e1ch h\u00e0ng t\u1eeb ch\u1ed1i nh\u1eadn s\u1ea3n ph\u1ea9m s\u1ebd ch\u1ecbu ph\u00ed ph\u1ea1t b\u1eb1ng 1.5 l\u1ea7n ph\u00ed v\u1eadn chuy\u1ec3n<\/li>\n<\/ul>\n<h3><strong>II. Th\u1eddi gian v\u1eadn chuy\u1ec3n<\/strong><\/h3>\n<ul>\n<li>Giao trong v\u00f2ng 6h \u0111\u1ed1i v\u1edbi c\u00e1c \u0111\u01a1n h\u00e0ng n\u1ed9i th\u00e0nh H\u00e0 N\u1ed9i \u0111\u01b0\u1ee3c x\u00e1c nh\u1eadn<\/li>\n<li>C\u00e1c \u0111\u01a1n h\u00e0ng ngo\u1ea1i th\u00e0nh H\u00e0 N\u1ed9i giao v\u00f2ng 30h t\u1eeb l\u00fac \u0111\u01a1n h\u00e0ng \u0111\u01b0\u1ee3c x\u00e1c nh\u1eadn<\/li>\n<li>Th\u1eddi gian v\u1eadn chuy\u1ec3n t\u1eeb: 2-4 ng\u00e0y \u0111\u1ed1i v\u1edbi c\u00e1c t\u1ec9nh th\u00e0nh kh\u00e1c.<\/li>\n<li>Th\u1eddi gian v\u1eadn chuy\u1ec3n t\u1eeb: 5-10 ng\u00e0y \u0111\u1ed1i v\u1edbi c\u00e1c khu v\u1ef1c mi\u1ec1n n\u00fai, h\u1ea3i \u0111\u1ea3o<\/li>\n<li>Th\u1eddi gian v\u1eadn chuy\u1ec3n c\u00f3 th\u1ec3 l\u00e2u h\u01a1n d\u1ef1 ki\u1ebfn do nh\u1eefng y\u1ebfu t\u1ed1 b\u1ea5t kh\u1ea3 kh\u00e1ng nh\u01b0 th\u1eddi ti\u1ebft, thi\u00ean tai. Trong tr\u01b0\u1eddng h\u1ee3p x\u1ea3y ra \u0111\u1ed9t xu\u1ea5t, H\u00e0ng T\u1ed1t Nh\u1eadp Kh\u1ea9u s\u1ebd th\u00f4ng tin t\u1edbi kh\u00e1ch h\u00e0ng \u0111\u1ec3 c\u00f3 k\u1ebf ho\u1ea1ch ch\u1ee7 \u0111\u1ed9ng.<\/li>\n<\/ul>\n<p><strong>H\u00e0ng T\u1ed1t Nh\u1eadp Kh\u1ea9u\u00a0tr\u00e2n tr\u1ecdng th\u00f4ng b\u00e1o t\u1edbi Qu\u00fd kh\u00e1ch h\u00e0ng!<\/strong><\/p>\n","protected":false},"excerpt":{"rendered":"<p>I. Ph\u00ed v\u1eadn chuy\u1ec3n Mi\u1ec5n ph\u00ed v\u1eadn chuy\u1ec3n cho \u0111\u01a1n h\u00e0ng c\u00f3 gi\u00e1 tr\u1ecb t\u1eeb: 500.000 VN\u0110 tr\u1edf l\u00ean C\u00e1c \u0111\u01a1n h\u00e0ng c\u00f3 gi\u00e1 tr\u1ecb th\u1ea5p h\u01a1n \u0111\u01b0\u1ee3c t\u00ednh theo ph\u00ed c\u1ee7a: Giao H\u00e0ng Ti\u1ebft Ki\u1ec7m, Viettel Post (Khi b\u1ea1n ch\u1ecdn \u0111\u1ed1i t\u00e1c v\u1eadn chuy\u1ec3n n\u00e0o th\u00ec ph\u00ed s\u1ebd t\u1ef1 \u0111\u1ed9ng \u0111\u01b0\u1ee3c t\u00ednh) \u0110\u1ed1i v\u1edbi &#8230;<\/p>\n","protected":false},"author":1,"featured_media":0,"parent":0,"menu_order":0,"comment_status":"closed","ping_status":"closed","template":"","meta":[],"_links":{"self":[{"href":"https:\/\/webmaibinh.com\/w\/bachhoa22011\/wp-json\/wp\/v2\/pages\/71"}],"collection":[{"href":"https:\/\/webmaibinh.com\/w\/bachhoa22011\/wp-json\/wp\/v2\/pages"}],"about":[{"href":"https:\/\/webmaibinh.com\/w\/bachhoa22011\/wp-json\/wp\/v2\/types\/page"}],"author":[{"embeddable":true,"href":"https:\/\/webmaibinh.com\/w\/bachhoa22011\/wp-json\/wp\/v2\/users\/1"}],"replies":[{"embeddable":true,"href":"https:\/\/webmaibinh.com\/w\/bachhoa22011\/wp-json\/wp\/v2\/comments?post=71"}],"version-history":[{"count":0,"href":"https:\/\/webmaibinh.com\/w\/bachhoa22011\/wp-json\/wp\/v2\/pages\/71\/revisions"}],"wp:attachment":[{"href":"https:\/\/webmaibinh.com\/w\/bachhoa22011\/wp-json\/wp\/v2\/media?parent=71"}],"curies":[{"name":"wp","href":"https:\/\/api.w.org\/{rel}","templated":true}]}}