{"id":67,"date":"2019-10-07T09:54:15","date_gmt":"2019-10-07T02:54:15","guid":{"rendered":"http:\/\/shop2.muathemewordpress.net\/?page_id=67"},"modified":"2019-10-08T18:17:51","modified_gmt":"2019-10-08T11:17:51","slug":"chinh-sach-bao-hanh","status":"publish","type":"page","link":"https:\/\/webmaibinh.com\/w\/bachhoa22011\/chinh-sach-bao-hanh\/","title":{"rendered":"Ch\u00ednh s\u00e1ch b\u1ea3o h\u00e0nh"},"content":{"rendered":"<p>B\u1ea3o h\u00e0nh l\u00e0 vi\u1ec7c th\u1ef1c hi\u1ec7n tr\u00e1ch nhi\u1ec7m nh\u1eb1m \u0111\u1ea3m b\u1ea3o quy\u1ec1n l\u1ee3i c\u1ee7a kh\u00e1ch h\u00e0ng trong vi\u1ec7c s\u1eed d\u1ee5ng s\u1ea3n ph\u1ea9m m\u00e0 xu\u1ea5t hi\u1ec7n l\u1ed7i do y\u1ebfu t\u1ed1 t\u1eeb Nh\u00e0 s\u1ea3n xu\u1ea5t.<\/p>\n<h3><strong>I. Ti\u00eau chu\u1ea9n chung v\u1ec1 b\u1ea3o h\u00e0nh<\/strong><\/h3>\n<ul>\n<li>S\u1ea3n ph\u1ea9m b\u1ea3o h\u00e0nh do l\u1ed7i t\u1eeb nh\u00e0 s\u1ea3n xu\u1ea5t<\/li>\n<li>S\u1ea3n ph\u1ea9m b\u1ea3o h\u00e0nh do l\u1ed7i do qu\u00e1 tr\u00ecnh v\u1eadn chuy\u1ec3n<\/li>\n<li>Nh\u1eefng l\u1ed7i cho kh\u00e1ch h\u00e0ng nh\u01b0: R\u01a1i v\u1ee1, ng\u1ea5m n\u01b0\u1edbc, t\u00e1c \u0111\u1ed9ng ngo\u1ea1i l\u1ef1c s\u1ebd kh\u00f4ng \u0111\u01b0\u1ee3c b\u1ea3o h\u00e0nh<\/li>\n<li>S\u1ea3n ph\u1ea9m \u0111\u01b0\u1ee3c b\u00e1n tr\u00ean website Hangtotnhapkhau.com \u0111\u01b0\u1ee3c b\u1ea3o h\u00e0nh b\u1eb1ng: S\u1ed1 \u0111i\u1ec7n tho\u1ea1i, m\u00e3 \u0111\u01a1n h\u00e0ng<\/li>\n<li>Th\u1eddi gian b\u1ea3o h\u00e0nh \u1ee9ng v\u1edbi t\u1eebng s\u1ea3n ph\u1ea9m ri\u00eang bi\u1ec7t. \u0110\u01b0\u1ee3c ghi c\u1ee5 th\u1ec3 tr\u00ean th\u1ebb b\u1ea3o h\u00e0nh. Th\u1eddi gian b\u1ea3o h\u00e0nh \u0111\u01b0\u1ee3c t\u00ednh t\u1eeb ng\u00e0y kh\u00e1ch h\u00e0ng mua h\u00e0ng.<\/li>\n<li>Tr\u01b0\u1eddng h\u1ee3p kh\u00e1ch h\u00e0ng b\u1ecb m\u1ea5t th\u1ebb b\u1ea3o h\u00e0nh v\u1eabn \u0111\u01b0\u1ee3c b\u1ea3o h\u00e0nh n\u1ebfu cung c\u1ea5p \u0111\u1ee7 cho Hangtotnhapkhau.com c\u00e1c th\u00f4ng tin c\u00e1 nh\u00e2n li\u00ean quan \u0111\u1ebfn \u0111\u01a1n h\u00e0ng bao g\u1ed3m: S\u1ed1 \u0111i\u1ec7n tho\u1ea1i \u0111\u00e3 \u0111\u1eb7t mua, \u0111\u1ecba ch\u1ec9, t\u00ean ng\u01b0\u1eddi mua.<\/li>\n<li>\u0110\u1ed1i v\u1edbi c\u00e1c s\u1ea3n ph\u1ea9m \u0111\u01b0\u1ee3c d\u00e1n tem, kh\u00e1ch h\u00e0ng ch\u1ec9 \u0111\u01b0\u1ee3c b\u1ea3o h\u00e0nh trong tr\u01b0\u1eddng h\u1ee3p tem kh\u00f4ng b\u1ecb m\u1ea5t ho\u00e0n to\u00e0n.<\/li>\n<li>\u0110\u1ed1i v\u1edbi c\u00e1c s\u1ea3n ph\u1ea9m ch\u00ednh h\u00e3ng s\u1ebd \u0111\u01b0\u1ee3c \u00e1p d\u1ee5ng ti\u00eau chu\u1ea9n b\u1ea3o h\u00e0nh c\u1ee7a h\u00e3ng v\u00e0 \u0111\u1ea1i di\u1ec7n \u0111\u01a1n v\u1ecb nh\u1eadp kh\u1ea9u t\u1ea1i Vi\u1ec7t Nam.<\/li>\n<\/ul>\n<h3><strong>II. Ph\u01b0\u01a1ng th\u1ee9c b\u1ea3o h\u00e0nh<\/strong><\/h3>\n<ul>\n<li>B\u1ea3o h\u00e0nh tr\u1ef1c ti\u1ebfp t\u1ea1i \u0111\u1ecba ch\u1ec9 b\u1ea3o h\u00e0nh c\u1ee7a Hangtotnhapkhau.com<\/li>\n<li>B\u1ea3o h\u00e0nh t\u1ea1i \u0111\u1ecba ch\u1ec9 m\u00e0 \u0111\u01a1n v\u1ecb nh\u1eadp kh\u1ea9u ch\u00ednh h\u00e3ng y\u00eau c\u1ea7u<\/li>\n<li>B\u1ea3o h\u00e0nh t\u1ea1i h\u00e3ng b\u1eb1ng c\u00e1ch g\u1eedi tr\u1ef1c ti\u1ebfp s\u1ea3n ph\u1ea9m t\u1edbi \u0111\u1ecba ch\u1ec9 c\u1ee7a h\u00e3ng s\u1ea3n xu\u1ea5t.<\/li>\n<\/ul>\n<h3><strong>III. C\u00e1c v\u1ea5n \u0111\u1ec1 li\u00ean quan<\/strong><\/h3>\n<p><em><strong>3.1. V\u1eadn chuy\u1ec3n s\u1ea3n ph\u1ea9m b\u1ea3o h\u00e0nh<\/strong><\/em><\/p>\n<p>S\u1ea3n ph\u1ea9m \u0111\u01b0\u1ee3c b\u1ea3o h\u00e0nh do kh\u00e1ch h\u00e0ng tr\u1ef1c ti\u1ebfp v\u1eadn chuy\u1ec3n \u0111\u1ebfn \u0111\u1ecba ch\u1ec9 do Hangtotnhapkhau.com Cung c\u1ea5p. Tr\u01b0\u1eddng h\u1ee3p s\u1ea3n ph\u1ea9m xu\u1ea5t hi\u1ec7n l\u1ed7i trong v\u00f2ng 7 ng\u00e0y \u0111\u1ea7u ti\u00ean, Hangtotnhapkhau.com s\u1ebd h\u1ed7 tr\u1ee3 \u0111\u1ebfn ki\u1ec3m tra s\u1ea3n ph\u1ea9m tr\u1ef1c ti\u1ebfp v\u00e0 nh\u1eadn s\u1ea3n ph\u1ea9m c\u1ea7n b\u1ea3o h\u00e0nh.<\/p>\n<p>\u0110\u1ed1i v\u1edbi kh\u00e1ch h\u00e0ng kh\u00f4ng \u1edf H\u00e0 N\u1ed9i, c\u1ea7n g\u1eedi s\u1ea3n ph\u1ea9m theo \u0111\u01b0\u1eddng b\u01b0u \u0111i\u1ec7n \u0111\u1ebfn \u0111\u1ecba ch\u1ec9 Hangtotnhapkhau.com y\u00eau c\u1ea7u. C\u1ea7n \u0111\u00f3ng b\u1ecdc s\u1ea3n ph\u1ea9m \u0111\u1ea3m b\u1ea3o \u0111\u1ec3 tr\u00e1nh h\u01b0 h\u1ecfng do qu\u00e1 tr\u00ecnh v\u1eadn chuy\u1ec3n g\u00e2y ra. V\u1edbi nh\u1eefng s\u1ea3n ph\u1ea9m b\u1ecb h\u01b0 h\u1ecfng do v\u1eadn chuy\u1ec3n, Hangtotnhapkhau.com s\u1ebd t\u1eeb ch\u1ed1i b\u1ea3o h\u00e0nh.<\/p>\n<p>Mi\u1ec5n ph\u00ed 100% chi ph\u00ed v\u1eadn chuy\u1ec3n cho kh\u00e1ch h\u00e0ng ngo\u00e0i khu v\u1ef1c H\u00e0 N\u1ed9i trong tr\u01b0\u1eddng h\u1ee3p s\u1ea3n ph\u1ea9m b\u1ecb l\u1ed7i t\u1eeb nh\u00e0 s\u1ea3n xu\u1ea5t.<\/p>\n<p><em><strong>3.2. Th\u1eddi gian x\u1eed l\u00fd b\u1ea3o h\u00e0nh<\/strong><\/em><\/p>\n<p>\u0110\u1ed1i v\u1edbi c\u00e1c s\u1ea3n ph\u1ea9m \u0111\u01b0\u1ee3c nh\u1eadp kh\u1ea9u ch\u00ednh h\u00e3ng, ph\u00e2n ph\u1ed1i ch\u00ednh h\u00e3ng t\u1ea1i Vi\u1ec7t Nam th\u00ec th\u1eddi gian b\u1ea3o h\u00e0nh ph\u1ee5 thu\u1ed9c v\u00e0o \u0111\u01a1n v\u1ecb nh\u1eadp kh\u1ea9u, ph\u00e2n ph\u1ed1i. Th\u00f4ng th\u01b0\u1eddng t\u1eeb 7 \u0111\u1ebfn 14 ng\u00e0y l\u00e0m vi\u1ec7c.<\/p>\n<p><em><strong>3.3. Chi ph\u00ed b\u1ea3o h\u00e0nh<\/strong><\/em><\/p>\n<p>\u0110\u1ed1i v\u1edbi c\u00e1c s\u1ea3n ph\u1ea9m b\u1ecb l\u1ed7i nh\u01b0ng sau khi ki\u1ec3m tra nh\u1eadn th\u1ea5y kh\u00f4ng ph\u1ea3i l\u1ed7i t\u1eeb nh\u00e0 s\u1ea3n xu\u1ea5t th\u00ec ng\u01b0\u1eddi s\u1eed d\u1ee5ng s\u1ebd \u0111\u01b0\u1ee3c th\u00f4ng b\u00e1o chi ph\u00ed s\u1eeda ch\u1eefa (n\u1ebfu c\u00f3).<\/p>\n<p><strong>H\u00e0ng T\u1ed1t Nh\u1eadp Kh\u1ea9u\u00a0tr\u00e2n tr\u1ecdng th\u00f4ng b\u00e1o t\u1edbi Qu\u00fd kh\u00e1ch h\u00e0ng!<\/strong><\/p>\n","protected":false},"excerpt":{"rendered":"<p>B\u1ea3o h\u00e0nh l\u00e0 vi\u1ec7c th\u1ef1c hi\u1ec7n tr\u00e1ch nhi\u1ec7m nh\u1eb1m \u0111\u1ea3m b\u1ea3o quy\u1ec1n l\u1ee3i c\u1ee7a kh\u00e1ch h\u00e0ng trong vi\u1ec7c s\u1eed d\u1ee5ng s\u1ea3n ph\u1ea9m m\u00e0 xu\u1ea5t hi\u1ec7n l\u1ed7i do y\u1ebfu t\u1ed1 t\u1eeb Nh\u00e0 s\u1ea3n xu\u1ea5t. I. Ti\u00eau chu\u1ea9n chung v\u1ec1 b\u1ea3o h\u00e0nh S\u1ea3n ph\u1ea9m b\u1ea3o h\u00e0nh do l\u1ed7i t\u1eeb nh\u00e0 s\u1ea3n xu\u1ea5t S\u1ea3n ph\u1ea9m b\u1ea3o h\u00e0nh do &#8230;<\/p>\n","protected":false},"author":1,"featured_media":0,"parent":0,"menu_order":0,"comment_status":"closed","ping_status":"closed","template":"","meta":[],"_links":{"self":[{"href":"https:\/\/webmaibinh.com\/w\/bachhoa22011\/wp-json\/wp\/v2\/pages\/67"}],"collection":[{"href":"https:\/\/webmaibinh.com\/w\/bachhoa22011\/wp-json\/wp\/v2\/pages"}],"about":[{"href":"https:\/\/webmaibinh.com\/w\/bachhoa22011\/wp-json\/wp\/v2\/types\/page"}],"author":[{"embeddable":true,"href":"https:\/\/webmaibinh.com\/w\/bachhoa22011\/wp-json\/wp\/v2\/users\/1"}],"replies":[{"embeddable":true,"href":"https:\/\/webmaibinh.com\/w\/bachhoa22011\/wp-json\/wp\/v2\/comments?post=67"}],"version-history":[{"count":0,"href":"https:\/\/webmaibinh.com\/w\/bachhoa22011\/wp-json\/wp\/v2\/pages\/67\/revisions"}],"wp:attachment":[{"href":"https:\/\/webmaibinh.com\/w\/bachhoa22011\/wp-json\/wp\/v2\/media?parent=67"}],"curies":[{"name":"wp","href":"https:\/\/api.w.org\/{rel}","templated":true}]}}