{"id":98,"date":"2017-05-23T07:59:01","date_gmt":"2017-05-23T07:59:01","guid":{"rendered":"https:\/\/bachhoa.khowebseotop.vn\/?post_type=product&#038;p=98"},"modified":"2017-05-25T03:36:57","modified_gmt":"2017-05-25T03:36:57","slug":"khan-uot-baby-care-huong-phan-goi-10-15x20cm","status":"publish","type":"product","link":"https:\/\/webmaibinh.com\/w\/bachhoa2011\/khan-uot-baby-care-huong-phan-goi-10-15x20cm\/","title":{"rendered":"Kh\u0103n \u01b0\u1edbt Baby Care h\u01b0\u01a1ng ph\u1ea5n g\u00f3i 10 t\u1edd (15x20cm)"},"content":{"rendered":"<p><strong>\u0110\u1eb7c \u0111i\u1ec3m n\u1ed5i b\u1eadt<\/strong><\/p>\n<ul>\n<li>H\u01b0\u01a1ng th\u01a1m ph\u1ea5n di\u0323u nhe\u0323<\/li>\n<li>Phu\u0300 h\u01a1\u0323p v\u01a1\u0301i da em be\u0301<\/li>\n<li>S\u01b0\u0309 du\u0323ng \u0111\u00ea\u0309 v\u00ea\u0323 sinh ca\u0301 nh\u00e2n<\/li>\n<li>Thi\u00ea\u0301t k\u00ea\u0301 nho\u0309 go\u0323n, ti\u00ea\u0323n l\u01a1\u0323i<\/li>\n<li>S\u1ea3n xu\u1ea5t t\u1ea1i Vi\u1ec7t Nam<\/li>\n<li>Baby Care l\u00e0 th\u01b0\u01a1ng hi\u1ec7u c\u1ee7a Vi\u1ec7t Nam v\u00e0 \u00dac<\/li>\n<li>S\u1ed1 l\u01b0\u1ee3ng 10 t\u1edd (15x20cm)<\/li>\n<\/ul>\n<p><strong>Th\u00e0nh ph\u1ea7n v\u00e0 c\u00f4ng d\u1ee5ng:<\/strong><\/p>\n<ul>\n<li>Kh\u0103n \u01b0\u1edbt Baby Care v\u1eeba \u0111\u1ee7 \u1ea9m gi\u00fap lau s\u1ea1ch c\u00e1c v\u1ebft b\u1ea9n, m\u00f9i h\u00f4i khi\u1ebfn b\u1ea1n kh\u00f3 ch\u1ecbu.<\/li>\n<li>H\u01b0\u01a1ng ph\u1ea5n th\u01a1m mang l\u1ea1i c\u1ea3m gi\u00e1c th\u01b0 th\u00e1i cho ng\u01b0\u1eddi d\u00f9ng.<\/li>\n<li>L\u00e0n da b\u1ea1n \u0111\u01b0\u1ee3c nu\u00f4i d\u01b0\u1ee1ng nh\u1edd v\u00e0o th\u00e0nh ph\u1ea7n ho\u1ea1t ch\u1ea5t thi\u00ean nhi\u00ean v\u00e0 tinh ch\u1ea5t l\u00f4 h\u1ed9i.<\/li>\n<li>Kh\u00f4ng s\u1eed d\u1ee5ng ch\u1ea5t b\u1ea3o qu\u1ea3n Phenoxyethanol, ch\u1ea5t c\u1ea5m Paraben \u0111\u1ea3m b\u1ea3o an to\u00e0n cho tr\u1ebb nh\u1ecf.<\/li>\n<\/ul>\n<p><strong>H\u01b0\u1edbng d\u1eabn s\u1eed d\u1ee5ng:<\/strong><\/p>\n<ul>\n<li>M\u1edf n\u1eafp tr\u00ean m\u1eb7t, r\u00fat kh\u0103n c\u1ea7n s\u1eed d\u1ee5ng.<\/li>\n<li>Sau khi s\u1eed d\u1ee5ng, \u0111\u1eady n\u1eafp l\u1ea1i v\u1ecb tr\u00ed c\u0169, \u0111\u1ec3 gi\u1eef \u1ea9m v\u00e0 tr\u00e1nh khu\u1ea9n.<\/li>\n<li>D\u00f9ng m\u1ed9t l\u1ea7n.<\/li>\n<\/ul>\n<p><strong>\u200bL\u01b0u y\u0301:<\/strong><\/p>\n<ul>\n<li>Kh\u00f4ng b\u1ecf v\u00e0o b\u1ed3n c\u1ea7u.<\/li>\n<li>\u0110\u00ea\u0309 xa t\u00e2\u0300m tay tre\u0309 em.<\/li>\n<li>Khi lau tr\u00e1nh ti\u1ebfp x\u00fac v\u00f9ng m\u1eaft.<\/li>\n<\/ul>\n<p><strong>B\u1ea3o qu\u1ea3n:<\/strong><\/p>\n<ul>\n<li>\u0110\u1ec3 n\u01a1i kh\u00f4 r\u00e1o, tho\u00e1ng m\u00e1t.<\/li>\n<\/ul>\n","protected":false},"excerpt":{"rendered":"<p>\u0110\u1eb7c \u0111i\u1ec3m n\u1ed5i b\u1eadt H\u01b0\u01a1ng th\u01a1m ph\u1ea5n di\u0323u nhe\u0323 Phu\u0300 h\u01a1\u0323p v\u01a1\u0301i da em be\u0301 S\u01b0\u0309 du\u0323ng \u0111\u00ea\u0309 v\u00ea\u0323 sinh ca\u0301 nh\u00e2n Thi\u00ea\u0301t k\u00ea\u0301 nho\u0309 go\u0323n, ti\u00ea\u0323n l\u01a1\u0323i S\u1ea3n xu\u1ea5t t\u1ea1i Vi\u1ec7t Nam Baby Care l\u00e0 th\u01b0\u01a1ng hi\u1ec7u c\u1ee7a Vi\u1ec7t Nam v\u00e0 \u00dac S\u1ed1 l\u01b0\u1ee3ng 10 t\u1edd (15x20cm) Th\u00e0nh ph\u1ea7n v\u00e0 c\u00f4ng d\u1ee5ng: Kh\u0103n \u01b0\u1edbt [&#8230;]\n","protected":false},"featured_media":207,"comment_status":"open","ping_status":"closed","template":"","meta":[],"_links":{"self":[{"href":"https:\/\/webmaibinh.com\/w\/bachhoa2011\/wp-json\/wp\/v2\/product\/98"}],"collection":[{"href":"https:\/\/webmaibinh.com\/w\/bachhoa2011\/wp-json\/wp\/v2\/product"}],"about":[{"href":"https:\/\/webmaibinh.com\/w\/bachhoa2011\/wp-json\/wp\/v2\/types\/product"}],"replies":[{"embeddable":true,"href":"https:\/\/webmaibinh.com\/w\/bachhoa2011\/wp-json\/wp\/v2\/comments?post=98"}],"wp:featuredmedia":[{"embeddable":true,"href":"https:\/\/webmaibinh.com\/w\/bachhoa2011\/wp-json\/wp\/v2\/media\/207"}],"wp:attachment":[{"href":"https:\/\/webmaibinh.com\/w\/bachhoa2011\/wp-json\/wp\/v2\/media?parent=98"}],"curies":[{"name":"wp","href":"https:\/\/api.w.org\/{rel}","templated":true}]}}