{"id":93,"date":"2017-05-23T07:58:01","date_gmt":"2017-05-23T07:58:01","guid":{"rendered":"https:\/\/bachhoa.khowebseotop.vn\/?post_type=product&#038;p=93"},"modified":"2017-05-23T07:58:01","modified_gmt":"2017-05-23T07:58:01","slug":"may-loc-nuoc-pure-9-lit","status":"publish","type":"product","link":"https:\/\/webmaibinh.com\/w\/bachhoa2011\/may-loc-nuoc-pure-9-lit\/","title":{"rendered":"M\u00e1y l\u1ecdc n\u01b0\u1edbc Pure-it 9 l\u00edt"},"content":{"rendered":"<p><strong>\u0110\u1eb7c \u0111i\u1ec3m n\u1ed5i b\u1eadt<\/strong><\/p>\n<ul>\n<li>Kh\u00f4ng s\u1eed d\u1ee5ng \u0111i\u1ec7n<\/li>\n<li>Kh\u00f4ng c\u1ea7n \u0111un s\u00f4i<\/li>\n<li>Kh\u00f4ng c\u1ea7n chai \u0111\u1ef1ng n\u01b0\u1edbc<\/li>\n<li>\u0110\u1ea3m b\u1ea3o c\u00e1c ti\u00eau chu\u1ea9n qu\u1ed1c t\u1ebf<\/li>\n<li>\u0110\u1ea3m b\u1ea3o v\u1ecb ngon c\u1ee7a n\u01b0\u1edbc<\/li>\n<li>Dung t\u00edch b\u00ecnh 9 l\u00edt<\/li>\n<li>S\u1eed d\u1ee5ng n\u01b0\u1edbc l\u1ecdc t\u1eeb l\u1ea7n th\u1ee9 5 tr\u1edf \u0111i<\/li>\n<li>Ch\u1ea5t li\u1ec7u: Nh\u1ef1a Cao C\u1ea5p<\/li>\n<li>Th\u01b0\u01a1ng hi\u1ec7u Pure-it<\/li>\n<li>S\u1ea3n xu\u1ea5t t\u1ea1i \u1ea4n \u0110\u1ed9<\/li>\n<li>K\u00edch th\u01b0\u1edbc : Cao 64.9cm &#8211; R\u1ed9ng 38cm &#8211; S\u00e2u 35.5cm<\/li>\n<\/ul>\n","protected":false},"excerpt":{"rendered":"<p>\u0110\u1eb7c \u0111i\u1ec3m n\u1ed5i b\u1eadt Kh\u00f4ng s\u1eed d\u1ee5ng \u0111i\u1ec7n Kh\u00f4ng c\u1ea7n \u0111un s\u00f4i Kh\u00f4ng c\u1ea7n chai \u0111\u1ef1ng n\u01b0\u1edbc \u0110\u1ea3m b\u1ea3o c\u00e1c ti\u00eau chu\u1ea9n qu\u1ed1c t\u1ebf \u0110\u1ea3m b\u1ea3o v\u1ecb ngon c\u1ee7a n\u01b0\u1edbc Dung t\u00edch b\u00ecnh 9 l\u00edt S\u1eed d\u1ee5ng n\u01b0\u1edbc l\u1ecdc t\u1eeb l\u1ea7n th\u1ee9 5 tr\u1edf \u0111i Ch\u1ea5t li\u1ec7u: Nh\u1ef1a Cao C\u1ea5p Th\u01b0\u01a1ng hi\u1ec7u Pure-it S\u1ea3n xu\u1ea5t [&#8230;]\n","protected":false},"featured_media":94,"comment_status":"open","ping_status":"closed","template":"","meta":[],"_links":{"self":[{"href":"https:\/\/webmaibinh.com\/w\/bachhoa2011\/wp-json\/wp\/v2\/product\/93"}],"collection":[{"href":"https:\/\/webmaibinh.com\/w\/bachhoa2011\/wp-json\/wp\/v2\/product"}],"about":[{"href":"https:\/\/webmaibinh.com\/w\/bachhoa2011\/wp-json\/wp\/v2\/types\/product"}],"replies":[{"embeddable":true,"href":"https:\/\/webmaibinh.com\/w\/bachhoa2011\/wp-json\/wp\/v2\/comments?post=93"}],"wp:featuredmedia":[{"embeddable":true,"href":"https:\/\/webmaibinh.com\/w\/bachhoa2011\/wp-json\/wp\/v2\/media\/94"}],"wp:attachment":[{"href":"https:\/\/webmaibinh.com\/w\/bachhoa2011\/wp-json\/wp\/v2\/media?parent=93"}],"curies":[{"name":"wp","href":"https:\/\/api.w.org\/{rel}","templated":true}]}}