{"id":79,"date":"2017-05-23T07:53:29","date_gmt":"2017-05-23T07:53:29","guid":{"rendered":"https:\/\/bachhoa.khowebseotop.vn\/?post_type=product&#038;p=79"},"modified":"2017-05-25T03:37:06","modified_gmt":"2017-05-25T03:37:06","slug":"bot-giat-viso-ngoi-sang-huong-chanh-6kg","status":"publish","type":"product","link":"https:\/\/webmaibinh.com\/w\/bachhoa2011\/bot-giat-viso-ngoi-sang-huong-chanh-6kg\/","title":{"rendered":"B\u1ed9t gi\u1eb7t Viso Ng\u1eddi s\u00e1ng h\u01b0\u01a1ng Chanh 6kg"},"content":{"rendered":"<p><strong>\u0110\u1eb7c \u0111i\u1ec3m n\u1ed5i b\u1eadt<\/strong><\/p>\n<ul>\n<li>D\u00f9ng cho gi\u1eb7t tay v\u00e0 gi\u1eb7t m\u00e1y<\/li>\n<li>Gi\u00fap tr\u1eafng r\u1ea1ng ng\u1eddi, m\u00e0u t\u01b0\u01a1i s\u00e1ng<\/li>\n<li>H\u01b0\u01a1ng Chanh th\u01a1m m\u00e1t<\/li>\n<li>An to\u00e0n, kh\u00f4ng g\u00e2y k\u00edch \u1ee9ng da<\/li>\n<li>C\u00f4ng th\u1ee9c ng\u1eddi s\u00e1ng n\u0103ng \u0111\u1ed9ng<\/li>\n<li>S\u1ea3n xu\u1ea5t t\u1ea1i Vi\u1ec7t Nam<\/li>\n<li>Viso l\u00e0 th\u01b0\u01a1ng hi\u1ec7u c\u1ee7a Anh v\u00e0 H\u00e0 Lan<\/li>\n<li>Kh\u1ed1i l\u01b0\u1ee3ng 6kg<\/li>\n<\/ul>\n<p><strong>Th\u00e0nh ph\u1ea7n v\u00e0 c\u00f4ng d\u1ee5ng:<\/strong><\/p>\n<ul>\n<li>V\u1edbi c\u00f4ng th\u1ee9c ng\u1eddi s\u00e1ng n\u0103ng \u0111\u1ed9ng gi\u00fap qu\u1ea7n \u00e1o tr\u1eafng r\u1ea1ng ng\u1eddi, duy tr\u00ec \u0111\u1ed9 t\u01b0\u01a1i s\u00e1ng, \u0111\u1ed3ng th\u1eddi an to\u00e0n, m\u1ec1m m\u1ea1i v\u1edbi da tay.<\/li>\n<li>H\u01b0\u01a1ng Chanh t\u1ef1 nhi\u00ean gi\u00fap kh\u1eed m\u00f9i \u1ea9m m\u1ed1c tr\u00ean v\u1ea3i v\u00f3c, l\u01b0u th\u01a1m l\u00e2u tr\u00ean qu\u1ea7n \u00e1o.<\/li>\n<\/ul>\n<p><strong>H\u01b0\u1edbng d\u1eabn s\u1eed d\u1ee5ng:<\/strong><\/p>\n<ul>\n<li>Gi\u1eb7t m\u00e1y: Ph\u00e2n lo\u1ea1i qu\u1ea7n \u00e1o, v\u1edbi qu\u1ea7n \u00e1o b\u1ea9n nhi\u1ec1u, x\u1eed l\u00fd v\u1ebft b\u1ea9n tr\u01b0\u1edbc r\u1ed3i ch\u1ecdn ch\u1ebf \u0111\u1ed9 gi\u1eb7t ph\u00f9 h\u1ee3p. D\u00f9ng 2 mu\u1ed7ng cho m\u1ed7i l\u1ea7n gi\u1eb7t, \u0111i\u1ec1u ch\u1ec9nh t\u00f9y theo s\u1ed1 l\u01b0\u1ee3ng v\u00e0 \u0111\u1ed9 b\u1ea9n c\u1ee7a qu\u1ea7n \u00e1o.<\/li>\n<li>Gi\u1eb7t tay: Ph\u00e2n lo\u1ea1i qu\u1ea7n \u00e1o, x\u1ea3 b\u1eb1ng n\u01b0\u1edbc s\u1ea1ch. H\u00f2a m\u1ed9t mu\u1ed7ng b\u1ed9t gi\u1eb7t (30g) v\u00e0o 4 &#8211; 5 l\u00edt n\u01b0\u1edbc cho t\u1edbi khi tan h\u1eb3n. Ng\u00e2m kho\u1ea3ng 30 ph\u00fat v\u00e0 v\u00f2 nh\u1eb9.<\/li>\n<\/ul>\n<p><strong>L\u01b0u \u00fd:<\/strong><\/p>\n<ul>\n<li>\u0110\u1ec3 xa t\u1ea7m tay tr\u1ebb em.<\/li>\n<li>N\u1ebfu s\u1ea3n ph\u1ea9m d\u00ednh v\u00e0o m\u1eaft, r\u1eeda s\u1ea1ch b\u1eb1ng n\u01b0\u1edbc.<\/li>\n<\/ul>\n<p><strong>B\u1ea3o qu\u1ea3n:<\/strong><\/p>\n<ul>\n<li>B\u1ea3o qu\u1ea3n \u1edf n\u01a1i tho\u00e1ng m\u00e1t, tr\u00e1nh \u00e1nh n\u1eafng tr\u1ef1c ti\u1ebfp.<\/li>\n<\/ul>\n","protected":false},"excerpt":{"rendered":"<p>\u0110\u1eb7c \u0111i\u1ec3m n\u1ed5i b\u1eadt D\u00f9ng cho gi\u1eb7t tay v\u00e0 gi\u1eb7t m\u00e1y Gi\u00fap tr\u1eafng r\u1ea1ng ng\u1eddi, m\u00e0u t\u01b0\u01a1i s\u00e1ng H\u01b0\u01a1ng Chanh th\u01a1m m\u00e1t An to\u00e0n, kh\u00f4ng g\u00e2y k\u00edch \u1ee9ng da C\u00f4ng th\u1ee9c ng\u1eddi s\u00e1ng n\u0103ng \u0111\u1ed9ng S\u1ea3n xu\u1ea5t t\u1ea1i Vi\u1ec7t Nam Viso l\u00e0 th\u01b0\u01a1ng hi\u1ec7u c\u1ee7a Anh v\u00e0 H\u00e0 Lan Kh\u1ed1i l\u01b0\u1ee3ng 6kg Th\u00e0nh ph\u1ea7n v\u00e0 [&#8230;]\n","protected":false},"featured_media":80,"comment_status":"open","ping_status":"closed","template":"","meta":[],"_links":{"self":[{"href":"https:\/\/webmaibinh.com\/w\/bachhoa2011\/wp-json\/wp\/v2\/product\/79"}],"collection":[{"href":"https:\/\/webmaibinh.com\/w\/bachhoa2011\/wp-json\/wp\/v2\/product"}],"about":[{"href":"https:\/\/webmaibinh.com\/w\/bachhoa2011\/wp-json\/wp\/v2\/types\/product"}],"replies":[{"embeddable":true,"href":"https:\/\/webmaibinh.com\/w\/bachhoa2011\/wp-json\/wp\/v2\/comments?post=79"}],"wp:featuredmedia":[{"embeddable":true,"href":"https:\/\/webmaibinh.com\/w\/bachhoa2011\/wp-json\/wp\/v2\/media\/80"}],"wp:attachment":[{"href":"https:\/\/webmaibinh.com\/w\/bachhoa2011\/wp-json\/wp\/v2\/media?parent=79"}],"curies":[{"name":"wp","href":"https:\/\/api.w.org\/{rel}","templated":true}]}}