{"id":75,"date":"2017-05-23T07:47:26","date_gmt":"2017-05-23T07:47:26","guid":{"rendered":"https:\/\/bachhoa.khowebseotop.vn\/?post_type=product&#038;p=75"},"modified":"2017-05-25T03:37:15","modified_gmt":"2017-05-25T03:37:15","slug":"nuoc-lau-san-sunlight-huong-thien-thao-chai-1kg-997ml","status":"publish","type":"product","link":"https:\/\/webmaibinh.com\/w\/bachhoa2011\/nuoc-lau-san-sunlight-huong-thien-thao-chai-1kg-997ml\/","title":{"rendered":"N\u01b0\u1edbc lau s\u00e0n Sunlight h\u01b0\u01a1ng Thi\u00ean Th\u1ea3o chai 1kg (997ml)"},"content":{"rendered":"<p><strong>\u0110\u1eb7c \u0111i\u1ec3m n\u1ed5i b\u1eadt<\/strong><\/p>\n<ul>\n<li>L\u00e0m s\u1ea1ch c\u00e1c v\u1ebft b\u1ea9n l\u00e2u ng\u00e0y<\/li>\n<li>Th\u00edch h\u1ee3p cho m\u1ecdi lo\u1ea1i s\u00e0n<\/li>\n<li>H\u01b0\u01a1ng hoa Thi\u00ean Th\u1ea3o t\u01b0\u01a1i m\u00e1t<\/li>\n<li>Gi\u00fap s\u00e0n nh\u00e0 s\u1ea1ch v\u00e0 s\u00e1ng b\u00f3ng<\/li>\n<li>Kh\u00f4ng lau l\u1ea1i b\u1eb1ng n\u01b0\u1edbc<\/li>\n<li>S\u1ea3n xu\u1ea5t t\u1ea1i Vi\u1ec7t Nam<\/li>\n<li>Sunlight l\u00e0 th\u01b0\u01a1ng hi\u1ec7u c\u1ee7a Anh v\u00e0 H\u00e0 Lan<\/li>\n<li>Kh\u1ed1i l\u01b0\u1ee3ng 1kg<\/li>\n<\/ul>\n<p><strong>Th\u00e0nh ph\u1ea7n v\u00e0 c\u00f4ng d\u1ee5ng:<\/strong><\/p>\n<ul>\n<li>N\u01b0\u1edbc lau s\u00e0n Sunlight h\u01b0\u01a1ng Thi\u00ean Th\u1ea3o v\u1edbi s\u1ee9c m\u1ea1nh \u0111\u00e1nh bay v\u1ebft b\u1ea9n k\u1ebft h\u1ee3p v\u1edbi h\u01b0\u01a1ng thi\u00ean th\u1ea3o t\u01b0\u01a1i m\u00e1t kh\u00f4ng ch\u1ec9 c\u00f3 t\u00e1c d\u1ee5ng l\u00e0m s\u1ea1ch s\u00e0n nh\u00e0 m\u00e0 c\u00f2n mang l\u1ea1i cho b\u1ea1n kh\u00f4ng gian ng\u00e1t h\u01b0\u01a1ng th\u01a1m.<\/li>\n<li>S\u1ea3n ph\u1ea9m s\u1eed d\u1ee5ng c\u00f4ng ngh\u1ec7 m\u1ed9t l\u1ea7n lau, gi\u00fap s\u00e0n nh\u00e0 s\u1ea1ch bong v\u00e0 s\u00e1ng b\u00f3ng ngay c\u1ea3 \u1edf nh\u1eefng ng\u00f3c ng\u00e1ch kh\u00f3 l\u00e0m s\u1ea1ch nh\u1ea5t.<\/li>\n<li>S\u1ea3n ph\u1ea9m c\u00f3 th\u1ec3 \u0111\u01b0\u1ee3c s\u1eed d\u1ee5ng cho c\u00e1c kh\u00f4ng gian trong nh\u00e0 nh\u01b0: ph\u00f2ng ng\u1ee7, ph\u00f2ng kh\u00e1ch, b\u1ebfp, ph\u00f2ng t\u1eafm&#8230; ho\u1eb7c d\u00f9ng trong v\u0103n ph\u00f2ng, kh\u00e1ch s\u1ea1n c\u0169ng r\u1ea5t ph\u00f9 h\u1ee3p.<\/li>\n<\/ul>\n<p><strong>H\u01b0\u1edbng d\u1eabn s\u1eed d\u1ee5ng:<\/strong><\/p>\n<ul>\n<li>Qu\u00e9t s\u1ea1ch s\u00e0n nh\u00e0 b\u1eb1ng ch\u1ed5i m\u1ec1m (ho\u1eb7c mop lau s\u00e0n kh\u00f4) \u0111\u1ec3 lo\u1ea1i b\u1ecf r\u00e1c th\u00f4, b\u1ee5i b\u1ea9n.<\/li>\n<li>H\u00f2a 1 n\u1eafp \u0111\u1ea7y Sunlight v\u00e0o \u00bd x\u00f4 n\u01b0\u1edbc.<\/li>\n<li>L\u00e0m \u01b0\u1edbt c\u00e2y lau nh\u00e0 r\u1ed3i lau s\u1ea1ch c\u00e1c v\u1ebft b\u1ea9n.<\/li>\n<li>Kh\u00f4ng lau l\u1ea1i b\u1eb1ng n\u01b0\u1edbc.<\/li>\n<\/ul>\n<p><strong>L\u01b0u \u00fd:<\/strong><\/p>\n<ul>\n<li>\u0110\u1ec3 xa t\u1ea7m tay tr\u1ebb em.<\/li>\n<li>Kh\u00f4ng \u0111\u01b0\u1ee3c u\u1ed1ng.<\/li>\n<li>N\u1ebfu s\u1ea3n ph\u1ea9m d\u00ednh v\u00e0o m\u1eaft, r\u1eeda s\u1ea1ch b\u1eb1ng n\u01b0\u1edbc.<\/li>\n<li>N\u1ebfu nu\u1ed1t ph\u1ea3i, u\u1ed1ng ngay 1 ly n\u01b0\u1edbc ho\u1eb7c s\u1eefa, n\u1ebfu c\u1ea7n th\u00ec \u0111\u1ebfn c\u01a1 s\u1edf y t\u1ebf.<\/li>\n<\/ul>\n<p><strong>B\u1ea3o qu\u1ea3n:<\/strong><\/p>\n<ul>\n<li>\u0110\u1eady k\u00edn s\u1ea3n ph\u1ea9m sau khi s\u1eed d\u1ee5ng.<\/li>\n<li>\u0110\u1ec3 n\u01a1i tho\u00e1ng m\u00e1t, tr\u00e1nh nhi\u1ec7t \u0111\u1ed9 cao.<\/li>\n<\/ul>\n","protected":false},"excerpt":{"rendered":"<p>\u0110\u1eb7c \u0111i\u1ec3m n\u1ed5i b\u1eadt L\u00e0m s\u1ea1ch c\u00e1c v\u1ebft b\u1ea9n l\u00e2u ng\u00e0y Th\u00edch h\u1ee3p cho m\u1ecdi lo\u1ea1i s\u00e0n H\u01b0\u01a1ng hoa Thi\u00ean Th\u1ea3o t\u01b0\u01a1i m\u00e1t Gi\u00fap s\u00e0n nh\u00e0 s\u1ea1ch v\u00e0 s\u00e1ng b\u00f3ng Kh\u00f4ng lau l\u1ea1i b\u1eb1ng n\u01b0\u1edbc S\u1ea3n xu\u1ea5t t\u1ea1i Vi\u1ec7t Nam Sunlight l\u00e0 th\u01b0\u01a1ng hi\u1ec7u c\u1ee7a Anh v\u00e0 H\u00e0 Lan Kh\u1ed1i l\u01b0\u1ee3ng 1kg Th\u00e0nh ph\u1ea7n v\u00e0 [&#8230;]\n","protected":false},"featured_media":76,"comment_status":"open","ping_status":"closed","template":"","meta":[],"_links":{"self":[{"href":"https:\/\/webmaibinh.com\/w\/bachhoa2011\/wp-json\/wp\/v2\/product\/75"}],"collection":[{"href":"https:\/\/webmaibinh.com\/w\/bachhoa2011\/wp-json\/wp\/v2\/product"}],"about":[{"href":"https:\/\/webmaibinh.com\/w\/bachhoa2011\/wp-json\/wp\/v2\/types\/product"}],"replies":[{"embeddable":true,"href":"https:\/\/webmaibinh.com\/w\/bachhoa2011\/wp-json\/wp\/v2\/comments?post=75"}],"wp:featuredmedia":[{"embeddable":true,"href":"https:\/\/webmaibinh.com\/w\/bachhoa2011\/wp-json\/wp\/v2\/media\/76"}],"wp:attachment":[{"href":"https:\/\/webmaibinh.com\/w\/bachhoa2011\/wp-json\/wp\/v2\/media?parent=75"}],"curies":[{"name":"wp","href":"https:\/\/api.w.org\/{rel}","templated":true}]}}