{"id":69,"date":"2017-05-23T07:46:17","date_gmt":"2017-05-23T07:46:17","guid":{"rendered":"https:\/\/bachhoa.khowebseotop.vn\/?post_type=product&#038;p=69"},"modified":"2017-05-23T07:46:18","modified_gmt":"2017-05-23T07:46:18","slug":"sua-rua-mat-ponds-trang-hong-rang-ro-50g","status":"publish","type":"product","link":"https:\/\/webmaibinh.com\/w\/bachhoa2011\/sua-rua-mat-ponds-trang-hong-rang-ro-50g\/","title":{"rendered":"S\u1eefa r\u1eeda m\u1eb7t Pond&#8217;s tr\u1eafng h\u1ed3ng r\u1ea1ng r\u1ee1 50g"},"content":{"rendered":"<p><strong>\u0110\u1eb7c \u0111i\u1ec3m n\u1ed5i b\u1eadt<\/strong><\/p>\n<ul>\n<li>L\u00e0m s\u1ea1ch s\u00e2u, cho da tr\u1eafng h\u1ed3ng<\/li>\n<li>H\u01b0\u01a1ng t\u1ef1 nhi\u00ean nh\u1eb9 nh\u00e0ng<\/li>\n<li>B\u1ed5 sung Pro-Vitamin B3 l\u00e0m s\u00e1ng da<\/li>\n<li>Th\u00edch h\u1ee3p m\u1ecdi lo\u1ea1i da<\/li>\n<li>Cho da m\u1ec1m m\u1ea1i v\u00e0 m\u1ecbn m\u00e0ng<\/li>\n<li>S\u1ea3n xu\u1ea5t t\u1ea1i Vi\u1ec7t Nam<\/li>\n<li>Ponds l\u00e0 th\u01b0\u01a1ng hi\u1ec7u c\u1ee7a Anh v\u00e0 H\u00e0 Lan<\/li>\n<li>Tr\u1ecdng l\u01b0\u1ee3ng 50g<\/li>\n<\/ul>\n<p><strong>Th\u00e0nh ph\u1ea7n v\u00e0 c\u00f4ng d\u1ee5ng:<\/strong><\/p>\n<ul>\n<li>S\u1eefa r\u1eeda m\u1eb7t tr\u1eafng h\u1ed3ng r\u1ea1ng r\u1ee1 Pond&#8217;s tr\u1eafng h\u1ed3ng r\u1ea1ng r\u1ee1 nh\u1edd c\u00f4ng th\u1ee9c \u0111\u1ed9c \u0111\u00e1o v\u1edbi Glycerin v\u00e0 Pro-Vitamin B3 gi\u00fap l\u00e0m s\u1ea1ch t\u1eeb s\u00e2u b\u00ean trong l\u1ed7 ch\u00e2n l\u00f4ng, lo\u1ea1i b\u1ecf hi\u1ec7u qu\u1ea3 l\u1edbp b\u00e3 nh\u1eddn v\u00e0 t\u1ebf b\u00e0o ch\u1ebft, cho da th\u1eadt s\u1ea1ch v\u00e0 t\u01b0\u01a1i s\u00e1ng.<\/li>\n<li>\u0110\u1eb7c bi\u1ec7t, s\u1ea3n ph\u1ea9m ch\u1ee9a Lycopene gi\u00fap ch\u1ed1ng oxy ho\u00e1 m\u1ea1nh m\u1ebd, \u0111em l\u1ea1i cho b\u1ea1n v\u1ebb \u0111\u1eb9p tr\u1eafng h\u1ed3ng.<\/li>\n<\/ul>\n<p><strong>H\u01b0\u1edbng d\u1eabn s\u1eed d\u1ee5ng<\/strong><\/p>\n<ul>\n<li>D\u00f9ng n\u01b0\u1edbc l\u00e0m \u01b0\u1edbt m\u1eb7t.<\/li>\n<li>L\u1ea5y 1 \u00edt s\u1eefa r\u1eeda m\u1eb7t cho v\u00e0o l\u00f2ng b\u00e0n tay, sau \u0111\u00f3 thoa \u0111\u1ec1u kh\u1eafp da m\u1eb7t.<\/li>\n<li>Massage nh\u1eb9 nh\u00e0ng theo h\u00ecnh xo\u1eafn \u1ed1c t\u1eeb d\u01b0\u1edbi l\u00ean tr\u00ean r\u1ed3i r\u1eeda s\u1ea1ch v\u1edbi n\u01b0\u1edbc.<\/li>\n<li>L\u01b0u \u00fd: N\u1ebfu c\u00f3 hi\u1ec7n t\u01b0\u1ee3ng ng\u1ee9a, d\u1ecb \u1ee9ng th\u00ec ng\u01b0ng s\u1eed d\u1ee5ng ngay.<\/li>\n<\/ul>\n<p><strong>B\u1ea3o qu\u1ea3n<\/strong><\/p>\n<ul>\n<li>Tr\u00e1nh nhi\u1ec7t \u0111\u1ed9 cao v\u00e0 \u00e1nh n\u1eafng tr\u1ef1c ti\u1ebfp.<\/li>\n<\/ul>\n","protected":false},"excerpt":{"rendered":"<p>\u0110\u1eb7c \u0111i\u1ec3m n\u1ed5i b\u1eadt L\u00e0m s\u1ea1ch s\u00e2u, cho da tr\u1eafng h\u1ed3ng H\u01b0\u01a1ng t\u1ef1 nhi\u00ean nh\u1eb9 nh\u00e0ng B\u1ed5 sung Pro-Vitamin B3 l\u00e0m s\u00e1ng da Th\u00edch h\u1ee3p m\u1ecdi lo\u1ea1i da Cho da m\u1ec1m m\u1ea1i v\u00e0 m\u1ecbn m\u00e0ng S\u1ea3n xu\u1ea5t t\u1ea1i Vi\u1ec7t Nam Ponds l\u00e0 th\u01b0\u01a1ng hi\u1ec7u c\u1ee7a Anh v\u00e0 H\u00e0 Lan Tr\u1ecdng l\u01b0\u1ee3ng 50g Th\u00e0nh ph\u1ea7n v\u00e0 [&#8230;]\n","protected":false},"featured_media":70,"comment_status":"open","ping_status":"closed","template":"","meta":[],"_links":{"self":[{"href":"https:\/\/webmaibinh.com\/w\/bachhoa2011\/wp-json\/wp\/v2\/product\/69"}],"collection":[{"href":"https:\/\/webmaibinh.com\/w\/bachhoa2011\/wp-json\/wp\/v2\/product"}],"about":[{"href":"https:\/\/webmaibinh.com\/w\/bachhoa2011\/wp-json\/wp\/v2\/types\/product"}],"replies":[{"embeddable":true,"href":"https:\/\/webmaibinh.com\/w\/bachhoa2011\/wp-json\/wp\/v2\/comments?post=69"}],"wp:featuredmedia":[{"embeddable":true,"href":"https:\/\/webmaibinh.com\/w\/bachhoa2011\/wp-json\/wp\/v2\/media\/70"}],"wp:attachment":[{"href":"https:\/\/webmaibinh.com\/w\/bachhoa2011\/wp-json\/wp\/v2\/media?parent=69"}],"curies":[{"name":"wp","href":"https:\/\/api.w.org\/{rel}","templated":true}]}}