{"id":66,"date":"2017-05-23T07:44:35","date_gmt":"2017-05-23T07:44:35","guid":{"rendered":"https:\/\/bachhoa.khowebseotop.vn\/?post_type=product&#038;p=66"},"modified":"2017-05-23T07:44:35","modified_gmt":"2017-05-23T07:44:35","slug":"san-pham-lam-sach-kep-fresh-men-perfect-foaming-cleanser-200ml","status":"publish","type":"product","link":"https:\/\/webmaibinh.com\/w\/bachhoa2011\/san-pham-lam-sach-kep-fresh-men-perfect-foaming-cleanser-200ml\/","title":{"rendered":"S\u1ea3n ph\u1ea9m l\u00e0m s\u1ea1ch k\u00e9p The Fresh For Men Perfect Foaming Cleanser 200ml"},"content":{"rendered":"<p><strong>\u0110\u1eb7c \u0111i\u1ec3m n\u1ed5i b\u1eadt<\/strong><\/p>\n<ul>\n<li>Th\u01b0\u01a1ng hi\u1ec7u \u0111\u01b0\u1ee3c s\u1ea3n xu\u1ea5t t\u1ea1i H\u00e0n Qu\u1ed1c<\/li>\n<li>D\u00e0nh cho nam<\/li>\n<li>Chi\u1ebft xu\u1ea5t tr\u00e0 xanh Roboois Nam Phi<\/li>\n<li>Chi\u1ebft xu\u1ea5t l\u00e1 b\u1ea1c h\u00e0<\/li>\n<li>Th\u00eam n\u01b0\u1edbc kho\u00e1ng Harrogate<\/li>\n<li>L\u00e0m s\u1ea1ch hi\u1ec7u qu\u1ea3<\/li>\n<li>Ki\u1ec3m so\u00e1t nh\u1eddn, gi\u1ea3m b\u00f3ng d\u1ea7u<\/li>\n<li>Dung t\u00edch 200ml<\/li>\n<\/ul>\n<p><strong>Th\u00e0nh ph\u1ea7n v\u00e0 c\u00f4ng d\u1ee5ng<\/strong><\/p>\n<ul>\n<li>L\u00e0m s\u1ea1ch da \u0111\u00f3ng vai tr\u00f2 r\u1ea5t quan tr\u1ecdng trong quy tr\u00ecnh ch\u0103m s\u00f3c da. L\u00e0n da c\u00f3 s\u1ea1ch th\u00ec kh\u1ea3 n\u0103ng h\u1ea5p th\u1ee5 d\u01b0\u1ee1ng ch\u1ea5t s\u1ebd hi\u1ec7u qu\u1ea3 h\u01a1n. V\u1edbi s\u1ea3n ph\u1ea9m l\u00e0m s\u1ea1ch \u0111a n\u0103ng v\u00e0 ti\u1ec7n d\u1ee5ng: t\u1ea9y trang v\u00e0 s\u1eefa r\u1eeda m\u1eb7t gi\u00fap l\u00e0m s\u1ea1ch b\u1ee5i b\u1ea9n, b\u00e3 nh\u1eddn, l\u1edbp kem ch\u1ed1ng n\u1eafng,&#8230; S\u1ea3n ph\u1ea9m s\u1ebd gi\u00fap b\u1ea1n r\u00fat ng\u1eafn th\u1eddi gian l\u00e0m s\u1ea1ch da nh\u01b0ng v\u1eabn \u0111\u1ea3m b\u1ea3o l\u00e0m s\u1ea1ch da m\u1ed9t c\u00e1ch t\u1ed1t nh\u1ea5t. Ngo\u00e0i ra, s\u1ea3n ph\u1ea9m c\u00f2n h\u1ea1n ch\u1ebf t\u00ecnh tr\u1ea1ng b\u00f3ng d\u1ea7u cho l\u00e0n da nam gi\u1edbi.<\/li>\n<\/ul>\n<p><strong>H\u01b0\u1edbng d\u1eabn s\u1eed d\u1ee5ng<\/strong><\/p>\n<ul>\n<li>B\u01a1m s\u1ea3n ph\u1ea9m ra l\u00f2ng b\u00e0n tay v\u00e0 m\u00e1t xa \u0111\u1ec1u kh\u1eafp b\u1ec1 m\u1eb7t da. R\u1eeda m\u1eb7t s\u1ea1ch v\u1edbi n\u01b0\u1edbc.<\/li>\n<li>Ch\u00fa \u00fd: T\u1ea9y trang tr\u01b0\u1edbc khi d\u00f9ng s\u1eefa r\u1eeda m\u1eb7t<\/li>\n<\/ul>\n","protected":false},"excerpt":{"rendered":"<p>\u0110\u1eb7c \u0111i\u1ec3m n\u1ed5i b\u1eadt Th\u01b0\u01a1ng hi\u1ec7u \u0111\u01b0\u1ee3c s\u1ea3n xu\u1ea5t t\u1ea1i H\u00e0n Qu\u1ed1c D\u00e0nh cho nam Chi\u1ebft xu\u1ea5t tr\u00e0 xanh Roboois Nam Phi Chi\u1ebft xu\u1ea5t l\u00e1 b\u1ea1c h\u00e0 Th\u00eam n\u01b0\u1edbc kho\u00e1ng Harrogate L\u00e0m s\u1ea1ch hi\u1ec7u qu\u1ea3 Ki\u1ec3m so\u00e1t nh\u1eddn, gi\u1ea3m b\u00f3ng d\u1ea7u Dung t\u00edch 200ml Th\u00e0nh ph\u1ea7n v\u00e0 c\u00f4ng d\u1ee5ng L\u00e0m s\u1ea1ch da \u0111\u00f3ng vai tr\u00f2 [&#8230;]\n","protected":false},"featured_media":67,"comment_status":"open","ping_status":"closed","template":"","meta":[],"_links":{"self":[{"href":"https:\/\/webmaibinh.com\/w\/bachhoa2011\/wp-json\/wp\/v2\/product\/66"}],"collection":[{"href":"https:\/\/webmaibinh.com\/w\/bachhoa2011\/wp-json\/wp\/v2\/product"}],"about":[{"href":"https:\/\/webmaibinh.com\/w\/bachhoa2011\/wp-json\/wp\/v2\/types\/product"}],"replies":[{"embeddable":true,"href":"https:\/\/webmaibinh.com\/w\/bachhoa2011\/wp-json\/wp\/v2\/comments?post=66"}],"wp:featuredmedia":[{"embeddable":true,"href":"https:\/\/webmaibinh.com\/w\/bachhoa2011\/wp-json\/wp\/v2\/media\/67"}],"wp:attachment":[{"href":"https:\/\/webmaibinh.com\/w\/bachhoa2011\/wp-json\/wp\/v2\/media?parent=66"}],"curies":[{"name":"wp","href":"https:\/\/api.w.org\/{rel}","templated":true}]}}