{"id":62,"date":"2017-05-23T07:43:33","date_gmt":"2017-05-23T07:43:33","guid":{"rendered":"https:\/\/bachhoa.khowebseotop.vn\/?post_type=product&#038;p=62"},"modified":"2017-05-23T07:43:33","modified_gmt":"2017-05-23T07:43:33","slug":"sua-dau-nanh-yeos-lon-300ml","status":"publish","type":"product","link":"https:\/\/webmaibinh.com\/w\/bachhoa2011\/sua-dau-nanh-yeos-lon-300ml\/","title":{"rendered":"S\u1eefa \u0111\u1eadu n\u00e0nh Yeo&#8217;s lon 300ml"},"content":{"rendered":"<p><strong>\u0110\u1eb7c \u0111i\u1ec3m n\u1ed5i b\u1eadt<\/strong><\/p>\n<ul>\n<li>H\u01b0\u01a1ng v\u1ecb s\u1eefa \u0111\u1eadu n\u00e0nh th\u01a1m ngon<\/li>\n<li>S\u1eefa \u0111\u1eadu n\u00e0nh c\u00f3 \u0111\u01b0\u1eddng<\/li>\n<li>Gi\u00e0u tinh ch\u1ea5t s\u1eefa \u0111\u1eadu n\u00e0nh<\/li>\n<li>\u00cdt b\u00e9o, kh\u00f4ng cholesterol<\/li>\n<li>100% \u0111\u1eadu n\u00e0nh nh\u1eadp kh\u1ea9u t\u1eeb Canada<\/li>\n<li>S\u1ea3n xu\u1ea5t t\u1ea1i Singapore<\/li>\n<li>Yeo&#8217;s l\u00e0 th\u01b0\u01a1ng hi\u1ec7u c\u1ee7a Singapore<\/li>\n<li>Dung t\u00edch 300ml<\/li>\n<\/ul>\n<p><strong>Th\u00e0nh ph\u1ea7n v\u00e0 c\u00f4ng d\u1ee5ng:<\/strong><\/p>\n<ul>\n<li>\u0110\u01b0\u1ee3c s\u1ea3n xu\u1ea5t t\u1eeb \u0111\u1eadu n\u00e0nh nguy\u00ean ch\u1ea5t 100% nh\u1eadp kh\u1ea9u t\u1eeb Canada tr\u00ean quy tr\u00ecnh k\u0129 thu\u1eadt ti\u00ean ti\u1ebfn hi\u1ec7n \u0111\u1ea1i gi\u00fap gi\u1eef l\u1ea1i nhi\u1ec1u ch\u1ea5t dinh d\u01b0\u1ee1ng nh\u1ea5t.<\/li>\n<li>\u00cdt b\u00e9o, kh\u00f4ng m\u00e0u, kh\u00f4ng ch\u1ea5t b\u1ea3o qu\u1ea3n v\u00e0 kh\u00f4ng ch\u1ee9a cholesterol gi\u00fap b\u1ea3o \u0111\u1ea3m s\u1ee9c kh\u1ecfe cho ng\u01b0\u1eddi s\u1eed d\u1ee5ng.<\/li>\n<li>H\u01b0\u01a1ng v\u1ecb th\u01a1m ngon \u0111\u1eadm \u0111\u00e0 t\u1eeb \u0111\u1eadu n\u00e0nh, cung c\u1ea5p nhi\u1ec1u Protein, c\u00f3 l\u1ee3i cho h\u1ec7 ti\u00eau h\u00f3a v\u00e0 tim m\u1ea1ch.<\/li>\n<\/ul>\n<p><strong>H\u01b0\u1edbng d\u1eabn s\u1eed d\u1ee5ng:<\/strong><\/p>\n<ul>\n<li>D\u00f9ng tr\u1ef1c ti\u1ebfp, ngon h\u01a1n khi u\u1ed1ng l\u1ea1nh.<\/li>\n<\/ul>\n<p><strong>B\u1ea3o qu\u1ea3n:<\/strong><\/p>\n<ul>\n<li>\u0110\u1ec3 n\u01a1i kh\u00f4 r\u00e1o, tho\u00e1ng mat, tr\u00e1nh \u00e1nh n\u1eafng tr\u1ef1c ti\u1ebfp.<\/li>\n<li>H\u00ecnh \u1ea3nh S\u1eefa \u0111\u1eadu n\u00e0nh Yeo&#8217;s lon 300ml<\/li>\n<\/ul>\n","protected":false},"excerpt":{"rendered":"<p>\u0110\u1eb7c \u0111i\u1ec3m n\u1ed5i b\u1eadt H\u01b0\u01a1ng v\u1ecb s\u1eefa \u0111\u1eadu n\u00e0nh th\u01a1m ngon S\u1eefa \u0111\u1eadu n\u00e0nh c\u00f3 \u0111\u01b0\u1eddng Gi\u00e0u tinh ch\u1ea5t s\u1eefa \u0111\u1eadu n\u00e0nh \u00cdt b\u00e9o, kh\u00f4ng cholesterol 100% \u0111\u1eadu n\u00e0nh nh\u1eadp kh\u1ea9u t\u1eeb Canada S\u1ea3n xu\u1ea5t t\u1ea1i Singapore Yeo&#8217;s l\u00e0 th\u01b0\u01a1ng hi\u1ec7u c\u1ee7a Singapore Dung t\u00edch 300ml Th\u00e0nh ph\u1ea7n v\u00e0 c\u00f4ng d\u1ee5ng: \u0110\u01b0\u1ee3c s\u1ea3n xu\u1ea5t t\u1eeb [&#8230;]\n","protected":false},"featured_media":63,"comment_status":"open","ping_status":"closed","template":"","meta":[],"_links":{"self":[{"href":"https:\/\/webmaibinh.com\/w\/bachhoa2011\/wp-json\/wp\/v2\/product\/62"}],"collection":[{"href":"https:\/\/webmaibinh.com\/w\/bachhoa2011\/wp-json\/wp\/v2\/product"}],"about":[{"href":"https:\/\/webmaibinh.com\/w\/bachhoa2011\/wp-json\/wp\/v2\/types\/product"}],"replies":[{"embeddable":true,"href":"https:\/\/webmaibinh.com\/w\/bachhoa2011\/wp-json\/wp\/v2\/comments?post=62"}],"wp:featuredmedia":[{"embeddable":true,"href":"https:\/\/webmaibinh.com\/w\/bachhoa2011\/wp-json\/wp\/v2\/media\/63"}],"wp:attachment":[{"href":"https:\/\/webmaibinh.com\/w\/bachhoa2011\/wp-json\/wp\/v2\/media?parent=62"}],"curies":[{"name":"wp","href":"https:\/\/api.w.org\/{rel}","templated":true}]}}