{"id":49,"date":"2017-05-23T07:40:05","date_gmt":"2017-05-23T07:40:05","guid":{"rendered":"https:\/\/bachhoa.khowebseotop.vn\/?post_type=product&#038;p=49"},"modified":"2017-05-25T03:37:25","modified_gmt":"2017-05-25T03:37:25","slug":"sua-bot-abbott-pediasure-ba-1-6kg-cho-1-10-tuoi","status":"publish","type":"product","link":"https:\/\/webmaibinh.com\/w\/bachhoa2011\/sua-bot-abbott-pediasure-ba-1-6kg-cho-1-10-tuoi\/","title":{"rendered":"S\u1eefa b\u1ed9t Abbott PediaSure B\/A 1.6kg (cho b\u00e9 1-10 tu\u1ed5i)"},"content":{"rendered":"<p><strong>\u0110\u1eb7c \u0111i\u1ec3m n\u1ed5i b\u1eadt<\/strong><\/p>\n<ul>\n<li>Cho tr\u1ebb bi\u1ebfng \u0103n<\/li>\n<li>3 ngu\u1ed3n \u0111\u1ea1m gi\u00fap tr\u1ebb \u0103n ngon<\/li>\n<li>Ch\u1ea5t b\u00e9o \u0111\u1eb7c ch\u1ebf d\u1ec5 ti\u00eau h\u00f3a, h\u1ea5p thu<\/li>\n<li>AA, DHA, vitamin ph\u00e1t tri\u1ec3n to\u00e0n di\u1ec7n<\/li>\n<li>S\u1ea3n xu\u1ea5t t\u1ea1i Singapore<\/li>\n<li>Abbott l\u00e0 th\u01b0\u01a1ng hi\u1ec7u c\u1ee7a M\u0129<\/li>\n<li>Tr\u1ecdng l\u01b0\u1ee3ng 1.6kg<\/li>\n<\/ul>\n<p><strong>Th\u00e0nh ph\u1ea7n v\u00e0 c\u00f4ng d\u1ee5ng:\u00a0<\/strong><\/p>\n<ul>\n<li>H\u1ec7 ph\u1ee9c h\u1ee3p m\u1edbi t\u1eeb 3 ngu\u1ed3n \u0111\u1ea1m ch\u1ea5t l\u01b0\u1ee3ng cao c\u00f9ng v\u1edbi h\u1ec7 \u0111\u01b0\u1eddng k\u00e9p ti\u00ean ti\u1ebfn gi\u00fap tr\u1ebb \u0103n ngon mi\u1ec7ng h\u01a1n, cung c\u1ea5p n\u0103ng l\u01b0\u1ee3ng c\u00e2n \u0111\u1ed1i \u0111\u1ec3 tr\u1ebb b\u1eaft k\u1ecbp v\u00e0 ti\u1ebfp t\u1ee5c \u0111\u00e0 t\u0103ng tr\u01b0\u1edfng ho\u00e0n h\u1ea3o.<\/li>\n<li>H\u1ec7 ch\u1ea5t b\u00e9o \u0111\u01b0\u1ee3c \u0111\u1eb7c ch\u1ebf khoa h\u1ecdc gi\u00e0u MCT gi\u00fap d\u1ec5 ti\u00eau h\u00f3a v\u00e0 h\u1ea5p thu. Gi\u00e0u AA, DHA, c\u00e1c vitamin v\u00e0 kho\u00e1ng ch\u1ea5t thi\u1ebft y\u1ebfu.<\/li>\n<li>Dinh d\u01b0\u1ee1ng \u0111\u1ea7y \u0111\u1ee7 v\u00e0 c\u00e2n \u0111\u1ed1i \u0111\u1ea3m b\u1ea3o cung c\u1ea5p \u0111\u1ea7y \u0111\u1ee7 nh\u1eefng d\u01b0\u1ee1ng ch\u1ea5t c\u1ea7n thi\u1ebft nh\u01b0 m\u1ed9t b\u1eefa \u0103n m\u00e0 tr\u1ebb b\u1ecb thi\u1ebfu h\u1ee5t hay b\u1ecf b\u1eefa.<\/li>\n<li>C\u00f4ng th\u1ee9c ti\u00ean ti\u1ebfn m\u1edbi v\u1edbi th\u00e0nh ph\u1ea7n v\u00e0 t\u1ef7 l\u1ec7 th\u00edch h\u1ee3p c\u00e1c vitamin v\u00e0 kho\u00e1ng ch\u1ea5t thi\u1ebft y\u1ebfu h\u1ed7 tr\u1ee3 tr\u1ebb bi\u1ebfng \u0103n nhanh ch\u00f3ng ph\u00e1t tri\u1ec3n b\u1eaft k\u1ecbp v\u00e0 ti\u1ebfp t\u1ee5c \u0111\u00e0 t\u0103ng tr\u01b0\u1edfng ho\u00e0n h\u1ea3o.<\/li>\n<\/ul>\n<p><strong>H\u01b0\u1edbng d\u1eabn s\u1eed d\u1ee5ng:<\/strong><\/p>\n<ul>\n<li>R\u1eeda tay v\u00e0 c\u00e1c d\u1ee5ng c\u1ee5 pha s\u1eefa th\u1eadt s\u1ea1ch tr\u01b0\u1edbc khi pha.<\/li>\n<li>\u0110\u1ec3 c\u00f3 225ml pha chu\u1ea9n, cho 190ml n\u01b0\u1edbc ch\u00edn \u0111\u1ec3 ngu\u1ed9i v\u00e0o ly.<\/li>\n<li>Cho 5 mu\u1ed7ng g\u1ea1t ngang b\u1ed9t PediaSure (mu\u1ed7ng c\u00f3 s\u1eb5n trong h\u1ed9p) v\u00e0 khu\u1ea5y cho tan \u0111\u1ec1u.<\/li>\n<\/ul>\n<p><strong>B\u1ea3o qu\u1ea3n:<\/strong><\/p>\n<ul>\n<li>B\u1ea3o qu\u1ea3n n\u01a1i kh\u00f4 r\u00e1o.<\/li>\n<li>H\u1ed9p \u0111\u00e3 m\u1edf s\u1eed d\u1ee5ng trong v\u00f2ng 3 tu\u1ea7n.<\/li>\n<li>H\u00ecnh \u1ea3nh S\u1eefa b\u1ed9t Abbott PediaSure B\/A 1.6kg (cho b\u00e9 1-10 tu\u1ed5i)<\/li>\n<\/ul>\n","protected":false},"excerpt":{"rendered":"<p>\u0110\u1eb7c \u0111i\u1ec3m n\u1ed5i b\u1eadt Cho tr\u1ebb bi\u1ebfng \u0103n 3 ngu\u1ed3n \u0111\u1ea1m gi\u00fap tr\u1ebb \u0103n ngon Ch\u1ea5t b\u00e9o \u0111\u1eb7c ch\u1ebf d\u1ec5 ti\u00eau h\u00f3a, h\u1ea5p thu AA, DHA, vitamin ph\u00e1t tri\u1ec3n to\u00e0n di\u1ec7n S\u1ea3n xu\u1ea5t t\u1ea1i Singapore Abbott l\u00e0 th\u01b0\u01a1ng hi\u1ec7u c\u1ee7a M\u0129 Tr\u1ecdng l\u01b0\u1ee3ng 1.6kg Th\u00e0nh ph\u1ea7n v\u00e0 c\u00f4ng d\u1ee5ng:\u00a0 H\u1ec7 ph\u1ee9c h\u1ee3p m\u1edbi t\u1eeb 3 [&#8230;]\n","protected":false},"featured_media":50,"comment_status":"open","ping_status":"closed","template":"","meta":[],"_links":{"self":[{"href":"https:\/\/webmaibinh.com\/w\/bachhoa2011\/wp-json\/wp\/v2\/product\/49"}],"collection":[{"href":"https:\/\/webmaibinh.com\/w\/bachhoa2011\/wp-json\/wp\/v2\/product"}],"about":[{"href":"https:\/\/webmaibinh.com\/w\/bachhoa2011\/wp-json\/wp\/v2\/types\/product"}],"replies":[{"embeddable":true,"href":"https:\/\/webmaibinh.com\/w\/bachhoa2011\/wp-json\/wp\/v2\/comments?post=49"}],"wp:featuredmedia":[{"embeddable":true,"href":"https:\/\/webmaibinh.com\/w\/bachhoa2011\/wp-json\/wp\/v2\/media\/50"}],"wp:attachment":[{"href":"https:\/\/webmaibinh.com\/w\/bachhoa2011\/wp-json\/wp\/v2\/media?parent=49"}],"curies":[{"name":"wp","href":"https:\/\/api.w.org\/{rel}","templated":true}]}}