{"id":45,"date":"2017-05-23T07:38:33","date_gmt":"2017-05-23T07:38:33","guid":{"rendered":"https:\/\/bachhoa.khowebseotop.vn\/?post_type=product&#038;p=45"},"modified":"2017-05-23T07:38:33","modified_gmt":"2017-05-23T07:38:33","slug":"dau-phong-tan-tan-vi-tom-hop-200g","status":"publish","type":"product","link":"https:\/\/webmaibinh.com\/w\/bachhoa2011\/dau-phong-tan-tan-vi-tom-hop-200g\/","title":{"rendered":"\u0110\u1eadu ph\u1ed9ng T\u00e2n T\u00e2n v\u1ecb t\u00f4m h\u1ed9p 200g"},"content":{"rendered":"<p><strong>\u0110\u1eb7c \u0111i\u1ec3m n\u1ed5i b\u1eadt<\/strong><\/p>\n<ul>\n<li>V\u1ecb t\u00f4m ng\u1ecdt d\u1ecbu, \u0111\u1eb7c tr\u01b0ng<\/li>\n<li>\u0110\u1eadu ph\u1ed9ng nguy\u00ean ch\u1ea5t b\u1ed5 d\u01b0\u1ee1ng<\/li>\n<li>S\u1ea3n ph\u1ea9m \u00edt \u0111\u01b0\u1eddng<\/li>\n<li>Kh\u00f4ng ch\u1ee9a ch\u1ea5t b\u1ea3o qu\u1ea3n, ph\u1ea9m m\u00e0u<\/li>\n<li>Gi\u1ea3m l\u01b0\u1ee3ng cholesterol<\/li>\n<li>S\u1ea3n xu\u1ea5t t\u1ea1i Vi\u1ec7t Nam<\/li>\n<li>T\u00e2n T\u00e2n l\u00e0 th\u01b0\u01a1ng hi\u1ec7u c\u1ee7a Vi\u1ec7t Nam<\/li>\n<li>Tr\u1ecdng l\u01b0\u1ee3ng 200g<\/li>\n<\/ul>\n<p><strong>Th\u00e0nh ph\u1ea7n v\u00e0 c\u00f4ng d\u1ee5ng:<\/strong><\/p>\n<ul>\n<li>\u0110\u1eadu ph\u1ed9ng T\u00e2n T\u00e2n v\u1ecb t\u00f4m \u0111\u01b0\u1ee3c l\u00e0m t\u1eeb \u0111\u1eadu ph\u1ed9ng cao c\u1ea5p, \u0111\u01b0\u1ee3c ch\u1ecdn l\u1ef1a k\u0129 c\u00e0ng, mang \u0111\u1ebfn s\u1ea3n ph\u1ea9m \u0111\u1ea1t ch\u1ea5t l\u01b0\u1ee3ng an to\u00e0n.<\/li>\n<li>Trong \u0111\u1eadu ph\u1ed9ng ch\u1ee9a d\u01b0\u1ee1ng ch\u1ea5t t\u1ed1t cho tim m\u1ea1ch, h\u1ea1 cholesterol, ng\u0103n ng\u1eeba l\u00e3o h\u00f3a, t\u1ed1t cho x\u01b0\u01a1ng, h\u00e0m l\u01b0\u1ee3ng l\u1edbn vitamin B, D gi\u00fap c\u01a1 th\u1ec3 kh\u1ecfe m\u1ea1nh.<\/li>\n<li>S\u1ea3n ph\u1ea9m c\u00f3 h\u01b0\u01a1ng v\u1ecb t\u00f4m th\u01a1m ngon c\u00f9ng nh\u1eefng nguy\u00ean li\u1ec7u t\u1ef1 nhi\u00ean \u0111\u01b0\u1ee3c ch\u1ecdn l\u1ecdc k\u1ef9 c\u00e0ng, s\u1ebd mang l\u1ea1i cho b\u1ea1n nh\u1eefng ph\u00fat gi\u1ea3i tr\u00ed v\u00e0 th\u01b0\u1edfng th\u1ee9c th\u1eadt tuy\u1ec7t v\u1eddi.<\/li>\n<li>S\u1ea3n ph\u1ea9m l\u00e0 m\u00f3n \u0103n v\u1eb7t th\u01a1m ngon, b\u1ed5 d\u01b0\u1ee1ng khi t\u1ee5 t\u1eadp b\u1ea1n b\u00e8. \u0110\u01b0\u1ee3c \u0111\u00f3ng g\u00f3i nh\u1ecf, c\u1ea7m v\u1eeba tay, ti\u1ec7n l\u1ee3i khi th\u01b0\u1edfng th\u1ee9c v\u00e0 \u0111em theo m\u1ecdi l\u00fac m\u1ecdi n\u01a1i.<\/li>\n<\/ul>\n<p><strong>H\u01b0\u1edbng d\u1eabn s\u1eed d\u1ee5ng:<\/strong><\/p>\n<ul>\n<li>D\u00f9ng \u0103n tr\u1ef1c ti\u1ebfp.<\/li>\n<\/ul>\n<p><strong>B\u1ea3o qu\u1ea3n:<\/strong><\/p>\n<ul>\n<li>B\u1ea3o qu\u1ea3n n\u01a1i kh\u00f4 r\u00e1o tho\u00e1ng m\u00e1t, tr\u00e1nh \u00e1nh n\u1eafng tr\u1ef1c ti\u1ebfp.<\/li>\n<li>H\u00ecnh \u1ea3nh \u0110\u1eadu ph\u1ed9ng T\u00e2n T\u00e2n v\u1ecb t\u00f4m h\u1ed9p 200g<\/li>\n<\/ul>\n","protected":false},"excerpt":{"rendered":"<p>\u0110\u1eb7c \u0111i\u1ec3m n\u1ed5i b\u1eadt V\u1ecb t\u00f4m ng\u1ecdt d\u1ecbu, \u0111\u1eb7c tr\u01b0ng \u0110\u1eadu ph\u1ed9ng nguy\u00ean ch\u1ea5t b\u1ed5 d\u01b0\u1ee1ng S\u1ea3n ph\u1ea9m \u00edt \u0111\u01b0\u1eddng Kh\u00f4ng ch\u1ee9a ch\u1ea5t b\u1ea3o qu\u1ea3n, ph\u1ea9m m\u00e0u Gi\u1ea3m l\u01b0\u1ee3ng cholesterol S\u1ea3n xu\u1ea5t t\u1ea1i Vi\u1ec7t Nam T\u00e2n T\u00e2n l\u00e0 th\u01b0\u01a1ng hi\u1ec7u c\u1ee7a Vi\u1ec7t Nam Tr\u1ecdng l\u01b0\u1ee3ng 200g Th\u00e0nh ph\u1ea7n v\u00e0 c\u00f4ng d\u1ee5ng: \u0110\u1eadu ph\u1ed9ng T\u00e2n T\u00e2n [&#8230;]\n","protected":false},"featured_media":46,"comment_status":"open","ping_status":"closed","template":"","meta":[],"_links":{"self":[{"href":"https:\/\/webmaibinh.com\/w\/bachhoa2011\/wp-json\/wp\/v2\/product\/45"}],"collection":[{"href":"https:\/\/webmaibinh.com\/w\/bachhoa2011\/wp-json\/wp\/v2\/product"}],"about":[{"href":"https:\/\/webmaibinh.com\/w\/bachhoa2011\/wp-json\/wp\/v2\/types\/product"}],"replies":[{"embeddable":true,"href":"https:\/\/webmaibinh.com\/w\/bachhoa2011\/wp-json\/wp\/v2\/comments?post=45"}],"wp:featuredmedia":[{"embeddable":true,"href":"https:\/\/webmaibinh.com\/w\/bachhoa2011\/wp-json\/wp\/v2\/media\/46"}],"wp:attachment":[{"href":"https:\/\/webmaibinh.com\/w\/bachhoa2011\/wp-json\/wp\/v2\/media?parent=45"}],"curies":[{"name":"wp","href":"https:\/\/api.w.org\/{rel}","templated":true}]}}