{"id":439,"date":"2017-05-25T06:07:04","date_gmt":"2017-05-25T06:07:04","guid":{"rendered":"https:\/\/bachhoa.khowebseotop.vn\/?post_type=product&#038;p=439"},"modified":"2017-06-01T01:24:23","modified_gmt":"2017-06-01T01:24:23","slug":"sa-te-tom-cholimex-pet-hu-450g","status":"publish","type":"product","link":"https:\/\/webmaibinh.com\/w\/bachhoa2011\/sa-te-tom-cholimex-pet-hu-450g\/","title":{"rendered":"Sa T\u1ebf T\u00f4m Cholimex PET H\u0169 450g"},"content":{"rendered":"<div class=\"product-content-box\">\n<div class=\"white-panel\">\n<div class=\"product-description pull-left\">\n<div class=\"product-content-detail\">\n<div id=\"gioi-thieu\" class=\"content js-content expand\">\n<p><strong>Sa T\u1ebf T\u00f4m Cholimex PET H\u0169 450g<\/strong> d\u1ea1ng h\u0169 l\u1edbn, ti\u1ec7n d\u1ee5ng cho nh\u1eefng gia \u0111\u00ecnh c\u00f3 nhu c\u1ea7u cao ho\u1eb7c c\u00e1c qu\u00e1n \u0103n, nh\u00e0 h\u00e0ng. S\u1ea3n ph\u1ea9m \u0111\u01b0\u1ee3c l\u00e0m t\u1eeb 100% c\u00e1c nguy\u00ean li\u1ec7u t\u1ef1 nhi\u00ean \u0111\u01b0\u1ee3c ch\u1ecdn l\u1ecdc k\u0129, c\u00f3 m\u00f9i h\u01b0\u01a1ng th\u01a1m ngon v\u00e0 h\u1ea5p d\u1eabn.<\/p>\n<p><img loading=\"lazy\" title=\"Sa T\u1ebf T\u00f4m Cholimex PET H\u0169 450g \" src=\"https:\/\/tikicdn.com\/media\/catalog\/product\/1\/1\/11202_chk_591_20150313_8934637514383_1.jpg\" alt=\"Sa T\u1ebf T\u00f4m Cholimex PET H\u0169 450g \" width=\"500\" height=\"500\" \/><\/p>\n<p><strong>Th\u00e0nh ph\u1ea7n ch\u00ednh<\/strong>: \u1edat, <a href=\"https:\/\/tiki.vn\/dau-an\/c5477\">d\u1ea7u \u0103n<\/a>, \u0111\u01b0\u1eddng, t\u00f4m kh\u00f4, t\u1ecfi, s\u1ea3, mu\u1ed1i \u0103n.<\/p>\n<p><strong>\u0110\u1ea1t ti\u00eau chu\u1ea9n v\u1ec7 sinh an to\u00e0n th\u1ef1c ph\u1ea9m<\/strong><\/p>\n<p>Sa t\u1ebf t\u00f4m Cholimex \u0111\u01b0\u1ee3c s\u1ea3n xu\u1ea5t theo c\u00f4ng ngh\u1ec7 hi\u1ec7n \u0111\u1ea1i, quy tr\u00ecnh kh\u00e9p k\u00edn. H\u01a1n n\u1eefa, s\u1ea3n ph\u1ea9m \u0111\u01b0\u1ee3c \u0111\u00f3ng chai nh\u1ecf ti\u1ec7n d\u1ee5ng v\u00e0 ti\u1ebft ki\u1ec7m chi ph\u00ed.<\/p>\n<p><strong>\u0110\u01b0\u1ee3c l\u00e0m t\u1eeb c\u00e1c th\u00e0nh ph\u1ea7n t\u1ef1 nhi\u00ean<\/strong><\/p>\n<p>Sa t\u1ebf t\u00f4m Cholimex kh\u00f4ng s\u1eed d\u1ee5ng c\u00e1c ch\u1ea5t b\u1ea3o qu\u1ea3n kh\u00e1c \u0111\u1ed9c h\u1ea1i, \u0111\u1ea3m b\u1ea3o an to\u00e0n cho s\u1ee9c kh\u1ecfe. S\u1ea3n ph\u1ea9m \u0111\u01b0\u1ee3c l\u00e0m t\u1eeb 100% c\u00e1c nguy\u00ean li\u1ec7u t\u1ef1 nhi\u00ean c\u00f3 m\u00f9i h\u01b0\u01a1ng th\u01a1m ngon v\u00e0 h\u1ea5p d\u1eabn.<\/p>\n<p><strong>M\u00f3n gia v\u1ecb ho\u00e0n h\u1ea3o cho m\u00f3n \u0103n<\/strong><\/p>\n<p>S\u1ea3n ph\u1ea9m l\u00e0 m\u00f3n nguy\u00ean li\u1ec7u kh\u00f4ng th\u1ec3 thi\u1ebfu g\u00f3p ph\u1ea7n l\u00e0m n\u00ean nh\u1eefng m\u00f3n \u0103n th\u01a1m ngon trong b\u1eefa c\u01a1m h\u1eb1ng ng\u00e0y c\u1ee7a gia \u0111\u00ecnh b\u1ea1n, \u0111\u01b0\u1ee3c s\u1ea3n xu\u1ea5t theo c\u00f4ng ngh\u1ec7 hi\u1ec7n \u0111\u1ea1i mang \u0111\u1ebfn m\u00f9i v\u1ecb th\u01a1m ngon v\u00e0 h\u1ea5p d\u1eabn.<\/p>\n<p><strong>H\u01b0\u1edbng d\u1eabn s\u1eed d\u1ee5ng<\/strong><\/p>\n<p>D\u00f9ng v\u1edbi b\u00f2 vi\u00ean, ph\u1edf b\u00f2, b\u00fan b\u00f2 Hu\u1ebf, l\u1ea9u Th\u00e1i&#8230;<\/p>\n<\/div>\n<\/div>\n<\/div>\n<\/div>\n<\/div>\n<div id=\"box-recentlyviewed-product\" class=\"box-recentlyviewed-product\" data-impress-list-title=\"Product Detail | S\u1ea3n ph\u1ea9m b\u1ea1n \u0111\u00e3 xem\"><\/div>\n","protected":false},"excerpt":{"rendered":"<p>Sa T\u1ebf T\u00f4m Cholimex PET H\u0169 450g d\u1ea1ng h\u0169 l\u1edbn, ti\u1ec7n d\u1ee5ng cho nh\u1eefng gia \u0111\u00ecnh c\u00f3 nhu c\u1ea7u cao ho\u1eb7c c\u00e1c qu\u00e1n \u0103n, nh\u00e0 h\u00e0ng. S\u1ea3n ph\u1ea9m \u0111\u01b0\u1ee3c l\u00e0m t\u1eeb 100% c\u00e1c nguy\u00ean li\u1ec7u t\u1ef1 nhi\u00ean \u0111\u01b0\u1ee3c ch\u1ecdn l\u1ecdc k\u0129, c\u00f3 m\u00f9i h\u01b0\u01a1ng th\u01a1m ngon v\u00e0 h\u1ea5p d\u1eabn. Th\u00e0nh ph\u1ea7n ch\u00ednh: \u1edat, d\u1ea7u \u0103n, [&#8230;]\n","protected":false},"featured_media":440,"comment_status":"open","ping_status":"closed","template":"","meta":[],"_links":{"self":[{"href":"https:\/\/webmaibinh.com\/w\/bachhoa2011\/wp-json\/wp\/v2\/product\/439"}],"collection":[{"href":"https:\/\/webmaibinh.com\/w\/bachhoa2011\/wp-json\/wp\/v2\/product"}],"about":[{"href":"https:\/\/webmaibinh.com\/w\/bachhoa2011\/wp-json\/wp\/v2\/types\/product"}],"replies":[{"embeddable":true,"href":"https:\/\/webmaibinh.com\/w\/bachhoa2011\/wp-json\/wp\/v2\/comments?post=439"}],"wp:featuredmedia":[{"embeddable":true,"href":"https:\/\/webmaibinh.com\/w\/bachhoa2011\/wp-json\/wp\/v2\/media\/440"}],"wp:attachment":[{"href":"https:\/\/webmaibinh.com\/w\/bachhoa2011\/wp-json\/wp\/v2\/media?parent=439"}],"curies":[{"name":"wp","href":"https:\/\/api.w.org\/{rel}","templated":true}]}}