{"id":434,"date":"2017-05-25T06:03:21","date_gmt":"2017-05-25T06:03:21","guid":{"rendered":"https:\/\/bachhoa.khowebseotop.vn\/?post_type=product&#038;p=434"},"modified":"2017-05-26T01:51:00","modified_gmt":"2017-05-26T01:51:00","slug":"may-ep-trai-cay-korea-king-kok-2099s","status":"publish","type":"product","link":"https:\/\/webmaibinh.com\/w\/bachhoa2011\/may-ep-trai-cay-korea-king-kok-2099s\/","title":{"rendered":"M\u00e1y \u00c9p Tr\u00e1i C\u00e2y Korea King KOK-2099S"},"content":{"rendered":"<p><strong>M\u00e1y \u00c9p Tr\u00e1i C\u00e2y Korea King KOK-2099S<\/strong><\/p>\n<p>N\u01b0\u1edbc \u00e9p tr\u00e1i c\u00e2y l\u00e0 m\u00f3n th\u1ee9c u\u1ed1ng b\u1ed5 d\u01b0\u1ee1ng \u0111\u01b0\u1ee3c nhi\u1ec1u ng\u01b0\u1eddi y\u00eau th\u00edch. M\u1ed9t ly n\u01b0\u1edbc \u00e9p tr\u00e1i c\u00e2y m\u1ed7i ng\u00e0y s\u1ebd\u00a0gi\u00fap l\u00e0m ch\u1eadm qu\u00e1 tr\u00ecnh l\u00e3o h\u00f3a, t\u0103ng c\u01b0\u1eddng h\u1ec7 mi\u1ec5n d\u1ecbch, \u0111\u1ec3 b\u1ea1n lu\u00f4n c\u1ea3m th\u1ea5y kh\u1ecfe m\u1ea1nh.\u00a0<strong>M\u00e1y \u00c9p Tr\u00e1i C\u00e2y Korea King KOK-2099S<\/strong> v\u1edbi \u1ed1ng th\u1ef1c ph\u1ea9m r\u1ed9ng \u00e9p \u0111\u01b0\u1ee3c nhi\u1ec1u tr\u00e1i c\u00e2y s\u1ebd gi\u00fap b\u1ea1n t\u1ea1o ra nh\u1eefng ly n\u01b0\u1edbc tr\u00e1i c\u00e2y th\u1eadt th\u01a1m ngon, b\u1ed5 d\u01b0\u1ee1ng v\u00e0 tinh ch\u1ea5t nh\u1ea5t.<\/p>\n<p>M\u00e1y\u00a0ho\u1ea1t \u0111\u1ed9ng m\u1ea1nh m\u1ebd v\u1edbi c\u00f4ng su\u1ea5t 600W,\u00a0h\u1ec7 th\u1ed1ng \u0111i\u1ec1u khi\u1ec3n hi\u1ec7n \u0111\u1ea1i,\u00a0h\u1ed7 tr\u1ee3 2 ch\u1ebf \u0111\u1ed9 \u00e9p, h\u1ec7 th\u1ed1ng kh\u00f3a an to\u00e0n c\u00f9ng l\u01b0\u1ee1i dao inox s\u1ebd h\u1ed7 tr\u1ee3 t\u1ed1i \u0111a cho ng\u01b0\u1eddi s\u1eed d\u1ee5ng.V\u1edbi \u0111\u1ebf m\u00e1y l\u00e0m b\u1eb1ng cao su ch\u1ed1ng tr\u01a1n tr\u01b0\u1ee3t, thi\u1ebft k\u1ebf ki\u1ec3u d\u00e1ng \u0111\u1eb9p, sang tr\u1ecdng v\u00e0 h\u1ee3p th\u1eddi trang, m\u00e1y \u00e9p tr\u00e1i c\u00e2y <strong>Korea King KOK-2099S<\/strong> s\u1ebd g\u00f3p ph\u1ea7n ti\u1ec7n nghi cho gian b\u1ebfp nh\u00e0 b\u1ea1n.<\/p>\n<p><strong>T\u00ednh n\u0103ng s\u1ea3n ph\u1ea9m:<\/strong><\/p>\n<p><strong>Thi\u1ebft k\u1ebf th\u00f4ng minh:<\/strong><\/p>\n<p>&#8211; \u1ed0ng th\u1ef1c ph\u1ea9m r\u1ed9ng 600ml \u00e9p \u0111\u01b0\u1ee3c nhi\u1ec1u tr\u00e1i c\u00e2y.<\/p>\n<p>&#8211; L\u01b0\u1ee1i dao b\u1eb1ng inox ch\u1eafc ch\u1eafn.<\/p>\n<p><strong>Hi\u1ec7u qu\u1ea3 cao<\/strong><\/p>\n<p>&#8211; C\u00f4ng su\u1ea5t: 600W c\u00f9ng 2 t\u1ed1c \u0111\u1ed9 \u00e9p \u0111em l\u1ea1i hi\u1ec7u qu\u1ea3 \u00e9p t\u1ed1t nh\u1ea5t.<\/p>\n<p><strong>An to\u00e0n, ti\u1ebft ki\u1ec7m:<\/strong><\/p>\n<p>&#8211; Motor th\u1ebf h\u1ec7 m\u1edbi v\u1eadn h\u00e0nh \u00eam, ti\u1ebft ki\u1ec7m \u0111i\u1ec7n.<\/p>\n<p>&#8211; H\u1ec7 th\u1ed1ng t\u1ef1 \u0111\u1ed9ng t\u1eaft m\u00e1y khi b\u1ecb qu\u00e1 t\u1ea3i v\u00e0 h\u1ec7 th\u1ed1ng kh\u00f3a an to\u00e0n 2 t\u1ea7ng \u0111\u1ea3m b\u1ea3o\u00a0an to\u00e0n cho ng\u01b0\u1eddi ti\u00eau d\u00f9ng trong qu\u00e1 tr\u00ecnh s\u1eed d\u1ee5ng.<\/p>\n","protected":false},"excerpt":{"rendered":"<p>M\u00e1y \u00c9p Tr\u00e1i C\u00e2y Korea King KOK-2099S N\u01b0\u1edbc \u00e9p tr\u00e1i c\u00e2y l\u00e0 m\u00f3n th\u1ee9c u\u1ed1ng b\u1ed5 d\u01b0\u1ee1ng \u0111\u01b0\u1ee3c nhi\u1ec1u ng\u01b0\u1eddi y\u00eau th\u00edch. M\u1ed9t ly n\u01b0\u1edbc \u00e9p tr\u00e1i c\u00e2y m\u1ed7i ng\u00e0y s\u1ebd\u00a0gi\u00fap l\u00e0m ch\u1eadm qu\u00e1 tr\u00ecnh l\u00e3o h\u00f3a, t\u0103ng c\u01b0\u1eddng h\u1ec7 mi\u1ec5n d\u1ecbch, \u0111\u1ec3 b\u1ea1n lu\u00f4n c\u1ea3m th\u1ea5y kh\u1ecfe m\u1ea1nh.\u00a0M\u00e1y \u00c9p Tr\u00e1i C\u00e2y Korea King KOK-2099S [&#8230;]\n","protected":false},"featured_media":435,"comment_status":"open","ping_status":"closed","template":"","meta":[],"_links":{"self":[{"href":"https:\/\/webmaibinh.com\/w\/bachhoa2011\/wp-json\/wp\/v2\/product\/434"}],"collection":[{"href":"https:\/\/webmaibinh.com\/w\/bachhoa2011\/wp-json\/wp\/v2\/product"}],"about":[{"href":"https:\/\/webmaibinh.com\/w\/bachhoa2011\/wp-json\/wp\/v2\/types\/product"}],"replies":[{"embeddable":true,"href":"https:\/\/webmaibinh.com\/w\/bachhoa2011\/wp-json\/wp\/v2\/comments?post=434"}],"wp:featuredmedia":[{"embeddable":true,"href":"https:\/\/webmaibinh.com\/w\/bachhoa2011\/wp-json\/wp\/v2\/media\/435"}],"wp:attachment":[{"href":"https:\/\/webmaibinh.com\/w\/bachhoa2011\/wp-json\/wp\/v2\/media?parent=434"}],"curies":[{"name":"wp","href":"https:\/\/api.w.org\/{rel}","templated":true}]}}