{"id":430,"date":"2017-05-25T06:01:25","date_gmt":"2017-05-25T06:01:25","guid":{"rendered":"https:\/\/bachhoa.khowebseotop.vn\/?post_type=product&#038;p=430"},"modified":"2017-05-25T06:01:26","modified_gmt":"2017-05-25T06:01:26","slug":"may-ep-trai-cay-blacker-sl280-1l","status":"publish","type":"product","link":"https:\/\/webmaibinh.com\/w\/bachhoa2011\/may-ep-trai-cay-blacker-sl280-1l\/","title":{"rendered":"M\u00e1y \u00c9p Tr\u00e1i C\u00e2y Blacker SL280 (1L)"},"content":{"rendered":"<h3>L\u01b0u \u00fd khi s\u1eed d\u1ee5ng:<\/h3>\n<p>&#8211; Kh\u00f4ng s\u1eed d\u1ee5ng m\u00e1y khi d\u00e2y \u0111i\u1ec7n ngu\u1ed3n, ph\u00edch c\u1eafm ho\u1eb7c b\u1ea5t c\u1ee9 ph\u1ea7n n\u00e0o trong m\u00e1y b\u1ecb h\u01b0. V\u00e0 ch\u1eafc ch\u1eafn r\u1eb1ng m\u00e1y ph\u1ea3i \u0111\u01b0\u1ee3c l\u1eafp ch\u00ednh x\u00e1c, c\u00e1c kh\u00f3a \u0111\u00e3 \u0111\u01b0\u1ee3c kh\u00f3a ch\u1eb7t tr\u01b0\u1edbc khi kh\u1edfi \u0111\u1ed9ng m\u00e1y.<\/p>\n<p>&#8211; Kh\u00f4ng n\u00ean s\u1eed d\u1ee5ng m\u00e1y \u00e9p qu\u00e1 2 ph\u00fat trong m\u1ed9t l\u1ea7n \u00e9p khi tr\u00e1i c\u00e2y qu\u00e1 n\u1eb7ng v\u00e0 \u0111\u1ec3 m\u00e1y ngu\u1ed9i kho\u1ea3ng 30 gi\u00e2y tr\u01b0\u1edbc khi ti\u1ebfp t\u1ee5c s\u1eed d\u1ee5ng.<\/p>\n<p>&#8211; Ch\u1ec9 n\u00ean d\u00f9ng thanh nh\u1ed3i \u0111\u1ec3 nh\u1ea5n tr\u00e1i c\u00e2y v\u00e0o khoang ch\u1ee9a th\u1ef1c ph\u1ea9m, kh\u00f4ng d\u00f9ng tay ho\u1eb7c b\u1ea5t k\u1ef3 v\u1eadt nh\u1ecdn n\u00e0o kh\u00e1c \u0111\u1ec3 nh\u1ea5n tr\u00e1i c\u00e2y.<\/p>\n<p>&#8211; Ngay sau khi s\u1eed d\u1ee5ng n\u00ean v\u1ec7 sinh m\u00e1y ngay. Nh\u01b0ng kh\u00f4ng n\u00ean s\u1eed d\u1ee5ng c\u00e1c ch\u1ea5t l\u00e0m m\u00e0i m\u00f2n nh\u01b0 n\u01b0\u1edbc r\u1eeda ch\u00e9n, c\u1ed3n, ch\u1ea5t t\u1ea9y \u0111\u1ec3 r\u1eeda c\u00e1c ph\u1ea7n trong m\u00e1y<\/p>\n","protected":false},"excerpt":{"rendered":"<p>L\u01b0u \u00fd khi s\u1eed d\u1ee5ng: &#8211; Kh\u00f4ng s\u1eed d\u1ee5ng m\u00e1y khi d\u00e2y \u0111i\u1ec7n ngu\u1ed3n, ph\u00edch c\u1eafm ho\u1eb7c b\u1ea5t c\u1ee9 ph\u1ea7n n\u00e0o trong m\u00e1y b\u1ecb h\u01b0. V\u00e0 ch\u1eafc ch\u1eafn r\u1eb1ng m\u00e1y ph\u1ea3i \u0111\u01b0\u1ee3c l\u1eafp ch\u00ednh x\u00e1c, c\u00e1c kh\u00f3a \u0111\u00e3 \u0111\u01b0\u1ee3c kh\u00f3a ch\u1eb7t tr\u01b0\u1edbc khi kh\u1edfi \u0111\u1ed9ng m\u00e1y. &#8211; Kh\u00f4ng n\u00ean s\u1eed d\u1ee5ng m\u00e1y \u00e9p qu\u00e1 2 [&#8230;]\n","protected":false},"featured_media":431,"comment_status":"open","ping_status":"closed","template":"","meta":[],"_links":{"self":[{"href":"https:\/\/webmaibinh.com\/w\/bachhoa2011\/wp-json\/wp\/v2\/product\/430"}],"collection":[{"href":"https:\/\/webmaibinh.com\/w\/bachhoa2011\/wp-json\/wp\/v2\/product"}],"about":[{"href":"https:\/\/webmaibinh.com\/w\/bachhoa2011\/wp-json\/wp\/v2\/types\/product"}],"replies":[{"embeddable":true,"href":"https:\/\/webmaibinh.com\/w\/bachhoa2011\/wp-json\/wp\/v2\/comments?post=430"}],"wp:featuredmedia":[{"embeddable":true,"href":"https:\/\/webmaibinh.com\/w\/bachhoa2011\/wp-json\/wp\/v2\/media\/431"}],"wp:attachment":[{"href":"https:\/\/webmaibinh.com\/w\/bachhoa2011\/wp-json\/wp\/v2\/media?parent=430"}],"curies":[{"name":"wp","href":"https:\/\/api.w.org\/{rel}","templated":true}]}}