{"id":426,"date":"2017-05-25T05:59:51","date_gmt":"2017-05-25T05:59:51","guid":{"rendered":"https:\/\/bachhoa.khowebseotop.vn\/?post_type=product&#038;p=426"},"modified":"2017-05-25T05:59:51","modified_gmt":"2017-05-25T05:59:51","slug":"may-ep-trai-cay-toc-cham-nguyen-trai-iruka-52","status":"publish","type":"product","link":"https:\/\/webmaibinh.com\/w\/bachhoa2011\/may-ep-trai-cay-toc-cham-nguyen-trai-iruka-52\/","title":{"rendered":"M\u00e1y \u00c9p Tr\u00e1i C\u00e2y T\u1ed1c \u0110\u1ed9 Ch\u1eadm Nguy\u00ean Tr\u00e1i Iruka I-52"},"content":{"rendered":"<p><strong>M\u00e1y \u00c9p Tr\u00e1i C\u00e2y T\u1ed1c \u0110\u1ed9 Ch\u1eadm Nguy\u00ean Tr\u00e1i Iruka I-52<\/strong> c\u00f3 t\u1ed1c \u0111\u1ed9 quay v\u00f2ng tr\u1ee5c v\u00edt 80 v\u00f2ng\/ ph\u00fat nh\u1eb1m t\u1ea1o ra l\u1ef1c \u00e9p m\u1ea1nh \u0111\u1ec3 c\u00f3 th\u1ec3 \u00e9p t\u1ed1i \u0111a l\u01b0\u1ee3ng n\u01b0\u1edbc c\u00f3 trong th\u1ef1c ph\u1ea9m m\u00e0 v\u1eabn \u0111\u1ea3m b\u1ea3o s\u1ef1 an to\u00e0n v\u1ec7 sinh th\u1ef1c ph\u1ea9m. V\u1edbi khoang \u00e9p r\u1ed9ng, m\u00e1y \u00e9p gi\u00fap b\u1ea1n c\u00f3 th\u1ec3 \u00e9p \u0111\u01b0\u1ee3c nguy\u00ean tr\u00e1i \u0111\u1ec3 b\u1ea1n c\u00f3 th\u1ec3 thu\u1eadn ti\u1ec7n h\u01a1n khi s\u1eed d\u1ee5ng \u0111\u1ed3ng th\u1eddi c\u00e1c b\u1ed9 ph\u1eadn d\u1ec5 d\u00e0ng th\u00e1o l\u1eafp v\u00e0 v\u1ec7 sinh. B\u1ed5 sung th\u00eam c\u1ed1i ghi\u1ec1n gi\u00fap b\u1ea1n c\u00f3 th\u1ec3 l\u00e0m kem v\u00e0 m\u1ee9t hoa qu\u1ea3 m\u1ed9t c\u00e1ch d\u1ec5 d\u00e0ng.<\/p>\n<p><strong>T\u00ednh n\u0103ng n\u1ed5i b\u1eadt<\/strong><\/p>\n<p>Kh\u1ea3 n\u0103ng \u00e9p n\u01b0\u1edbc nhi\u1ec1u, l\u01b0\u1ee3ng b\u00e3 \u00edt v\u00e0 kh\u00f4<\/p>\n<p>C\u00f3 th\u1ec3 \u00e9p nguy\u00ean tr\u00e1i<\/p>\n<p>D\u1ec5 d\u00e0ng s\u1eed d\u1ee5ng<\/p>\n<p>C\u00f3 ch\u1ebf \u0111\u1ed9 t\u1ef1 ng\u1eaft \u0111i\u1ec7n an to\u00e0n<\/p>\n<p>Trang b\u1ecb l\u01b0\u1edbi l\u1ecdc chuy\u00ean nghi\u1ec7p<\/p>\n<p>C\u1ed1i nghi\u1ec1n \u0111i k\u00e8m ti\u1ec7n d\u1ee5ng.<\/p>\n<p><strong>M\u00f4 t\u1ea3 t\u00ednh n\u0103ng<\/strong><\/p>\n<p><strong>Ch\u1ea5t li\u1ec7u cao c\u1ea5p<\/strong><\/p>\n<p>M\u00e1y \u00c9p Tr\u00e1i C\u00e2y T\u1ed1c \u0110\u1ed9 Ch\u1eadm Nguy\u00ean Tr\u00e1i Iruka I-52 \u0111\u01b0\u1ee3c thi\u1ebft k\u1ebf v\u1edbi ch\u1ea5t li\u1ec7u nh\u1ef1a cao c\u1ea5p, d\u00e0y d\u1eb7n c\u1ee7a th\u00e2n m\u1ea5y v\u00e0 b\u1ed9 l\u1ecdc \u00e9p kh\u00f4ng s\u1ea3n sinh ch\u1ea5t g\u00e2y h\u1ea1i \u0111\u1ea3m b\u1ea3o an to\u00e0n v\u1ec7 sinh th\u1ef1c ph\u1ea9m \u0111\u1ed3ng th\u1eddi mang l\u1ea1i s\u1ef1 b\u1ec1n b\u1ec9 l\u00e2u d\u00e0i cho ng\u01b0\u1eddi s\u1eed d\u1ee5ng.<\/p>\n<p><strong>D\u1ec5 d\u00e0ng s\u1eed d\u1ee5ng<\/strong><\/p>\n<p>M\u00e1y v\u1edbi c\u00e1c b\u1ed9 ph\u1eadn c\u00f3 th\u1ec3 th\u00e1o l\u1eafp d\u1ec5 d\u00e0ng gi\u00fap b\u1ea1n thu\u1eadn ti\u1ec7n v\u1edbi c\u00f4ng vi\u1ec7c ch\u00f9i r\u1eeda \u0111\u1ed3ng th\u1eddi v\u1edbi n\u00fat \u0111i\u1ec1u khi\u1ec3n ch\u1ebf \u0111\u1ed9 ho\u1ea1t \u0111\u1ed9ng c\u1ee7a m\u00e1y \u0111\u01b0\u1ee3c l\u1eafp \u0111\u1eb7t \u1edf ph\u1ea7n \u0111\u1ebf c\u1ee7a m\u00e1y gi\u00fap b\u1ea1n nhanh g\u1ecdn v\u1edbi c\u00e1c thao t\u00e1c khi \u00e9p tr\u00e1i c\u00e2y.<\/p>\n<p>Khoang \u00e9p \u0111\u01b0\u1ee3c thi\u1ebft k\u1ebf r\u1ed9ng gi\u00fap b\u1ea1n c\u00f3 th\u1ec3 \u00e9p nguy\u00ean tr\u00e1i m\u00e0 kh\u00f4ng ph\u1ea3i m\u1ea5t th\u1eddi gian c\u1eaft nh\u1ecf th\u1ef1c ph\u1ea9m.<\/p>\n","protected":false},"excerpt":{"rendered":"<p>M\u00e1y \u00c9p Tr\u00e1i C\u00e2y T\u1ed1c \u0110\u1ed9 Ch\u1eadm Nguy\u00ean Tr\u00e1i Iruka I-52 c\u00f3 t\u1ed1c \u0111\u1ed9 quay v\u00f2ng tr\u1ee5c v\u00edt 80 v\u00f2ng\/ ph\u00fat nh\u1eb1m t\u1ea1o ra l\u1ef1c \u00e9p m\u1ea1nh \u0111\u1ec3 c\u00f3 th\u1ec3 \u00e9p t\u1ed1i \u0111a l\u01b0\u1ee3ng n\u01b0\u1edbc c\u00f3 trong th\u1ef1c ph\u1ea9m m\u00e0 v\u1eabn \u0111\u1ea3m b\u1ea3o s\u1ef1 an to\u00e0n v\u1ec7 sinh th\u1ef1c ph\u1ea9m. V\u1edbi khoang \u00e9p r\u1ed9ng, m\u00e1y [&#8230;]\n","protected":false},"featured_media":427,"comment_status":"open","ping_status":"closed","template":"","meta":[],"_links":{"self":[{"href":"https:\/\/webmaibinh.com\/w\/bachhoa2011\/wp-json\/wp\/v2\/product\/426"}],"collection":[{"href":"https:\/\/webmaibinh.com\/w\/bachhoa2011\/wp-json\/wp\/v2\/product"}],"about":[{"href":"https:\/\/webmaibinh.com\/w\/bachhoa2011\/wp-json\/wp\/v2\/types\/product"}],"replies":[{"embeddable":true,"href":"https:\/\/webmaibinh.com\/w\/bachhoa2011\/wp-json\/wp\/v2\/comments?post=426"}],"wp:featuredmedia":[{"embeddable":true,"href":"https:\/\/webmaibinh.com\/w\/bachhoa2011\/wp-json\/wp\/v2\/media\/427"}],"wp:attachment":[{"href":"https:\/\/webmaibinh.com\/w\/bachhoa2011\/wp-json\/wp\/v2\/media?parent=426"}],"curies":[{"name":"wp","href":"https:\/\/api.w.org\/{rel}","templated":true}]}}