{"id":422,"date":"2017-05-25T05:55:09","date_gmt":"2017-05-25T05:55:09","guid":{"rendered":"https:\/\/bachhoa.khowebseotop.vn\/?post_type=product&#038;p=422"},"modified":"2017-05-25T05:55:09","modified_gmt":"2017-05-25T05:55:09","slug":"sua-dac-co-duong-delipure-lon-380g","status":"publish","type":"product","link":"https:\/\/webmaibinh.com\/w\/bachhoa2011\/sua-dac-co-duong-delipure-lon-380g\/","title":{"rendered":"S\u1eefa \u0111\u1eb7c c\u00f3 \u0111\u01b0\u1eddng Delipure lon 380g"},"content":{"rendered":"<p><strong>\u0110\u1eb7c \u0111i\u1ec3m n\u1ed5i b\u1eadt<\/strong><\/p>\n<ul>\n<li>H\u01b0\u01a1ng v\u1ecb th\u01a1m ngon, h\u1ea5p d\u1eabn<\/li>\n<li>Nhi\u1ec1u vitamin t\u1ed1t cho s\u1ee9c kh\u1ecfe<\/li>\n<li>\u0110\u00f3ng lon \u0111\u1eb9p m\u1eaft, d\u1ec5 b\u1ea3o qu\u1ea3n<\/li>\n<li>\u0110\u1ed9 ng\u1ecdt v\u1eeba ph\u1ea3i<\/li>\n<li>S\u1eefa s\u00e1nh \u0111\u1eb7c d\u1ec5 pha ch\u1ebf<\/li>\n<li>Gi\u00fap t\u0103ng c\u01b0\u1eddng h\u1ec7 mi\u1ec5n d\u1ecbch<\/li>\n<li>S\u1ea3n xu\u1ea5t t\u1ea1i Singapore<\/li>\n<li>Delipure l\u00e0 th\u01b0\u01a1ng hi\u1ec7u c\u1ee7a Singapore<\/li>\n<li>Kh\u1ed1i l\u01b0\u1ee3ng 380g<\/li>\n<\/ul>\n","protected":false},"excerpt":{"rendered":"<p>\u0110\u1eb7c \u0111i\u1ec3m n\u1ed5i b\u1eadt H\u01b0\u01a1ng v\u1ecb th\u01a1m ngon, h\u1ea5p d\u1eabn Nhi\u1ec1u vitamin t\u1ed1t cho s\u1ee9c kh\u1ecfe \u0110\u00f3ng lon \u0111\u1eb9p m\u1eaft, d\u1ec5 b\u1ea3o qu\u1ea3n \u0110\u1ed9 ng\u1ecdt v\u1eeba ph\u1ea3i S\u1eefa s\u00e1nh \u0111\u1eb7c d\u1ec5 pha ch\u1ebf Gi\u00fap t\u0103ng c\u01b0\u1eddng h\u1ec7 mi\u1ec5n d\u1ecbch S\u1ea3n xu\u1ea5t t\u1ea1i Singapore Delipure l\u00e0 th\u01b0\u01a1ng hi\u1ec7u c\u1ee7a Singapore Kh\u1ed1i l\u01b0\u1ee3ng 380g<\/p>\n","protected":false},"featured_media":423,"comment_status":"open","ping_status":"closed","template":"","meta":[],"_links":{"self":[{"href":"https:\/\/webmaibinh.com\/w\/bachhoa2011\/wp-json\/wp\/v2\/product\/422"}],"collection":[{"href":"https:\/\/webmaibinh.com\/w\/bachhoa2011\/wp-json\/wp\/v2\/product"}],"about":[{"href":"https:\/\/webmaibinh.com\/w\/bachhoa2011\/wp-json\/wp\/v2\/types\/product"}],"replies":[{"embeddable":true,"href":"https:\/\/webmaibinh.com\/w\/bachhoa2011\/wp-json\/wp\/v2\/comments?post=422"}],"wp:featuredmedia":[{"embeddable":true,"href":"https:\/\/webmaibinh.com\/w\/bachhoa2011\/wp-json\/wp\/v2\/media\/423"}],"wp:attachment":[{"href":"https:\/\/webmaibinh.com\/w\/bachhoa2011\/wp-json\/wp\/v2\/media?parent=422"}],"curies":[{"name":"wp","href":"https:\/\/api.w.org\/{rel}","templated":true}]}}