{"id":41,"date":"2017-05-23T07:35:59","date_gmt":"2017-05-23T07:35:59","guid":{"rendered":"https:\/\/bachhoa.khowebseotop.vn\/?post_type=product&#038;p=41"},"modified":"2017-05-25T03:37:35","modified_gmt":"2017-05-25T03:37:35","slug":"hat-dieu-rang-muoi-ot-yen-nhung-hop-280g","status":"publish","type":"product","link":"https:\/\/webmaibinh.com\/w\/bachhoa2011\/hat-dieu-rang-muoi-ot-yen-nhung-hop-280g\/","title":{"rendered":"H\u1ea1t \u0111i\u1ec1u rang mu\u1ed1i \u1edbt Y\u1ebfn Nhung h\u1ed9p 280g"},"content":{"rendered":"<p><strong>\u0110\u1eb7c \u0111i\u1ec3m n\u1ed5i b\u1eadt<\/strong><\/p>\n<ul>\n<li>V\u1ecb h\u1ea1t \u0111i\u1ec1u th\u01a1m ngon, gi\u00f2n b\u00f9i<\/li>\n<li>L\u00e0m t\u1eeb h\u1ea1t \u0111i\u1ec1u, mu\u1ed1i tinh luy\u1ec7n<\/li>\n<li>S\u1ea3n ph\u1ea9m \u00edt \u0111\u01b0\u1eddng<\/li>\n<li>D\u1ea7u th\u1ef1c v\u1eadt t\u1ed1t cho tim m\u1ea1ch<\/li>\n<li>Gi\u00fap x\u01b0\u01a1ng ch\u1eafc kh\u1ecfe v\u00e0 gi\u1ea3m c\u00e2n<\/li>\n<li>Vitamin A, C cho da kh\u1ecfe \u0111\u1eb9p<\/li>\n<li>S\u1ea3n xu\u1ea5t t\u1ea1i Vi\u1ec7t Nam<\/li>\n<li>Y\u1ebfn Nhung l\u00e0 th\u01b0\u01a1ng hi\u1ec7u c\u1ee7a Vi\u1ec7t Nam<\/li>\n<li>Tr\u1ecdng l\u01b0\u1ee3ng 40g<\/li>\n<\/ul>\n<p><strong>Th\u00e0nh ph\u1ea7n v\u00e0 c\u00f4ng d\u1ee5ng:<\/strong><\/p>\n<ul>\n<li>Th\u00e0nh ph\u1ea7n h\u1ea1t \u0111i\u1ec1u nguy\u00ean ch\u1ea5t, \u0111\u01b0\u1eddng, mu\u1ed1i, d\u1ea7u v\u00e0 b\u1ed9t m\u00ec.<\/li>\n<li>H\u1ea1t \u0111i\u1ec1u ch\u1ee9a nhi\u1ec1u d\u01b0\u1ee1ng ch\u1ea5t t\u1ed1t cho tim m\u1ea1ch, ng\u0103n ng\u1eeba ung th\u01b0, t\u1ed1t cho t\u00f3c v\u00e0 da, gi\u00fap x\u01b0\u01a1ng ch\u1eafc kh\u1ecfe, ng\u0103n ch\u1eb7n s\u1ecfi m\u1eadt v\u00e0 gi\u1ea3m c\u00e2n.<\/li>\n<li>S\u1ea3n ph\u1ea9m v\u1edbi h\u01b0\u01a1ng v\u1ecb th\u01a1m ngon, gi\u00f2n b\u00f9i, nhai vui tai s\u1ebd mang l\u1ea1i cho ng\u01b0\u1eddi d\u00f9ng m\u1ed9t s\u1ea3n ph\u1ea9m v\u1eeba ngon mi\u1ec7ng v\u1eeba nhi\u1ec1u d\u01b0\u1ee1ng ch\u1ea5t t\u1ed1t cho s\u1ee9c kh\u1ecfe.<\/li>\n<\/ul>\n<p><strong>H\u01b0\u1edbng d\u1eabn s\u1eed d\u1ee5ng:<\/strong><\/p>\n<ul>\n<li>D\u00f9ng tr\u1ef1c ti\u1ebfp.<\/li>\n<li>Kh\u00f4ng \u0111\u1ec3 trong t\u1ee7 l\u1ea1nh \u0103n s\u1ebd gi\u00f2n v\u00e0 ngon h\u01a1n.<\/li>\n<\/ul>\n<p><strong>B\u1ea3o qu\u1ea3n:<\/strong><\/p>\n<ul>\n<li>\u0110\u1eady n\u1eafp k\u00edn khi kh\u00f4ng s\u1eed d\u1ee5ng.<\/li>\n<li>\u0110\u1ec3 n\u01a1i kh\u00f4 r\u00e1o, tho\u00e1ng m\u00e1t, tr\u00e1nh \u00e1nh n\u1eafng tr\u1ef1c ti\u1ebfp.<\/li>\n<li>H\u00ecnh \u1ea3nh H\u1ea1t \u0111i\u1ec1u mu\u1ed1i Y\u1ebfn Nhung h\u1ed9p 280g<\/li>\n<\/ul>\n","protected":false},"excerpt":{"rendered":"<p>\u0110\u1eb7c \u0111i\u1ec3m n\u1ed5i b\u1eadt V\u1ecb h\u1ea1t \u0111i\u1ec1u th\u01a1m ngon, gi\u00f2n b\u00f9i L\u00e0m t\u1eeb h\u1ea1t \u0111i\u1ec1u, mu\u1ed1i tinh luy\u1ec7n S\u1ea3n ph\u1ea9m \u00edt \u0111\u01b0\u1eddng D\u1ea7u th\u1ef1c v\u1eadt t\u1ed1t cho tim m\u1ea1ch Gi\u00fap x\u01b0\u01a1ng ch\u1eafc kh\u1ecfe v\u00e0 gi\u1ea3m c\u00e2n Vitamin A, C cho da kh\u1ecfe \u0111\u1eb9p S\u1ea3n xu\u1ea5t t\u1ea1i Vi\u1ec7t Nam Y\u1ebfn Nhung l\u00e0 th\u01b0\u01a1ng hi\u1ec7u c\u1ee7a Vi\u1ec7t [&#8230;]\n","protected":false},"featured_media":42,"comment_status":"open","ping_status":"closed","template":"","meta":[],"_links":{"self":[{"href":"https:\/\/webmaibinh.com\/w\/bachhoa2011\/wp-json\/wp\/v2\/product\/41"}],"collection":[{"href":"https:\/\/webmaibinh.com\/w\/bachhoa2011\/wp-json\/wp\/v2\/product"}],"about":[{"href":"https:\/\/webmaibinh.com\/w\/bachhoa2011\/wp-json\/wp\/v2\/types\/product"}],"replies":[{"embeddable":true,"href":"https:\/\/webmaibinh.com\/w\/bachhoa2011\/wp-json\/wp\/v2\/comments?post=41"}],"wp:featuredmedia":[{"embeddable":true,"href":"https:\/\/webmaibinh.com\/w\/bachhoa2011\/wp-json\/wp\/v2\/media\/42"}],"wp:attachment":[{"href":"https:\/\/webmaibinh.com\/w\/bachhoa2011\/wp-json\/wp\/v2\/media?parent=41"}],"curies":[{"name":"wp","href":"https:\/\/api.w.org\/{rel}","templated":true}]}}