{"id":110,"date":"2017-05-23T08:04:58","date_gmt":"2017-05-23T08:04:58","guid":{"rendered":"https:\/\/bachhoa.khowebseotop.vn\/?post_type=product&#038;p=110"},"modified":"2017-05-24T02:12:42","modified_gmt":"2017-05-24T02:12:42","slug":"bvs-hang-ngay-diana-khang-khuan-sieu-tham-40-mieng","status":"publish","type":"product","link":"https:\/\/webmaibinh.com\/w\/bachhoa2011\/bvs-hang-ngay-diana-khang-khuan-sieu-tham-40-mieng\/","title":{"rendered":"BVS h\u00e0ng ng\u00e0y Diana kh\u00e1ng khu\u1ea9n si\u00eau th\u1ea5m 40 mi\u1ebfng"},"content":{"rendered":"<p><strong>\u0110\u1eb7c \u0111i\u1ec3m n\u1ed5i b\u1eadt<\/strong><\/p>\n<ul>\n<li>Th\u1ea5m h\u00fat nhanh, ch\u1ed1ng tr\u00e0n tuy\u1ec7t \u0111\u1ed1i<\/li>\n<li>C\u00f3 c\u00e1nh b\u1ea3o v\u1ec7 \u0111a chi\u1ec1u<\/li>\n<li>Thi\u1ebft k\u1ebf h\u00ecnh l\u01b0\u1edbi th\u1ea5m h\u00fat nhanh<\/li>\n<li>S\u1ea3n ph\u1ea9m kh\u00f4ng m\u00f9i<\/li>\n<li>S\u1ea3n xu\u1ea5t t\u1ea1i Vi\u1ec7t Nam<\/li>\n<li>Kotex l\u00e0 th\u01b0\u01a1ng hi\u1ec7u c\u1ee7a M\u1ef9<\/li>\n<li>S\u1ed1 l\u01b0\u1ee3ng 8 mi\u1ebfng<\/li>\n<\/ul>\n<p><strong>Th\u00e0nh ph\u1ea7n v\u00e0 c\u00f4ng d\u1ee5ng:<\/strong><\/p>\n<ul>\n<li>B\u0103ng v\u1ec7 sinh Kotex Freedom maxi c\u00e1nh c\u00f3 b\u1ec1 m\u1eb7t b\u00f4ng m\u1ec1m m\u1ea1i c\u00f9ng thi\u1ebft k\u1ebf h\u00ecnh l\u01b0\u1edbi gi\u00fap th\u1ea5m h\u00fat c\u1ef1c nhanh cho b\u1ec1 m\u1eb7t lu\u00f4n kh\u00f4 r\u00e1o, s\u1ea1ch s\u1ebd.<\/li>\n<li>Ngo\u00e0i ra, s\u1ea3n ph\u1ea9m c\u00f2n c\u00f3 r\u00e3nh b\u1ea3o v\u1ec7 kh\u00e9p k\u00edn, ch\u1ed1ng th\u1ea5m tr\u00e0n sang hai b\u00ean v\u00e0 hai \u0111\u1ea7u c\u1ee7a mi\u1ebfng b\u0103ng.<\/li>\n<\/ul>\n<p><strong>H\u01b0\u1edbng d\u1eabn s\u1eed d\u1ee5ng<\/strong>:<\/p>\n<ul>\n<li>B\u00f3c l\u1edbp gi\u1ea5y kh\u00f4ng d\u00ednh v\u00e0 d\u00e1n b\u0103ng v\u00e0o \u0111\u00e1y qu\u1ea7n l\u00f3t.<\/li>\n<li>Sau khi s\u1eed d\u1ee5ng xong, cu\u1ed9n b\u0103ng v\u00e0o bao v\u00e0 b\u1ecf v\u00e0o s\u1ecdt r\u00e1c.<\/li>\n<li>N\u00ean thay b\u0103ng 3 &#8211; 4 gi\u1edd\/l\u1ea7n \u0111\u1ec3 ng\u0103n ng\u1eeba vi khu\u1ea9n g\u00e2y b\u1ec7nh.<\/li>\n<li>L\u01b0u \u00fd: Kh\u00f4ng b\u1ecf b\u0103ng v\u00e0o b\u1ed3n v\u1ec7 sinh.<\/li>\n<\/ul>\n<p><strong>H\u01b0\u1edbng d\u1eabn b\u1ea3o qu\u1ea3n:<\/strong><\/p>\n<ul>\n<li>B\u1ea3o qu\u1ea3n n\u01a1i kh\u00f4 r\u00e1o, tho\u00e1ng m\u00e1t.<\/li>\n<li>Tr\u00e1nh \u00e1nh n\u1eafng tr\u1ef1c ti\u1ebfp v\u00e0 nhi\u1ec7t \u0111\u1ed9 cao.<\/li>\n<\/ul>\n","protected":false},"excerpt":{"rendered":"<p>\u0110\u1eb7c \u0111i\u1ec3m n\u1ed5i b\u1eadt Th\u1ea5m h\u00fat nhanh, ch\u1ed1ng tr\u00e0n tuy\u1ec7t \u0111\u1ed1i C\u00f3 c\u00e1nh b\u1ea3o v\u1ec7 \u0111a chi\u1ec1u Thi\u1ebft k\u1ebf h\u00ecnh l\u01b0\u1edbi th\u1ea5m h\u00fat nhanh S\u1ea3n ph\u1ea9m kh\u00f4ng m\u00f9i S\u1ea3n xu\u1ea5t t\u1ea1i Vi\u1ec7t Nam Kotex l\u00e0 th\u01b0\u01a1ng hi\u1ec7u c\u1ee7a M\u1ef9 S\u1ed1 l\u01b0\u1ee3ng 8 mi\u1ebfng Th\u00e0nh ph\u1ea7n v\u00e0 c\u00f4ng d\u1ee5ng: B\u0103ng v\u1ec7 sinh Kotex Freedom maxi c\u00e1nh [&#8230;]\n","protected":false},"featured_media":205,"comment_status":"open","ping_status":"closed","template":"","meta":[],"_links":{"self":[{"href":"https:\/\/webmaibinh.com\/w\/bachhoa2011\/wp-json\/wp\/v2\/product\/110"}],"collection":[{"href":"https:\/\/webmaibinh.com\/w\/bachhoa2011\/wp-json\/wp\/v2\/product"}],"about":[{"href":"https:\/\/webmaibinh.com\/w\/bachhoa2011\/wp-json\/wp\/v2\/types\/product"}],"replies":[{"embeddable":true,"href":"https:\/\/webmaibinh.com\/w\/bachhoa2011\/wp-json\/wp\/v2\/comments?post=110"}],"wp:featuredmedia":[{"embeddable":true,"href":"https:\/\/webmaibinh.com\/w\/bachhoa2011\/wp-json\/wp\/v2\/media\/205"}],"wp:attachment":[{"href":"https:\/\/webmaibinh.com\/w\/bachhoa2011\/wp-json\/wp\/v2\/media?parent=110"}],"curies":[{"name":"wp","href":"https:\/\/api.w.org\/{rel}","templated":true}]}}