{"id":106,"date":"2017-05-23T08:03:52","date_gmt":"2017-05-23T08:03:52","guid":{"rendered":"https:\/\/bachhoa.khowebseotop.vn\/?post_type=product&#038;p=106"},"modified":"2017-05-25T03:36:48","modified_gmt":"2017-05-25T03:36:48","slug":"sua-bot-similac-mom-iq-plus-lon-400g","status":"publish","type":"product","link":"https:\/\/webmaibinh.com\/w\/bachhoa2011\/sua-bot-similac-mom-iq-plus-lon-400g\/","title":{"rendered":"S\u1eefa b\u1ed9t Similac Mom IQ Plus lon 400g"},"content":{"rendered":"<p><strong>\u0110\u1eb7c \u0111i\u1ec3m n\u1ed5i b\u1eadt<\/strong><\/p>\n<ul>\n<li>Ph\u00e1t tri\u1ec3n tr\u00ed n\u00e3o thai nhi<\/li>\n<li>24 vitamin gi\u00fap thai nhi kh\u1ecfe m\u1ea1nh<\/li>\n<li>H\u01b0\u01a1ng v\u1ecb th\u01a1m ngon, h\u1ea5p d\u1eabn<\/li>\n<li>Canxi gi\u00fap x\u01b0\u01a1ng ch\u1eafc kh\u1ecfe<\/li>\n<li>Vitamin A h\u1ed7 tr\u1ee3 \u0111\u01b0\u1eddng ti\u00eau h\u00f3a<\/li>\n<li>S\u1eaft ng\u1eeba thi\u1ebfu m\u00e1u su\u1ed1t thai k\u00ec<\/li>\n<li>S\u1ea3n xu\u1ea5t t\u1ea1i Singapore<\/li>\n<li>Abbott l\u00e0 th\u01b0\u01a1ng hi\u1ec7u c\u1ee7a M\u0129<\/li>\n<li>Kh\u1ed1i l\u01b0\u1ee3ng 400g<\/li>\n<\/ul>\n<p><strong>Th\u00e0nh ph\u1ea7n v\u00e0 c\u00f4ng d\u1ee5ng:<\/strong><\/p>\n<ul>\n<li>Th\u00e0nh ph\u1ea7n: Protein, DHA, acid folic, s\u1eaft, prebiotic, Vitamin B1, B2, B12 c\u00f9ng nhi\u1ec1u Vitamin v\u00e0 kho\u00e1ng ch\u1ea5t thi\u1ebft y\u1ebfu,&#8230;<\/li>\n<li>V\u1edbi DHA gi\u00fap ph\u00e1t tri\u1ec3n ho\u00e0n thi\u1ec7n ch\u1ee9c n\u0103ng c\u1ee7a m\u1eaft, ph\u00e1t tri\u1ec3n ho\u00e0n h\u1ea3o h\u1ec7 th\u1ea7n kinh, gi\u1ea3m cholesterol to\u00e0n ph\u1ea7n, v\u00e0 triglyceride m\u00e1u, LDL-cholesterol (cholesterol x\u1ea5u), ph\u00f2ng ng\u1eeba c\u00e1c b\u1ec7nh tim m\u1ea1ch.<\/li>\n<li>H\u1ec7 d\u01b0\u1ee1ng ch\u1ea5t \u0111\u1eb7c bi\u1ec7t IMMUNIFY ch\u01b0\u0301a trong Similac Mom IQ g\u1ed3m prebiotic, k\u1ebdm, c\u00e1c ch\u1ea5t ch\u1ed1ng oxy h\u00f3a vitamin C, E v\u00e0 selen &#8211; gi\u00fap t\u0103ng c\u01b0\u1eddng s\u1ee9c \u0111\u1ec1 kh\u00e1ng c\u1ee7a c\u01a1 th\u1ec3.<\/li>\n<li>Ch\u1ee9a nhi\u1ec1u vitamin v\u00e0 kho\u00e1ng ch\u1ea5t thi\u1ebft y\u1ebfu cho c\u01a1 th\u1ec3 v\u00e0 h\u1ed7 tr\u1ee3 t\u1ed1t cho thai nhi g\u1ed3m Axit Folic ng\u0103n nguy c\u01a1 d\u1ecb t\u1eadt \u1ed1ng th\u1ea7n kinh, S\u1eaft gi\u00fap t\u1ea1o ra nhi\u1ec1u h\u1ed3ng c\u1ea7u v\u00e0 v\u1eadn chuy\u1ec3n Oxi t\u1ed1t, K\u1ebdm c\u00f9ng Magi\u00ea h\u1ed7 tr\u1ee3 kh\u1ea3 n\u0103ng ch\u00fa \u00fd v\u00e0 h\u1ecdc t\u1eadp.<\/li>\n<li>Vitamin B1, B2, B12 h\u1ed7 tr\u1ee3 qu\u00e1 tr\u00ecnh h\u1ecdc h\u1ecfi v\u00e0 ghi nh\u1edb \u1edf tr\u1ebb sau n\u00e0y.<\/li>\n<\/ul>\n<p><strong>H\u01b0\u1edbng d\u1eabn s\u1eed d\u1ee5ng:<\/strong><\/p>\n<ul>\n<li>R\u1eeda tay s\u1ea1ch tr\u01b0\u1edbc khi pha.<\/li>\n<li>\u0110\u1ec3 pha 1 ly, cho 3 mu\u1ed7ng g\u1ea1t ngang v\u00e0o 150ml n\u01b0\u1edbc \u1ea5m.<\/li>\n<li>Khu\u1ea5y \u0111\u1ec1u, d\u00f9ng h\u1ebft ngay sau khi pha.<\/li>\n<li>D\u00f9ng 2 ly m\u1ed7i ng\u00e0y.<\/li>\n<\/ul>\n<p><strong>L\u01b0u \u00fd:\u00a0<\/strong><\/p>\n<ul>\n<li>Sau khi m\u1edf h\u1ed9p ph\u1ea3i s\u1eed d\u1ee5ng h\u1ebft trong 3 tu\u1ea7n.<\/li>\n<\/ul>\n<p><strong>B\u1ea3o qu\u1ea3n:<\/strong><\/p>\n<ul>\n<li>B\u1ea3o qu\u1ea3n h\u1ed9p \u1edf n\u01a1i kh\u00f4 r\u00e1o, tho\u00e1ng m\u00e1t.<\/li>\n<li>\u0110\u1eady k\u00edn n\u1eafp sau m\u1ed7i l\u1ea7n s\u1eed d\u1ee5ng.<\/li>\n<\/ul>\n","protected":false},"excerpt":{"rendered":"<p>\u0110\u1eb7c \u0111i\u1ec3m n\u1ed5i b\u1eadt Ph\u00e1t tri\u1ec3n tr\u00ed n\u00e3o thai nhi 24 vitamin gi\u00fap thai nhi kh\u1ecfe m\u1ea1nh H\u01b0\u01a1ng v\u1ecb th\u01a1m ngon, h\u1ea5p d\u1eabn Canxi gi\u00fap x\u01b0\u01a1ng ch\u1eafc kh\u1ecfe Vitamin A h\u1ed7 tr\u1ee3 \u0111\u01b0\u1eddng ti\u00eau h\u00f3a S\u1eaft ng\u1eeba thi\u1ebfu m\u00e1u su\u1ed1t thai k\u00ec S\u1ea3n xu\u1ea5t t\u1ea1i Singapore Abbott l\u00e0 th\u01b0\u01a1ng hi\u1ec7u c\u1ee7a M\u0129 Kh\u1ed1i l\u01b0\u1ee3ng 400g [&#8230;]\n","protected":false},"featured_media":107,"comment_status":"open","ping_status":"closed","template":"","meta":[],"_links":{"self":[{"href":"https:\/\/webmaibinh.com\/w\/bachhoa2011\/wp-json\/wp\/v2\/product\/106"}],"collection":[{"href":"https:\/\/webmaibinh.com\/w\/bachhoa2011\/wp-json\/wp\/v2\/product"}],"about":[{"href":"https:\/\/webmaibinh.com\/w\/bachhoa2011\/wp-json\/wp\/v2\/types\/product"}],"replies":[{"embeddable":true,"href":"https:\/\/webmaibinh.com\/w\/bachhoa2011\/wp-json\/wp\/v2\/comments?post=106"}],"wp:featuredmedia":[{"embeddable":true,"href":"https:\/\/webmaibinh.com\/w\/bachhoa2011\/wp-json\/wp\/v2\/media\/107"}],"wp:attachment":[{"href":"https:\/\/webmaibinh.com\/w\/bachhoa2011\/wp-json\/wp\/v2\/media?parent=106"}],"curies":[{"name":"wp","href":"https:\/\/api.w.org\/{rel}","templated":true}]}}