{"id":102,"date":"2017-05-23T08:02:49","date_gmt":"2017-05-23T08:02:49","guid":{"rendered":"https:\/\/bachhoa.khowebseotop.vn\/?post_type=product&#038;p=102"},"modified":"2017-05-23T08:02:49","modified_gmt":"2017-05-23T08:02:49","slug":"sua-tiet-trung-nutifood-co-duong-bich-220ml","status":"publish","type":"product","link":"https:\/\/webmaibinh.com\/w\/bachhoa2011\/sua-tiet-trung-nutifood-co-duong-bich-220ml\/","title":{"rendered":"S\u1eefa ti\u1ec7t tr\u00f9ng NutiFood c\u00f3 \u0111\u01b0\u1eddng b\u1ecbch 220ml"},"content":{"rendered":"<p><strong>\u0110\u1eb7c \u0111i\u1ec3m n\u1ed5i b\u1eadt<\/strong><\/p>\n<ul>\n<li>H\u01b0\u01a1ng v\u1ecb s\u1eefa t\u01b0\u01a1i th\u01a1m ngon<\/li>\n<li>S\u1eefa ti\u1ec7t tr\u00f9ng, c\u00f3 \u0111\u01b0\u1eddng<\/li>\n<li>B\u1ed5 sung vitaminA, D3, K\u1ebdm<\/li>\n<li>DHA, ARA ph\u00e1t tri\u1ec3n n\u00e3o<\/li>\n<li>S\u1ea3n xu\u1ea5t t\u1ea1i Vi\u1ec7t Nam<\/li>\n<li>NutiFood l\u00e0 th\u01b0\u01a1ng hi\u1ec7u c\u1ee7a Vi\u1ec7t Nam<\/li>\n<li>Dung t\u00edch 220ml<\/li>\n<\/ul>\n<p><strong>Th\u00e0nh ph\u1ea7n v\u00e0 c\u00f4ng d\u1ee5ng:<\/strong><\/p>\n<ul>\n<li>S\u1eefa ti\u1ec7t tr\u00f9ng Nuvita gi\u00fap cung c\u1ea5p \u0111\u1ea7y \u0111\u1ee7 h\u1ec7 vi ch\u1ea5t thi\u1ebft y\u1ebfu: protein, canxi, ph\u1ed1t pho, vitamin A, D, k\u1ebdm, ti\u1ec1n t\u1ed1 DHA, ARA, lysin&#8230; gi\u00fap tr\u1ebb ph\u00e1t tri\u1ec3n chi\u1ec1u cao t\u1ed1i \u0111a, tr\u00ed n\u00e3o ph\u00e1t tri\u1ec3n ho\u00e0n thi\u1ec7n v\u00e0 cho \u0111\u00f4i m\u1eaft lu\u00f4n s\u00e1ng kh\u1ecfe.<\/li>\n<li>V\u1edbi thi\u1ebft k\u1ebf d\u1ea1ng b\u1ecbch ti\u1ec7n l\u1ee3i s\u1ea3n ph\u1ea9m c\u00f3 \u0111\u01b0\u1eddng r\u1ea5t d\u1ec5 d\u00e0ng b\u1ea3o qu\u1ea3n \u1edf nhi\u1ec7t \u0111\u1ed9 th\u01b0\u1eddng c\u0169ng nh\u01b0 s\u1eed d\u1ee5ng.<\/li>\n<li>B\u1ea1n c\u00f3 th\u1ec3 cho b\u00e9 mang theo c\u1eb7p s\u00e1ch \u0111\u1ebfn tr\u01b0\u1eddng hay trong nh\u1eefng chuy\u1ebfn du l\u1ecbch, d\u00e3 ngo\u1ea1i \u0111\u1ec3 th\u01b0\u1edfng th\u1ee9c b\u1ea5t c\u1ee9 khi n\u00e0o b\u00e9 mu\u1ed1n.<\/li>\n<\/ul>\n<p><strong>H\u01b0\u1edbng d\u1eabn s\u1eed d\u1ee5ng:<\/strong><\/p>\n<ul>\n<li>D\u00f9ng u\u1ed1ng tr\u1ef1c ti\u1ebfp<\/li>\n<li>Ngon h\u01a1n khi \u01b0\u1edbp l\u1ea1nh<\/li>\n<\/ul>\n<p><strong>B\u1ea3o qu\u1ea3n:<\/strong><\/p>\n<ul>\n<li>B\u1ea3o qu\u1ea3n n\u01a1i kh\u00f4 r\u00e1o, tho\u00e1ng m\u00e1t.<\/li>\n<li>Tr\u00e1nh \u00e1nh n\u1eafng tr\u1ef1c ti\u1ebfp.<\/li>\n<\/ul>\n","protected":false},"excerpt":{"rendered":"<p>\u0110\u1eb7c \u0111i\u1ec3m n\u1ed5i b\u1eadt H\u01b0\u01a1ng v\u1ecb s\u1eefa t\u01b0\u01a1i th\u01a1m ngon S\u1eefa ti\u1ec7t tr\u00f9ng, c\u00f3 \u0111\u01b0\u1eddng B\u1ed5 sung vitaminA, D3, K\u1ebdm DHA, ARA ph\u00e1t tri\u1ec3n n\u00e3o S\u1ea3n xu\u1ea5t t\u1ea1i Vi\u1ec7t Nam NutiFood l\u00e0 th\u01b0\u01a1ng hi\u1ec7u c\u1ee7a Vi\u1ec7t Nam Dung t\u00edch 220ml Th\u00e0nh ph\u1ea7n v\u00e0 c\u00f4ng d\u1ee5ng: S\u1eefa ti\u1ec7t tr\u00f9ng Nuvita gi\u00fap cung c\u1ea5p \u0111\u1ea7y \u0111\u1ee7 h\u1ec7 [&#8230;]\n","protected":false},"featured_media":103,"comment_status":"open","ping_status":"closed","template":"","meta":[],"_links":{"self":[{"href":"https:\/\/webmaibinh.com\/w\/bachhoa2011\/wp-json\/wp\/v2\/product\/102"}],"collection":[{"href":"https:\/\/webmaibinh.com\/w\/bachhoa2011\/wp-json\/wp\/v2\/product"}],"about":[{"href":"https:\/\/webmaibinh.com\/w\/bachhoa2011\/wp-json\/wp\/v2\/types\/product"}],"replies":[{"embeddable":true,"href":"https:\/\/webmaibinh.com\/w\/bachhoa2011\/wp-json\/wp\/v2\/comments?post=102"}],"wp:featuredmedia":[{"embeddable":true,"href":"https:\/\/webmaibinh.com\/w\/bachhoa2011\/wp-json\/wp\/v2\/media\/103"}],"wp:attachment":[{"href":"https:\/\/webmaibinh.com\/w\/bachhoa2011\/wp-json\/wp\/v2\/media?parent=102"}],"curies":[{"name":"wp","href":"https:\/\/api.w.org\/{rel}","templated":true}]}}