{"id":77,"date":"2017-10-25T14:50:32","date_gmt":"2017-10-25T07:50:32","guid":{"rendered":"https:\/\/bizhostvn.com\/w\/art\/?page_id=77"},"modified":"2017-10-25T22:02:10","modified_gmt":"2017-10-25T15:02:10","slug":"lich-hoc","status":"publish","type":"page","link":"https:\/\/webmaibinh.com\/w\/art\/lich-hoc\/","title":{"rendered":"L\u1ecbch h\u1ecdc"},"content":{"rendered":"<p>B\u1ea3ng th\u00f4ng b\u00e1o l\u1ecbch h\u1ecdc c\u00e1c kh\u00f3a ngh\u1ec7 thu\u1eadt c\u01a1 b\u1ea3n t\u1ea1i Artiste School:<\/p>\n<table width=\"94{4bc40fccf820538786a190491671b3e878468d2f00f9c0b0905e1da0db2ee815}\">\n<tbody>\n<tr>\n<td width=\"23{4bc40fccf820538786a190491671b3e878468d2f00f9c0b0905e1da0db2ee815}\"><strong>KH\u00d3A H\u1eccC<\/strong><\/td>\n<td width=\"19{4bc40fccf820538786a190491671b3e878468d2f00f9c0b0905e1da0db2ee815}\"><strong>TH\u1edcI GIAN<\/strong><strong>KHAI GI\u1ea2NG<\/strong><\/td>\n<td width=\"17{4bc40fccf820538786a190491671b3e878468d2f00f9c0b0905e1da0db2ee815}\"><strong>L\u1ecaCH H\u1eccC<\/strong><\/td>\n<td width=\"16{4bc40fccf820538786a190491671b3e878468d2f00f9c0b0905e1da0db2ee815}\"><strong>GI\u1edc H\u1eccC<\/strong><\/td>\n<td width=\"23{4bc40fccf820538786a190491671b3e878468d2f00f9c0b0905e1da0db2ee815}\"><strong>GHI CH\u00da<\/strong><\/td>\n<\/tr>\n<tr>\n<td rowspan=\"12\" width=\"23{4bc40fccf820538786a190491671b3e878468d2f00f9c0b0905e1da0db2ee815}\"><strong>MC NH\u00cd<\/strong><strong>K\u1ef8 N\u0102NG S\u1ed0NG<\/strong><\/td>\n<td width=\"19{4bc40fccf820538786a190491671b3e878468d2f00f9c0b0905e1da0db2ee815}\">01\/10\/2017<\/td>\n<td width=\"17{4bc40fccf820538786a190491671b3e878468d2f00f9c0b0905e1da0db2ee815}\">Ch\u1ee7 Nh\u1eadt<\/td>\n<td width=\"16{4bc40fccf820538786a190491671b3e878468d2f00f9c0b0905e1da0db2ee815}\">08h30 \u2013 11h00<\/td>\n<td width=\"23{4bc40fccf820538786a190491671b3e878468d2f00f9c0b0905e1da0db2ee815}\">Nguy\u00ean H\u1ed3ng<\/td>\n<\/tr>\n<tr>\n<td width=\"19{4bc40fccf820538786a190491671b3e878468d2f00f9c0b0905e1da0db2ee815}\">07\/10\/2017<\/td>\n<td width=\"17{4bc40fccf820538786a190491671b3e878468d2f00f9c0b0905e1da0db2ee815}\">Th\u1ee9 7<\/td>\n<td width=\"16{4bc40fccf820538786a190491671b3e878468d2f00f9c0b0905e1da0db2ee815}\">08h30 \u2013 11h00<\/td>\n<td width=\"23{4bc40fccf820538786a190491671b3e878468d2f00f9c0b0905e1da0db2ee815}\">Nguy\u00ean H\u1ed3ng<\/td>\n<\/tr>\n<tr>\n<td width=\"19{4bc40fccf820538786a190491671b3e878468d2f00f9c0b0905e1da0db2ee815}\">08\/10\/2017<\/td>\n<td width=\"17{4bc40fccf820538786a190491671b3e878468d2f00f9c0b0905e1da0db2ee815}\">Ch\u1ee7 Nh\u1eadt<\/td>\n<td width=\"16{4bc40fccf820538786a190491671b3e878468d2f00f9c0b0905e1da0db2ee815}\">14h00 \u2013 16h30<\/td>\n<td width=\"23{4bc40fccf820538786a190491671b3e878468d2f00f9c0b0905e1da0db2ee815}\">Nguy\u00ean H\u1ed3ng<\/td>\n<\/tr>\n<tr>\n<td width=\"19{4bc40fccf820538786a190491671b3e878468d2f00f9c0b0905e1da0db2ee815}\">14\/10\/2017<\/td>\n<td width=\"17{4bc40fccf820538786a190491671b3e878468d2f00f9c0b0905e1da0db2ee815}\">Th\u1ee9 7<\/td>\n<td width=\"16{4bc40fccf820538786a190491671b3e878468d2f00f9c0b0905e1da0db2ee815}\">14h00 \u2013 16h30<\/td>\n<td width=\"23{4bc40fccf820538786a190491671b3e878468d2f00f9c0b0905e1da0db2ee815}\">H\u00e0ng B\u00e0i<\/td>\n<\/tr>\n<tr>\n<td width=\"19{4bc40fccf820538786a190491671b3e878468d2f00f9c0b0905e1da0db2ee815}\">15\/10\/2017<\/td>\n<td width=\"17{4bc40fccf820538786a190491671b3e878468d2f00f9c0b0905e1da0db2ee815}\">Ch\u1ee7 Nh\u1eadt<\/td>\n<td width=\"16{4bc40fccf820538786a190491671b3e878468d2f00f9c0b0905e1da0db2ee815}\">18h00 \u2013 20h30<\/td>\n<td width=\"23{4bc40fccf820538786a190491671b3e878468d2f00f9c0b0905e1da0db2ee815}\">H\u00e0 \u0110\u00f4ng<\/td>\n<\/tr>\n<tr>\n<td width=\"19{4bc40fccf820538786a190491671b3e878468d2f00f9c0b0905e1da0db2ee815}\">15\/10\/2017<\/td>\n<td width=\"17{4bc40fccf820538786a190491671b3e878468d2f00f9c0b0905e1da0db2ee815}\">Ch\u1ee7 Nh\u1eadt<\/td>\n<td width=\"16{4bc40fccf820538786a190491671b3e878468d2f00f9c0b0905e1da0db2ee815}\">14h00 \u2013 16h30<\/td>\n<td width=\"23{4bc40fccf820538786a190491671b3e878468d2f00f9c0b0905e1da0db2ee815}\">H\u00e0ng B\u00e0i<\/td>\n<\/tr>\n<tr>\n<td width=\"19{4bc40fccf820538786a190491671b3e878468d2f00f9c0b0905e1da0db2ee815}\">21\/10\/2017<\/td>\n<td width=\"17{4bc40fccf820538786a190491671b3e878468d2f00f9c0b0905e1da0db2ee815}\">Th\u1ee9 7<\/td>\n<td width=\"16{4bc40fccf820538786a190491671b3e878468d2f00f9c0b0905e1da0db2ee815}\">08h30 -11h00<\/td>\n<td width=\"23{4bc40fccf820538786a190491671b3e878468d2f00f9c0b0905e1da0db2ee815}\">Nguy\u00ean H\u1ed3ng<\/td>\n<\/tr>\n<tr>\n<td width=\"19{4bc40fccf820538786a190491671b3e878468d2f00f9c0b0905e1da0db2ee815}\">22\/10\/2017<\/td>\n<td width=\"17{4bc40fccf820538786a190491671b3e878468d2f00f9c0b0905e1da0db2ee815}\">Ch\u1ee7 Nh\u1eadt<\/td>\n<td width=\"16{4bc40fccf820538786a190491671b3e878468d2f00f9c0b0905e1da0db2ee815}\">14h00 \u2013 16h30<\/td>\n<td width=\"23{4bc40fccf820538786a190491671b3e878468d2f00f9c0b0905e1da0db2ee815}\">Ecopark<\/td>\n<\/tr>\n<tr>\n<td width=\"19{4bc40fccf820538786a190491671b3e878468d2f00f9c0b0905e1da0db2ee815}\">22\/10\/2017<\/td>\n<td width=\"17{4bc40fccf820538786a190491671b3e878468d2f00f9c0b0905e1da0db2ee815}\">Ch\u1ee7 Nh\u1eadt<\/td>\n<td width=\"16{4bc40fccf820538786a190491671b3e878468d2f00f9c0b0905e1da0db2ee815}\">08h30 \u2013 11h00<\/td>\n<td width=\"23{4bc40fccf820538786a190491671b3e878468d2f00f9c0b0905e1da0db2ee815}\">Ecopark<\/td>\n<\/tr>\n<tr>\n<td width=\"19{4bc40fccf820538786a190491671b3e878468d2f00f9c0b0905e1da0db2ee815}\">28\/10\/2017<\/td>\n<td width=\"17{4bc40fccf820538786a190491671b3e878468d2f00f9c0b0905e1da0db2ee815}\">Th\u1ee9 7<\/td>\n<td width=\"16{4bc40fccf820538786a190491671b3e878468d2f00f9c0b0905e1da0db2ee815}\">18h00 -20h30<\/td>\n<td width=\"23{4bc40fccf820538786a190491671b3e878468d2f00f9c0b0905e1da0db2ee815}\">H\u00e0 \u0110\u00f4ng<\/td>\n<\/tr>\n<tr>\n<td width=\"19{4bc40fccf820538786a190491671b3e878468d2f00f9c0b0905e1da0db2ee815}\">28\/10\/2017<\/td>\n<td width=\"17{4bc40fccf820538786a190491671b3e878468d2f00f9c0b0905e1da0db2ee815}\">Th\u1ee9 7<\/td>\n<td width=\"16{4bc40fccf820538786a190491671b3e878468d2f00f9c0b0905e1da0db2ee815}\">08h30 -11h00<\/td>\n<td width=\"23{4bc40fccf820538786a190491671b3e878468d2f00f9c0b0905e1da0db2ee815}\">Nguy\u00ean H\u1ed3ng<\/td>\n<\/tr>\n<tr>\n<td width=\"19{4bc40fccf820538786a190491671b3e878468d2f00f9c0b0905e1da0db2ee815}\">29\/10\/2017<\/td>\n<td width=\"17{4bc40fccf820538786a190491671b3e878468d2f00f9c0b0905e1da0db2ee815}\">Ch\u1ee7 Nh\u1eadt<\/td>\n<td width=\"16{4bc40fccf820538786a190491671b3e878468d2f00f9c0b0905e1da0db2ee815}\">8h30 \u2013 11h00<\/td>\n<td width=\"23{4bc40fccf820538786a190491671b3e878468d2f00f9c0b0905e1da0db2ee815}\">H\u00e0ng B\u00e0i<\/td>\n<\/tr>\n<tr>\n<td rowspan=\"6\" width=\"23{4bc40fccf820538786a190491671b3e878468d2f00f9c0b0905e1da0db2ee815}\"><strong>MC<\/strong><strong>GIAO TI\u1ebeP<\/strong><\/p>\n<p><strong>THUY\u1ebeT TR\u00ccNH<\/strong><\/p>\n<p><strong>(<\/strong>Sinh vi\u00ean, ng\u01b0\u1eddi \u0111i l\u00e0m)<\/p>\n<p><strong>\u00a0<\/strong><\/td>\n<td width=\"19{4bc40fccf820538786a190491671b3e878468d2f00f9c0b0905e1da0db2ee815}\">06\/10\/2017<\/td>\n<td width=\"17{4bc40fccf820538786a190491671b3e878468d2f00f9c0b0905e1da0db2ee815}\">Th\u1ee9 6, CN<\/td>\n<td width=\"16{4bc40fccf820538786a190491671b3e878468d2f00f9c0b0905e1da0db2ee815}\">18h00 \u2013 21h00<\/td>\n<td width=\"23{4bc40fccf820538786a190491671b3e878468d2f00f9c0b0905e1da0db2ee815}\">Nguy\u00ean H\u1ed3ng<\/td>\n<\/tr>\n<tr>\n<td width=\"19{4bc40fccf820538786a190491671b3e878468d2f00f9c0b0905e1da0db2ee815}\">10\/10\/2017<\/td>\n<td width=\"17{4bc40fccf820538786a190491671b3e878468d2f00f9c0b0905e1da0db2ee815}\">Th\u1ee9 2, th\u1ee9 4<\/td>\n<td width=\"16{4bc40fccf820538786a190491671b3e878468d2f00f9c0b0905e1da0db2ee815}\">18h00 \u2013 21h00<\/td>\n<td width=\"23{4bc40fccf820538786a190491671b3e878468d2f00f9c0b0905e1da0db2ee815}\">Nguy\u00ean H\u1ed3ng<\/td>\n<\/tr>\n<tr>\n<td width=\"19{4bc40fccf820538786a190491671b3e878468d2f00f9c0b0905e1da0db2ee815}\">17\/10\/2017<\/td>\n<td width=\"17{4bc40fccf820538786a190491671b3e878468d2f00f9c0b0905e1da0db2ee815}\">Th\u1ee9 3, th\u1ee9 5<\/td>\n<td width=\"16{4bc40fccf820538786a190491671b3e878468d2f00f9c0b0905e1da0db2ee815}\">18h00 \u2013 21h00<\/td>\n<td width=\"23{4bc40fccf820538786a190491671b3e878468d2f00f9c0b0905e1da0db2ee815}\">Nguy\u00ean H\u1ed3ng<\/td>\n<\/tr>\n<tr>\n<td width=\"19{4bc40fccf820538786a190491671b3e878468d2f00f9c0b0905e1da0db2ee815}\">25\/10\/2017<\/td>\n<td width=\"17{4bc40fccf820538786a190491671b3e878468d2f00f9c0b0905e1da0db2ee815}\">Th\u1ee9 2, th\u1ee9 4<\/td>\n<td width=\"16{4bc40fccf820538786a190491671b3e878468d2f00f9c0b0905e1da0db2ee815}\">18h00 \u2013 21h00<\/td>\n<td width=\"23{4bc40fccf820538786a190491671b3e878468d2f00f9c0b0905e1da0db2ee815}\">Nguy\u00ean H\u1ed3ng<\/td>\n<\/tr>\n<tr>\n<td width=\"19{4bc40fccf820538786a190491671b3e878468d2f00f9c0b0905e1da0db2ee815}\">27\/10\/2017<\/td>\n<td width=\"17{4bc40fccf820538786a190491671b3e878468d2f00f9c0b0905e1da0db2ee815}\">Th\u1ee9 4, th\u1ee9 6<\/td>\n<td width=\"16{4bc40fccf820538786a190491671b3e878468d2f00f9c0b0905e1da0db2ee815}\">18h00 \u2013 21h00<\/td>\n<td width=\"23{4bc40fccf820538786a190491671b3e878468d2f00f9c0b0905e1da0db2ee815}\">Nguy\u00ean H\u1ed3ng<\/td>\n<\/tr>\n<tr>\n<td width=\"19{4bc40fccf820538786a190491671b3e878468d2f00f9c0b0905e1da0db2ee815}\">31\/10\/2017<\/td>\n<td width=\"17{4bc40fccf820538786a190491671b3e878468d2f00f9c0b0905e1da0db2ee815}\">Th\u1ee9 3, th\u1ee9 5<\/td>\n<td width=\"16{4bc40fccf820538786a190491671b3e878468d2f00f9c0b0905e1da0db2ee815}\">18h00 \u2013 21h00<\/td>\n<td width=\"23{4bc40fccf820538786a190491671b3e878468d2f00f9c0b0905e1da0db2ee815}\">Nguy\u00ean H\u1ed3ng<\/td>\n<\/tr>\n<tr>\n<td rowspan=\"4\" width=\"23{4bc40fccf820538786a190491671b3e878468d2f00f9c0b0905e1da0db2ee815}\"><strong>MC N\u00c2NG CAO<\/strong><\/td>\n<td width=\"19{4bc40fccf820538786a190491671b3e878468d2f00f9c0b0905e1da0db2ee815}\">08\/10\/2017<\/td>\n<td width=\"17{4bc40fccf820538786a190491671b3e878468d2f00f9c0b0905e1da0db2ee815}\">Ch\u1ee7 Nh\u1eadt<\/td>\n<td width=\"16{4bc40fccf820538786a190491671b3e878468d2f00f9c0b0905e1da0db2ee815}\">08h30 \u2013 11h00<\/td>\n<td width=\"23{4bc40fccf820538786a190491671b3e878468d2f00f9c0b0905e1da0db2ee815}\">Ecopark<\/td>\n<\/tr>\n<tr>\n<td width=\"19{4bc40fccf820538786a190491671b3e878468d2f00f9c0b0905e1da0db2ee815}\">08\/10\/2017<\/td>\n<td width=\"17{4bc40fccf820538786a190491671b3e878468d2f00f9c0b0905e1da0db2ee815}\">Ch\u1ee7 Nh\u1eadt<\/td>\n<td width=\"16{4bc40fccf820538786a190491671b3e878468d2f00f9c0b0905e1da0db2ee815}\">18h00 \u2013 20h30<\/td>\n<td width=\"23{4bc40fccf820538786a190491671b3e878468d2f00f9c0b0905e1da0db2ee815}\">Nguy\u00ean H\u1ed3ng<\/td>\n<\/tr>\n<tr>\n<td width=\"19{4bc40fccf820538786a190491671b3e878468d2f00f9c0b0905e1da0db2ee815}\">22\/10\/2017<\/td>\n<td width=\"17{4bc40fccf820538786a190491671b3e878468d2f00f9c0b0905e1da0db2ee815}\">Ch\u1ee7 Nh\u1eadt<\/td>\n<td width=\"16{4bc40fccf820538786a190491671b3e878468d2f00f9c0b0905e1da0db2ee815}\">8h30 \u2013 11h00<\/td>\n<td width=\"23{4bc40fccf820538786a190491671b3e878468d2f00f9c0b0905e1da0db2ee815}\">Nguy\u00ean H\u1ed3ng<\/td>\n<\/tr>\n<tr>\n<td width=\"19{4bc40fccf820538786a190491671b3e878468d2f00f9c0b0905e1da0db2ee815}\">28\/10\/2017<\/td>\n<td width=\"17{4bc40fccf820538786a190491671b3e878468d2f00f9c0b0905e1da0db2ee815}\">Th\u1ee9 7<\/td>\n<td width=\"16{4bc40fccf820538786a190491671b3e878468d2f00f9c0b0905e1da0db2ee815}\">18h00 \u2013 20h30<\/td>\n<td width=\"23{4bc40fccf820538786a190491671b3e878468d2f00f9c0b0905e1da0db2ee815}\">Nguy\u00ean H\u1ed3ng<\/td>\n<\/tr>\n<tr>\n<td rowspan=\"5\" width=\"23{4bc40fccf820538786a190491671b3e878468d2f00f9c0b0905e1da0db2ee815}\"><strong>CH\u1eeeA NG\u1eccNG NH\u00cd<\/strong><\/td>\n<td width=\"19{4bc40fccf820538786a190491671b3e878468d2f00f9c0b0905e1da0db2ee815}\">08\/10\/2017<\/td>\n<td width=\"17{4bc40fccf820538786a190491671b3e878468d2f00f9c0b0905e1da0db2ee815}\">Ch\u1ee7 Nh\u1eadt<\/td>\n<td width=\"16{4bc40fccf820538786a190491671b3e878468d2f00f9c0b0905e1da0db2ee815}\">14h30 \u2013 16h30<\/td>\n<td width=\"23{4bc40fccf820538786a190491671b3e878468d2f00f9c0b0905e1da0db2ee815}\">Nguy\u00ean H\u1ed3ng<\/td>\n<\/tr>\n<tr>\n<td width=\"19{4bc40fccf820538786a190491671b3e878468d2f00f9c0b0905e1da0db2ee815}\">13\/10\/2017<\/td>\n<td width=\"17{4bc40fccf820538786a190491671b3e878468d2f00f9c0b0905e1da0db2ee815}\">Th\u1ee9 6<\/td>\n<td width=\"16{4bc40fccf820538786a190491671b3e878468d2f00f9c0b0905e1da0db2ee815}\">18h00 \u2013 20h00<\/td>\n<td width=\"23{4bc40fccf820538786a190491671b3e878468d2f00f9c0b0905e1da0db2ee815}\">Nguy\u00ean H\u1ed3ng<\/td>\n<\/tr>\n<tr>\n<td width=\"19{4bc40fccf820538786a190491671b3e878468d2f00f9c0b0905e1da0db2ee815}\">16\/10\/2017<\/td>\n<td width=\"17{4bc40fccf820538786a190491671b3e878468d2f00f9c0b0905e1da0db2ee815}\">Th\u1ee9 2<\/td>\n<td width=\"16{4bc40fccf820538786a190491671b3e878468d2f00f9c0b0905e1da0db2ee815}\">18h00 \u2013 20h00<\/td>\n<td width=\"23{4bc40fccf820538786a190491671b3e878468d2f00f9c0b0905e1da0db2ee815}\">H\u00e0 \u0110\u00f4ng<\/td>\n<\/tr>\n<tr>\n<td width=\"19{4bc40fccf820538786a190491671b3e878468d2f00f9c0b0905e1da0db2ee815}\">21\/10\/2017<\/td>\n<td width=\"17{4bc40fccf820538786a190491671b3e878468d2f00f9c0b0905e1da0db2ee815}\">Th\u1ee9 7<\/td>\n<td width=\"16{4bc40fccf820538786a190491671b3e878468d2f00f9c0b0905e1da0db2ee815}\">8h30 \u2013 10h30<\/td>\n<td width=\"23{4bc40fccf820538786a190491671b3e878468d2f00f9c0b0905e1da0db2ee815}\">Ecopark<\/td>\n<\/tr>\n<tr>\n<td width=\"19{4bc40fccf820538786a190491671b3e878468d2f00f9c0b0905e1da0db2ee815}\">29\/10\/2017<\/td>\n<td width=\"17{4bc40fccf820538786a190491671b3e878468d2f00f9c0b0905e1da0db2ee815}\">Ch\u1ee7 Nh\u1eadt<\/td>\n<td width=\"16{4bc40fccf820538786a190491671b3e878468d2f00f9c0b0905e1da0db2ee815}\">14h30 \u2013 16h30<\/td>\n<td width=\"23{4bc40fccf820538786a190491671b3e878468d2f00f9c0b0905e1da0db2ee815}\">Nguy\u00ean H\u1ed3ng<\/td>\n<\/tr>\n<\/tbody>\n<\/table>\n<p><strong>Ghi ch\u00fa:<\/strong><\/p>\n<p>Tr\u00ean \u0111\u00e2y l\u00e0 l\u1ecbch\u00a0\u00a0khai gi\u1ea3ng d\u1ef1 ki\u1ebfn c\u00e1c l\u1edbp, ph\u1ee5 huynh v\u00e0 h\u1ecdc sinh c\u00f3 th\u1ec3 \u00a0\u0111\u0103ng k\u00fd l\u1ecbch h\u1ecdc theo nguy\u1ec7n v\u1ecdng \u0111\u1ec3 \u0111\u01b0\u1ee3c s\u1eafp x\u1ebfp l\u1edbp ph\u00f9 h\u1ee3p.<\/p>\n","protected":false},"excerpt":{"rendered":"<p>B\u1ea3ng th\u00f4ng b\u00e1o l\u1ecbch h\u1ecdc c\u00e1c kh\u00f3a ngh\u1ec7 thu\u1eadt c\u01a1 b\u1ea3n t\u1ea1i Artiste School: KH\u00d3A H\u1eccC TH\u1edcI GIANKHAI GI\u1ea2NG L\u1ecaCH H\u1eccC GI\u1edc H\u1eccC GHI CH\u00da MC NH\u00cdK\u1ef8 N\u0102NG S\u1ed0NG 01\/10\/2017 Ch\u1ee7 Nh\u1eadt 08h30 \u2013 11h00 Nguy\u00ean H\u1ed3ng 07\/10\/2017 Th\u1ee9 7 08h30 \u2013 11h00 Nguy\u00ean H\u1ed3ng 08\/10\/2017 Ch\u1ee7 Nh\u1eadt 14h00 \u2013 16h30 Nguy\u00ean H\u1ed3ng 14\/10\/2017 Th\u1ee9 [&#8230;]\n","protected":false},"author":1,"featured_media":0,"parent":0,"menu_order":0,"comment_status":"closed","ping_status":"closed","template":"page-right-sidebar.php","meta":[],"_links":{"self":[{"href":"https:\/\/webmaibinh.com\/w\/art\/wp-json\/wp\/v2\/pages\/77"}],"collection":[{"href":"https:\/\/webmaibinh.com\/w\/art\/wp-json\/wp\/v2\/pages"}],"about":[{"href":"https:\/\/webmaibinh.com\/w\/art\/wp-json\/wp\/v2\/types\/page"}],"author":[{"embeddable":true,"href":"https:\/\/webmaibinh.com\/w\/art\/wp-json\/wp\/v2\/users\/1"}],"replies":[{"embeddable":true,"href":"https:\/\/webmaibinh.com\/w\/art\/wp-json\/wp\/v2\/comments?post=77"}],"version-history":[{"count":3,"href":"https:\/\/webmaibinh.com\/w\/art\/wp-json\/wp\/v2\/pages\/77\/revisions"}],"predecessor-version":[{"id":349,"href":"https:\/\/webmaibinh.com\/w\/art\/wp-json\/wp\/v2\/pages\/77\/revisions\/349"}],"wp:attachment":[{"href":"https:\/\/webmaibinh.com\/w\/art\/wp-json\/wp\/v2\/media?parent=77"}],"curies":[{"name":"wp","href":"https:\/\/api.w.org\/{rel}","templated":true}]}}