{"id":75,"date":"2017-10-25T14:50:20","date_gmt":"2017-10-25T07:50:20","guid":{"rendered":"https:\/\/bizhostvn.com\/w\/art\/?page_id=75"},"modified":"2017-10-25T22:00:28","modified_gmt":"2017-10-25T15:00:28","slug":"gioi-thieu","status":"publish","type":"page","link":"https:\/\/webmaibinh.com\/w\/art\/gioi-thieu\/","title":{"rendered":"Gi\u1edbi thi\u1ec7u"},"content":{"rendered":"\t<div id=\"gap-1447344960\" class=\"gap-element clearfix\" style=\"display:block; height:auto;\">\n\t\t\n<style>\n#gap-1447344960 {\n  padding-top: 30px;\n}\n<\/style>\n\t<\/div>\n\t\n<div class=\"row row-small\"  id=\"row-810170840\">\n\n\t<div id=\"col-894435636\" class=\"col medium-3 small-12 large-3\"  >\n\t\t<div class=\"col-inner\"  >\n\t\t\t\n\t\t\t\n<p><img loading=\"lazy\" class=\"size-medium wp-image-332\" src=\"https:\/\/bizhostvn.com\/w\/art\/wp-content\/uploads\/2017\/10\/o-KIDS-ARTIST-facebook-300x150.jpg\" alt=\"\" width=\"300\" height=\"150\" srcset=\"https:\/\/webmaibinh.com\/w\/art\/wp-content\/uploads\/2017\/10\/o-KIDS-ARTIST-facebook-300x150.jpg 300w, https:\/\/webmaibinh.com\/w\/art\/wp-content\/uploads\/2017\/10\/o-KIDS-ARTIST-facebook.jpg 600w\" sizes=\"(max-width: 300px) 100vw, 300px\" \/><\/p>\n<p><span style=\"font-size: 90{4bc40fccf820538786a190491671b3e878468d2f00f9c0b0905e1da0db2ee815};\"><strong>\u0110\u1ecba ch\u1ec9: <\/strong>S\u1ed1 28 ng\u00f5 18 L\u01b0\u01a1ng Ng\u1ecdc Quy\u1ebfn, H\u00e0 \u0110\u00f4ng, H\u00e0 N\u1ed9i (C\u00e1ch \u0111\u1ea7u ng\u00f5 kho\u1ea3ng 100m).<\/span><br \/>\n<span style=\"font-size: 90{4bc40fccf820538786a190491671b3e878468d2f00f9c0b0905e1da0db2ee815};\"><strong>\u0110i\u1ec7n tho\u1ea1i:\u00a0<\/strong>1900.636.637 \u2013 0909009009<\/span><br \/>\n<span style=\"font-size: 90{4bc40fccf820538786a190491671b3e878468d2f00f9c0b0905e1da0db2ee815};\"><strong>Email:<\/strong> webdesign@gmail.com<\/span><br \/>\n<span style=\"font-size: 90{4bc40fccf820538786a190491671b3e878468d2f00f9c0b0905e1da0db2ee815};\"><strong>Website:<\/strong> <a href=\"http:\/\/www.www.webdesign.com\/\">www.webdesign.com<\/a><\/span><\/p>\n\t\t<\/div>\n\t\t\t<\/div>\n\n\t\n\n\t<div id=\"col-1273783995\" class=\"col medium-9 small-12 large-9\"  >\n\t\t<div class=\"col-inner\"  >\n\t\t\t\n\t\t\t\n<h3>Trung t\u00e2m V\u0103n h\u1ecdc Ngh\u1ec7 thu\u1eadt Tp. H\u1ed3 Ch\u00ed Minh<\/h3>\n<p class=\"sc_title sc_title_regular\">\u00c2m nh\u1ea1c v\u00e0 Ngh\u1ec7 thu\u1eadt l\u00e0 m\u1ed9t ph\u1ea7n kh\u00f4ng th\u1ec3 thi\u1ebfu trong qu\u00e1 tr\u00ecnh ph\u00e1t tri\u1ec3n nh\u00e2n c\u00e1ch c\u1ee7a tr\u1ebb nh\u1ecf. C\u00e1c em c\u1ea7n m\u1ed9t s\u00e2n ch\u01a1i l\u00e0nh m\u1ea1nh \u0111\u1ec3 th\u00eam y\u00eau th\u01b0\u01a1ng, g\u1eafn k\u1ebft, \u00a0s\u1ebb chia c\u0169ng nh\u01b0 ph\u00e1t tri\u1ec3n m\u1ecdi K\u1ef9 N\u0103ng S\u1ed1ng c\u1ee7a m\u00ecnh.<\/p>\n<p class=\"sc_title sc_title_regular\">\u0110\u1ebfn v\u1edbi Artiest Education, ch\u00fang t\u00f4i mong mu\u1ed1n mang l\u1ea1i nh\u1eefng l\u1ee3i \u00edch thi\u1ebft th\u1ef1c nh\u1ea5t cho s\u1ef1 ph\u00e1t tri\u1ec3n to\u00e0n di\u1ec7n c\u1ea3 v\u1ec1 th\u1ec3 ch\u1ea5t l\u1eabn t\u00e2m h\u1ed3n c\u1ee7a tr\u1ebb, nh\u1eb1m trang b\u1ecb t\u1ed1t nh\u1ea5t cho nh\u1eefng TH\u00c0NH C\u00d4NG TRONG T\u01af\u01a0NG LAI.<\/p>\n<div class=\"wpb_text_column wpb_content_element \">\n<div class=\"wpb_wrapper\">\n<p>V\u1edbi s\u1ef1 \u0111\u1ea7u t\u01b0 nghi\u00eam t\u00fac v\u1ec1 CH\u1ea4T L\u01af\u1ee2NG CHUY\u00caN M\u00d4N v\u00e0 C\u01a0 S\u1ede V\u1eacT CH\u1ea4T CHU\u1ea8N QU\u1ed0C T\u1ebe, EAA lu\u00f4n mong mu\u1ed1n t\u1ea1o ra m\u1ed9t n\u1ec1n t\u1ea3ng gi\u00e1o d\u1ee5c t\u1ed1t nh\u1ea5t cho Thi\u1ebfu Nhi v\u1ec1 c\u1ea3 T\u00c0I N\u0102NG \u2013 T\u00c2M H\u1ed2N &amp; NH\u00c2N C\u00c1CH.<\/p>\n<\/div>\n<\/div>\n\t\t<\/div>\n\t\t\t<\/div>\n\n\t\n<\/div>\n","protected":false},"excerpt":{"rendered":"","protected":false},"author":1,"featured_media":0,"parent":0,"menu_order":0,"comment_status":"closed","ping_status":"closed","template":"page-blank.php","meta":[],"_links":{"self":[{"href":"https:\/\/webmaibinh.com\/w\/art\/wp-json\/wp\/v2\/pages\/75"}],"collection":[{"href":"https:\/\/webmaibinh.com\/w\/art\/wp-json\/wp\/v2\/pages"}],"about":[{"href":"https:\/\/webmaibinh.com\/w\/art\/wp-json\/wp\/v2\/types\/page"}],"author":[{"embeddable":true,"href":"https:\/\/webmaibinh.com\/w\/art\/wp-json\/wp\/v2\/users\/1"}],"replies":[{"embeddable":true,"href":"https:\/\/webmaibinh.com\/w\/art\/wp-json\/wp\/v2\/comments?post=75"}],"version-history":[{"count":13,"href":"https:\/\/webmaibinh.com\/w\/art\/wp-json\/wp\/v2\/pages\/75\/revisions"}],"predecessor-version":[{"id":347,"href":"https:\/\/webmaibinh.com\/w\/art\/wp-json\/wp\/v2\/pages\/75\/revisions\/347"}],"wp:attachment":[{"href":"https:\/\/webmaibinh.com\/w\/art\/wp-json\/wp\/v2\/media?parent=75"}],"curies":[{"name":"wp","href":"https:\/\/api.w.org\/{rel}","templated":true}]}}