{"id":408,"date":"2017-10-25T22:19:10","date_gmt":"2017-10-25T15:19:10","guid":{"rendered":"https:\/\/bizhostvn.com\/w\/art\/?page_id=408"},"modified":"2017-10-25T22:54:09","modified_gmt":"2017-10-25T15:54:09","slug":"cac-mon-hoc-khac","status":"publish","type":"page","link":"https:\/\/webmaibinh.com\/w\/art\/khoa-hoc\/cac-mon-hoc-khac\/","title":{"rendered":"C\u00e1c m\u00f4n h\u1ecdc kh\u00e1c"},"content":{"rendered":"<p>Ch\u01b0\u01a1ng tr\u00ecnh \u0111\u00e0o t\u1ea1o g\u1ed3m c\u00e1c kh\u00f3a \u0111\u00e0o t\u1ea1o ng\u1eafn h\u1ea1n, d\u00e0i h\u1ea1n v\u00e0 chuy\u00ean s\u00e2u, linh ho\u1ea1t ph\u00f9 h\u1ee3p v\u1edbi m\u1ecdi nhu c\u1ea7u c\u1ee7a h\u1ecdc vi\u00ean.<br \/>\nC\u00e1c b\u1ed9 m\u00f4n ngh\u1ec7 thu\u1eadt kinh \u0111i\u1ec3n, truy\u1ec1n th\u1ed1ng, c\u00e1c kh\u00f3a h\u1ecdc \u0111\u1eb7c bi\u1ec7t.<\/p>\n<p>Artiste School thu\u1ed9c Trung t\u00e2m V\u0103n h\u1ecdc Ngh\u1ec7 thu\u1eadt Tp. H\u1ed3 Ch\u00ed Minh (Ho Chi Minh City Center for Arts and Literality \u2013 \u0111\u01b0\u1ee3c th\u00e0nh l\u1eadp theo ch\u1ee7 tr\u01b0\u01a1ng c\u1ee7a \u1ee6y ban Nh\u00e2n d\u00e2n Th\u00e0nh ph\u1ed1 t\u1ea1i C\u00f4ng v\u0103n s\u1ed1 3877\/UBND-VX ng\u00e0y 22\/6\/2017 v\u00e0 Quy\u1ebft \u0111\u1ecbnh th\u00e0nh l\u1eadp s\u1ed1 24\/Q\u0110-VHNT ng\u00e0y 23\/6\/2017 c\u1ee7a Li\u00ean hi\u1ec7p c\u00e1c H\u1ed9i V\u0103n h\u1ecdc Ngh\u1ec7 thu\u1eadt Th\u00e0nh ph\u1ed1 H\u1ed3 Ch\u00ed Minh.<\/p>\n\n  \n    <div class=\"row large-columns-3 medium-columns- small-columns-2\">\n          <div class=\"page-col col\" >\n          <div class=\"col-inner\" >\n          <a class=\"plain\" href=\"https:\/\/webmaibinh.com\/w\/art\/khoa-hoc\/cac-mon-hoc-khac\/hoc-lam-mc-nhi\/\" title=\"H\u1ecdc l\u00e0m MC nh\u00ed\" target=\"\">\n            <div class=\"page-box box has-hover box-overlay dark\">\n                  <div class=\"box-image\" >\n                      <div class=\"box-image image-zoom image-cover\" style=\"padding-top:75{4bc40fccf820538786a190491671b3e878468d2f00f9c0b0905e1da0db2ee815};\">\n                      <img width=\"275\" height=\"183\" src=\"https:\/\/webmaibinh.com\/w\/art\/wp-content\/uploads\/2017\/10\/t\u1ea3i-xu\u1ed1ng.jpg\" class=\"attachment-original size-original\" alt=\"\" loading=\"lazy\" \/>                      <\/div>\n                      <div class=\"overlay\" style=\"background-color: rgba(0, 0, 0, 0)\"><\/div>                                        <\/div>\n                  <div class=\"box-text text-center\" style=\"background-color:rgba(0, 0, 0, 0.5);\">\n                        <div class=\"box-text-inner\">\n                            <p>H\u1ecdc l\u00e0m MC nh\u00ed<\/p>\n                        <\/div>\n                  <\/div>\n              <\/div>\n            <\/a>\n            <\/div>\n          <\/div>\n                 <div class=\"page-col col\" >\n          <div class=\"col-inner\" >\n          <a class=\"plain\" href=\"https:\/\/webmaibinh.com\/w\/art\/khoa-hoc\/cac-mon-hoc-khac\/lop-nhac-kich\/\" title=\"L\u1edbp nh\u1ea1c k\u1ecbch\" target=\"\">\n            <div class=\"page-box box has-hover box-overlay dark\">\n                  <div class=\"box-image\" >\n                      <div class=\"box-image image-zoom image-cover\" style=\"padding-top:75{4bc40fccf820538786a190491671b3e878468d2f00f9c0b0905e1da0db2ee815};\">\n                      <img width=\"550\" height=\"320\" src=\"https:\/\/webmaibinh.com\/w\/art\/wp-content\/uploads\/2017\/10\/images613032_R5c.jpg\" class=\"attachment-original size-original\" alt=\"\" loading=\"lazy\" srcset=\"https:\/\/webmaibinh.com\/w\/art\/wp-content\/uploads\/2017\/10\/images613032_R5c.jpg 550w, https:\/\/webmaibinh.com\/w\/art\/wp-content\/uploads\/2017\/10\/images613032_R5c-300x175.jpg 300w\" sizes=\"(max-width: 550px) 100vw, 550px\" \/>                      <\/div>\n                      <div class=\"overlay\" style=\"background-color: rgba(0, 0, 0, 0)\"><\/div>                                        <\/div>\n                  <div class=\"box-text text-center\" style=\"background-color:rgba(0, 0, 0, 0.5);\">\n                        <div class=\"box-text-inner\">\n                            <p>L\u1edbp nh\u1ea1c k\u1ecbch<\/p>\n                        <\/div>\n                  <\/div>\n              <\/div>\n            <\/a>\n            <\/div>\n          <\/div>\n                 <div class=\"page-col col\" >\n          <div class=\"col-inner\" >\n          <a class=\"plain\" href=\"https:\/\/webmaibinh.com\/w\/art\/khoa-hoc\/cac-mon-hoc-khac\/lop-thanh-nhac\/\" title=\"L\u1edbp thanh nh\u1ea1c\" target=\"\">\n            <div class=\"page-box box has-hover box-overlay dark\">\n                  <div class=\"box-image\" >\n                      <div class=\"box-image image-zoom image-cover\" style=\"padding-top:75{4bc40fccf820538786a190491671b3e878468d2f00f9c0b0905e1da0db2ee815};\">\n                      <img width=\"700\" height=\"450\" src=\"https:\/\/webmaibinh.com\/w\/art\/wp-content\/uploads\/2017\/10\/khoa-day-hoc-dan-guitar-organ-piano-thanh-nhac-o-dau-re-tot-nhat-tai-tphcm-36.jpg\" class=\"attachment-original size-original\" alt=\"\" loading=\"lazy\" srcset=\"https:\/\/webmaibinh.com\/w\/art\/wp-content\/uploads\/2017\/10\/khoa-day-hoc-dan-guitar-organ-piano-thanh-nhac-o-dau-re-tot-nhat-tai-tphcm-36.jpg 700w, https:\/\/webmaibinh.com\/w\/art\/wp-content\/uploads\/2017\/10\/khoa-day-hoc-dan-guitar-organ-piano-thanh-nhac-o-dau-re-tot-nhat-tai-tphcm-36-300x193.jpg 300w\" sizes=\"(max-width: 700px) 100vw, 700px\" \/>                      <\/div>\n                      <div class=\"overlay\" style=\"background-color: rgba(0, 0, 0, 0)\"><\/div>                                        <\/div>\n                  <div class=\"box-text text-center\" style=\"background-color:rgba(0, 0, 0, 0.5);\">\n                        <div class=\"box-text-inner\">\n                            <p>L\u1edbp thanh nh\u1ea1c<\/p>\n                        <\/div>\n                  <\/div>\n              <\/div>\n            <\/a>\n            <\/div>\n          <\/div>\n                 <div class=\"page-col col\" >\n          <div class=\"col-inner\" >\n          <a class=\"plain\" href=\"https:\/\/webmaibinh.com\/w\/art\/khoa-hoc\/cac-mon-hoc-khac\/cam-thu-am-nhac\/\" title=\"C\u1ea3m th\u1ee5 \u00e2m nh\u1ea1c\" target=\"\">\n            <div class=\"page-box box has-hover box-overlay dark\">\n                  <div class=\"box-image\" >\n                      <div class=\"box-image image-zoom image-cover\" style=\"padding-top:75{4bc40fccf820538786a190491671b3e878468d2f00f9c0b0905e1da0db2ee815};\">\n                      <img width=\"1024\" height=\"683\" src=\"https:\/\/webmaibinh.com\/w\/art\/wp-content\/uploads\/2017\/10\/lop-cam-thu-am-nhac-cho-be-1-1024x683.jpg\" class=\"attachment-original size-original\" alt=\"\" loading=\"lazy\" srcset=\"https:\/\/webmaibinh.com\/w\/art\/wp-content\/uploads\/2017\/10\/lop-cam-thu-am-nhac-cho-be-1-1024x683.jpg 1024w, https:\/\/webmaibinh.com\/w\/art\/wp-content\/uploads\/2017\/10\/lop-cam-thu-am-nhac-cho-be-1-1024x683-300x200.jpg 300w, https:\/\/webmaibinh.com\/w\/art\/wp-content\/uploads\/2017\/10\/lop-cam-thu-am-nhac-cho-be-1-1024x683-768x512.jpg 768w\" sizes=\"(max-width: 1024px) 100vw, 1024px\" \/>                      <\/div>\n                      <div class=\"overlay\" style=\"background-color: rgba(0, 0, 0, 0)\"><\/div>                                        <\/div>\n                  <div class=\"box-text text-center\" style=\"background-color:rgba(0, 0, 0, 0.5);\">\n                        <div class=\"box-text-inner\">\n                            <p>C\u1ea3m th\u1ee5 \u00e2m nh\u1ea1c<\/p>\n                        <\/div>\n                  <\/div>\n              <\/div>\n            <\/a>\n            <\/div>\n          <\/div>\n                 <div class=\"page-col col\" >\n          <div class=\"col-inner\" >\n          <a class=\"plain\" href=\"https:\/\/webmaibinh.com\/w\/art\/khoa-hoc\/cac-mon-hoc-khac\/ky-nang-giao-tiep\/\" title=\"K\u1ef9 n\u0103ng giao ti\u1ebfp\" target=\"\">\n            <div class=\"page-box box has-hover box-overlay dark\">\n                  <div class=\"box-image\" >\n                      <div class=\"box-image image-zoom image-cover\" style=\"padding-top:75{4bc40fccf820538786a190491671b3e878468d2f00f9c0b0905e1da0db2ee815};\">\n                      <img width=\"770\" height=\"400\" src=\"https:\/\/webmaibinh.com\/w\/art\/wp-content\/uploads\/2017\/10\/giao-tiep-hieu-qua.jpg\" class=\"attachment-original size-original\" alt=\"\" loading=\"lazy\" srcset=\"https:\/\/webmaibinh.com\/w\/art\/wp-content\/uploads\/2017\/10\/giao-tiep-hieu-qua.jpg 770w, https:\/\/webmaibinh.com\/w\/art\/wp-content\/uploads\/2017\/10\/giao-tiep-hieu-qua-300x156.jpg 300w, https:\/\/webmaibinh.com\/w\/art\/wp-content\/uploads\/2017\/10\/giao-tiep-hieu-qua-768x399.jpg 768w\" sizes=\"(max-width: 770px) 100vw, 770px\" \/>                      <\/div>\n                      <div class=\"overlay\" style=\"background-color: rgba(0, 0, 0, 0)\"><\/div>                                        <\/div>\n                  <div class=\"box-text text-center\" style=\"background-color:rgba(0, 0, 0, 0.5);\">\n                        <div class=\"box-text-inner\">\n                            <p>K\u1ef9 n\u0103ng giao ti\u1ebfp<\/p>\n                        <\/div>\n                  <\/div>\n              <\/div>\n            <\/a>\n            <\/div>\n          <\/div>\n         <\/div>\n","protected":false},"excerpt":{"rendered":"<p>Ch\u01b0\u01a1ng tr\u00ecnh \u0111\u00e0o t\u1ea1o g\u1ed3m c\u00e1c kh\u00f3a \u0111\u00e0o t\u1ea1o ng\u1eafn h\u1ea1n, d\u00e0i h\u1ea1n v\u00e0 chuy\u00ean s\u00e2u, linh ho\u1ea1t ph\u00f9 h\u1ee3p v\u1edbi m\u1ecdi nhu c\u1ea7u c\u1ee7a h\u1ecdc vi\u00ean. C\u00e1c b\u1ed9 m\u00f4n ngh\u1ec7 thu\u1eadt kinh \u0111i\u1ec3n, truy\u1ec1n th\u1ed1ng, c\u00e1c kh\u00f3a h\u1ecdc \u0111\u1eb7c bi\u1ec7t. Artiste School thu\u1ed9c Trung t\u00e2m V\u0103n h\u1ecdc Ngh\u1ec7 thu\u1eadt Tp. H\u1ed3 Ch\u00ed Minh (Ho [&#8230;]\n","protected":false},"author":1,"featured_media":332,"parent":360,"menu_order":0,"comment_status":"closed","ping_status":"closed","template":"page-right-sidebar.php","meta":[],"_links":{"self":[{"href":"https:\/\/webmaibinh.com\/w\/art\/wp-json\/wp\/v2\/pages\/408"}],"collection":[{"href":"https:\/\/webmaibinh.com\/w\/art\/wp-json\/wp\/v2\/pages"}],"about":[{"href":"https:\/\/webmaibinh.com\/w\/art\/wp-json\/wp\/v2\/types\/page"}],"author":[{"embeddable":true,"href":"https:\/\/webmaibinh.com\/w\/art\/wp-json\/wp\/v2\/users\/1"}],"replies":[{"embeddable":true,"href":"https:\/\/webmaibinh.com\/w\/art\/wp-json\/wp\/v2\/comments?post=408"}],"version-history":[{"count":4,"href":"https:\/\/webmaibinh.com\/w\/art\/wp-json\/wp\/v2\/pages\/408\/revisions"}],"predecessor-version":[{"id":513,"href":"https:\/\/webmaibinh.com\/w\/art\/wp-json\/wp\/v2\/pages\/408\/revisions\/513"}],"up":[{"embeddable":true,"href":"https:\/\/webmaibinh.com\/w\/art\/wp-json\/wp\/v2\/pages\/360"}],"wp:featuredmedia":[{"embeddable":true,"href":"https:\/\/webmaibinh.com\/w\/art\/wp-json\/wp\/v2\/media\/332"}],"wp:attachment":[{"href":"https:\/\/webmaibinh.com\/w\/art\/wp-json\/wp\/v2\/media?parent=408"}],"curies":[{"name":"wp","href":"https:\/\/api.w.org\/{rel}","templated":true}]}}