{"id":392,"date":"2017-10-25T22:12:44","date_gmt":"2017-10-25T15:12:44","guid":{"rendered":"https:\/\/bizhostvn.com\/w\/art\/?page_id=392"},"modified":"2017-10-25T22:44:26","modified_gmt":"2017-10-25T15:44:26","slug":"hoc-mua-bung","status":"publish","type":"page","link":"https:\/\/webmaibinh.com\/w\/art\/khoa-hoc\/dance-yoga\/hoc-mua-bung\/","title":{"rendered":"H\u1ecdc m\u00faa b\u1ee5ng"},"content":{"rendered":"<p>Nguy\u00ean t\u1eafc Belly Dancing: N\u1ebfu b\u1ea1n c\u00f3 th\u1ec3 t\u1ea1o h\u00ecnh b\u1eb1ng c\u00e1ch s\u1eed d\u1ee5ng h\u00e0i h\u00f2a c\u01a1 th\u1ec3 c\u1ee7a b\u1ea1n th\u1ea5p h\u01a1n (h\u00f4ng v\u00e0 b\u00e0n ch\u00e2n), c\u00f3 th\u1ec3 t\u1ea1o h\u00ecnh d\u00e1ng b\u1eb1ng c\u00e1ch s\u1eed d\u1ee5ng gi\u1eefa c\u01a1 th\u1ec3 (ng\u1ef1c) v\u00e0 tr\u00ean c\u01a1 th\u1ec3 (vai, c\u1ed5, \u0111\u1ea7u, c\u00e1nh tay, b\u00e0n tay) m\u1ed9t c\u00e1ch h\u00e0i h\u00f2a, ch\u00fang ta s\u1ebd d\u1ea7n \u0111i\u1ec1u khi\u1ec3n c\u01a1 th\u1ec3 theo c\u00e1ch ri\u00eang c\u1ee7a m\u00ecnh<\/p>\n","protected":false},"excerpt":{"rendered":"<p>Nguy\u00ean t\u1eafc Belly Dancing: N\u1ebfu b\u1ea1n c\u00f3 th\u1ec3 t\u1ea1o h\u00ecnh b\u1eb1ng c\u00e1ch s\u1eed d\u1ee5ng h\u00e0i h\u00f2a c\u01a1 th\u1ec3 c\u1ee7a b\u1ea1n th\u1ea5p h\u01a1n (h\u00f4ng v\u00e0 b\u00e0n ch\u00e2n), c\u00f3 th\u1ec3 t\u1ea1o h\u00ecnh d\u00e1ng b\u1eb1ng c\u00e1ch s\u1eed d\u1ee5ng gi\u1eefa c\u01a1 th\u1ec3 (ng\u1ef1c) v\u00e0 tr\u00ean c\u01a1 th\u1ec3 (vai, c\u1ed5, \u0111\u1ea7u, c\u00e1nh tay, b\u00e0n tay) m\u1ed9t c\u00e1ch h\u00e0i h\u00f2a, ch\u00fang [&#8230;]\n","protected":false},"author":1,"featured_media":492,"parent":386,"menu_order":0,"comment_status":"closed","ping_status":"closed","template":"page-right-sidebar.php","meta":[],"_links":{"self":[{"href":"https:\/\/webmaibinh.com\/w\/art\/wp-json\/wp\/v2\/pages\/392"}],"collection":[{"href":"https:\/\/webmaibinh.com\/w\/art\/wp-json\/wp\/v2\/pages"}],"about":[{"href":"https:\/\/webmaibinh.com\/w\/art\/wp-json\/wp\/v2\/types\/page"}],"author":[{"embeddable":true,"href":"https:\/\/webmaibinh.com\/w\/art\/wp-json\/wp\/v2\/users\/1"}],"replies":[{"embeddable":true,"href":"https:\/\/webmaibinh.com\/w\/art\/wp-json\/wp\/v2\/comments?post=392"}],"version-history":[{"count":2,"href":"https:\/\/webmaibinh.com\/w\/art\/wp-json\/wp\/v2\/pages\/392\/revisions"}],"predecessor-version":[{"id":493,"href":"https:\/\/webmaibinh.com\/w\/art\/wp-json\/wp\/v2\/pages\/392\/revisions\/493"}],"up":[{"embeddable":true,"href":"https:\/\/webmaibinh.com\/w\/art\/wp-json\/wp\/v2\/pages\/386"}],"wp:featuredmedia":[{"embeddable":true,"href":"https:\/\/webmaibinh.com\/w\/art\/wp-json\/wp\/v2\/media\/492"}],"wp:attachment":[{"href":"https:\/\/webmaibinh.com\/w\/art\/wp-json\/wp\/v2\/media?parent=392"}],"curies":[{"name":"wp","href":"https:\/\/api.w.org\/{rel}","templated":true}]}}