{"id":388,"date":"2017-10-25T22:12:22","date_gmt":"2017-10-25T15:12:22","guid":{"rendered":"https:\/\/bizhostvn.com\/w\/art\/?page_id=388"},"modified":"2017-10-25T22:43:23","modified_gmt":"2017-10-25T15:43:23","slug":"khieu-vu-the-thao","status":"publish","type":"page","link":"https:\/\/webmaibinh.com\/w\/art\/khoa-hoc\/dance-yoga\/khieu-vu-the-thao\/","title":{"rendered":"Khi\u00eau v\u0169 th\u1ec3 thao"},"content":{"rendered":"<div class=\"smallfont\">\u0110\u1ec3 c\u00e1c m\u1eb9 c\u00f3 th\u1ec3 hi\u1ec3u k\u0129 h\u01a1n v\u00e0 h\u01b0\u1edbng cho con c\u1ee7a m\u00ecnh ch\u1ecdn \u0111\u01b0\u1ee3c 1 b\u1ed9 m\u00f4n n\u0103ng khi\u1ebfu th\u00edch h\u1ee3p, sau \u0111\u00e2y Trung t\u00e2m ngh\u1ec7 thu\u1eadt H\u1ed3 Thi\u00ean Nga xin gi\u1edbi thi\u1ec7u chi ti\u1ebft v\u1ec1 b\u1ed9 m\u00f4n Dance sport (Khi\u00eau v\u0169 th\u1ec3 thao) \u0111\u01b0\u1ee3c gi\u1ea3ng d\u1ea1y t\u1ea1i trung t\u00e2m.<\/div>\n<div class=\"smallfont\"><\/div>\n<div class=\"smallfont\"><strong>Khi\u00eau v\u0169 th\u1ec3 thao l\u00e0 g\u00ec?<\/strong><\/div>\n<div class=\"smallfont\"><\/div>\n<div id=\"post_message_93\">\n<p>\u201cDance sport\u201d l\u00e0 t\u00ean g\u1ecdi m\u1edbi c\u1ee7a Thi \u0111\u1ea5u khi\u00eau v\u0169. Khi n\u00f3i \u0111\u1ebfn \u201cDance sport\u201d l\u00e0 ch\u00fang ta c\u1ea7n c\u00f3 c\u00e1c gi\u1ea3i thi \u0111\u1ea5u khi\u00eau v\u0169, ch\u1ee9 kh\u00f4ng ph\u1ea3i ch\u01a1i khi\u00eau v\u0169 nh\u01b0 m\u00f4n th\u1ec3 thao . Th\u1eed nh\u00ecn nh\u1eadn khi\u00eau v\u0169 nh\u01b0 m\u1ed9t m\u00f4n th\u1ec3 thao xem sao. R\u00f5 r\u00e0ng c\u0169ng nh\u01b0 m\u1ecdi m\u00f4n th\u1ec3 thao kh\u00e1c, th\u00f4ng th\u01b0\u1eddng chia l\u00e0m hai lo\u1ea1i:<\/p>\n<p>1- Th\u1ec3 thao qu\u1ea7n ch\u00fang d\u00e0nh cho m\u1ecdi ng\u01b0\u1eddi \u0111\u1ec3 vui ch\u01a1i gi\u1ea3i tr\u00ed v\u00e0 r\u00e8n luy\u1ec7n th\u1ec3 l\u1ef1c, kh\u00f4ng l\u1ea5y thi \u0111\u1ea5u l\u00e0m tr\u1ecdng, c\u00f3 ch\u0103ng th\u00ec ch\u1ec9 cho vui th\u00f4i ch\u1ee9 kh\u00f4ng \u0111\u1ec3 th\u1eed t\u00e0i cao th\u1ea5p hay ph\u00e2n chia th\u1ee9 h\u1ea1ng. Trong qu\u00e1 t\u00ecnh ph\u00e1t tri\u1ec3n th\u1ec3 thao qu\u1ea7n ch\u00fang d\u1ea7n d\u00e0 s\u1ebd c\u00f3 s\u1ef1 tuy\u1ec3n ch\u1ecdn hay t\u1ef1 \u0111\u1ecbnh h\u00ecnh c\u00e1c c\u00e1 nh\u00e2n c\u00f3 kh\u1ea3 n\u0103ng \u0111\u1ec3 tham gia Th\u1ec3 thao th\u00e0nh t\u00edch cao. V\u1edbi khi\u00eau v\u0169 \u0111\u00e2y l\u00e0 Khi\u00eau v\u0169 giao ti\u1ebfp (Social Dance)<\/p>\n<p>2- Th\u1ec3 thao th\u00e0nh t\u00edch cao l\u00e0 m\u00f4n th\u1ec3 thao c\u00f3 gi\u1ea3i thi \u0111\u1ea5u theo th\u1ec3 th\u1ee9c lu\u1eadt l\u1ec7 th\u1ed1ng nh\u1ea5t kh\u00f4ng ph\u1ea3i \u1edf qu\u1ed1c gia m\u00e0 \u1edf qui m\u00f4 th\u1ebf gi\u1edbi . S\u1ed1 l\u01b0\u1ee3ng ng\u01b0\u1eddi tham gia th\u01b0\u1eddng l\u00e0 nh\u1eefng h\u1ea1t nh\u00e2n xu\u1ea5t s\u1eafc tuy\u00ean ch\u1ecdn t\u1eeb phong tr\u00e0o th\u1ec3 thao qu\u1ea7n ch\u00fang. C\u00e1c gi\u1ea3i c\u00f3 ch\u1ea5m \u0111i\u1ec3m, c\u00f3 ph\u00e2n th\u1ee9 h\u1ea1ng, t\u1eeb qui m\u00f4 nh\u1ecf \u0111\u1ebfn qui m\u00f4 l\u1edbn, qu\u1ed1c gia, khu v\u1ef1c r\u1ed3i \u0111\u1ebfn th\u1ebf gi\u1edbi. V\u1edbi khi\u00eau v\u0169 \u0111\u00e2y l\u00e0 Thi \u0111\u1ea5u khi\u00eau v\u0169 (Dancesport).<\/p>\n<p>Nh\u01b0 v\u1eady, Dance Sport l\u00e0 m\u00f4n khi\u00eau v\u0169 th\u1ec3 thao h\u01a1i kh\u00e1c khi\u00eau v\u0169 ngh\u1ec7 thu\u1eadt 1 ch\u00fat. N\u00f3 mang t\u00ednh th\u1ec3 thao, kh\u1ecfe kho\u1eafn, nhanh m\u1ea1nh h\u01a1n. Nh\u01b0ng nh\u1eefng \u0111\u00f4i nh\u1ea3y \u0111\u1eb9p c\u0169ng mang \u0111\u1ea7y t\u00ednh ngh\u1ec7 thu\u1eadt. Hi\u1ec7n nay \u1edf Vi\u1ec7t Nam c\u0169ng c\u00f3 kh\u00e1 nhi\u1ec1u ng\u01b0\u1eddi quan t\u00e2m \u0111\u1ebfn Khi\u00eau v\u0169 th\u1ec3 thao; c\u00f3 c\u1ea3 nh\u1eefng CLB, r\u1ed3i nh\u1eefng cu\u1ed9c thi cho nh\u1eefng ng\u01b0\u1eddi tham giam m\u00f4n n\u00e0y. N\u00f3i chung <b>Khi\u00eau v\u0169 th\u1ec3 thao l\u00e0 1 m\u00f4n th\u1ec3 thao \u0111\u1ec3 luy\u1ec7n t\u1eadp th\u1ec3 ch\u1ea5t m\u00e0 c\u00f2n l\u00e0m \u0111\u1eb9p n\u1eefa<\/b>.<\/p>\n<\/div>\n<div><img class=\"size-medium wp-image-1185 aligncenter\" src=\"http:\/\/hothiennga.vn\/wp-content\/uploads\/2016\/06\/dancers02-600x486.jpg\" sizes=\"(max-width: 600px) 100vw, 600px\" srcset=\"http:\/\/hothiennga.vn\/wp-content\/uploads\/2016\/06\/dancers02-600x486.jpg 600w, http:\/\/hothiennga.vn\/wp-content\/uploads\/2016\/06\/dancers02-768x622.jpg 768w, http:\/\/hothiennga.vn\/wp-content\/uploads\/2016\/06\/dancers02-1024x830.jpg 1024w, http:\/\/hothiennga.vn\/wp-content\/uploads\/2016\/06\/dancers02-200x162.jpg 200w, http:\/\/hothiennga.vn\/wp-content\/uploads\/2016\/06\/dancers02-216x175.jpg 216w, http:\/\/hothiennga.vn\/wp-content\/uploads\/2016\/06\/dancers02-99x80.jpg 99w, http:\/\/hothiennga.vn\/wp-content\/uploads\/2016\/06\/dancers02.jpg 1332w\" alt=\"dancers02\" \/><\/div>\n<div>\u2014\u2014\u2014\u2014\u2014\u2014\u2014\u2014\u2014\u2014\u2014\u2014\u2014\u2014\u2014\u2014\u2014\u2014\u2014\u2014\u2014\u2014\u2014\u2014\u2014\u2014\u2014\u2013<\/div>\n<div><\/div>\n<div>\n<p>Ng\u00e0y 8\/9\/1997 trong gi\u1edbi Dancesport di\u1ec5n ra m\u1ed9t s\u1ef1 ki\u1ec7n tr\u1ecdng \u0111\u1ea1i. V\u00e0o ng\u00e0y \u0111\u00f3 U\u1ef7 ban Olympic Qu\u1ed1c t\u1ebf(IOC) c\u00f4ng b\u1ed1 Li\u00ean \u0111o\u00e0n khi\u00eau v\u0169 th\u1ec3 thao qu\u1ed1c t\u1ebf (IDSF) ch\u00ednh th\u1ee9c \u0111\u01b0\u1ee3c c\u00f4ng nh\u1eadn v\u00e0 tr\u1edf th\u00e0nh th\u00e0nh vi\u00ean to\u00e0n quy\u1ec1n c\u1ee7a IOC .S\u1ef1 c\u00f4ng nh\u1eadn \u0111\u00f3 tr\u00ean to\u00e0n th\u1ebf gi\u1edbi \u0111\u01b0\u1ee3c coi l\u00e0 th\u00e0nh t\u1ef1u l\u1edbn nh\u1ea5t c\u1ee7a IDSF n\u00f3i ri\u00eang v\u00e0 c\u1ee7a b\u1ed9 m\u00f4n khi\u00eau v\u0169 th\u1ec3 thao n\u00f3i chung. N\u00f3 \u0111\u1ed3ng th\u1eddi l\u00e0 \u0111\u1ec9nh cao c\u1ee7a l\u1ecbch s\u1eed ph\u00e1t tri\u1ec3n l\u00e2u d\u00e0i c\u1ee7a khi\u00eau v\u0169 th\u1ec3 thao c\u1ee7a 6 n\u0103m tr\u1eddi \u0111\u1ea5u tranh c\u1eadt l\u1ef1c c\u1ee7a IDSF,c\u1ee7a s\u1ef1 \u1ee7ng h\u1ed9 to l\u1edbn c\u1ee7a LHQ v\u00e0 c\u1ee7a h\u00e0ng tr\u0103m ng\u00e0n v\u0169 c\u00f4ng tr\u00ean to\u00e0n th\u1ebf gi\u1edbi.<\/p>\n<p>Dancesport c\u00f3 m\u1ed9t l\u1ecbch s\u1eed ph\u00e1t tri\u1ec3n l\u00e2u d\u00e0i,m\u00e0 \u1edf nhi\u1ec1u kh\u00eda c\u1ea1nh n\u00f3 mang t\u00ednh ph\u1ed5 c\u1eadp,gi\u1ea3i tr\u00ed,\u0111\u1ed3ng th\u1eddi c\u0169ng l\u00e0 m\u1ed9t d\u1ea1ng thi \u0111\u1ea5u th\u1ec3 thao. Nh\u01b0 ch\u00fang ta \u0111\u00e3 bi\u1ebft m\u00f4n khi\u00eau v\u0169 \u0111\u01b0\u1ee3c ra \u0111\u1eddi \u1edf n\u01b0\u1edbc Anh t\u1eeb cu\u1ed1i TK 18- \u0111\u1ea7u TK 19,n\u00f3 g\u1eafn li\u1ec1n v\u1edbi c\u00e1c v\u0169 h\u1ed9i c\u1ee7a gi\u1edbi th\u01b0\u1ee3ng l\u01b0u.Cu\u1ed1i TK19-\u0111\u1ea7u TK 20 n\u00f3 m\u1edbi \u0111\u01b0\u1ee3c ph\u1ed5 bi\u1ebfn trong t\u1ea7ng l\u1edbp b\u00ecnh d\u00e2n.Cho \u0111\u1ebfn \u0111\u1ea7u nh\u1eefng n\u0103m 20 c\u1ee7a TK tr\u01b0\u1edbc c\u00e1c cu\u1ed9c thi khi\u00eau v\u0169 m\u1edbi b\u1eaft \u0111\u1ea7u ph\u00e1t tri\u1ec3n.N\u0103m 1924 \u1edf Anh Hi\u1ec7p h\u1ed9i v\u0169 s\u01b0 m\u1edbi l\u1eadp ra Chi h\u1ed9i khi\u00eau v\u0169 v\u1edbi nhi\u1ec7m v\u1ee5 \u0111\u1ec1 ra c\u00e1c ti\u00eau chu\u1ea9n(standard) v\u1ec1 nh\u1ea1c v\u1ec1 b\u01b0\u1edbc,v\u1ec1 k\u1ef9 thu\u1eadt bi\u1ec3u di\u1ec5n cho khi\u00eau v\u0169 th\u1ec3 thao, d\u1ea7n d\u1ea7n b\u1ed9 m\u00f4n n\u00e0y m\u1edbi lan r\u1ed9ng ra to\u00e0n ch\u00e2u \u00c2u,t\u1edbi ch\u00e2u \u00c1 v\u00e0 ch\u00e2u M\u1ef9.<br \/>\n<b>Tr\u01b0\u1edbc kia khi\u00eau v\u0169 \u0111\u01b0\u1ee3c coi l\u00e0 m\u1ed9t d\u1ea1ng ngh\u1ec7 thu\u1eadt,ng\u00e0y nay ng\u01b0\u1eddi ta coi c\u00e1c \u0111i\u1ec7u nh\u1ea3y thi \u0111\u1ea5u l\u00e0 1 d\u1ea1ng th\u1ec3 thao ngh\u1ec7 thu\u1eadt.<\/b><\/p>\n<\/div>\n<div><\/div>\n<div>Khi\u00eau v\u0169 th\u1ec3 thao c\u0169ng nh\u01b0 c\u00e1c b\u1ed9 m\u00f4n th\u1ec3 thao kh\u00e1c, ko t\u00e1ch r\u1eddi cu\u1ed9c s\u1ed1ng. C\u00e1c v\u0169 c\u00f4ng dancesport th\u01b0\u1eddng c\u00f3 th\u1eddi gian bi\u1ec3u r\u1ea5t ch\u1eb7t ch\u1ebd bao g\u1ed3m c\u00e1c bu\u1ed5i t\u1eadp (gi\u1edd h\u1ecdc v\u00e0 gi\u1edd th\u1ef1c h\u00e0nh), l\u1ecbch thi. C\u00e1c bu\u1ed5i h\u1ecdc \u1edf ph\u1ea7n l\u1edbn c\u00e1c CLB l\u00e0 m\u1ed7i ng\u00e0y,k\u1ec3 c\u1ea3 ng\u00e0y ngh\u1ec9 v\u00e0 ng\u00e0y l\u1ec5.K\u1ebft qu\u1ea3 thi \u0111\u1ea5u cao kh\u00f4ng bao gi\u1edd t\u1ef1 nhi\u00ean m\u00e0 c\u00f3.<\/div>\n<div>\n<p>Khi\u00eau v\u0169 th\u1ec3 thao l\u00e0 m\u00f4n th\u1ec3 thao hi\u1ec7n \u0111\u1ea1i c\u00f3 nhi\u1ec1u s\u1eafc th\u00e1i nh\u1ea5t, ho\u00e0n thi\u1ec7n nh\u1ea5t cho con ng\u01b0\u1eddi hi\u1ec7n \u0111\u1ea1i. Khi t\u1eadp luy\u1ec7n m\u00f4n th\u1ec3 thao n\u00e0y con ng\u01b0\u1eddi s\u1ebd \u0111\u01b0\u1ee3c ph\u00e1t tri\u1ec3n \u0111\u1ea7y \u0111\u1ee7 c\u00e1c t\u1ed1 ch\u1ea5t th\u1ec3 l\u1ef1c nh\u01b0: t\u1ed1c \u0111\u1ed9, s\u1ee9c m\u1ea1nh, s\u1ee9c nhanh, s\u1ee9c b\u1ec1n v\u00e0 s\u1ef1 kh\u00e9o l\u00e9o m\u1ec1m d\u1ebbo. Qu\u00e1 tr\u00ecnh t\u1eadp luy\u1ec7n s\u1ebd t\u1ea1o cho th\u00e2n h\u00ecnh c\u00f3 \u0111\u01b0\u1ee3c v\u1ebb \u0111\u1eb9p c\u00e2n \u0111\u1ed1i, th\u1eddi trang v\u00e0 r\u1ea5t duy\u00ean d\u00e1ng. \u0110\u1eb7c bi\u1ec7t m\u00f4n th\u1ec3 thao n\u00e0y c\u00f2n mang trong n\u00f3 v\u1ebb \u0111\u1eb9p c\u1ee7a t\u00e2m h\u1ed3n \u0111\u1ea7y quy\u1ebfn r\u0169.<\/p>\n<p>L\u1ee9a tu\u1ed5i thanh thi\u1ebfu ni\u00ean l\u00e0 n\u1ec1n t\u1ea3ng, g\u1ed1c r\u1ec5 v\u00e0 l\u00e0 c\u01a1 s\u1edf \u0111\u1ec3 ph\u00e1t tri\u1ec3n m\u00f4n th\u1ec3 thao n\u00e0y. \u0110\u00e2y l\u00e0 s\u00e2n ch\u01a1i r\u1ea5t b\u1ed5 \u00edch, vui t\u01b0\u01a1i, l\u00e0nh m\u1ea1nh v\u00e0 r\u1ea5t th\u00edch h\u1ee3p cho vi\u1ec7c ph\u00e1t tri\u1ec3n to\u00e0n di\u1ec7n c\u01a1 th\u1ec3 c\u1ee7a c\u00e1c em.<\/p>\n<\/div>\n","protected":false},"excerpt":{"rendered":"<p>\u0110\u1ec3 c\u00e1c m\u1eb9 c\u00f3 th\u1ec3 hi\u1ec3u k\u0129 h\u01a1n v\u00e0 h\u01b0\u1edbng cho con c\u1ee7a m\u00ecnh ch\u1ecdn \u0111\u01b0\u1ee3c 1 b\u1ed9 m\u00f4n n\u0103ng khi\u1ebfu th\u00edch h\u1ee3p, sau \u0111\u00e2y Trung t\u00e2m ngh\u1ec7 thu\u1eadt H\u1ed3 Thi\u00ean Nga xin gi\u1edbi thi\u1ec7u chi ti\u1ebft v\u1ec1 b\u1ed9 m\u00f4n Dance sport (Khi\u00eau v\u0169 th\u1ec3 thao) \u0111\u01b0\u1ee3c gi\u1ea3ng d\u1ea1y t\u1ea1i trung t\u00e2m. Khi\u00eau v\u0169 th\u1ec3 [&#8230;]\n","protected":false},"author":1,"featured_media":487,"parent":386,"menu_order":0,"comment_status":"closed","ping_status":"closed","template":"page-right-sidebar.php","meta":[],"_links":{"self":[{"href":"https:\/\/webmaibinh.com\/w\/art\/wp-json\/wp\/v2\/pages\/388"}],"collection":[{"href":"https:\/\/webmaibinh.com\/w\/art\/wp-json\/wp\/v2\/pages"}],"about":[{"href":"https:\/\/webmaibinh.com\/w\/art\/wp-json\/wp\/v2\/types\/page"}],"author":[{"embeddable":true,"href":"https:\/\/webmaibinh.com\/w\/art\/wp-json\/wp\/v2\/users\/1"}],"replies":[{"embeddable":true,"href":"https:\/\/webmaibinh.com\/w\/art\/wp-json\/wp\/v2\/comments?post=388"}],"version-history":[{"count":2,"href":"https:\/\/webmaibinh.com\/w\/art\/wp-json\/wp\/v2\/pages\/388\/revisions"}],"predecessor-version":[{"id":491,"href":"https:\/\/webmaibinh.com\/w\/art\/wp-json\/wp\/v2\/pages\/388\/revisions\/491"}],"up":[{"embeddable":true,"href":"https:\/\/webmaibinh.com\/w\/art\/wp-json\/wp\/v2\/pages\/386"}],"wp:featuredmedia":[{"embeddable":true,"href":"https:\/\/webmaibinh.com\/w\/art\/wp-json\/wp\/v2\/media\/487"}],"wp:attachment":[{"href":"https:\/\/webmaibinh.com\/w\/art\/wp-json\/wp\/v2\/media?parent=388"}],"curies":[{"name":"wp","href":"https:\/\/api.w.org\/{rel}","templated":true}]}}