{"id":386,"date":"2017-10-25T22:12:09","date_gmt":"2017-10-25T15:12:09","guid":{"rendered":"https:\/\/bizhostvn.com\/w\/art\/?page_id=386"},"modified":"2017-10-25T22:45:45","modified_gmt":"2017-10-25T15:45:45","slug":"dance-yoga","status":"publish","type":"page","link":"https:\/\/webmaibinh.com\/w\/art\/khoa-hoc\/dance-yoga\/","title":{"rendered":"Dance\/ Yoga"},"content":{"rendered":"<p>Ch\u00fa tr\u1ecdng gi\u00fap c\u00e1c em c\u1ea3m nh\u1eadn \u00e2m nh\u1ea1c, kh\u01a1i g\u1ee3i, k\u00edch th\u00edch c\u00e1c em t\u01b0\u1edfng t\u01b0\u1ee3ng, h\u00f2a m\u00ecnh v\u00e0o \u0111i\u1ec7u nh\u1ea1c \u0111\u1ec3 t\u1ef1 s\u00e1ng t\u1ea1o \u0111\u1ed9ng t\u00e1c nh\u1ea3y. \u0110\u1ec3 t\u1eeb \u0111\u00f3 c\u00e1c em c\u00f3 th\u1ec3 ch\u1ee7 \u0111\u1ed9ng h\u01a1n, t\u1ef1 tin h\u01a1n v\u00e0 ch\u1eafc ch\u1eafn s\u1ebd ti\u1ebfp thu nhanh h\u01a1n b\u1edfi c\u00e1c em kh\u00f4ng ch\u1ec9 h\u1ecdc nh\u1ea3y m\u1ed9t c\u00e1ch m\u00e1y m\u00f3c, th\u1ee5 \u0111\u1ed9ng m\u00e0 c\u1ea3m nh\u1eadn v\u00e0 hi\u1ec3u t\u1eebng \u0111\u1ed9ng t\u00e1c. M\u1ee5c ti\u00eau cao nh\u1ea5t Music Talent lu\u00f4n h\u01b0\u1edbng \u0111\u1ebfn trong c\u00e1c b\u1ed9 m\u00f4n ngh\u1ec7 thu\u1eadt ch\u00ednh l\u00e0 gi\u00fap c\u00e1c em kh\u00f4ng ch\u1ec9 h\u1ecdc ngh\u1ec7 thu\u1eadt m\u00e0 c\u00f2n hi\u1ec3u ngh\u1ec7 thu\u1eadt.<\/p>\n\n  \n    <div class=\"row large-columns-3 medium-columns- small-columns-2\">\n          <div class=\"page-col col\" >\n          <div class=\"col-inner\" >\n          <a class=\"plain\" href=\"https:\/\/webmaibinh.com\/w\/art\/khoa-hoc\/dance-yoga\/khieu-vu-the-thao\/\" title=\"Khi\u00eau v\u0169 th\u1ec3 thao\" target=\"\">\n            <div class=\"page-box box has-hover box-overlay dark\">\n                  <div class=\"box-image\" >\n                      <div class=\"box-image image-zoom image-cover\" style=\"padding-top:79{4bc40fccf820538786a190491671b3e878468d2f00f9c0b0905e1da0db2ee815};\">\n                      <img width=\"300\" height=\"225\" src=\"https:\/\/webmaibinh.com\/w\/art\/wp-content\/uploads\/2017\/10\/BJXyH_8CIAAFNvS-300x225.jpg\" class=\"attachment-medium size-medium\" alt=\"\" loading=\"lazy\" srcset=\"https:\/\/webmaibinh.com\/w\/art\/wp-content\/uploads\/2017\/10\/BJXyH_8CIAAFNvS-300x225.jpg 300w, https:\/\/webmaibinh.com\/w\/art\/wp-content\/uploads\/2017\/10\/BJXyH_8CIAAFNvS.jpg 600w\" sizes=\"(max-width: 300px) 100vw, 300px\" \/>                      <\/div>\n                      <div class=\"overlay\" style=\"background-color: rgba(0, 0, 0, 0)\"><\/div>                                        <\/div>\n                  <div class=\"box-text text-center\" style=\"background-color:rgba(0, 0, 0, 0.59);\">\n                        <div class=\"box-text-inner\">\n                            <p>Khi\u00eau v\u0169 th\u1ec3 thao<\/p>\n                        <\/div>\n                  <\/div>\n              <\/div>\n            <\/a>\n            <\/div>\n          <\/div>\n                 <div class=\"page-col col\" >\n          <div class=\"col-inner\" >\n          <a class=\"plain\" href=\"https:\/\/webmaibinh.com\/w\/art\/khoa-hoc\/dance-yoga\/mua-ballet\/\" title=\"M\u00faa Ballet\" target=\"\">\n            <div class=\"page-box box has-hover box-overlay dark\">\n                  <div class=\"box-image\" >\n                      <div class=\"box-image image-zoom image-cover\" style=\"padding-top:79{4bc40fccf820538786a190491671b3e878468d2f00f9c0b0905e1da0db2ee815};\">\n                      <img width=\"300\" height=\"200\" src=\"https:\/\/webmaibinh.com\/w\/art\/wp-content\/uploads\/2017\/10\/1369364486-2--300x200.jpg\" class=\"attachment-medium size-medium\" alt=\"\" loading=\"lazy\" srcset=\"https:\/\/webmaibinh.com\/w\/art\/wp-content\/uploads\/2017\/10\/1369364486-2--300x200.jpg 300w, https:\/\/webmaibinh.com\/w\/art\/wp-content\/uploads\/2017\/10\/1369364486-2-.jpg 500w\" sizes=\"(max-width: 300px) 100vw, 300px\" \/>                      <\/div>\n                      <div class=\"overlay\" style=\"background-color: rgba(0, 0, 0, 0)\"><\/div>                                        <\/div>\n                  <div class=\"box-text text-center\" style=\"background-color:rgba(0, 0, 0, 0.59);\">\n                        <div class=\"box-text-inner\">\n                            <p>M\u00faa Ballet<\/p>\n                        <\/div>\n                  <\/div>\n              <\/div>\n            <\/a>\n            <\/div>\n          <\/div>\n                 <div class=\"page-col col\" >\n          <div class=\"col-inner\" >\n          <a class=\"plain\" href=\"https:\/\/webmaibinh.com\/w\/art\/khoa-hoc\/dance-yoga\/hoc-mua-bung\/\" title=\"H\u1ecdc m\u00faa b\u1ee5ng\" target=\"\">\n            <div class=\"page-box box has-hover box-overlay dark\">\n                  <div class=\"box-image\" >\n                      <div class=\"box-image image-zoom image-cover\" style=\"padding-top:79{4bc40fccf820538786a190491671b3e878468d2f00f9c0b0905e1da0db2ee815};\">\n                      <img width=\"300\" height=\"169\" src=\"https:\/\/webmaibinh.com\/w\/art\/wp-content\/uploads\/2017\/10\/maxresdefault-2-300x169.jpg\" class=\"attachment-medium size-medium\" alt=\"\" loading=\"lazy\" srcset=\"https:\/\/webmaibinh.com\/w\/art\/wp-content\/uploads\/2017\/10\/maxresdefault-2-300x169.jpg 300w, https:\/\/webmaibinh.com\/w\/art\/wp-content\/uploads\/2017\/10\/maxresdefault-2-768x432.jpg 768w, https:\/\/webmaibinh.com\/w\/art\/wp-content\/uploads\/2017\/10\/maxresdefault-2-1024x576.jpg 1024w, https:\/\/webmaibinh.com\/w\/art\/wp-content\/uploads\/2017\/10\/maxresdefault-2.jpg 1280w\" sizes=\"(max-width: 300px) 100vw, 300px\" \/>                      <\/div>\n                      <div class=\"overlay\" style=\"background-color: rgba(0, 0, 0, 0)\"><\/div>                                        <\/div>\n                  <div class=\"box-text text-center\" style=\"background-color:rgba(0, 0, 0, 0.59);\">\n                        <div class=\"box-text-inner\">\n                            <p>H\u1ecdc m\u00faa b\u1ee5ng<\/p>\n                        <\/div>\n                  <\/div>\n              <\/div>\n            <\/a>\n            <\/div>\n          <\/div>\n         <\/div>\n","protected":false},"excerpt":{"rendered":"<p>Ch\u00fa tr\u1ecdng gi\u00fap c\u00e1c em c\u1ea3m nh\u1eadn \u00e2m nh\u1ea1c, kh\u01a1i g\u1ee3i, k\u00edch th\u00edch c\u00e1c em t\u01b0\u1edfng t\u01b0\u1ee3ng, h\u00f2a m\u00ecnh v\u00e0o \u0111i\u1ec7u nh\u1ea1c \u0111\u1ec3 t\u1ef1 s\u00e1ng t\u1ea1o \u0111\u1ed9ng t\u00e1c nh\u1ea3y. \u0110\u1ec3 t\u1eeb \u0111\u00f3 c\u00e1c em c\u00f3 th\u1ec3 ch\u1ee7 \u0111\u1ed9ng h\u01a1n, t\u1ef1 tin h\u01a1n v\u00e0 ch\u1eafc ch\u1eafn s\u1ebd ti\u1ebfp thu nhanh h\u01a1n b\u1edfi c\u00e1c em kh\u00f4ng ch\u1ec9 [&#8230;]\n","protected":false},"author":1,"featured_media":487,"parent":360,"menu_order":0,"comment_status":"closed","ping_status":"closed","template":"page-right-sidebar.php","meta":[],"_links":{"self":[{"href":"https:\/\/webmaibinh.com\/w\/art\/wp-json\/wp\/v2\/pages\/386"}],"collection":[{"href":"https:\/\/webmaibinh.com\/w\/art\/wp-json\/wp\/v2\/pages"}],"about":[{"href":"https:\/\/webmaibinh.com\/w\/art\/wp-json\/wp\/v2\/types\/page"}],"author":[{"embeddable":true,"href":"https:\/\/webmaibinh.com\/w\/art\/wp-json\/wp\/v2\/users\/1"}],"replies":[{"embeddable":true,"href":"https:\/\/webmaibinh.com\/w\/art\/wp-json\/wp\/v2\/comments?post=386"}],"version-history":[{"count":5,"href":"https:\/\/webmaibinh.com\/w\/art\/wp-json\/wp\/v2\/pages\/386\/revisions"}],"predecessor-version":[{"id":496,"href":"https:\/\/webmaibinh.com\/w\/art\/wp-json\/wp\/v2\/pages\/386\/revisions\/496"}],"up":[{"embeddable":true,"href":"https:\/\/webmaibinh.com\/w\/art\/wp-json\/wp\/v2\/pages\/360"}],"wp:featuredmedia":[{"embeddable":true,"href":"https:\/\/webmaibinh.com\/w\/art\/wp-json\/wp\/v2\/media\/487"}],"wp:attachment":[{"href":"https:\/\/webmaibinh.com\/w\/art\/wp-json\/wp\/v2\/media?parent=386"}],"curies":[{"name":"wp","href":"https:\/\/api.w.org\/{rel}","templated":true}]}}